{"id":573,"date":"2023-10-28T09:02:38","date_gmt":"2023-10-28T07:02:38","guid":{"rendered":"https:\/\/agora.xtec.cat\/insalfonscostafreda\/?page_id=573"},"modified":"2026-02-03T16:31:18","modified_gmt":"2026-02-03T15:31:18","slug":"mufps","status":"publish","type":"page","link":"https:\/\/agora.xtec.cat\/insalfonscostafreda\/estudis\/mufps\/","title":{"rendered":"Centre Formador"},"content":{"rendered":"<p><img loading=\"lazy\" decoding=\"async\" class=\"size-full wp-image-858 alignleft\" src=\"https:\/\/agora.xtec.cat\/insalfonscostafreda\/wp-content\/uploads\/usu2359\/mufps-1.jpeg\" alt=\"\" width=\"225\" height=\"225\" srcset=\"https:\/\/agora.xtec.cat\/insalfonscostafreda\/wp-content\/uploads\/usu2359\/mufps-1.jpeg 225w, https:\/\/agora.xtec.cat\/insalfonscostafreda\/wp-content\/uploads\/usu2359\/mufps-1-150x150.jpeg 150w\" sizes=\"auto, (max-width: 225px) 100vw, 225px\" \/><\/p>\n\n\n\n\n<p><\/p>\n\n\n\n<h2 class=\"wp-block-heading\">Programa d\u2019Innovaci\u00f3 de Centres Formadors de pr\u00e0ctiques MUFPS<\/h2>\n\n\n\n<p>El nou model de pr\u00e0ctiques educatives universit\u00e0ries en centres formadors emergeix d\u2019un concepte de centre formador com a espai d\u2019aprenentatge, on els estudiants poden veure i practicar totes les dimensions de l\u2019acci\u00f3 educativa (programacions did\u00e0ctiques, avaluacions, disseny d\u2019activitats competencials, gesti\u00f3 d\u2019aula, treball cooperatiu, tutories grupals i individuals, treball amb l\u2019entorn, reunions amb les fam\u00edlies, etc.). Es tracta d\u2019un canvi de paradigma que dona rellev\u00e0ncia tant a la identitat del centre formador com a la funci\u00f3 professionalitzadora de la tasca docent i mentora, en estreta col\u00b7laboraci\u00f3 amb la instituci\u00f3 universit\u00e0ria.<\/p>\n\n\n\n<p>Aquest nou model de pr\u00e0ctiques demana la implicaci\u00f3 i corresponsabilitat de diferents agents, amb les funcions respectives, i \u00e9s per aquesta ra\u00f3 que es presenta com un model de concentraci\u00f3 que acull i acompanya al llarg del curs un nombre rellevant d\u2019estudiants en pr\u00e0ctiques.<\/p>\n\n\n\n<p>Aquesta nova perspectiva posa l\u2019accent en l\u2019opci\u00f3 que fa un centre formador de treball col\u00b7legiat i en equip, en el marc d\u2019un projecte educatiu de centre (PEC) que incorpora com a valor educatiu la formaci\u00f3 dels estudiants universitaris.<\/p>\n\n\n\n<p>El nou model tamb\u00e9 aposta per la professionalitzaci\u00f3 de la tasca docent i mentora, en estreta col\u00b7laboraci\u00f3 amb la universitat, posa \u00e8mfasi en el rol formador de tot l\u2019equip docent, i la<em>&nbsp;f<\/em>ormaci\u00f3 i la implicaci\u00f3 de l\u2019estudiant en pr\u00e0ctiques en el context de treball col\u00b7laboratiu del centre i amb l\u2019entorn.<\/p>\n\n\n\n<p>El programa preveu la incorporaci\u00f3 d\u2019un nombre significatiu d\u2019estudiants en pr\u00e0ctiques en cada centre formador, en tant que comporta la implicaci\u00f3 i corresponsabilitat de diferents agents amb les seves respectives funcions. El model de practiques \u00e9s un model de concentraci\u00f3 i de qualitat. La distribuci\u00f3 dels centres que acolliran aquest alumnat seguir\u00e0 una planificaci\u00f3 acurada d\u2019acord amb realitat del territori.<\/p>\n\n\n\n<p>Aquest programa proporciona oportunitats de col\u00b7laboraci\u00f3 als centres formadors amb el m\u00f3n universitari i dels equips coordinadors i de mentors, d\u2019acord amb les prioritats del projecte educatiu, i alhora facilita a l\u2019alumnat universitari espais de pr\u00e0ctiques per als processos d\u2019observaci\u00f3, participaci\u00f3 creativa, reflexi\u00f3 i pensament cr\u00edtic que afavoreixin el desenvolupament competencial.<\/p>\n\n\n\n<p>El document&nbsp;<a href=\"https:\/\/documents.espai.educacio.gencat.cat\/PC\/GestioAcademica\/Practiques_universitaries.pdf\" target=\"_blank\" rel=\"noreferrer noopener\">Pr\u00e0ctiques universit\u00e0ries en centres educatius formadors<\/a>&nbsp;defineix el nou model de pr\u00e0ctiques que \u00e9s el resultat del treball conjunt entre la Secretaria d\u2019Universitats i Recerca i la Secretaria de Pol\u00edtiques Educatives. Per posar en marxa aquest model, el Departament d\u2019Educaci\u00f3 crea el&nbsp;<a href=\"https:\/\/portaldogc.gencat.cat\/utilsEADOP\/PDF\/7923\/1754917.pdf\" target=\"_blank\" rel=\"noreferrer noopener\">Programa d\u2019innovaci\u00f3 pedag\u00f2gica de Pr\u00e0ctiques<\/a>&nbsp;del M\u00e0ster Universitari de Formaci\u00f3 del Professorat d\u2019educaci\u00f3 secund\u00e0ria obligat\u00f2ria i batxillerat, Formaci\u00f3 professional i Ensenyament d\u2019idiomes (MUFPS) en centres educatius.<\/p>\n\n\n\n<p>Aquest programa t\u00e9 com a objectius<\/p>\n\n\n\n<ul class=\"wp-block-list\">\n<li>Assignar valor als centres formadors com a institucions&nbsp;clau en la formaci\u00f3 inicial de la funci\u00f3 docent.<\/li>\n\n\n\n<li>Professionalitzar i recon\u00e8ixer la tasca d\u2019acompanyament dels mentors de centre i dels tutors de les universitats.<\/li>\n\n\n\n<li>Incorporar l\u2019estudiant universitari al centre formador com a agent actiu que col\u00b7labora en el desenvolupament del projecte educatiu&nbsp; de centre, alhora que es retroalimenta per millorar el desenvolupament professional i personal.<\/li>\n\n\n\n<li>Promoure la col\u00b7laboraci\u00f3 en projectes de recerca i de transformaci\u00f3 educativa entre les universitats i els centres formadors.<\/li>\n<\/ul>\n\n\n\n<p>El nou model de pr\u00e0ctiques \u00e9s un model de concentraci\u00f3, de treball en equip i de qualitat.<\/p>\n\n\n\n<p>M\u00e9s informaci\u00f3: <a href=\"https:\/\/projectes.xtec.cat\/centresformadors\/\">https:\/\/projectes.xtec.cat\/centresformadors\/<\/a><\/p>\n","protected":false},"excerpt":{"rendered":"<p>Programa d\u2019Innovaci\u00f3 de Centres Formadors de pr\u00e0ctiques MUFPS El nou model de pr\u00e0ctiques educatives universit\u00e0ries en centres formadors emergeix d\u2019un concepte de centre formador com a espai d\u2019aprenentatge, on els estudiants poden veure i practicar totes les dimensions de l\u2019acci\u00f3 educativa (programacions did\u00e0ctiques, avaluacions, disseny d\u2019activitats competencials, gesti\u00f3 d\u2019aula, treball cooperatiu, tutories grupals i individuals, [&hellip;]<\/p>\n","protected":false},"author":1,"featured_media":0,"parent":195,"menu_order":5,"comment_status":"closed","ping_status":"closed","template":"page-templates\/side-menu.php","meta":{"_bbp_topic_count":0,"_bbp_reply_count":0,"_bbp_total_topic_count":0,"_bbp_total_reply_count":0,"_bbp_voice_count":0,"_bbp_anonymous_reply_count":0,"_bbp_topic_count_hidden":0,"_bbp_reply_count_hidden":0,"_bbp_forum_subforum_count":0,"site-sidebar-layout":"default","site-content-layout":"","ast-site-content-layout":"","site-content-style":"default","site-sidebar-style":"default","ast-global-header-display":"","ast-banner-title-visibility":"","ast-main-header-display":"","ast-hfb-above-header-display":"","ast-hfb-below-header-display":"","ast-hfb-mobile-header-display":"","site-post-title":"","ast-breadcrumbs-content":"","ast-featured-img":"","footer-sml-layout":"","theme-transparent-header-meta":"","adv-header-id-meta":"","stick-header-meta":"","header-above-stick-meta":"","header-main-stick-meta":"","header-below-stick-meta":"","astra-migrate-meta-layouts":"default","ast-page-background-enabled":"default","ast-page-background-meta":{"desktop":{"background-color":"var(--ast-global-color-4)","background-image":"","background-repeat":"repeat","background-position":"center center","background-size":"auto","background-attachment":"scroll","background-type":"","background-media":"","overlay-type":"","overlay-color":"","overlay-opacity":"","overlay-gradient":""},"tablet":{"background-color":"","background-image":"","background-repeat":"repeat","background-position":"center center","background-size":"auto","background-attachment":"scroll","background-type":"","background-media":"","overlay-type":"","overlay-color":"","overlay-opacity":"","overlay-gradient":""},"mobile":{"background-color":"","background-image":"","background-repeat":"repeat","background-position":"center center","background-size":"auto","background-attachment":"scroll","background-type":"","background-media":"","overlay-type":"","overlay-color":"","overlay-opacity":"","overlay-gradient":""}},"ast-content-background-meta":{"desktop":{"background-color":"var(--ast-global-color-5)","background-image":"","background-repeat":"repeat","background-position":"center center","background-size":"auto","background-attachment":"scroll","background-type":"","background-media":"","overlay-type":"","overlay-color":"","overlay-opacity":"","overlay-gradient":""},"tablet":{"background-color":"var(--ast-global-color-5)","background-image":"","background-repeat":"repeat","background-position":"center center","background-size":"auto","background-attachment":"scroll","background-type":"","background-media":"","overlay-type":"","overlay-color":"","overlay-opacity":"","overlay-gradient":""},"mobile":{"background-color":"var(--ast-global-color-5)","background-image":"","background-repeat":"repeat","background-position":"center center","background-size":"auto","background-attachment":"scroll","background-type":"","background-media":"","overlay-type":"","overlay-color":"","overlay-opacity":"","overlay-gradient":""}},"footnotes":""},"class_list":["post-573","page","type-page","status-publish","hentry"],"post_mailing_queue_ids":[],"_links":{"self":[{"href":"https:\/\/agora.xtec.cat\/insalfonscostafreda\/wp-json\/wp\/v2\/pages\/573","targetHints":{"allow":["GET"]}}],"collection":[{"href":"https:\/\/agora.xtec.cat\/insalfonscostafreda\/wp-json\/wp\/v2\/pages"}],"about":[{"href":"https:\/\/agora.xtec.cat\/insalfonscostafreda\/wp-json\/wp\/v2\/types\/page"}],"author":[{"embeddable":true,"href":"https:\/\/agora.xtec.cat\/insalfonscostafreda\/wp-json\/wp\/v2\/users\/1"}],"replies":[{"embeddable":true,"href":"https:\/\/agora.xtec.cat\/insalfonscostafreda\/wp-json\/wp\/v2\/comments?post=573"}],"version-history":[{"count":6,"href":"https:\/\/agora.xtec.cat\/insalfonscostafreda\/wp-json\/wp\/v2\/pages\/573\/revisions"}],"predecessor-version":[{"id":14447,"href":"https:\/\/agora.xtec.cat\/insalfonscostafreda\/wp-json\/wp\/v2\/pages\/573\/revisions\/14447"}],"up":[{"embeddable":true,"href":"https:\/\/agora.xtec.cat\/insalfonscostafreda\/wp-json\/wp\/v2\/pages\/195"}],"wp:attachment":[{"href":"https:\/\/agora.xtec.cat\/insalfonscostafreda\/wp-json\/wp\/v2\/media?parent=573"}],"curies":[{"name":"wp","href":"https:\/\/api.w.org\/{rel}","templated":true}]}}