{"id":567,"date":"2023-10-28T08:58:57","date_gmt":"2023-10-28T06:58:57","guid":{"rendered":"https:\/\/agora.xtec.cat\/insalfonscostafreda\/?page_id=567"},"modified":"2026-02-09T21:07:33","modified_gmt":"2026-02-09T20:07:33","slug":"escoles-verdes","status":"publish","type":"page","link":"https:\/\/agora.xtec.cat\/insalfonscostafreda\/projectes\/programes-de-sostenibilitat\/escoles-verdes\/","title":{"rendered":"Escoles Verdes"},"content":{"rendered":"<p><img loading=\"lazy\" decoding=\"async\" class=\"size-full wp-image-859 alignleft\" src=\"https:\/\/agora.xtec.cat\/insalfonscostafreda\/wp-content\/uploads\/usu2359\/logo_esc_verda.jpg\" alt=\"\" width=\"254\" height=\"254\" srcset=\"https:\/\/agora.xtec.cat\/insalfonscostafreda\/wp-content\/uploads\/usu2359\/logo_esc_verda.jpg 254w, https:\/\/agora.xtec.cat\/insalfonscostafreda\/wp-content\/uploads\/usu2359\/logo_esc_verda-150x150.jpg 150w\" sizes=\"auto, (max-width: 254px) 100vw, 254px\" \/><\/p>\n<p>El programa escoles verdes sorgeix com un comprom\u00eds per donar suport a tots els centres educatius de Catalunya que volen innovar, incloure, avan\u00e7ar, sistematitzar i organitzar accions educatives que tinguin la finalitat d&#8217;afrontar, des de l&#8217;educaci\u00f3, els nous reptes i valors de la sostenibilitat.<\/p>\n<p>I, per tant, es plantegen tres grans objectius:<\/p>\n<ul>\n<li>Ajudar els centres a incorporar els valors de l&#8217;educaci\u00f3 per a la sostenibilitat en tots els \u00e0mbits de la vida del centre (curr\u00edculum, gesti\u00f3, relacions amb l&#8217;entorn, etc.).<\/li>\n<li>Promoure la participaci\u00f3 i la implicaci\u00f3 activa de la comunitat educativa en la millora del seu entorn.<\/li>\n<li>Afavorir l&#8217;intercanvi entre els centres que comparteixen uns mateixos objectius.<\/li>\n<\/ul>\n<p>El centre est\u00e0 treballant conjuntament amb l&#8217;alumnat la sostenibilitat i fruit d&#8217;un proc\u00e9s de reflexi\u00f3 us presentem el nostre Dec\u00e0leg.<\/p>\n\n\n<h2><strong>Dec\u00e0leg d\u2019Escola Verda de l\u2019institut Alfons Costafreda:<\/strong><\/h2>\n<p>Som Escola Verda! Aix\u00f2 vol dir que ens preocupa la sostenibilitat del medi ambient i estem compromesos amb iniciatives que la fomenten, entre elles, l\u2019educaci\u00f3 ambiental i la participaci\u00f3 de tota la comunitat educativa en la millora del nostre entorn.\u2028<\/p>\n<p>Totes les petites accions compten i \u00e9s per aix\u00f2 que hem elaborat aquest dec\u00e0leg amb normes que hem de tenir presents en el nostre dia a dia al centre. Segueixen:<\/p>\n\n\n\n<ol class=\"wp-block-list\">\n<li>El millor residu \u00e9s el que no es genera. Farem servir botelles reutilitzables per l\u2019aigua i boc\u2019n\u2019roll o recipients de pl\u00e0stic pels nostres esmorzars.<\/li>\n\n\n\n<li>El millor residu \u00e9s el que no es genera. Per evitar generar residus innecessaris deguts al mal \u00fas del material, tindrem sempre cura del material de l\u2019aula i de les instal\u00b7lacions del centre.<\/li>\n\n\n\n<li>El millor residu \u00e9s el que no es genera. Tractarem amb cura i conservarem el nostre ordinador port\u00e0til perqu\u00e8 tingui una major vida \u00fatil.<\/li>\n\n\n\n<li>Reciclarem tot el que sigui possible i farem una bona recollida selectiva. A les aules tenim les papereres de paper, envasos i rebuig; al pati, tenim les papereres de paper, envasos i org\u00e0nica. Hi ha punts verds als passadissos amb totes les papereres.<\/li>\n\n\n\n<li>Reutilitzarem tant com puguem. Per exemple: els fulls seran sempre utilitzats per les dues cares; reutilitzarem clips o material d\u2019enquadernaci\u00f3; no comprarem material addicional si aquest no \u00e9s necessari; etc.<\/li>\n\n\n\n<li>Serem eficients energ\u00e8ticament. Farem servir la llum natural, tancarem llums, projectors i pantalles quan aquests no siguin necessaris i tancarem les finestres per estalviar calefacci\u00f3 a la temporada de fred.<\/li>\n\n\n\n<li>Serem eficients energ\u00e8ticament. Apagarem sempre l\u2019ordinador i desconnectarem els carregadors. <\/li>\n\n\n\n<li>Serem eficients energ\u00e8ticament. Sempre que sigui possible vindrem a l\u2019institut en bicicleta, caminant o en transport p\u00fablic.<\/li>\n\n\n\n<li>Serem eficients energ\u00e8ticament. Si el despla\u00e7ament \u00e9s en cotxe, baixarem del cotxe en zones on no provoquem aturades d\u2019altres cotxes. No pararem als passos de vianants, rotondes o en doble fila.<\/li>\n\n\n\n<li>Evitarem contaminaci\u00f3 digital. Netejarem la nostra b\u00fastia de correu i els documents emmagatzemats al n\u00favol regularment.<\/li>\n\n\n\n<li>Evitarem contaminaci\u00f3 digital. Utilitzarem enlla\u00e7os en comptes de documents adjunts. <\/li>\n\n\n\n<li>L\u2019aigua \u00e9s un b\u00e9 esc\u00e0s. Farem un \u00fas responsable de l\u2019aigua al centre.<\/li>\n\n\n\n<li>La nostra alimentaci\u00f3 tamb\u00e9 ha de ser sostenible. Menjarem de manera saludable: fruita i\/o entrepans per esmorzar. Evitarem brioixeria industrial i brics de sucs o llet.<\/li>\n\n\n\n<li>Estimarem les nostres pertinences i el nostre centre perqu\u00e8 durin m\u00e9s temps i en mantindrem els<br>espais nets i endre\u00e7ats.<\/li>\n<\/ol>\n","protected":false},"excerpt":{"rendered":"<p>El programa escoles verdes sorgeix com un comprom\u00eds per donar suport a tots els centres educatius de Catalunya que volen innovar, incloure, avan\u00e7ar, sistematitzar i organitzar accions educatives que tinguin la finalitat d&#8217;afrontar, des de l&#8217;educaci\u00f3, els nous reptes i valors de la sostenibilitat. I, per tant, es plantegen tres grans objectius: Ajudar els centres [&hellip;]<\/p>\n","protected":false},"author":1,"featured_media":0,"parent":14524,"menu_order":2,"comment_status":"closed","ping_status":"closed","template":"page-templates\/side-menu.php","meta":{"_bbp_topic_count":0,"_bbp_reply_count":0,"_bbp_total_topic_count":0,"_bbp_total_reply_count":0,"_bbp_voice_count":0,"_bbp_anonymous_reply_count":0,"_bbp_topic_count_hidden":0,"_bbp_reply_count_hidden":0,"_bbp_forum_subforum_count":0,"site-sidebar-layout":"default","site-content-layout":"","ast-site-content-layout":"","site-content-style":"default","site-sidebar-style":"default","ast-global-header-display":"","ast-banner-title-visibility":"","ast-main-header-display":"","ast-hfb-above-header-display":"","ast-hfb-below-header-display":"","ast-hfb-mobile-header-display":"","site-post-title":"","ast-breadcrumbs-content":"","ast-featured-img":"","footer-sml-layout":"","theme-transparent-header-meta":"","adv-header-id-meta":"","stick-header-meta":"","header-above-stick-meta":"","header-main-stick-meta":"","header-below-stick-meta":"","astra-migrate-meta-layouts":"default","ast-page-background-enabled":"default","ast-page-background-meta":{"desktop":{"background-color":"var(--ast-global-color-4)","background-image":"","background-repeat":"repeat","background-position":"center center","background-size":"auto","background-attachment":"scroll","background-type":"","background-media":"","overlay-type":"","overlay-color":"","overlay-opacity":"","overlay-gradient":""},"tablet":{"background-color":"","background-image":"","background-repeat":"repeat","background-position":"center center","background-size":"auto","background-attachment":"scroll","background-type":"","background-media":"","overlay-type":"","overlay-color":"","overlay-opacity":"","overlay-gradient":""},"mobile":{"background-color":"","background-image":"","background-repeat":"repeat","background-position":"center center","background-size":"auto","background-attachment":"scroll","background-type":"","background-media":"","overlay-type":"","overlay-color":"","overlay-opacity":"","overlay-gradient":""}},"ast-content-background-meta":{"desktop":{"background-color":"var(--ast-global-color-5)","background-image":"","background-repeat":"repeat","background-position":"center center","background-size":"auto","background-attachment":"scroll","background-type":"","background-media":"","overlay-type":"","overlay-color":"","overlay-opacity":"","overlay-gradient":""},"tablet":{"background-color":"var(--ast-global-color-5)","background-image":"","background-repeat":"repeat","background-position":"center center","background-size":"auto","background-attachment":"scroll","background-type":"","background-media":"","overlay-type":"","overlay-color":"","overlay-opacity":"","overlay-gradient":""},"mobile":{"background-color":"var(--ast-global-color-5)","background-image":"","background-repeat":"repeat","background-position":"center center","background-size":"auto","background-attachment":"scroll","background-type":"","background-media":"","overlay-type":"","overlay-color":"","overlay-opacity":"","overlay-gradient":""}},"footnotes":""},"class_list":["post-567","page","type-page","status-publish","hentry"],"post_mailing_queue_ids":[],"_links":{"self":[{"href":"https:\/\/agora.xtec.cat\/insalfonscostafreda\/wp-json\/wp\/v2\/pages\/567","targetHints":{"allow":["GET"]}}],"collection":[{"href":"https:\/\/agora.xtec.cat\/insalfonscostafreda\/wp-json\/wp\/v2\/pages"}],"about":[{"href":"https:\/\/agora.xtec.cat\/insalfonscostafreda\/wp-json\/wp\/v2\/types\/page"}],"author":[{"embeddable":true,"href":"https:\/\/agora.xtec.cat\/insalfonscostafreda\/wp-json\/wp\/v2\/users\/1"}],"replies":[{"embeddable":true,"href":"https:\/\/agora.xtec.cat\/insalfonscostafreda\/wp-json\/wp\/v2\/comments?post=567"}],"version-history":[{"count":6,"href":"https:\/\/agora.xtec.cat\/insalfonscostafreda\/wp-json\/wp\/v2\/pages\/567\/revisions"}],"predecessor-version":[{"id":14529,"href":"https:\/\/agora.xtec.cat\/insalfonscostafreda\/wp-json\/wp\/v2\/pages\/567\/revisions\/14529"}],"up":[{"embeddable":true,"href":"https:\/\/agora.xtec.cat\/insalfonscostafreda\/wp-json\/wp\/v2\/pages\/14524"}],"wp:attachment":[{"href":"https:\/\/agora.xtec.cat\/insalfonscostafreda\/wp-json\/wp\/v2\/media?parent=567"}],"curies":[{"name":"wp","href":"https:\/\/api.w.org\/{rel}","templated":true}]}}