{"id":551,"date":"2023-10-27T22:43:24","date_gmt":"2023-10-27T20:43:24","guid":{"rendered":"https:\/\/agora.xtec.cat\/insalfonscostafreda\/?page_id=551"},"modified":"2025-01-14T12:05:55","modified_gmt":"2025-01-14T11:05:55","slug":"contractacio","status":"publish","type":"page","link":"https:\/\/agora.xtec.cat\/insalfonscostafreda\/secretaria\/contractacio\/","title":{"rendered":"Contractaci\u00f3"},"content":{"rendered":"<p>El director o directora del centre actua com a \u00f2rgan de contractaci\u00f3 i t\u00e9 la compet\u00e8ncia per fer les contractacions necess\u00e0ries de manteniment, i serveis i subministraments, d&#8217;acord amb el pressupost del centre i respectant els principis reguladors de la contractaci\u00f3 p\u00fablica: legalitat, efic\u00e0cia i efici\u00e8ncia, publicitat i transpar\u00e8ncia, llibertat d&#8217;acc\u00e9s a les licitacions i concurr\u00e8ncia, igualtat i no discriminaci\u00f3, lliure compet\u00e8ncia i selecci\u00f3 de l&#8217;oferta econ\u00f2micament m\u00e9s avantatjosa.<\/p>\n<p>La contractaci\u00f3 la gestionem a trav\u00e9s de la <a href=\"https:\/\/contractaciopublica.cat\/ca\/inici\" target=\"_blank\" rel=\"noopener\">Plataforma del\u00a0 Serveis de Contractaci\u00f3 P\u00fablica<\/a><\/p>\n<p>Prem <a href=\"https:\/\/www.insalfonscostafreda.cat\/dac\/Docs\/Homologacio\" target=\"_blank\" rel=\"noopener\">aqu\u00ed<\/a> per consultar el document de Criteris d&#8217;homologaci\u00f3 de prove\u00efdors.<\/p>\n<p>Les condicions de pagament s\u00f3n:<\/p>\n<ul>\n<li>Recepci\u00f3 de factures fins al 10 de cada mes.<\/li>\n<li>Pagament a 30 dies \/ dia 25.<\/li>\n<li>Gener i Agost, es posposen els pagaments al mes seg\u00fcent.<\/li>\n<\/ul>\n","protected":false},"excerpt":{"rendered":"<p>El director o directora del centre actua com a \u00f2rgan de contractaci\u00f3 i t\u00e9 la compet\u00e8ncia per fer les contractacions necess\u00e0ries de manteniment, i serveis i subministraments, d&#8217;acord amb el pressupost del centre i respectant els principis reguladors de la contractaci\u00f3 p\u00fablica: legalitat, efic\u00e0cia i efici\u00e8ncia, publicitat i transpar\u00e8ncia, llibertat d&#8217;acc\u00e9s a les licitacions i [&hellip;]<\/p>\n","protected":false},"author":1,"featured_media":0,"parent":81,"menu_order":4,"comment_status":"closed","ping_status":"closed","template":"page-templates\/side-menu.php","meta":{"_bbp_topic_count":0,"_bbp_reply_count":0,"_bbp_total_topic_count":0,"_bbp_total_reply_count":0,"_bbp_voice_count":0,"_bbp_anonymous_reply_count":0,"_bbp_topic_count_hidden":0,"_bbp_reply_count_hidden":0,"_bbp_forum_subforum_count":0,"site-sidebar-layout":"default","site-content-layout":"","ast-site-content-layout":"","site-content-style":"default","site-sidebar-style":"default","ast-global-header-display":"","ast-banner-title-visibility":"","ast-main-header-display":"","ast-hfb-above-header-display":"","ast-hfb-below-header-display":"","ast-hfb-mobile-header-display":"","site-post-title":"","ast-breadcrumbs-content":"","ast-featured-img":"","footer-sml-layout":"","theme-transparent-header-meta":"","adv-header-id-meta":"","stick-header-meta":"","header-above-stick-meta":"","header-main-stick-meta":"","header-below-stick-meta":"","astra-migrate-meta-layouts":"default","ast-page-background-enabled":"default","ast-page-background-meta":{"desktop":{"background-color":"var(--ast-global-color-4)","background-image":"","background-repeat":"repeat","background-position":"center center","background-size":"auto","background-attachment":"scroll","background-type":"","background-media":"","overlay-type":"","overlay-color":"","overlay-opacity":"","overlay-gradient":""},"tablet":{"background-color":"","background-image":"","background-repeat":"repeat","background-position":"center center","background-size":"auto","background-attachment":"scroll","background-type":"","background-media":"","overlay-type":"","overlay-color":"","overlay-opacity":"","overlay-gradient":""},"mobile":{"background-color":"","background-image":"","background-repeat":"repeat","background-position":"center center","background-size":"auto","background-attachment":"scroll","background-type":"","background-media":"","overlay-type":"","overlay-color":"","overlay-opacity":"","overlay-gradient":""}},"ast-content-background-meta":{"desktop":{"background-color":"var(--ast-global-color-5)","background-image":"","background-repeat":"repeat","background-position":"center center","background-size":"auto","background-attachment":"scroll","background-type":"","background-media":"","overlay-type":"","overlay-color":"","overlay-opacity":"","overlay-gradient":""},"tablet":{"background-color":"var(--ast-global-color-5)","background-image":"","background-repeat":"repeat","background-position":"center center","background-size":"auto","background-attachment":"scroll","background-type":"","background-media":"","overlay-type":"","overlay-color":"","overlay-opacity":"","overlay-gradient":""},"mobile":{"background-color":"var(--ast-global-color-5)","background-image":"","background-repeat":"repeat","background-position":"center center","background-size":"auto","background-attachment":"scroll","background-type":"","background-media":"","overlay-type":"","overlay-color":"","overlay-opacity":"","overlay-gradient":""}},"footnotes":""},"class_list":["post-551","page","type-page","status-publish","hentry"],"post_mailing_queue_ids":[],"_links":{"self":[{"href":"https:\/\/agora.xtec.cat\/insalfonscostafreda\/wp-json\/wp\/v2\/pages\/551","targetHints":{"allow":["GET"]}}],"collection":[{"href":"https:\/\/agora.xtec.cat\/insalfonscostafreda\/wp-json\/wp\/v2\/pages"}],"about":[{"href":"https:\/\/agora.xtec.cat\/insalfonscostafreda\/wp-json\/wp\/v2\/types\/page"}],"author":[{"embeddable":true,"href":"https:\/\/agora.xtec.cat\/insalfonscostafreda\/wp-json\/wp\/v2\/users\/1"}],"replies":[{"embeddable":true,"href":"https:\/\/agora.xtec.cat\/insalfonscostafreda\/wp-json\/wp\/v2\/comments?post=551"}],"version-history":[{"count":6,"href":"https:\/\/agora.xtec.cat\/insalfonscostafreda\/wp-json\/wp\/v2\/pages\/551\/revisions"}],"predecessor-version":[{"id":13207,"href":"https:\/\/agora.xtec.cat\/insalfonscostafreda\/wp-json\/wp\/v2\/pages\/551\/revisions\/13207"}],"up":[{"embeddable":true,"href":"https:\/\/agora.xtec.cat\/insalfonscostafreda\/wp-json\/wp\/v2\/pages\/81"}],"wp:attachment":[{"href":"https:\/\/agora.xtec.cat\/insalfonscostafreda\/wp-json\/wp\/v2\/media?parent=551"}],"curies":[{"name":"wp","href":"https:\/\/api.w.org\/{rel}","templated":true}]}}