{"id":541,"date":"2023-10-27T22:42:15","date_gmt":"2023-10-27T20:42:15","guid":{"rendered":"https:\/\/agora.xtec.cat\/insalfonscostafreda\/?page_id=541"},"modified":"2026-02-24T12:06:54","modified_gmt":"2026-02-24T11:06:54","slug":"pagaments-en-linia","status":"publish","type":"page","link":"https:\/\/agora.xtec.cat\/insalfonscostafreda\/secretaria\/pagaments-en-linia\/","title":{"rendered":"Pagaments en l\u00ednia"},"content":{"rendered":"<p><img loading=\"lazy\" decoding=\"async\" class=\"wp-image-1285 alignleft\" src=\"https:\/\/agora.xtec.cat\/insalfonscostafreda\/wp-content\/uploads\/usu2359\/Purple_Modern_App_Instagram_Ad-1.jpg\" alt=\"\" width=\"243\" height=\"334\" \/>Posem en funcionament la nova APP\u00a0INS ALFONS COSTAFREDA, que totes les fam\u00edlies, professorat, o alumnat major d&#8217;edat pot descarregar-se per tal d&#8217;estar informat de les activitats de centre, rebre comunicats, i realitzar <strong><a href=\"https:\/\/www.edugestio.com\/app_costafreda\/login.php\">pagaments online<\/a><\/strong> entre altres funcionalitats.<\/p>\n<p>Tant sols heu d&#8217;accedir amb el vostre m\u00f2bil a la\u00a0 botiga d&#8217;Apps, un cop descarregada, podeu sol\u00b7licitar el codi d&#8217;acc\u00e9s a trav\u00e9s de l&#8217;enlla\u00e7 que surt a la pantalla d&#8217;inici &#8220;Rebre el codi per email&#8221;, que trobareu a sota dels dos botons &#8220;No tinc codi&#8221; o &#8220;Ja tinc codi&#8221;.<\/p>\n<p>En cas que us trobeu amb algun error o no conseguiu accedir, contacteu amb\u00a0<a href=\"mailto:secretaria@insalfonscostafreda.cat\" target=\"_blank\" rel=\"noopener noreferrer\">secretaria@<wbr \/>insalfonscostafreda.cat<\/a><\/p>\n<p>M\u00e9s informaci\u00f3 al <a href=\"https:\/\/www.insalfonscostafreda.cat\/web\/images\/2022\/InstruccionsDescarregaAPP.pdf\">Manual d&#8217;instruccions<\/a>.<\/p>\n<p>Enlla\u00e7os directes a la botiga d&#8217;aplicacions.<\/p>\n<p><a href=\"https:\/\/play.google.com\/store\/apps\/details?id=com.dumainteractiva.inscostafreda&amp;hl=es_419&amp;gl=US\"><img decoding=\"async\" src=\"https:\/\/www.insalfonscostafreda.cat\/web\/images\/2022\/play.png\" alt=\"\" \/><\/a><\/p>\n<div class=\"gmail_default\"><a href=\"https:\/\/apps.apple.com\/es\/app\/ins-alfons-costafreda-tarrega\/id6448506905?I=ca\"><img loading=\"lazy\" decoding=\"async\" src=\"https:\/\/www.insalfonscostafreda.cat\/web\/images\/2022\/apple.png\" alt=\"\" width=\"102\" height=\"37\" \/><br \/>\n<\/a><\/div>\n","protected":false},"excerpt":{"rendered":"<p>Posem en funcionament la nova APP\u00a0INS ALFONS COSTAFREDA, que totes les fam\u00edlies, professorat, o alumnat major d&#8217;edat pot descarregar-se per tal d&#8217;estar informat de les activitats de centre, rebre comunicats, i realitzar pagaments online entre altres funcionalitats. Tant sols heu d&#8217;accedir amb el vostre m\u00f2bil a la\u00a0 botiga d&#8217;Apps, un cop descarregada, podeu sol\u00b7licitar el [&hellip;]<\/p>\n","protected":false},"author":1,"featured_media":0,"parent":81,"menu_order":3,"comment_status":"closed","ping_status":"closed","template":"","meta":{"_bbp_topic_count":0,"_bbp_reply_count":0,"_bbp_total_topic_count":0,"_bbp_total_reply_count":0,"_bbp_voice_count":0,"_bbp_anonymous_reply_count":0,"_bbp_topic_count_hidden":0,"_bbp_reply_count_hidden":0,"_bbp_forum_subforum_count":0,"site-sidebar-layout":"default","site-content-layout":"","ast-site-content-layout":"default","site-content-style":"default","site-sidebar-style":"default","ast-global-header-display":"","ast-banner-title-visibility":"","ast-main-header-display":"","ast-hfb-above-header-display":"","ast-hfb-below-header-display":"","ast-hfb-mobile-header-display":"","site-post-title":"","ast-breadcrumbs-content":"","ast-featured-img":"","footer-sml-layout":"","theme-transparent-header-meta":"","adv-header-id-meta":"","stick-header-meta":"","header-above-stick-meta":"","header-main-stick-meta":"","header-below-stick-meta":"","astra-migrate-meta-layouts":"set","ast-page-background-enabled":"default","ast-page-background-meta":{"desktop":{"background-color":"var(--ast-global-color-4)","background-image":"","background-repeat":"repeat","background-position":"center center","background-size":"auto","background-attachment":"scroll","background-type":"","background-media":"","overlay-type":"","overlay-color":"","overlay-opacity":"","overlay-gradient":""},"tablet":{"background-color":"","background-image":"","background-repeat":"repeat","background-position":"center center","background-size":"auto","background-attachment":"scroll","background-type":"","background-media":"","overlay-type":"","overlay-color":"","overlay-opacity":"","overlay-gradient":""},"mobile":{"background-color":"","background-image":"","background-repeat":"repeat","background-position":"center center","background-size":"auto","background-attachment":"scroll","background-type":"","background-media":"","overlay-type":"","overlay-color":"","overlay-opacity":"","overlay-gradient":""}},"ast-content-background-meta":{"desktop":{"background-color":"var(--ast-global-color-5)","background-image":"","background-repeat":"repeat","background-position":"center center","background-size":"auto","background-attachment":"scroll","background-type":"","background-media":"","overlay-type":"","overlay-color":"","overlay-opacity":"","overlay-gradient":""},"tablet":{"background-color":"var(--ast-global-color-5)","background-image":"","background-repeat":"repeat","background-position":"center center","background-size":"auto","background-attachment":"scroll","background-type":"","background-media":"","overlay-type":"","overlay-color":"","overlay-opacity":"","overlay-gradient":""},"mobile":{"background-color":"var(--ast-global-color-5)","background-image":"","background-repeat":"repeat","background-position":"center center","background-size":"auto","background-attachment":"scroll","background-type":"","background-media":"","overlay-type":"","overlay-color":"","overlay-opacity":"","overlay-gradient":""}},"footnotes":""},"class_list":["post-541","page","type-page","status-publish","hentry"],"post_mailing_queue_ids":[],"_links":{"self":[{"href":"https:\/\/agora.xtec.cat\/insalfonscostafreda\/wp-json\/wp\/v2\/pages\/541","targetHints":{"allow":["GET"]}}],"collection":[{"href":"https:\/\/agora.xtec.cat\/insalfonscostafreda\/wp-json\/wp\/v2\/pages"}],"about":[{"href":"https:\/\/agora.xtec.cat\/insalfonscostafreda\/wp-json\/wp\/v2\/types\/page"}],"author":[{"embeddable":true,"href":"https:\/\/agora.xtec.cat\/insalfonscostafreda\/wp-json\/wp\/v2\/users\/1"}],"replies":[{"embeddable":true,"href":"https:\/\/agora.xtec.cat\/insalfonscostafreda\/wp-json\/wp\/v2\/comments?post=541"}],"version-history":[{"count":6,"href":"https:\/\/agora.xtec.cat\/insalfonscostafreda\/wp-json\/wp\/v2\/pages\/541\/revisions"}],"predecessor-version":[{"id":14596,"href":"https:\/\/agora.xtec.cat\/insalfonscostafreda\/wp-json\/wp\/v2\/pages\/541\/revisions\/14596"}],"up":[{"embeddable":true,"href":"https:\/\/agora.xtec.cat\/insalfonscostafreda\/wp-json\/wp\/v2\/pages\/81"}],"wp:attachment":[{"href":"https:\/\/agora.xtec.cat\/insalfonscostafreda\/wp-json\/wp\/v2\/media?parent=541"}],"curies":[{"name":"wp","href":"https:\/\/api.w.org\/{rel}","templated":true}]}}