{"id":538,"date":"2023-10-27T22:39:49","date_gmt":"2023-10-27T20:39:49","guid":{"rendered":"https:\/\/agora.xtec.cat\/insalfonscostafreda\/?page_id=538"},"modified":"2024-09-29T09:30:35","modified_gmt":"2024-09-29T07:30:35","slug":"aee","status":"publish","type":"page","link":"https:\/\/agora.xtec.cat\/insalfonscostafreda\/families\/aee\/","title":{"rendered":"Associaci\u00f3 Esportiva Escolar"},"content":{"rendered":"<p>L&#8217;<strong>Associaci\u00f3 Esportiva Escolar Institut Alfons Costafreda de T\u00e0rrega<\/strong>, amb n\u00famero de registre 13084 i CIF G25649526, va ser inicialment constitu\u00efda amb la modalitat de F\u00fatbol Sala (F\u00fatbol cinc), per\u00f2 avui en dia, oferim les seg\u00fcents activitats extraescolars:<\/p>\n<ul>\n<li><b>Multiesports<\/b><span style=\"font-weight: 400;\">: dimarts de 16:00 a 17:00h per alumnat de 1r i 2n d\u2019ESO<\/span><\/li>\n<li><b>Danses urbanes<\/b><span style=\"font-weight: 400;\">: dijous de 16:00 a 17:00h per alumnat de 3r i 4t d\u2019ESO<\/span><\/li>\n<\/ul>\n<p>Amb la previsi\u00f3 d&#8217;anar a jugar a <strong>p\u00e0del<\/strong> o <strong>tenis<\/strong>, un dia, a principis de gener, a les instal\u00b7lacions de T\u00e0rrega<\/p>\n","protected":false},"excerpt":{"rendered":"<p>L&#8217;Associaci\u00f3 Esportiva Escolar Institut Alfons Costafreda de T\u00e0rrega, amb n\u00famero de registre 13084 i CIF G25649526, va ser inicialment constitu\u00efda amb la modalitat de F\u00fatbol Sala (F\u00fatbol cinc), per\u00f2 avui en dia, oferim les seg\u00fcents activitats extraescolars: Multiesports: dimarts de 16:00 a 17:00h per alumnat de 1r i 2n d\u2019ESO Danses urbanes: dijous de 16:00 [&hellip;]<\/p>\n","protected":false},"author":1,"featured_media":0,"parent":805,"menu_order":2,"comment_status":"closed","ping_status":"closed","template":"page-templates\/side-menu.php","meta":{"_bbp_topic_count":0,"_bbp_reply_count":0,"_bbp_total_topic_count":0,"_bbp_total_reply_count":0,"_bbp_voice_count":0,"_bbp_anonymous_reply_count":0,"_bbp_topic_count_hidden":0,"_bbp_reply_count_hidden":0,"_bbp_forum_subforum_count":0,"site-sidebar-layout":"default","site-content-layout":"","ast-site-content-layout":"","site-content-style":"default","site-sidebar-style":"default","ast-global-header-display":"","ast-banner-title-visibility":"","ast-main-header-display":"","ast-hfb-above-header-display":"","ast-hfb-below-header-display":"","ast-hfb-mobile-header-display":"","site-post-title":"","ast-breadcrumbs-content":"","ast-featured-img":"","footer-sml-layout":"","theme-transparent-header-meta":"","adv-header-id-meta":"","stick-header-meta":"","header-above-stick-meta":"","header-main-stick-meta":"","header-below-stick-meta":"","astra-migrate-meta-layouts":"default","ast-page-background-enabled":"default","ast-page-background-meta":{"desktop":{"background-color":"var(--ast-global-color-4)","background-image":"","background-repeat":"repeat","background-position":"center center","background-size":"auto","background-attachment":"scroll","background-type":"","background-media":"","overlay-type":"","overlay-color":"","overlay-opacity":"","overlay-gradient":""},"tablet":{"background-color":"","background-image":"","background-repeat":"repeat","background-position":"center center","background-size":"auto","background-attachment":"scroll","background-type":"","background-media":"","overlay-type":"","overlay-color":"","overlay-opacity":"","overlay-gradient":""},"mobile":{"background-color":"","background-image":"","background-repeat":"repeat","background-position":"center center","background-size":"auto","background-attachment":"scroll","background-type":"","background-media":"","overlay-type":"","overlay-color":"","overlay-opacity":"","overlay-gradient":""}},"ast-content-background-meta":{"desktop":{"background-color":"var(--ast-global-color-5)","background-image":"","background-repeat":"repeat","background-position":"center center","background-size":"auto","background-attachment":"scroll","background-type":"","background-media":"","overlay-type":"","overlay-color":"","overlay-opacity":"","overlay-gradient":""},"tablet":{"background-color":"var(--ast-global-color-5)","background-image":"","background-repeat":"repeat","background-position":"center center","background-size":"auto","background-attachment":"scroll","background-type":"","background-media":"","overlay-type":"","overlay-color":"","overlay-opacity":"","overlay-gradient":""},"mobile":{"background-color":"var(--ast-global-color-5)","background-image":"","background-repeat":"repeat","background-position":"center center","background-size":"auto","background-attachment":"scroll","background-type":"","background-media":"","overlay-type":"","overlay-color":"","overlay-opacity":"","overlay-gradient":""}},"footnotes":""},"class_list":["post-538","page","type-page","status-publish","hentry"],"post_mailing_queue_ids":[],"_links":{"self":[{"href":"https:\/\/agora.xtec.cat\/insalfonscostafreda\/wp-json\/wp\/v2\/pages\/538","targetHints":{"allow":["GET"]}}],"collection":[{"href":"https:\/\/agora.xtec.cat\/insalfonscostafreda\/wp-json\/wp\/v2\/pages"}],"about":[{"href":"https:\/\/agora.xtec.cat\/insalfonscostafreda\/wp-json\/wp\/v2\/types\/page"}],"author":[{"embeddable":true,"href":"https:\/\/agora.xtec.cat\/insalfonscostafreda\/wp-json\/wp\/v2\/users\/1"}],"replies":[{"embeddable":true,"href":"https:\/\/agora.xtec.cat\/insalfonscostafreda\/wp-json\/wp\/v2\/comments?post=538"}],"version-history":[{"count":6,"href":"https:\/\/agora.xtec.cat\/insalfonscostafreda\/wp-json\/wp\/v2\/pages\/538\/revisions"}],"predecessor-version":[{"id":12948,"href":"https:\/\/agora.xtec.cat\/insalfonscostafreda\/wp-json\/wp\/v2\/pages\/538\/revisions\/12948"}],"up":[{"embeddable":true,"href":"https:\/\/agora.xtec.cat\/insalfonscostafreda\/wp-json\/wp\/v2\/pages\/805"}],"wp:attachment":[{"href":"https:\/\/agora.xtec.cat\/insalfonscostafreda\/wp-json\/wp\/v2\/media?parent=538"}],"curies":[{"name":"wp","href":"https:\/\/api.w.org\/{rel}","templated":true}]}}