{"id":27,"date":"2014-09-17T16:24:03","date_gmt":"2014-09-17T14:24:03","guid":{"rendered":"http:\/\/agora.xtec.cat\/insalfonscostafreda\/?page_id=27"},"modified":"2023-12-27T15:15:32","modified_gmt":"2023-12-27T14:15:32","slug":"historia","status":"publish","type":"page","link":"https:\/\/agora.xtec.cat\/insalfonscostafreda\/linstitut\/historia\/","title":{"rendered":"Hist\u00f2ria"},"content":{"rendered":"<p>L\u2019INS Alfons Costafreda es troba ubicat a la sortida de T\u00e0rrega direcci\u00f3 Tarragona, al peu de la C-14, i juntament amb l&#8217;ECA som les \u00faltimes edificacions del municipi en aquest costat de la via.<\/p>\n<p>El centre neix com a centre de Formaci\u00f3 Professional, i inicialment en les depend\u00e8ncies de l&#8217;INS Manuel de Pedrolo l&#8217;any 1975.<\/p>\n<p>Al 1981 ens traslladem a l&#8217;edifici actual, ja com a Institut Alfons Costafreda, centre de secund\u00e0ria dedicat exclusivament a la Formaci\u00f3 Professional pels alumnes de T\u00e0rrega i comarca. Administraci\u00f3 i Manteniment Industrial s\u00f3n les dues fam\u00edlies professionals de les quals s&#8217;imparteixen estudis. No ser\u00e0 fins m\u00e9s endavant quan incorporem, degut a l&#8217;evoluci\u00f3 del m\u00f3n laboral i les noves tecnologies, els estudis de la fam\u00edlia professional d&#8217;Inform\u00e0tica.<\/p>\n<p>Amb posterioritat, i en l&#8217;evoluci\u00f3 constant de l&#8217;Ensenyament a Catalunya, s&#8217;inicien els estudis de REM (reforma), pas previ a l&#8217;ESO. Una vegada implantada l&#8217;ESO, \u00e9s quan comencem a compartir els estudis de Formaci\u00f3 Professional amb la Secund\u00e0ria Obligat\u00f2ria i el Batxillerat.<\/p>\n<p>Des del curs 14-15, i com a conseq\u00fc\u00e8ncia de l&#8217;augment de poblaci\u00f3 infantil, l&#8217;institut amplia de dues a tres l\u00ednies d&#8217;ESO. Aquest creixement es mantindr\u00e0 com a m\u00ednim fins el 2025.<\/p>\n<p>L&#8217;alumne Sergi V. de 2n de Batxillerat va presentar un documental sobre l&#8217;institut com a Treball de Recerca. El documental porta com a t\u00edtol &#8216;INS Alfons Costafreda. Un documental sobre el meu institut&#8217; i el podeu visualitzar a continuaci\u00f3.<\/p>\n<p><iframe loading=\"lazy\" title=\"YouTube video player\" src=\"https:\/\/www.youtube.com\/embed\/apfV8N2MiHg?si=cXeKGyNMNyPyOfNn\" width=\"560\" height=\"315\" frameborder=\"0\" allowfullscreen=\"allowfullscreen\"><\/iframe><\/p>\n","protected":false},"excerpt":{"rendered":"<p>L\u2019INS Alfons Costafreda es troba ubicat a la sortida de T\u00e0rrega direcci\u00f3 Tarragona, al peu de la C-14, i juntament amb l&#8217;ECA som les \u00faltimes edificacions del municipi en aquest costat de la via. El centre neix com a centre de Formaci\u00f3 Professional, i inicialment en les depend\u00e8ncies de l&#8217;INS Manuel de Pedrolo l&#8217;any 1975. [&hellip;]<\/p>\n","protected":false},"author":1,"featured_media":0,"parent":19,"menu_order":2,"comment_status":"closed","ping_status":"closed","template":"page-templates\/side-menu.php","meta":{"_bbp_topic_count":0,"_bbp_reply_count":0,"_bbp_total_topic_count":0,"_bbp_total_reply_count":0,"_bbp_voice_count":0,"_bbp_anonymous_reply_count":0,"_bbp_topic_count_hidden":0,"_bbp_reply_count_hidden":0,"_bbp_forum_subforum_count":0,"site-sidebar-layout":"default","site-content-layout":"","ast-site-content-layout":"","site-content-style":"default","site-sidebar-style":"default","ast-global-header-display":"","ast-banner-title-visibility":"","ast-main-header-display":"","ast-hfb-above-header-display":"","ast-hfb-below-header-display":"","ast-hfb-mobile-header-display":"","site-post-title":"","ast-breadcrumbs-content":"","ast-featured-img":"","footer-sml-layout":"","theme-transparent-header-meta":"","adv-header-id-meta":"","stick-header-meta":"","header-above-stick-meta":"","header-main-stick-meta":"","header-below-stick-meta":"","astra-migrate-meta-layouts":"default","ast-page-background-enabled":"default","ast-page-background-meta":{"desktop":{"background-color":"var(--ast-global-color-4)","background-image":"","background-repeat":"repeat","background-position":"center center","background-size":"auto","background-attachment":"scroll","background-type":"","background-media":"","overlay-type":"","overlay-color":"","overlay-opacity":"","overlay-gradient":""},"tablet":{"background-color":"","background-image":"","background-repeat":"repeat","background-position":"center center","background-size":"auto","background-attachment":"scroll","background-type":"","background-media":"","overlay-type":"","overlay-color":"","overlay-opacity":"","overlay-gradient":""},"mobile":{"background-color":"","background-image":"","background-repeat":"repeat","background-position":"center center","background-size":"auto","background-attachment":"scroll","background-type":"","background-media":"","overlay-type":"","overlay-color":"","overlay-opacity":"","overlay-gradient":""}},"ast-content-background-meta":{"desktop":{"background-color":"var(--ast-global-color-5)","background-image":"","background-repeat":"repeat","background-position":"center center","background-size":"auto","background-attachment":"scroll","background-type":"","background-media":"","overlay-type":"","overlay-color":"","overlay-opacity":"","overlay-gradient":""},"tablet":{"background-color":"var(--ast-global-color-5)","background-image":"","background-repeat":"repeat","background-position":"center center","background-size":"auto","background-attachment":"scroll","background-type":"","background-media":"","overlay-type":"","overlay-color":"","overlay-opacity":"","overlay-gradient":""},"mobile":{"background-color":"var(--ast-global-color-5)","background-image":"","background-repeat":"repeat","background-position":"center center","background-size":"auto","background-attachment":"scroll","background-type":"","background-media":"","overlay-type":"","overlay-color":"","overlay-opacity":"","overlay-gradient":""}},"footnotes":""},"class_list":["post-27","page","type-page","status-publish","hentry"],"post_mailing_queue_ids":[],"_links":{"self":[{"href":"https:\/\/agora.xtec.cat\/insalfonscostafreda\/wp-json\/wp\/v2\/pages\/27","targetHints":{"allow":["GET"]}}],"collection":[{"href":"https:\/\/agora.xtec.cat\/insalfonscostafreda\/wp-json\/wp\/v2\/pages"}],"about":[{"href":"https:\/\/agora.xtec.cat\/insalfonscostafreda\/wp-json\/wp\/v2\/types\/page"}],"author":[{"embeddable":true,"href":"https:\/\/agora.xtec.cat\/insalfonscostafreda\/wp-json\/wp\/v2\/users\/1"}],"replies":[{"embeddable":true,"href":"https:\/\/agora.xtec.cat\/insalfonscostafreda\/wp-json\/wp\/v2\/comments?post=27"}],"version-history":[{"count":6,"href":"https:\/\/agora.xtec.cat\/insalfonscostafreda\/wp-json\/wp\/v2\/pages\/27\/revisions"}],"predecessor-version":[{"id":1086,"href":"https:\/\/agora.xtec.cat\/insalfonscostafreda\/wp-json\/wp\/v2\/pages\/27\/revisions\/1086"}],"up":[{"embeddable":true,"href":"https:\/\/agora.xtec.cat\/insalfonscostafreda\/wp-json\/wp\/v2\/pages\/19"}],"wp:attachment":[{"href":"https:\/\/agora.xtec.cat\/insalfonscostafreda\/wp-json\/wp\/v2\/media?parent=27"}],"curies":[{"name":"wp","href":"https:\/\/api.w.org\/{rel}","templated":true}]}}