{"id":2181,"date":"2024-03-15T18:38:13","date_gmt":"2024-03-15T17:38:13","guid":{"rendered":"https:\/\/agora.xtec.cat\/insalfonscostafreda\/?page_id=2181"},"modified":"2024-03-15T18:40:26","modified_gmt":"2024-03-15T17:40:26","slug":"requisits-i-quadre-dequivalencies-als-certificats-dacreditacio-de-catala-nivell-b2-i-c1","status":"publish","type":"page","link":"https:\/\/agora.xtec.cat\/insalfonscostafreda\/secretaria\/tramits\/tramitacio-de-titols-i-certificats\/requisits-i-quadre-dequivalencies-als-certificats-dacreditacio-de-catala-nivell-b2-i-c1\/","title":{"rendered":"Requisits i quadre d\u2019equival\u00e8ncies als certificats d\u2019acreditaci\u00f3  de Catal\u00e0. Nivell B2 i C1"},"content":{"rendered":"<p><u>\u00a0<strong>Requisits<\/strong>\u00a0<\/u><\/p>\n<ul>\n<li>Haver nascut a partir de l\u2019any 1972 (inici escolaritzaci\u00f3 a partir del curs 1978-1979).<\/li>\n<li>Escolaritzaci\u00f3 complerta a Catalunya (des d\u2019EGB o Prim\u00e0ria).<\/li>\n<li>No estar exempt de catal\u00e0.<\/li>\n<li>Tenir algun dels seg\u00fcents t\u00edtols; EGB, ESO, BATXILLERAT, FP1 o FP2.<\/li>\n<li>El fet de disposar d\u2019un Cicle Formatiu de Grau Mitj\u00e0 o de Grau Superior no permet acreditar l\u2019obtenci\u00f3 del nivell de catal\u00e0.<\/li>\n<\/ul>\n<p>&nbsp;<\/p>\n<p><strong><u>Com es sol\u00b7licita?<\/u><\/strong><\/p>\n<ul>\n<li>Omplir les dades del formulari <a href=\"https:\/\/forms.gle\/jJ1UfynG4Xhegnb48\" target=\"_blank\" rel=\"noopener\">Sol\u00b7licitud de documentaci\u00f3<\/a> , amb totes les dades sol\u00b7licitades.<\/li>\n<li>Rebreu un correu electr\u00f2nic, amb la documentaci\u00f3 que caldr\u00e0 presentar.<\/li>\n<\/ul>\n<p>&nbsp;<\/p>\n<p><strong><u>Quadre d&#8217;equival\u00e8ncies<\/u><\/strong><\/p>\n<table style=\"width: 72.7421%;\" width=\"645\">\n<tbody>\n<tr>\n<td style=\"width: 147.198%; background-color: #5cbef7;\" colspan=\"3\" width=\"644\">\n<h4 style=\"text-align: center;\"><strong>NIVELL B2<\/strong><\/h4>\n<\/td>\n<\/tr>\n<tr>\n<td style=\"width: 20.6897%; background-color: #b4e8fa;\" width=\"132\"><strong><u>Si tens&#8230;<\/u><\/strong><\/td>\n<td style=\"width: 45.8419%; background-color: #b4e8fa;\" width=\"255\"><strong><u>Cal haver cursat&#8230;<\/u><\/strong><\/td>\n<td style=\"width: 80.6667%; background-color: #b4e8fa;\" width=\"256\"><strong><u>Documents que cal presentar<\/u><\/strong><\/td>\n<\/tr>\n<tr>\n<td style=\"width: 20.6897%; text-align: center;\" width=\"132\"><strong>T\u00edtol Graduat Escolar <\/strong><strong>(EGB)<\/strong><\/td>\n<td style=\"width: 45.8419%;\" width=\"255\">Tota l&#8217;EGB a Catalunya i s&#8217;hagi cursat la mat\u00e8ria de llengua catalana en la totalitat dels estudis esmentats\u00a0 a partir del curs 1978\/1979<\/td>\n<td style=\"width: 80.6667%;\" width=\"256\">Fotografia o escaneig:<\/p>\n<ul>\n<li style=\"list-style-type: none;\">\n<ul style=\"list-style-type: disc;\">\n<li>DNI<\/li>\n<li>Llibre d\u2019EGB o certificat<\/li>\n<li>T\u00edtol de graduat escolar<\/li>\n<\/ul>\n<\/li>\n<\/ul>\n<\/td>\n<\/tr>\n<tr>\n<td style=\"width: 20.6897%; background-color: #b4e8fa; text-align: center;\" width=\"132\"><strong>T\u00edtol FP1<\/strong><\/td>\n<td style=\"width: 45.8419%; background-color: #b4e8fa;\" width=\"255\">Tota l\u2019EGB i l\u2019FP1 a Catalunya i s\u2019hagi cursat la mat\u00e8ria de llengua catalana en la totalitat dels estudis esmentats a partir del curs 1978\/1979<\/td>\n<td style=\"width: 80.6667%; background-color: #b4e8fa;\" width=\"256\">Fotografia o escaneig:<\/p>\n<ul>\n<li style=\"list-style-type: none;\">\n<ul style=\"list-style-type: disc;\">\n<li>DNI<\/li>\n<li>Llibre d\u2019EGB o certificat<\/li>\n<li>Qualificacions de FP1<\/li>\n<li>T\u00edtol de FP1<\/li>\n<\/ul>\n<\/li>\n<\/ul>\n<\/td>\n<\/tr>\n<tr>\n<td style=\"width: 147.198%; background-color: #5cbef7; text-align: center;\" colspan=\"3\" width=\"645\">\n<h4 style=\"text-align: center;\"><strong>NIVELL C1<\/strong><\/h4>\n<\/td>\n<\/tr>\n<tr>\n<td style=\"width: 20.6897%; background-color: #b4e8fa; text-align: center;\" width=\"132\">\n<p style=\"text-align: left;\"><strong><u>Si tens&#8230;<\/u><\/strong><\/p>\n<\/td>\n<td style=\"width: 45.8419%; background-color: #b4e8fa;\" width=\"255\"><strong><u>Cal haver cursat&#8230;<\/u><\/strong><\/td>\n<td style=\"width: 80.6667%; background-color: #b4e8fa;\" width=\"256\"><strong><u>Documents que cal presentar<\/u><\/strong><\/td>\n<\/tr>\n<tr>\n<td style=\"width: 20.6897%; text-align: center;\" width=\"132\"><strong>T\u00edtol ESO<\/strong><\/td>\n<td style=\"width: 45.8419%;\" width=\"255\">Almenys 3 cursos de PRIM\u00c0RIA i tota l\u2019ESO a Catalunya i s\u2019hagi cursat i aprovat la mat\u00e8ria de llengua catalana en la totalitat dels estudis m\u00ednims esmentats. El requisit d\u2019acreditaci\u00f3 d\u2019haver aprovat la mat\u00e8ria de llengua catalana \u00e9s d\u2019aplicaci\u00f3 als t\u00edtols de graduaci\u00f3 en educaci\u00f3 secund\u00e0ria obtinguts a partir del curs 2007\/2008.<\/td>\n<td style=\"width: 80.6667%;\" width=\"256\">Fotografia o escaneig:<\/p>\n<ul>\n<li style=\"list-style-type: none;\">\n<ul style=\"list-style-type: disc;\">\n<li>DNI<\/li>\n<li>Llibre d\u2019ESO o certificat<\/li>\n<li>T\u00edtol d\u2019ESO<\/li>\n<\/ul>\n<\/li>\n<\/ul>\n<\/td>\n<\/tr>\n<tr>\n<td style=\"width: 20.6897%; background-color: #b4e8fa; text-align: center;\" width=\"132\"><strong>T\u00edtol BATXILLERAT<\/strong><\/td>\n<td style=\"width: 45.8419%; background-color: #b4e8fa;\" width=\"255\">Almenys 3 cursos de PRIM\u00c0RIA i 5 entre ESO i BATX a Catalunya i s\u2019hagi cursat la mat\u00e8ria de llengua catalana en la totalitat dels estudis m\u00ednims esmentats.<\/td>\n<td style=\"width: 80.6667%; background-color: #b4e8fa;\" width=\"256\">Fotografia o escaneig:<\/p>\n<ul>\n<li style=\"list-style-type: none;\">\n<ul style=\"list-style-type: disc;\">\n<li>DNI<\/li>\n<li>Llibre d\u2019ESO o certificat<\/li>\n<li>Llibre de Batxillerat o certificat<\/li>\n<li>T\u00edtol de Batxillerat<\/li>\n<\/ul>\n<\/li>\n<\/ul>\n<\/td>\n<\/tr>\n<tr>\n<td style=\"width: 20.6897%; text-align: center;\" width=\"132\"><strong>T\u00edtol BUP<\/strong><\/td>\n<td style=\"width: 45.8419%;\" width=\"255\">Tota l\u2019EGB i BUP a Catalunya i s\u2019hagi cursat de manera oficial la mat\u00e8ria de llengua catalana en la totalitat dels estudis esmentats a partir del curs 1978\/1979.<\/td>\n<td style=\"width: 80.6667%;\" width=\"256\">Fotografia o escaneig:<\/p>\n<ul>\n<li style=\"list-style-type: none;\">\n<ul style=\"list-style-type: disc;\">\n<li>DNI<\/li>\n<li>Llibre d\u2019EGB o certificat<\/li>\n<li>Llibre de BUP o certificat<\/li>\n<li>T\u00edtol de BUP<\/li>\n<\/ul>\n<\/li>\n<\/ul>\n<\/td>\n<\/tr>\n<tr>\n<td style=\"width: 20.6897%; background-color: #b4e8fa; text-align: center;\" width=\"132\"><strong>T\u00edtol FP2<\/strong><\/td>\n<td style=\"width: 45.8419%; background-color: #b4e8fa;\" width=\"255\">Tota l\u2019EGB, FP1 i FP2 a Catalunya i s\u2019hagi cursat de manera oficial la mat\u00e8ria de llengua catalana en la totalitat dels estudis esmentats a partir del curs 1978\/1979.<\/td>\n<td style=\"width: 80.6667%; background-color: #b4e8fa;\" width=\"256\">Fotografia o escaneig:<\/p>\n<ul>\n<li style=\"list-style-type: none;\">\n<ul style=\"list-style-type: disc;\">\n<li>DNI<\/li>\n<li>Llibre d\u2019EGB o certificat<\/li>\n<li>Qualificacions de FP1 i FP2<\/li>\n<li>T\u00edtol de FP2<\/li>\n<\/ul>\n<\/li>\n<\/ul>\n<\/td>\n<\/tr>\n<\/tbody>\n<\/table>\n<p>&nbsp;<\/p>\n<p style=\"text-align: justify;\">Aquelles persones que no compleixen els requisits detallats a la graella, segons la seva petici\u00f3, poden adre\u00e7ar-se a:<\/p>\n<p style=\"text-align: justify;\"><span style=\"text-decoration: underline;\"><strong>Departament d\u2019Educaci\u00f3<\/strong><\/span><\/p>\n<ul>\n<li style=\"text-align: justify;\">Via Augusta, 202-226 \u2013 08021 \u2013 Barcelona<\/li>\n<li style=\"text-align: justify;\">Tel\u00e8fon: 93.400.69.00<\/li>\n<\/ul>\n<p style=\"text-align: justify;\">Per m\u00e9s informaci\u00f3 podeu consultar <a href=\"https:\/\/llengua.gencat.cat\/web\/.content\/documents\/legislacio\/recull_de_normativa\/ensenyament\/arxius\/ens_equiv.pdf\" target=\"_blank\" rel=\"noopener\">Ordre VCP\/491\/2009<\/a>\u00a0modificada per l\u2019ordre\u00a0<a href=\"https:\/\/portaldogc.gencat.cat\/utilsEADOP\/PDF\/5610\/1031632.pdf\" target=\"_blank\" rel=\"noopener\">Ordre VCP\/233\/2010<\/a>\u00a0de 12 d\u2019abril de 2010.<\/p>\n<p style=\"text-align: justify;\">Aix\u00ed doncs, la primera promoci\u00f3 escolar que t\u00e9 dret a demanar aquest reconeixement \u00e9s la que va comen\u00e7ar el primer any de l&#8217;educaci\u00f3 general b\u00e0sica (EGB) el curs 1978-1979, a partir del qual l&#8217;ensenyament del catal\u00e0 va ser oficial al sistema educatiu de Catalunya, tal com s&#8217;estableix al Reial decret 2092\/1978, de 23 de juny.<\/p>\n<p style=\"text-align: justify;\">\u00c9s important indicar que les proves d&#8217;acc\u00e9s per als majors de 25 anys, selectivitat i acc\u00e9s als cicles formatius, aix\u00ed com els cicles formatius de grau mitj\u00e0 o de grau superior, no apareixen a la normativa i, que per tant, no es poden tenir en compte.<\/p>\n<p>&nbsp;<\/p>\n","protected":false},"excerpt":{"rendered":"<p>\u00a0Requisits\u00a0 Haver nascut a partir de l\u2019any 1972 (inici escolaritzaci\u00f3 a partir del curs 1978-1979). Escolaritzaci\u00f3 complerta a Catalunya (des d\u2019EGB o Prim\u00e0ria). No estar exempt de catal\u00e0. Tenir algun dels seg\u00fcents t\u00edtols; EGB, ESO, BATXILLERAT, FP1 o FP2. El fet de disposar d\u2019un Cicle Formatiu de Grau Mitj\u00e0 o de Grau Superior no permet [&hellip;]<\/p>\n","protected":false},"author":6,"featured_media":0,"parent":545,"menu_order":1,"comment_status":"closed","ping_status":"closed","template":"page-templates\/side-menu.php","meta":{"_bbp_topic_count":0,"_bbp_reply_count":0,"_bbp_total_topic_count":0,"_bbp_total_reply_count":0,"_bbp_voice_count":0,"_bbp_anonymous_reply_count":0,"_bbp_topic_count_hidden":0,"_bbp_reply_count_hidden":0,"_bbp_forum_subforum_count":0,"site-sidebar-layout":"default","site-content-layout":"","ast-site-content-layout":"","site-content-style":"default","site-sidebar-style":"default","ast-global-header-display":"","ast-banner-title-visibility":"","ast-main-header-display":"","ast-hfb-above-header-display":"","ast-hfb-below-header-display":"","ast-hfb-mobile-header-display":"","site-post-title":"","ast-breadcrumbs-content":"","ast-featured-img":"","footer-sml-layout":"","theme-transparent-header-meta":"","adv-header-id-meta":"","stick-header-meta":"","header-above-stick-meta":"","header-main-stick-meta":"","header-below-stick-meta":"","astra-migrate-meta-layouts":"default","ast-page-background-enabled":"default","ast-page-background-meta":{"desktop":{"background-color":"var(--ast-global-color-4)","background-image":"","background-repeat":"repeat","background-position":"center center","background-size":"auto","background-attachment":"scroll","background-type":"","background-media":"","overlay-type":"","overlay-color":"","overlay-opacity":"","overlay-gradient":""},"tablet":{"background-color":"","background-image":"","background-repeat":"repeat","background-position":"center center","background-size":"auto","background-attachment":"scroll","background-type":"","background-media":"","overlay-type":"","overlay-color":"","overlay-opacity":"","overlay-gradient":""},"mobile":{"background-color":"","background-image":"","background-repeat":"repeat","background-position":"center center","background-size":"auto","background-attachment":"scroll","background-type":"","background-media":"","overlay-type":"","overlay-color":"","overlay-opacity":"","overlay-gradient":""}},"ast-content-background-meta":{"desktop":{"background-color":"var(--ast-global-color-5)","background-image":"","background-repeat":"repeat","background-position":"center center","background-size":"auto","background-attachment":"scroll","background-type":"","background-media":"","overlay-type":"","overlay-color":"","overlay-opacity":"","overlay-gradient":""},"tablet":{"background-color":"var(--ast-global-color-5)","background-image":"","background-repeat":"repeat","background-position":"center center","background-size":"auto","background-attachment":"scroll","background-type":"","background-media":"","overlay-type":"","overlay-color":"","overlay-opacity":"","overlay-gradient":""},"mobile":{"background-color":"var(--ast-global-color-5)","background-image":"","background-repeat":"repeat","background-position":"center center","background-size":"auto","background-attachment":"scroll","background-type":"","background-media":"","overlay-type":"","overlay-color":"","overlay-opacity":"","overlay-gradient":""}},"footnotes":""},"class_list":["post-2181","page","type-page","status-publish","hentry"],"post_mailing_queue_ids":[],"_links":{"self":[{"href":"https:\/\/agora.xtec.cat\/insalfonscostafreda\/wp-json\/wp\/v2\/pages\/2181","targetHints":{"allow":["GET"]}}],"collection":[{"href":"https:\/\/agora.xtec.cat\/insalfonscostafreda\/wp-json\/wp\/v2\/pages"}],"about":[{"href":"https:\/\/agora.xtec.cat\/insalfonscostafreda\/wp-json\/wp\/v2\/types\/page"}],"author":[{"embeddable":true,"href":"https:\/\/agora.xtec.cat\/insalfonscostafreda\/wp-json\/wp\/v2\/users\/6"}],"replies":[{"embeddable":true,"href":"https:\/\/agora.xtec.cat\/insalfonscostafreda\/wp-json\/wp\/v2\/comments?post=2181"}],"version-history":[{"count":6,"href":"https:\/\/agora.xtec.cat\/insalfonscostafreda\/wp-json\/wp\/v2\/pages\/2181\/revisions"}],"predecessor-version":[{"id":2199,"href":"https:\/\/agora.xtec.cat\/insalfonscostafreda\/wp-json\/wp\/v2\/pages\/2181\/revisions\/2199"}],"up":[{"embeddable":true,"href":"https:\/\/agora.xtec.cat\/insalfonscostafreda\/wp-json\/wp\/v2\/pages\/545"}],"wp:attachment":[{"href":"https:\/\/agora.xtec.cat\/insalfonscostafreda\/wp-json\/wp\/v2\/media?parent=2181"}],"curies":[{"name":"wp","href":"https:\/\/api.w.org\/{rel}","templated":true}]}}