{"id":1996,"date":"2024-02-29T19:12:36","date_gmt":"2024-02-29T18:12:36","guid":{"rendered":"https:\/\/agora.xtec.cat\/insalfonscostafreda\/?page_id=1996"},"modified":"2026-04-07T11:38:10","modified_gmt":"2026-04-07T09:38:10","slug":"pfi","status":"publish","type":"page","link":"https:\/\/agora.xtec.cat\/insalfonscostafreda\/secretaria\/tramits\/preinscripcio-i-matricula\/pfi\/","title":{"rendered":"Preinscripci\u00f3 i matr\u00edcula PFI 2026-2027"},"content":{"rendered":"\n<h1 class=\"wp-block-heading has-black-color has-text-color has-link-color wp-elements-36873d8641417dc479e54e9128006fde\"><span style=\"text-decoration: underline;\">Preinscripci\u00f3<\/span> (Del 4 al 13 de maig)<\/h1>\n\n\n\n<p><strong>Calendari:<\/strong><\/p>\n\n\n\n<ul class=\"wp-block-list\">\n<li>Del 4 al 13 de maig de 2026: <a href=\"https:\/\/educacio.gencat.cat\/ca\/tramits\/tramits-temes\/preinscripcio-pfi\">presentaci\u00f3 de sol\u00b7licituds<\/a><\/li>\n\n\n\n<li>Del 4 al 14 de maig de 2026: presentaci\u00f3 de documentaci\u00f3<\/li>\n\n\n\n<li>Del 4 al 26 de maig de 2026 a les 14 hores: entrevistes d&#8217;orientaci\u00f3 i valoraci\u00f3<\/li>\n\n\n\n<li>28 de maig de 2026: llista de sol\u00b7licituds amb la puntuaci\u00f3 provisional<\/li>\n\n\n\n<li>Del 28 de maig al 3 de juny de 2026: presentaci\u00f3 de reclamacions<\/li>\n\n\n\n<li>8 de juny de 2026: llista de sol\u00b7licituds amb la puntuaci\u00f3 un cop resoltes les reclamacions<\/li>\n\n\n\n<li>8 de juny de 2026: sorteig per resoldre les sol\u00b7licituds de preinscripci\u00f3 empatades en punts<\/li>\n\n\n\n<li>11 de juny de 2026: llista ordenada<\/li>\n\n\n\n<li>Del 25 al 29 de juny de 2026: ampliaci\u00f3 de peticions de preinscripci\u00f3 per a alumnes sense pla\u00e7a assignada a cap centre<\/li>\n\n\n\n<li>3 de juliol de 2026: oferta final de places &#8211; llista de preinscrits al centre en primera petici\u00f3<\/li>\n\n\n\n<li>3 de juliol de 2026: llista d&#8217;alumnes admesos i llista d&#8217;espera<\/li>\n<\/ul>\n\n\n\n<p>Documentaci\u00f3 que cal adjuntar si s&#8217;escau.<\/p>\n\n\n\n<p><strong>Informaci\u00f3:<\/strong><\/p>\n\n\n\n<ul class=\"wp-block-list\">\n<li>Oferta inicial de places<\/li>\n<\/ul>\n\n\n\n<p>M\u00e9s informaci\u00f3: <a href=\"https:\/\/preinscripcio.gencat.cat\/ca\/estudis\/pfi\/inici\/\" target=\"_blank\" rel=\"noopener\">https:\/\/preinscripcio.gencat.cat\/ca\/estudis\/pfi\/inici\/<\/a><\/p>\n\n\n\n<h1 class=\"wp-block-heading has-black-color has-text-color has-link-color wp-elements-4a405d0a6394c0b04d0f3cefd0be3923\"><strong><span style=\"text-decoration: underline;\">Matr\u00edcula<\/span><\/strong> (6 a l&#8217;10 de juliol)<\/h1>\n\n\n\n<h4 class=\"wp-block-heading\"><strong><u>Matr\u00edcula alumnat nou al centre:<\/u> <\/strong><\/h4>\n\n\n\n<ul class=\"wp-block-list\">\n<li>Us trucarem per confirmar la matr\u00edcula<\/li>\n\n\n\n<li>Els programes PFI s\u00f3n gratu\u00efts i els documents i autoritzacions caldr\u00e0 aportar-los a principi de curs a trav\u00e9s del tutor de grup.<\/li>\n<\/ul>\n\n\n\n<p><span lang=\"CA\">Teniu dubtes? Contacteu amb nosaltres al 973312204 o b\u00e9 a&nbsp;<\/span><span lang=\"CA\"><a href=\"mailto:secretaria@insalfonscostafreda.cat\" target=\"_blank\" rel=\"noopener\">secretaria@<wbr>insalfonscostafreda.cat<\/a><\/span><\/p>\n\n\n\n<p><b><span lang=\"CA\">Informaci\u00f3 addicional a matr\u00edcula de PFI<\/span><\/b><\/p>\n\n\n\n<ul class=\"wp-block-list\">\n<li><a href=\"https:\/\/agora.xtec.cat\/insalfonscostafreda\/families\/afa\/\" target=\"_blank\" rel=\"noopener\">Full informatiu AFA<\/a> (Associaci\u00f3 Fam\u00edlies Alumnes)<\/li>\n<\/ul>\n\n\n\n<p><\/p>\n","protected":false},"excerpt":{"rendered":"<p>Preinscripci\u00f3 (Del 4 al 13 de maig) Calendari: Documentaci\u00f3 que cal adjuntar si s&#8217;escau. Informaci\u00f3: M\u00e9s informaci\u00f3: https:\/\/preinscripcio.gencat.cat\/ca\/estudis\/pfi\/inici\/ Matr\u00edcula (6 a l&#8217;10 de juliol) Matr\u00edcula alumnat nou al centre: Teniu dubtes? Contacteu amb nosaltres al 973312204 o b\u00e9 a&nbsp;secretaria@insalfonscostafreda.cat Informaci\u00f3 addicional a matr\u00edcula de PFI<\/p>\n","protected":false},"author":6,"featured_media":0,"parent":543,"menu_order":5,"comment_status":"closed","ping_status":"closed","template":"","meta":{"_bbp_topic_count":0,"_bbp_reply_count":0,"_bbp_total_topic_count":0,"_bbp_total_reply_count":0,"_bbp_voice_count":0,"_bbp_anonymous_reply_count":0,"_bbp_topic_count_hidden":0,"_bbp_reply_count_hidden":0,"_bbp_forum_subforum_count":0,"site-sidebar-layout":"default","site-content-layout":"","ast-site-content-layout":"default","site-content-style":"default","site-sidebar-style":"default","ast-global-header-display":"","ast-banner-title-visibility":"","ast-main-header-display":"","ast-hfb-above-header-display":"","ast-hfb-below-header-display":"","ast-hfb-mobile-header-display":"","site-post-title":"","ast-breadcrumbs-content":"","ast-featured-img":"","footer-sml-layout":"","theme-transparent-header-meta":"","adv-header-id-meta":"","stick-header-meta":"","header-above-stick-meta":"","header-main-stick-meta":"","header-below-stick-meta":"","astra-migrate-meta-layouts":"set","ast-page-background-enabled":"default","ast-page-background-meta":{"desktop":{"background-color":"var(--ast-global-color-4)","background-image":"","background-repeat":"repeat","background-position":"center center","background-size":"auto","background-attachment":"scroll","background-type":"","background-media":"","overlay-type":"","overlay-color":"","overlay-opacity":"","overlay-gradient":""},"tablet":{"background-color":"","background-image":"","background-repeat":"repeat","background-position":"center center","background-size":"auto","background-attachment":"scroll","background-type":"","background-media":"","overlay-type":"","overlay-color":"","overlay-opacity":"","overlay-gradient":""},"mobile":{"background-color":"","background-image":"","background-repeat":"repeat","background-position":"center center","background-size":"auto","background-attachment":"scroll","background-type":"","background-media":"","overlay-type":"","overlay-color":"","overlay-opacity":"","overlay-gradient":""}},"ast-content-background-meta":{"desktop":{"background-color":"var(--ast-global-color-5)","background-image":"","background-repeat":"repeat","background-position":"center center","background-size":"auto","background-attachment":"scroll","background-type":"","background-media":"","overlay-type":"","overlay-color":"","overlay-opacity":"","overlay-gradient":""},"tablet":{"background-color":"var(--ast-global-color-5)","background-image":"","background-repeat":"repeat","background-position":"center center","background-size":"auto","background-attachment":"scroll","background-type":"","background-media":"","overlay-type":"","overlay-color":"","overlay-opacity":"","overlay-gradient":""},"mobile":{"background-color":"var(--ast-global-color-5)","background-image":"","background-repeat":"repeat","background-position":"center center","background-size":"auto","background-attachment":"scroll","background-type":"","background-media":"","overlay-type":"","overlay-color":"","overlay-opacity":"","overlay-gradient":""}},"footnotes":""},"class_list":["post-1996","page","type-page","status-publish","hentry"],"post_mailing_queue_ids":[],"_links":{"self":[{"href":"https:\/\/agora.xtec.cat\/insalfonscostafreda\/wp-json\/wp\/v2\/pages\/1996","targetHints":{"allow":["GET"]}}],"collection":[{"href":"https:\/\/agora.xtec.cat\/insalfonscostafreda\/wp-json\/wp\/v2\/pages"}],"about":[{"href":"https:\/\/agora.xtec.cat\/insalfonscostafreda\/wp-json\/wp\/v2\/types\/page"}],"author":[{"embeddable":true,"href":"https:\/\/agora.xtec.cat\/insalfonscostafreda\/wp-json\/wp\/v2\/users\/6"}],"replies":[{"embeddable":true,"href":"https:\/\/agora.xtec.cat\/insalfonscostafreda\/wp-json\/wp\/v2\/comments?post=1996"}],"version-history":[{"count":6,"href":"https:\/\/agora.xtec.cat\/insalfonscostafreda\/wp-json\/wp\/v2\/pages\/1996\/revisions"}],"predecessor-version":[{"id":14716,"href":"https:\/\/agora.xtec.cat\/insalfonscostafreda\/wp-json\/wp\/v2\/pages\/1996\/revisions\/14716"}],"up":[{"embeddable":true,"href":"https:\/\/agora.xtec.cat\/insalfonscostafreda\/wp-json\/wp\/v2\/pages\/543"}],"wp:attachment":[{"href":"https:\/\/agora.xtec.cat\/insalfonscostafreda\/wp-json\/wp\/v2\/media?parent=1996"}],"curies":[{"name":"wp","href":"https:\/\/api.w.org\/{rel}","templated":true}]}}