{"id":1983,"date":"2024-02-29T18:54:15","date_gmt":"2024-02-29T17:54:15","guid":{"rendered":"https:\/\/agora.xtec.cat\/insalfonscostafreda\/?page_id=1983"},"modified":"2026-04-21T11:50:23","modified_gmt":"2026-04-21T09:50:23","slug":"preinscripcio-i-matricula-cfg-mitja","status":"publish","type":"page","link":"https:\/\/agora.xtec.cat\/insalfonscostafreda\/secretaria\/tramits\/preinscripcio-i-matricula\/preinscripcio-i-matricula-cfg-mitja\/","title":{"rendered":"Preinscripci\u00f3 i matr\u00edcula CFG MITJ\u00c0 2026-2027"},"content":{"rendered":"\n<h1 class=\"wp-block-heading has-black-color has-text-color has-link-color wp-elements-b66a9db317b7b3a1685728d177ee7270\"><span style=\"text-decoration: underline;\"><a href=\"https:\/\/agora.xtec.cat\/insalfonscostafreda\/wp-content\/uploads\/usu2359\/DIPTIC-PRE-GM-25-26.pdf\" data-type=\"link\" data-id=\"https:\/\/agora.xtec.cat\/insalfonscostafreda\/wp-content\/uploads\/usu2359\/DIPTIC-PRE-GM-25-26.pdf\">Preinscripci\u00f3<\/a><\/span>: (26 de maig al 1 de juny)<\/h1>\n\n\n\n<p><strong>Calendari:<\/strong><\/p>\n\n\n\n<ul class=\"wp-block-list\">\n<li>Del 26 de maig al 1 de juny de 2026: <a href=\"https:\/\/educacio.gencat.cat\/ca\/tramits\/tramits-temes\/preinscripcio-fp-gm\" target=\"_blank\" rel=\"noreferrer noopener\">presentaci\u00f3 de sol\u00b7licituds<\/a><\/li>\n\n\n\n<li>29 de juny de 2026: llista de sol\u00b7licituds amb la puntuaci\u00f3 provisional<\/li>\n\n\n\n<li>Del 29 de juny al 2 de juliol de 2026: presentaci\u00f3 de reclamacions<\/li>\n\n\n\n<li>6 de juliol de 2026: sorteig per resoldre les sol\u00b7licituds de preinscripci\u00f3 empatades en punts<\/li>\n\n\n\n<li>7 de juliol: llista de sol\u00b7licituds amb la puntuaci\u00f3 un cop resoltes les reclamacions<\/li>\n\n\n\n<li>7 de juliol: oferta final de places<\/li>\n\n\n\n<li>10 de juliol: llista de places assignades de la primera tanda, amb indicaci\u00f3 de la petici\u00f3 atesa de l&#8217;alumne\/a<\/li>\n\n\n\n<li>10 al 14 de juliol: confirmaci\u00f3 de la matr\u00edcula de la primera tanda (m\u00f2dul online + completar matr\u00edcula al centre)<\/li>\n\n\n\n<li>24 de juliol: llista d&#8217;assignaci\u00f3 en segona tanda<\/li>\n\n\n\n<li>24 al 28 de juliol: confirmaci\u00f3 de la matr\u00edcula de la segona tanda (m\u00f2dul online + completar matr\u00edcula al centre de 1 al 3 de setembre)<\/li>\n<\/ul>\n\n\n\n<p><strong>Informaci\u00f3:&nbsp; &nbsp; &nbsp; &nbsp; <\/strong><\/p>\n\n\n\n<ul class=\"wp-block-list\">\n<li>Detalls de dates i barems de prioritzaci\u00f3<\/li>\n\n\n\n<li>Oferta inicial de places<\/li>\n\n\n\n<li>M\u00e9s informaci\u00f3:&nbsp;<a href=\"https:\/\/preinscripcio.gencat.cat\/ca\/estudis\/fp-grau-mitja\/inici\/\" target=\"_blank\" rel=\"noreferrer noopener\">https:\/\/preinscripcio.gencat.cat\/ca\/estudis\/fp-grau-mitja\/inici\/<\/a><\/li>\n\n\n\n<li>Ajuda preinscripci\u00f3: <a href=\"https:\/\/www.instagram.com\/reel\/DJ6gph5t9Vx\/?igsh=bGV6ZWNpYWhuNnNu\" target=\"_blank\" rel=\"noreferrer noopener\">V\u00eddeo Instagram<\/a><\/li>\n<\/ul>\n\n\n\n<h1 class=\"wp-block-heading has-black-color has-text-color has-link-color wp-elements-5dfa51d5e7d2a4e3a09a994ad74867c6\"><strong>Matr\u00edcula<\/strong> <\/h1>\n\n\n\n<p>La matr\u00edcula es formalitza 100% en l\u00ednia i no cal anar al centre per presentar-la. A continuaci\u00f3 trobareu les instruccions i documentaci\u00f3 que cal presentar.<\/p>\n\n\n\n<p>Qu\u00e8 heu de tenir preparat per adjuntar al formulari?<\/p>\n\n\n\n<ul class=\"wp-block-list\">\n<li><em>DNI\/NIE\/PASS pare\/mare (menor d\u2019edat)<\/em><\/li>\n\n\n\n<li><em>Llibre de fam\u00edlia (menor d\u2019edat)<\/em><\/li>\n\n\n\n<li><em>DNI\/NIE\/PASS alumne<\/em><\/li>\n\n\n\n<li><em>TSI (Targeta sanit\u00e0ria)<\/em><\/li>\n\n\n\n<li><em>Fotografia mida carnet<\/em><\/li>\n\n\n\n<li><em>Titulaci\u00f3 d\u2019acc\u00e9s<\/em><\/li>\n\n\n\n<li><i><span lang=\"CA\">En cas que es disposi, acreditaci\u00f3 de reducci\u00f3 de taxes (fam\u00edlia nombrosa, beca, discapacitat, viol\u00e8ncia de g\u00e8nere etc&#8230;)<\/span><\/i><\/li>\n<\/ul>\n\n\n\n<h4 class=\"wp-block-heading\"><strong><u>Matr\u00edcula alumnat nou als estudis 1a tanda<\/u> <\/strong><strong>(10 al 14 de juliol)<\/strong><\/h4>\n\n\n\n<ul class=\"wp-block-list\">\n<li>Confirmar la matr\u00edcula al m\u00f2dul online<\/li>\n\n\n\n<li>Omplir formulari de matr\u00edcula: FORMULARI MATR\u00cdCULA CFGM.<\/li>\n\n\n\n<li>Realitzar el pagament a trav\u00e9s de l\u2019APP: INSTRUCCIONS DE DESC\u00c0RREGA<\/li>\n<\/ul>\n\n\n\n<p>Si no pots fer la matriculaci\u00f3 en aquestes dates es considera que es renuncia a la pla\u00e7a i es perd.<\/p>\n\n\n\n<h4 class=\"wp-block-heading\"><strong><b><u><span lang=\"CA\">Matr\u00edcula <strong><u>alumnat nou als estudis<\/u><\/strong><\/span><\/u><\/b><\/strong> <strong><b><u><span lang=\"CA\">2a tanda<\/span><\/u><span lang=\"CA\"> (24 al 28 de julio<\/span><\/b><\/strong>l)<\/h4>\n\n\n\n<ul class=\"wp-block-list\">\n<li>Confirmar la matr\u00edcula al m\u00f2dul online<\/li>\n\n\n\n<li>Omplir formulari de matr\u00edcula: FORMULARI MATR\u00cdCULA CFGM.<\/li>\n\n\n\n<li>Realitzar el pagament a trav\u00e9s de l\u2019APP: INSTRUCCIONS DE DESC\u00c0RREGA<\/li>\n<\/ul>\n\n\n\n<h4 class=\"wp-block-heading\"><b><span style=\"text-decoration: underline;\"><span lang=\"CA\">Matr\u00edcula d\u2019alumnat de continu\u00eftat , de 1er CFGM a 2n CFGM<\/span><\/span> <u><span lang=\"CA\">(<\/span><\/u><span lang=\"CA\">del 1 al 26 de juny)<\/span><\/b><\/h4>\n\n\n\n<ul class=\"wp-block-list\">\n<li>Signar autoritzacions i realitzar el pagament a trav\u00e9s de l\u2019APP: &nbsp;<a href=\"https:\/\/www.insalfonscostafreda.cat\/web\/images\/2022\/InstruccionsDescarregaAPP.pdf\" target=\"_blank\" rel=\"noopener\">INSTRUCCIONS DE DESC\u00c0RREGA<\/a><\/li>\n<\/ul>\n\n\n\n<p>Un cop formalitzat el pagament, rebreu el resguard de matriculaci\u00f3 al correu electr\u00f2nic informat<\/p>\n\n\n\n<p><span lang=\"CA\">En cas que no es realitzi el pagament dins el termini, es considera&nbsp;<\/span><b><span lang=\"CA\">NO&nbsp;MATRICULAT, i es perd la pla\u00e7a,&nbsp;<\/span><\/b><span lang=\"CA\">i per tant no es pot seguir cursant FCT ni DUAL.<\/span><\/p>\n\n\n\n<p>Teniu problemes? Contacteu amb nosaltres al 973312204 o b\u00e9 a&nbsp;<a href=\"mailto:secretaria@insalfonscostafreda.cat\">secretaria@insalfonscostafreda.cat<\/a><\/p>\n\n\n\n<p><b><span lang=\"CA\">Informaci\u00f3 addicional a matr\u00edcula de CFG<\/span><\/b>M<\/p>\n\n\n\n<ul class=\"wp-block-list\">\n<li><a href=\"https:\/\/agora.xtec.cat\/insalfonscostafreda\/families\/afa\/\" target=\"_blank\" rel=\"noopener\">Full informatiu AFA<\/a> (Associaci\u00f3 Fam\u00edlies Alumnes)<\/li>\n<\/ul>\n\n\n\n<h2 class=\"wp-block-heading\">&nbsp;<\/h2>\n","protected":false},"excerpt":{"rendered":"<p>Preinscripci\u00f3: (26 de maig al 1 de juny) Calendari: Informaci\u00f3:&nbsp; &nbsp; &nbsp; &nbsp; Matr\u00edcula La matr\u00edcula es formalitza 100% en l\u00ednia i no cal anar al centre per presentar-la. A continuaci\u00f3 trobareu les instruccions i documentaci\u00f3 que cal presentar. Qu\u00e8 heu de tenir preparat per adjuntar al formulari? Matr\u00edcula alumnat nou als estudis 1a tanda [&hellip;]<\/p>\n","protected":false},"author":6,"featured_media":0,"parent":543,"menu_order":3,"comment_status":"closed","ping_status":"closed","template":"","meta":{"_bbp_topic_count":0,"_bbp_reply_count":0,"_bbp_total_topic_count":0,"_bbp_total_reply_count":0,"_bbp_voice_count":0,"_bbp_anonymous_reply_count":0,"_bbp_topic_count_hidden":0,"_bbp_reply_count_hidden":0,"_bbp_forum_subforum_count":0,"site-sidebar-layout":"default","site-content-layout":"","ast-site-content-layout":"default","site-content-style":"default","site-sidebar-style":"default","ast-global-header-display":"","ast-banner-title-visibility":"","ast-main-header-display":"","ast-hfb-above-header-display":"","ast-hfb-below-header-display":"","ast-hfb-mobile-header-display":"","site-post-title":"","ast-breadcrumbs-content":"","ast-featured-img":"","footer-sml-layout":"","theme-transparent-header-meta":"","adv-header-id-meta":"","stick-header-meta":"","header-above-stick-meta":"","header-main-stick-meta":"","header-below-stick-meta":"","astra-migrate-meta-layouts":"set","ast-page-background-enabled":"default","ast-page-background-meta":{"desktop":{"background-color":"var(--ast-global-color-4)","background-image":"","background-repeat":"repeat","background-position":"center center","background-size":"auto","background-attachment":"scroll","background-type":"","background-media":"","overlay-type":"","overlay-color":"","overlay-opacity":"","overlay-gradient":""},"tablet":{"background-color":"","background-image":"","background-repeat":"repeat","background-position":"center center","background-size":"auto","background-attachment":"scroll","background-type":"","background-media":"","overlay-type":"","overlay-color":"","overlay-opacity":"","overlay-gradient":""},"mobile":{"background-color":"","background-image":"","background-repeat":"repeat","background-position":"center center","background-size":"auto","background-attachment":"scroll","background-type":"","background-media":"","overlay-type":"","overlay-color":"","overlay-opacity":"","overlay-gradient":""}},"ast-content-background-meta":{"desktop":{"background-color":"var(--ast-global-color-5)","background-image":"","background-repeat":"repeat","background-position":"center center","background-size":"auto","background-attachment":"scroll","background-type":"","background-media":"","overlay-type":"","overlay-color":"","overlay-opacity":"","overlay-gradient":""},"tablet":{"background-color":"var(--ast-global-color-5)","background-image":"","background-repeat":"repeat","background-position":"center center","background-size":"auto","background-attachment":"scroll","background-type":"","background-media":"","overlay-type":"","overlay-color":"","overlay-opacity":"","overlay-gradient":""},"mobile":{"background-color":"var(--ast-global-color-5)","background-image":"","background-repeat":"repeat","background-position":"center center","background-size":"auto","background-attachment":"scroll","background-type":"","background-media":"","overlay-type":"","overlay-color":"","overlay-opacity":"","overlay-gradient":""}},"footnotes":""},"class_list":["post-1983","page","type-page","status-publish","hentry"],"post_mailing_queue_ids":[],"_links":{"self":[{"href":"https:\/\/agora.xtec.cat\/insalfonscostafreda\/wp-json\/wp\/v2\/pages\/1983","targetHints":{"allow":["GET"]}}],"collection":[{"href":"https:\/\/agora.xtec.cat\/insalfonscostafreda\/wp-json\/wp\/v2\/pages"}],"about":[{"href":"https:\/\/agora.xtec.cat\/insalfonscostafreda\/wp-json\/wp\/v2\/types\/page"}],"author":[{"embeddable":true,"href":"https:\/\/agora.xtec.cat\/insalfonscostafreda\/wp-json\/wp\/v2\/users\/6"}],"replies":[{"embeddable":true,"href":"https:\/\/agora.xtec.cat\/insalfonscostafreda\/wp-json\/wp\/v2\/comments?post=1983"}],"version-history":[{"count":6,"href":"https:\/\/agora.xtec.cat\/insalfonscostafreda\/wp-json\/wp\/v2\/pages\/1983\/revisions"}],"predecessor-version":[{"id":14775,"href":"https:\/\/agora.xtec.cat\/insalfonscostafreda\/wp-json\/wp\/v2\/pages\/1983\/revisions\/14775"}],"up":[{"embeddable":true,"href":"https:\/\/agora.xtec.cat\/insalfonscostafreda\/wp-json\/wp\/v2\/pages\/543"}],"wp:attachment":[{"href":"https:\/\/agora.xtec.cat\/insalfonscostafreda\/wp-json\/wp\/v2\/media?parent=1983"}],"curies":[{"name":"wp","href":"https:\/\/api.w.org\/{rel}","templated":true}]}}