{"id":1980,"date":"2024-02-29T18:52:36","date_gmt":"2024-02-29T17:52:36","guid":{"rendered":"https:\/\/agora.xtec.cat\/insalfonscostafreda\/?page_id=1980"},"modified":"2026-04-08T20:08:28","modified_gmt":"2026-04-08T18:08:28","slug":"preinscripcio-i-matricula-batxillerat","status":"publish","type":"page","link":"https:\/\/agora.xtec.cat\/insalfonscostafreda\/secretaria\/tramits\/preinscripcio-i-matricula\/preinscripcio-i-matricula-batxillerat\/","title":{"rendered":"Preinscripci\u00f3 i matr\u00edcula BATXILLERAT 2026-2027"},"content":{"rendered":"\n<h1 class=\"wp-block-heading has-black-color has-text-color has-link-color wp-elements-a316991e9c17b280517e6d8785c1045e\"><span style=\"text-decoration: underline;\"><strong>Preinscripci\u00f3<\/strong><\/span><strong> <\/strong>(9 al 16 d\u2019abril)<\/h1>\n\n\n\n<p><strong>Calendari<\/strong>:<\/p>\n\n\n\n<ul class=\"wp-block-list\">\n<li><a href=\"https:\/\/preinscripcio.gencat.cat\/ca\/estudis\/batxillerat\/preinscriute\/sollicitud\/\" target=\"_blank\" rel=\"noreferrer noopener\">Presentaci\u00f3 de sol\u00b7licituds<\/a>: 9 al 16 d&#8217;abril de 2026<\/li>\n\n\n\n<li>Termini per presentar la documentaci\u00f3 online: 17 d&#8217;abril<\/li>\n\n\n\n<li>Llista de sol\u00b7licituds de preinscripci\u00f3 al centre amb la puntuaci\u00f3 provisional: 14 de maig<\/li>\n\n\n\n<li>Termini per presentar una reclamaci\u00f3 online: 14 al 20 de maig<\/li>\n\n\n\n<li>Llista un cop resoltes les reclamacions: 26 de maig<\/li>\n\n\n\n<li>Llista ordenada: 29 de maig<\/li>\n\n\n\n<li>Oferta final: 17 de juny<\/li>\n\n\n\n<li>Llista d\u2019alumnes admesos i llista d&#8217;espera: 17 de juny<\/li>\n<\/ul>\n\n\n\n<p><strong>Informaci\u00f3:<\/strong><\/p>\n\n\n\n<ul class=\"wp-block-list\">\n<li><a href=\"https:\/\/agora.xtec.cat\/insalfonscostafreda\/wp-content\/uploads\/usu2359\/BATX-DIPTIC-PREINSCRIPCIO-26-27.pdf\">Detalls de dates i barems de prioritzaci\u00f3<\/a><\/li>\n\n\n\n<li><a href=\"https:\/\/agora.xtec.cat\/insalfonscostafreda\/wp-content\/uploads\/usu2359\/INFORME_OFERTA_OME_INFORME_OFERTA-2-1.pdf\" data-type=\"link\" data-id=\"https:\/\/agora.xtec.cat\/insalfonscostafreda\/wp-content\/uploads\/usu2359\/INFORME_OFERTA_OME_INFORME_OFERTA-2-1.pdf\">Publicaci\u00f3 Oferta inicial de places<\/a><\/li>\n\n\n\n<li>Publicaci\u00f3 Oferta definitiva de places<\/li>\n<\/ul>\n\n\n\n<p>M\u00e9s informaci\u00f3:&nbsp;<a href=\"https:\/\/preinscripcio.gencat.cat\/ca\/estudis\/batxillerat\/inici\/\">https:\/\/preinscripcio.gencat.cat\/ca\/estudis\/batxillerat\/inici\/<\/a><\/p>\n\n\n\n<h1 class=\"wp-block-heading has-black-color has-text-color has-link-color wp-elements-70ac2fd113da685f9c47fdbced4fd640\"><strong><u>Matr\u00edcula<\/u> <\/strong>(18 al 30 de juny)<\/h1>\n\n\n\n<p>La matr\u00edcula es formalitza 100% en l\u00ednia i no cal anar al centre per presentar-la. A continuaci\u00f3 trobareu les instruccions i documentaci\u00f3 que cal presentar.<\/p>\n\n\n\n<p>Qu\u00e8 heu de tenir preparat per adjuntar al formulari?<\/p>\n\n\n\n<ul class=\"wp-block-list\">\n<li><em>DNI\/NIE\/PASS pare\/mare (menor d\u2019edat)<\/em><\/li>\n\n\n\n<li><em>DNI\/NIE\/PASS alumne<\/em><\/li>\n\n\n\n<li><em>Llibre de fam\u00edlia (menor d\u2019edat)<\/em><\/li>\n\n\n\n<li><em>TSI (Targeta sanit\u00e0ria)<\/em><\/li>\n\n\n\n<li><em>Fotografia mida carnet<\/em><em style=\"font-family: inherit; font-size: 1em;\">&nbsp;<\/em><\/li>\n\n\n\n<li><em>Titulaci\u00f3 d&#8217;acc\u00e9s<\/em><\/li>\n<\/ul>\n\n\n\n<h4 class=\"wp-block-heading\"><strong><u>Alumnat nou al centre<\/u>: <\/strong><strong>&nbsp;(18 al 30 de juny)<\/strong><\/h4>\n\n\n\n<ul class=\"wp-block-list\">\n<li>Omplir formulari de matr\u00edcula: FORMULARI<\/li>\n\n\n\n<li>Signar autoritzacions i realitzar el pagament trav\u00e9s de <a href=\"https:\/\/agora.xtec.cat\/insalfonscostafreda\/secretaria\/pagaments-en-linia\/\">l\u2019APP INSTRUCCIONS DE DESC\u00c0RREGA<\/a><\/li>\n<\/ul>\n\n\n\n<p>Si no pots fer la matriculaci\u00f3 en aquestes dates, cal que presentis un justificant el m\u00e9s aviat possible al mateix centre, perqu\u00e8 si no es considera que renuncies a la pla\u00e7a i la perds.<\/p>\n\n\n\n<h4 class=\"wp-block-heading\"><span style=\"text-decoration: underline;\"><strong>Alumnat de continu\u00eftat<\/strong><\/span><strong>:<\/strong><strong> (15 al 26 de juny<\/strong><strong>)<\/strong><\/h4>\n\n\n\n<ul class=\"wp-block-list\">\n<li>Signar autoritzacions i realitzar el pagament a trav\u00e9s de <a href=\"https:\/\/agora.xtec.cat\/insalfonscostafreda\/secretaria\/pagaments-en-linia\/\">l\u2019APP INSTRUCCIONS DE DESC\u00c0RREGA<\/a><\/li>\n<\/ul>\n\n\n\n<p>Teniu problemes? Contacteu amb nosaltres al 973312204 o b\u00e9 a <a href=\"mailto:secretaria@insalfonscostafreda.cat\">secretaria@insalfonscostafreda.cat<\/a><\/p>\n\n\n\n<p><strong>Informaci\u00f3 matr\u00edcula:<\/strong><\/p>\n\n\n\n<ul class=\"wp-block-list\">\n<li><a href=\"https:\/\/agora.xtec.cat\/insalfonscostafreda\/families\/afa\/\" target=\"_blank\" rel=\"noopener\">Full informatiu AFA<\/a><\/li>\n\n\n\n<li>Formulari d\u2019elecci\u00f3 de mat\u00e8ries 1er i 2n Batxillerat, enviat per correu electr\u00f2nic i disponible al comunicat de l&#8217;APP<\/li>\n<\/ul>\n\n\n\n<p><strong>Documents:<\/strong><\/p>\n\n\n\n<ul class=\"wp-block-list\">\n<li><a href=\"https:\/\/agora.xtec.cat\/insalfonscostafreda\/wp-content\/uploads\/usu2359\/Pla-estudis-BATX-24-25v2.docx.pdf\" target=\"_blank\" rel=\"noopener\">Pla d&#8217;estudis<\/a><\/li>\n<\/ul>\n","protected":false},"excerpt":{"rendered":"<p>Preinscripci\u00f3 (9 al 16 d\u2019abril) Calendari: Informaci\u00f3: M\u00e9s informaci\u00f3:&nbsp;https:\/\/preinscripcio.gencat.cat\/ca\/estudis\/batxillerat\/inici\/ Matr\u00edcula (18 al 30 de juny) La matr\u00edcula es formalitza 100% en l\u00ednia i no cal anar al centre per presentar-la. A continuaci\u00f3 trobareu les instruccions i documentaci\u00f3 que cal presentar. Qu\u00e8 heu de tenir preparat per adjuntar al formulari? Alumnat nou al centre: &nbsp;(18 al [&hellip;]<\/p>\n","protected":false},"author":6,"featured_media":0,"parent":543,"menu_order":2,"comment_status":"closed","ping_status":"closed","template":"","meta":{"_bbp_topic_count":0,"_bbp_reply_count":0,"_bbp_total_topic_count":0,"_bbp_total_reply_count":0,"_bbp_voice_count":0,"_bbp_anonymous_reply_count":0,"_bbp_topic_count_hidden":0,"_bbp_reply_count_hidden":0,"_bbp_forum_subforum_count":0,"site-sidebar-layout":"default","site-content-layout":"","ast-site-content-layout":"default","site-content-style":"default","site-sidebar-style":"default","ast-global-header-display":"","ast-banner-title-visibility":"","ast-main-header-display":"","ast-hfb-above-header-display":"","ast-hfb-below-header-display":"","ast-hfb-mobile-header-display":"","site-post-title":"","ast-breadcrumbs-content":"","ast-featured-img":"","footer-sml-layout":"","theme-transparent-header-meta":"","adv-header-id-meta":"","stick-header-meta":"","header-above-stick-meta":"","header-main-stick-meta":"","header-below-stick-meta":"","astra-migrate-meta-layouts":"set","ast-page-background-enabled":"default","ast-page-background-meta":{"desktop":{"background-color":"var(--ast-global-color-4)","background-image":"","background-repeat":"repeat","background-position":"center center","background-size":"auto","background-attachment":"scroll","background-type":"","background-media":"","overlay-type":"","overlay-color":"","overlay-opacity":"","overlay-gradient":""},"tablet":{"background-color":"","background-image":"","background-repeat":"repeat","background-position":"center center","background-size":"auto","background-attachment":"scroll","background-type":"","background-media":"","overlay-type":"","overlay-color":"","overlay-opacity":"","overlay-gradient":""},"mobile":{"background-color":"","background-image":"","background-repeat":"repeat","background-position":"center center","background-size":"auto","background-attachment":"scroll","background-type":"","background-media":"","overlay-type":"","overlay-color":"","overlay-opacity":"","overlay-gradient":""}},"ast-content-background-meta":{"desktop":{"background-color":"var(--ast-global-color-5)","background-image":"","background-repeat":"repeat","background-position":"center center","background-size":"auto","background-attachment":"scroll","background-type":"","background-media":"","overlay-type":"","overlay-color":"","overlay-opacity":"","overlay-gradient":""},"tablet":{"background-color":"var(--ast-global-color-5)","background-image":"","background-repeat":"repeat","background-position":"center center","background-size":"auto","background-attachment":"scroll","background-type":"","background-media":"","overlay-type":"","overlay-color":"","overlay-opacity":"","overlay-gradient":""},"mobile":{"background-color":"var(--ast-global-color-5)","background-image":"","background-repeat":"repeat","background-position":"center center","background-size":"auto","background-attachment":"scroll","background-type":"","background-media":"","overlay-type":"","overlay-color":"","overlay-opacity":"","overlay-gradient":""}},"footnotes":""},"class_list":["post-1980","page","type-page","status-publish","hentry"],"post_mailing_queue_ids":[],"_links":{"self":[{"href":"https:\/\/agora.xtec.cat\/insalfonscostafreda\/wp-json\/wp\/v2\/pages\/1980","targetHints":{"allow":["GET"]}}],"collection":[{"href":"https:\/\/agora.xtec.cat\/insalfonscostafreda\/wp-json\/wp\/v2\/pages"}],"about":[{"href":"https:\/\/agora.xtec.cat\/insalfonscostafreda\/wp-json\/wp\/v2\/types\/page"}],"author":[{"embeddable":true,"href":"https:\/\/agora.xtec.cat\/insalfonscostafreda\/wp-json\/wp\/v2\/users\/6"}],"replies":[{"embeddable":true,"href":"https:\/\/agora.xtec.cat\/insalfonscostafreda\/wp-json\/wp\/v2\/comments?post=1980"}],"version-history":[{"count":6,"href":"https:\/\/agora.xtec.cat\/insalfonscostafreda\/wp-json\/wp\/v2\/pages\/1980\/revisions"}],"predecessor-version":[{"id":14730,"href":"https:\/\/agora.xtec.cat\/insalfonscostafreda\/wp-json\/wp\/v2\/pages\/1980\/revisions\/14730"}],"up":[{"embeddable":true,"href":"https:\/\/agora.xtec.cat\/insalfonscostafreda\/wp-json\/wp\/v2\/pages\/543"}],"wp:attachment":[{"href":"https:\/\/agora.xtec.cat\/insalfonscostafreda\/wp-json\/wp\/v2\/media?parent=1980"}],"curies":[{"name":"wp","href":"https:\/\/api.w.org\/{rel}","templated":true}]}}