{"id":195,"date":"2014-09-22T10:39:39","date_gmt":"2014-09-22T10:39:39","guid":{"rendered":"http:\/\/agora.xtec.cat\/insalfonscostafreda\/?page_id=195"},"modified":"2026-01-19T16:11:37","modified_gmt":"2026-01-19T15:11:37","slug":"estudis","status":"publish","type":"page","link":"https:\/\/agora.xtec.cat\/insalfonscostafreda\/estudis\/","title":{"rendered":"Estudis"},"content":{"rendered":"\n<h2 class=\"wp-block-heading\">Tens de 12 a 16 anys?<\/h2>\n\n\n\n<p><strong>Estudis Obligatoris &#8211; Educaci\u00f3 b\u00e0sica &#8211; Educaci\u00f3 secund\u00e0ria obligat\u00f2ria (ESO)<\/strong><\/p>\n\n\n\n<p>Titulaci\u00f3: Graduat\/ada en ESO<\/p>\n\n\n\n<h2 class=\"wp-block-heading\">Tens m\u00e9s de 16 anys i no has acabat l&#8217;ESO?<\/h2>\n\n\n\n<p><strong>Programes de Formaci\u00f3 i Inserci\u00f3 (PFI)<\/strong><\/p>\n\n\n\n<ul class=\"wp-block-list\">\n<li>Auxiliar de muntatge i manteniment d&#8217;equips inform\u00e0tics (<em>Inform\u00e0tica i comunicacions<\/em>)<\/li>\n\n\n\n<li>Auxiliar de muntatges d&#8217;instal\u00b7lacions el\u00e8ctriques d&#8217;aigua i gas (<em>Electricitat i electr\u00f2nica<\/em>)<\/li>\n\n\n\n<li>Auxiliar de vendes, oficina i atenci\u00f3 al p\u00fablic (<em>Comer\u00e7 i m\u00e0rqueting<\/em>)<\/li>\n<\/ul>\n\n\n\n<h2 class=\"wp-block-heading\">Tens l&#8217;ESO i m\u00e9s de16 anys?<\/h2>\n\n\n\n<figure class=\"wp-block-table\"><table><tbody><tr><td><strong>Batxillerat<\/strong><\/td><td><strong>Cicle Formatiu de Grau&nbsp; Mitj\u00e0 (CFGM)<\/strong><\/td><\/tr><tr><td>\n<ul style=\"font-size: 16px; font-family: 'Helvetica Neue', Helvetica, Helvetica, Arial, sans-serif;\">\n<li>Humanitats i ci\u00e8ncies socials<\/li>\n<li>Ci\u00e8ncies i tecnologia<\/li>\n<\/ul>\n<\/td><td>\n<ul>\n<li>Gesti\u00f3 Administrativa<\/li>\n<li>Sistemes Microinform\u00e0tics i Xarxes<\/li>\n<li>Manteniment electromec\u00e0nic<\/li>\n<li>Xarxes i estacions de tractaments d&#8217;aig\u00fces<\/li>\n<\/ul>\n<\/td><\/tr><\/tbody><\/table><\/figure>\n\n\n\n<h2 class=\"wp-block-heading\">Has acabat el Batxillerat o un CFGM?<\/h2>\n\n\n\n<p><strong>Cicles Formatius de Grau Superior<\/strong><\/p>\n\n\n\n<ul class=\"wp-block-list\">\n<li>Administraci\u00f3 i Finances<\/li>\n\n\n\n<li>Desenvolupament d&#8217;aplicacions multiplataforma<\/li>\n\n\n\n<li>Macatr\u00f2nica Industrial<\/li>\n<\/ul>\n\n\n\n<h2 class=\"wp-block-heading\">Tens un CFGS?<\/h2>\n\n\n\n<p><strong>Cursos d&#8217;especialitzaci\u00f3 (M\u00e0ster d&#8217;FP)<\/strong><\/p>\n\n\n\n<ul class=\"wp-block-list\">\n<li>Rob\u00f2tica Col\u00b7laborativa<\/li>\n<\/ul>\n\n\n\n<p>Per m\u00e9s informaci\u00f3, consulta les <a href=\"https:\/\/www.tarrega.cat\/educacio-acciosocial-feminismes\/escolaritzacio\/recursos-educatius\" target=\"_blank\" rel=\"noreferrer noopener\">Guies amb informaci\u00f3 educativa i formativa de T\u00e0rrega 2025<\/a>!<\/p>\n\n\n\n<div>&nbsp;<\/div>\n\n\n\n<div>\u00a0<\/div>\n","protected":false},"excerpt":{"rendered":"<p>Tens de 12 a 16 anys? Estudis Obligatoris &#8211; Educaci\u00f3 b\u00e0sica &#8211; Educaci\u00f3 secund\u00e0ria obligat\u00f2ria (ESO) Titulaci\u00f3: Graduat\/ada en ESO Tens m\u00e9s de 16 anys i no has acabat l&#8217;ESO? Programes de Formaci\u00f3 i Inserci\u00f3 (PFI) Tens l&#8217;ESO i m\u00e9s de16 anys? Batxillerat Cicle Formatiu de Grau&nbsp; Mitj\u00e0 (CFGM) Humanitats i ci\u00e8ncies socials Ci\u00e8ncies i [&hellip;]<\/p>\n","protected":false},"author":1,"featured_media":0,"parent":0,"menu_order":0,"comment_status":"closed","ping_status":"closed","template":"page-templates\/side-menu.php","meta":{"_bbp_topic_count":0,"_bbp_reply_count":0,"_bbp_total_topic_count":0,"_bbp_total_reply_count":0,"_bbp_voice_count":0,"_bbp_anonymous_reply_count":0,"_bbp_topic_count_hidden":0,"_bbp_reply_count_hidden":0,"_bbp_forum_subforum_count":0,"site-sidebar-layout":"default","site-content-layout":"","ast-site-content-layout":"","site-content-style":"default","site-sidebar-style":"default","ast-global-header-display":"","ast-banner-title-visibility":"","ast-main-header-display":"","ast-hfb-above-header-display":"","ast-hfb-below-header-display":"","ast-hfb-mobile-header-display":"","site-post-title":"","ast-breadcrumbs-content":"","ast-featured-img":"","footer-sml-layout":"","theme-transparent-header-meta":"","adv-header-id-meta":"","stick-header-meta":"","header-above-stick-meta":"","header-main-stick-meta":"","header-below-stick-meta":"","astra-migrate-meta-layouts":"default","ast-page-background-enabled":"default","ast-page-background-meta":{"desktop":{"background-color":"var(--ast-global-color-4)","background-image":"","background-repeat":"repeat","background-position":"center center","background-size":"auto","background-attachment":"scroll","background-type":"","background-media":"","overlay-type":"","overlay-color":"","overlay-opacity":"","overlay-gradient":""},"tablet":{"background-color":"","background-image":"","background-repeat":"repeat","background-position":"center center","background-size":"auto","background-attachment":"scroll","background-type":"","background-media":"","overlay-type":"","overlay-color":"","overlay-opacity":"","overlay-gradient":""},"mobile":{"background-color":"","background-image":"","background-repeat":"repeat","background-position":"center center","background-size":"auto","background-attachment":"scroll","background-type":"","background-media":"","overlay-type":"","overlay-color":"","overlay-opacity":"","overlay-gradient":""}},"ast-content-background-meta":{"desktop":{"background-color":"var(--ast-global-color-5)","background-image":"","background-repeat":"repeat","background-position":"center center","background-size":"auto","background-attachment":"scroll","background-type":"","background-media":"","overlay-type":"","overlay-color":"","overlay-opacity":"","overlay-gradient":""},"tablet":{"background-color":"var(--ast-global-color-5)","background-image":"","background-repeat":"repeat","background-position":"center center","background-size":"auto","background-attachment":"scroll","background-type":"","background-media":"","overlay-type":"","overlay-color":"","overlay-opacity":"","overlay-gradient":""},"mobile":{"background-color":"var(--ast-global-color-5)","background-image":"","background-repeat":"repeat","background-position":"center center","background-size":"auto","background-attachment":"scroll","background-type":"","background-media":"","overlay-type":"","overlay-color":"","overlay-opacity":"","overlay-gradient":""}},"footnotes":""},"class_list":["post-195","page","type-page","status-publish","hentry"],"post_mailing_queue_ids":[],"_links":{"self":[{"href":"https:\/\/agora.xtec.cat\/insalfonscostafreda\/wp-json\/wp\/v2\/pages\/195","targetHints":{"allow":["GET"]}}],"collection":[{"href":"https:\/\/agora.xtec.cat\/insalfonscostafreda\/wp-json\/wp\/v2\/pages"}],"about":[{"href":"https:\/\/agora.xtec.cat\/insalfonscostafreda\/wp-json\/wp\/v2\/types\/page"}],"author":[{"embeddable":true,"href":"https:\/\/agora.xtec.cat\/insalfonscostafreda\/wp-json\/wp\/v2\/users\/1"}],"replies":[{"embeddable":true,"href":"https:\/\/agora.xtec.cat\/insalfonscostafreda\/wp-json\/wp\/v2\/comments?post=195"}],"version-history":[{"count":6,"href":"https:\/\/agora.xtec.cat\/insalfonscostafreda\/wp-json\/wp\/v2\/pages\/195\/revisions"}],"predecessor-version":[{"id":14273,"href":"https:\/\/agora.xtec.cat\/insalfonscostafreda\/wp-json\/wp\/v2\/pages\/195\/revisions\/14273"}],"wp:attachment":[{"href":"https:\/\/agora.xtec.cat\/insalfonscostafreda\/wp-json\/wp\/v2\/media?parent=195"}],"curies":[{"name":"wp","href":"https:\/\/api.w.org\/{rel}","templated":true}]}}