{"id":19,"date":"2014-09-17T14:56:56","date_gmt":"2014-09-17T14:56:56","guid":{"rendered":"http:\/\/agora.xtec.cat\/insalfonscostafreda\/?page_id=19"},"modified":"2023-12-27T15:31:22","modified_gmt":"2023-12-27T14:31:22","slug":"linstitut","status":"publish","type":"page","link":"https:\/\/agora.xtec.cat\/insalfonscostafreda\/linstitut\/","title":{"rendered":"L&#8217;institut"},"content":{"rendered":"<p style=\"color: #444444;\">L\u2019Institut Alfons Costafreda \u00e9s un dels centres de secund\u00e0ria de T\u00e0rrega, la capital de la comarca de l\u2019Urgell. T\u00e0rrega \u00e9s una ciutat de prop de 16.000 habitants, essent la tercera ciutat m\u00e9s gran de la prov\u00edncia de Lleida. Els efectes de la crisi econ\u00f2mica han alentit el creixement d&#8217;una ciutat que abans del 2009 tenia previsions d&#8217;un fort augment demogr\u00e0fic.<\/p>\n<p style=\"color: #444444;\">Aquest fet va provocar una aflu\u00e8ncia important d&#8217;immigraci\u00f3, principalment del Magreb, \u00c0frica Subsahariana, Santo Domingo i Pa\u00efsos de l&#8217;Est. \u00c9s per aquest fet que la nostra ciutat compta amb un percentatge de poblaci\u00f3 immigrada que es sit\u00faa al voltant del 20%.<\/p>\n<p>A nivell de secund\u00e0ria, l\u2019oferta educativa de T\u00e0rrega \u00e9s una oferta realment variada. <span style=\"font-family: inherit; font-size: 1em;\">El nostre institut \u00e9s per\u00f2 l&#8217;\u00fanic Institut P\u00fablic que concentra estudis d&#8217;ESO, Batxillerat, Cicles Formatius <\/span><span style=\"font-family: inherit; font-size: 1em;\">de Grau Mitj\u00e0 i Superior (fam\u00edlies professionals d&#8217;Administratiu, Inform\u00e0tica i Manteniment <\/span><span style=\"font-family: inherit; font-size: 1em;\">Industrial) i PFI.<\/span><\/p>\n","protected":false},"excerpt":{"rendered":"<p>L\u2019Institut Alfons Costafreda \u00e9s un dels centres de secund\u00e0ria de T\u00e0rrega, la capital de la comarca de l\u2019Urgell. T\u00e0rrega \u00e9s una ciutat de prop de 16.000 habitants, essent la tercera ciutat m\u00e9s gran de la prov\u00edncia de Lleida. Els efectes de la crisi econ\u00f2mica han alentit el creixement d&#8217;una ciutat que abans del 2009 tenia [&hellip;]<\/p>\n","protected":false},"author":1,"featured_media":0,"parent":0,"menu_order":0,"comment_status":"closed","ping_status":"closed","template":"page-templates\/side-menu.php","meta":{"_bbp_topic_count":0,"_bbp_reply_count":0,"_bbp_total_topic_count":0,"_bbp_total_reply_count":0,"_bbp_voice_count":0,"_bbp_anonymous_reply_count":0,"_bbp_topic_count_hidden":0,"_bbp_reply_count_hidden":0,"_bbp_forum_subforum_count":0,"site-sidebar-layout":"default","site-content-layout":"","ast-site-content-layout":"","site-content-style":"default","site-sidebar-style":"default","ast-global-header-display":"","ast-banner-title-visibility":"","ast-main-header-display":"","ast-hfb-above-header-display":"","ast-hfb-below-header-display":"","ast-hfb-mobile-header-display":"","site-post-title":"","ast-breadcrumbs-content":"","ast-featured-img":"","footer-sml-layout":"","theme-transparent-header-meta":"","adv-header-id-meta":"","stick-header-meta":"","header-above-stick-meta":"","header-main-stick-meta":"","header-below-stick-meta":"","astra-migrate-meta-layouts":"default","ast-page-background-enabled":"default","ast-page-background-meta":{"desktop":{"background-color":"var(--ast-global-color-4)","background-image":"","background-repeat":"repeat","background-position":"center center","background-size":"auto","background-attachment":"scroll","background-type":"","background-media":"","overlay-type":"","overlay-color":"","overlay-opacity":"","overlay-gradient":""},"tablet":{"background-color":"","background-image":"","background-repeat":"repeat","background-position":"center center","background-size":"auto","background-attachment":"scroll","background-type":"","background-media":"","overlay-type":"","overlay-color":"","overlay-opacity":"","overlay-gradient":""},"mobile":{"background-color":"","background-image":"","background-repeat":"repeat","background-position":"center center","background-size":"auto","background-attachment":"scroll","background-type":"","background-media":"","overlay-type":"","overlay-color":"","overlay-opacity":"","overlay-gradient":""}},"ast-content-background-meta":{"desktop":{"background-color":"var(--ast-global-color-5)","background-image":"","background-repeat":"repeat","background-position":"center center","background-size":"auto","background-attachment":"scroll","background-type":"","background-media":"","overlay-type":"","overlay-color":"","overlay-opacity":"","overlay-gradient":""},"tablet":{"background-color":"var(--ast-global-color-5)","background-image":"","background-repeat":"repeat","background-position":"center center","background-size":"auto","background-attachment":"scroll","background-type":"","background-media":"","overlay-type":"","overlay-color":"","overlay-opacity":"","overlay-gradient":""},"mobile":{"background-color":"var(--ast-global-color-5)","background-image":"","background-repeat":"repeat","background-position":"center center","background-size":"auto","background-attachment":"scroll","background-type":"","background-media":"","overlay-type":"","overlay-color":"","overlay-opacity":"","overlay-gradient":""}},"footnotes":""},"class_list":["post-19","page","type-page","status-publish","hentry"],"post_mailing_queue_ids":[],"_links":{"self":[{"href":"https:\/\/agora.xtec.cat\/insalfonscostafreda\/wp-json\/wp\/v2\/pages\/19","targetHints":{"allow":["GET"]}}],"collection":[{"href":"https:\/\/agora.xtec.cat\/insalfonscostafreda\/wp-json\/wp\/v2\/pages"}],"about":[{"href":"https:\/\/agora.xtec.cat\/insalfonscostafreda\/wp-json\/wp\/v2\/types\/page"}],"author":[{"embeddable":true,"href":"https:\/\/agora.xtec.cat\/insalfonscostafreda\/wp-json\/wp\/v2\/users\/1"}],"replies":[{"embeddable":true,"href":"https:\/\/agora.xtec.cat\/insalfonscostafreda\/wp-json\/wp\/v2\/comments?post=19"}],"version-history":[{"count":3,"href":"https:\/\/agora.xtec.cat\/insalfonscostafreda\/wp-json\/wp\/v2\/pages\/19\/revisions"}],"predecessor-version":[{"id":1093,"href":"https:\/\/agora.xtec.cat\/insalfonscostafreda\/wp-json\/wp\/v2\/pages\/19\/revisions\/1093"}],"wp:attachment":[{"href":"https:\/\/agora.xtec.cat\/insalfonscostafreda\/wp-json\/wp\/v2\/media?parent=19"}],"curies":[{"name":"wp","href":"https:\/\/api.w.org\/{rel}","templated":true}]}}