{"id":1583,"date":"2024-01-02T17:29:32","date_gmt":"2024-01-02T16:29:32","guid":{"rendered":"https:\/\/agora.xtec.cat\/insalfonscostafreda\/?page_id=1583"},"modified":"2024-01-02T18:00:06","modified_gmt":"2024-01-02T17:00:06","slug":"participacio","status":"publish","type":"page","link":"https:\/\/agora.xtec.cat\/insalfonscostafreda\/projectes\/convivencia-participacio\/participacio\/","title":{"rendered":"Participaci\u00f3"},"content":{"rendered":"<h2>\u00d2rgans de participaci\u00f3<\/h2>\n<p><img loading=\"lazy\" decoding=\"async\" class=\"alignnone size-full wp-image-1590\" src=\"https:\/\/agora.xtec.cat\/insalfonscostafreda\/wp-content\/uploads\/usu2359\/organs-participcio.png\" alt=\"\" width=\"849\" height=\"583\" srcset=\"https:\/\/agora.xtec.cat\/insalfonscostafreda\/wp-content\/uploads\/usu2359\/organs-participcio.png 849w, https:\/\/agora.xtec.cat\/insalfonscostafreda\/wp-content\/uploads\/usu2359\/organs-participcio-300x206.png 300w, https:\/\/agora.xtec.cat\/insalfonscostafreda\/wp-content\/uploads\/usu2359\/organs-participcio-768x527.png 768w\" sizes=\"auto, (max-width: 849px) 100vw, 849px\" \/><\/p>\n<h2>Funcionament de la Participaci\u00f3<\/h2>\n<p><strong>Assemblea de classe<\/strong><\/p>\n<ul>\n<li>Constituci\u00f3 d&#8217;assemblea (DOC: Com es fa una assemblea?)<\/li>\n<li>Elecci\u00f3 dels delegats i delegades de grup-classe (DOC: Caracter\u00edstiques i tasques del delegat)<\/li>\n<li>Elecci\u00f3 de secretari i subdelegats tem\u00e0tics (neteja i reciclatge, festes i activitats de dinamitzaci\u00f3 de patis, projectes de l\u2019alumnat, g\u00e8nere, mediaci\u00f3, &#8230;)<\/li>\n<li>Tractament dels temes del Consell (normes de conviv\u00e8ncia, reciclatge, festes, patis)<\/li>\n<\/ul>\n<p><strong>Consell de Delegats<\/strong><br \/>\nComposat per delegats i delegades de tots els grups classe i els representants de l\u2019alumnat al Consell Escolar.<br \/>\nEs realitzen almenys dos reunions ordin\u00e0ries per trimestre segons el calendari que es fa arribar per correu a representants i tutors.<\/p>\n<p>Dins el Consell es tracten aquests temes:<\/p>\n<ul>\n<li>Elecci\u00f3 d\u2019un representant de cada curs o etapa (ESO, BTX, CFGM, CFGS) per formar la comissi\u00f3 permanent per:\n<ul>\n<li>Reunions urgents<\/li>\n<li>Comunicaci\u00f3 amb Direcci\u00f3<\/li>\n<li>Proposar temes per al Consell de delegats.<\/li>\n<\/ul>\n<\/li>\n<li>Formaci\u00f3 de l\u2019equip de Delegades i delegats 3D per coordinar els projectes de l\u2019alumnat.<\/li>\n<li>Formaci\u00f3 del grup de voluntaris per assistir com a representants al Consell Intercentres organitzat pel Pla Educatiu d\u2019Entorn.<\/li>\n<li>Aprovaci\u00f3 de les activitats de dinamitzaci\u00f3 de patis del projecte \u201cP\u00e0gines grogues\u201d.<\/li>\n<\/ul>\n<h2>Projectes<\/h2>\n<h3>Delegats i delegades en 3D<\/h3>\n<p><img loading=\"lazy\" decoding=\"async\" class=\"wp-image-1271 alignleft\" src=\"https:\/\/agora.xtec.cat\/insalfonscostafreda\/wp-content\/uploads\/usu2359\/Delegats-3D_WEB.jpg_1955977332.jpg\" alt=\"\" width=\"320\" height=\"133\" \/>Consisteix a formar alguns representants de l\u2019alumnat per liderar processos participatius, i per refor\u00e7ar la tasca del delegat i delegada com a interlocutor i dinamitzador de l\u2019aula.<\/p>\n<p>Es pret\u00e9n fomentar el rol actiu de l\u2019alumnat en la presa de decisions sobre els temes que li afecten. I sensibilitzar entorn les situacions de desigualtat a l\u2019aula en les din\u00e0miques participatives.<\/p>\n<p>M\u00e9s informaci\u00f3: <a href=\"https:\/\/agora.xtec.cat\/insalfonscostafreda\/projectes\/convivencia-participacio\/delegats-i-delegades-en-3d\/\">https:\/\/agora.xtec.cat\/insalfonscostafreda\/projectes\/convivencia-participacio\/delegats-i-delegades-en-3d\/<\/a><\/p>\n<h3>P\u00e0gines Grogues<\/h3>\n<p><img loading=\"lazy\" decoding=\"async\" class=\"wp-image-1588 alignleft\" src=\"https:\/\/agora.xtec.cat\/insalfonscostafreda\/wp-content\/uploads\/usu2359\/pagines-grogues.png\" alt=\"\" width=\"231\" height=\"761\" \/>Projecte propi de dinamitzaci\u00f3 de patis, on alumnes voluntaris ofereixen tallers per a la resta d\u2019alumnat durant les estones de pati.<\/p>\n<p>Es pret\u00e9n fomentar la conviv\u00e8ncia i augmentar el coneixement de la diversitat de capacitats de l\u2019alumnat del centre.<\/p>\n","protected":false},"excerpt":{"rendered":"<p>\u00d2rgans de participaci\u00f3 Funcionament de la Participaci\u00f3 Assemblea de classe Constituci\u00f3 d&#8217;assemblea (DOC: Com es fa una assemblea?) Elecci\u00f3 dels delegats i delegades de grup-classe (DOC: Caracter\u00edstiques i tasques del delegat) Elecci\u00f3 de secretari i subdelegats tem\u00e0tics (neteja i reciclatge, festes i activitats de dinamitzaci\u00f3 de patis, projectes de l\u2019alumnat, g\u00e8nere, mediaci\u00f3, &#8230;) Tractament dels [&hellip;]<\/p>\n","protected":false},"author":1,"featured_media":0,"parent":1308,"menu_order":5,"comment_status":"closed","ping_status":"closed","template":"page-templates\/side-menu.php","meta":{"_bbp_topic_count":0,"_bbp_reply_count":0,"_bbp_total_topic_count":0,"_bbp_total_reply_count":0,"_bbp_voice_count":0,"_bbp_anonymous_reply_count":0,"_bbp_topic_count_hidden":0,"_bbp_reply_count_hidden":0,"_bbp_forum_subforum_count":0,"site-sidebar-layout":"default","site-content-layout":"","ast-site-content-layout":"","site-content-style":"default","site-sidebar-style":"default","ast-global-header-display":"","ast-banner-title-visibility":"","ast-main-header-display":"","ast-hfb-above-header-display":"","ast-hfb-below-header-display":"","ast-hfb-mobile-header-display":"","site-post-title":"","ast-breadcrumbs-content":"","ast-featured-img":"","footer-sml-layout":"","theme-transparent-header-meta":"","adv-header-id-meta":"","stick-header-meta":"","header-above-stick-meta":"","header-main-stick-meta":"","header-below-stick-meta":"","astra-migrate-meta-layouts":"default","ast-page-background-enabled":"default","ast-page-background-meta":{"desktop":{"background-color":"var(--ast-global-color-4)","background-image":"","background-repeat":"repeat","background-position":"center center","background-size":"auto","background-attachment":"scroll","background-type":"","background-media":"","overlay-type":"","overlay-color":"","overlay-opacity":"","overlay-gradient":""},"tablet":{"background-color":"","background-image":"","background-repeat":"repeat","background-position":"center center","background-size":"auto","background-attachment":"scroll","background-type":"","background-media":"","overlay-type":"","overlay-color":"","overlay-opacity":"","overlay-gradient":""},"mobile":{"background-color":"","background-image":"","background-repeat":"repeat","background-position":"center center","background-size":"auto","background-attachment":"scroll","background-type":"","background-media":"","overlay-type":"","overlay-color":"","overlay-opacity":"","overlay-gradient":""}},"ast-content-background-meta":{"desktop":{"background-color":"var(--ast-global-color-5)","background-image":"","background-repeat":"repeat","background-position":"center center","background-size":"auto","background-attachment":"scroll","background-type":"","background-media":"","overlay-type":"","overlay-color":"","overlay-opacity":"","overlay-gradient":""},"tablet":{"background-color":"var(--ast-global-color-5)","background-image":"","background-repeat":"repeat","background-position":"center center","background-size":"auto","background-attachment":"scroll","background-type":"","background-media":"","overlay-type":"","overlay-color":"","overlay-opacity":"","overlay-gradient":""},"mobile":{"background-color":"var(--ast-global-color-5)","background-image":"","background-repeat":"repeat","background-position":"center center","background-size":"auto","background-attachment":"scroll","background-type":"","background-media":"","overlay-type":"","overlay-color":"","overlay-opacity":"","overlay-gradient":""}},"footnotes":""},"class_list":["post-1583","page","type-page","status-publish","hentry"],"post_mailing_queue_ids":[],"_links":{"self":[{"href":"https:\/\/agora.xtec.cat\/insalfonscostafreda\/wp-json\/wp\/v2\/pages\/1583","targetHints":{"allow":["GET"]}}],"collection":[{"href":"https:\/\/agora.xtec.cat\/insalfonscostafreda\/wp-json\/wp\/v2\/pages"}],"about":[{"href":"https:\/\/agora.xtec.cat\/insalfonscostafreda\/wp-json\/wp\/v2\/types\/page"}],"author":[{"embeddable":true,"href":"https:\/\/agora.xtec.cat\/insalfonscostafreda\/wp-json\/wp\/v2\/users\/1"}],"replies":[{"embeddable":true,"href":"https:\/\/agora.xtec.cat\/insalfonscostafreda\/wp-json\/wp\/v2\/comments?post=1583"}],"version-history":[{"count":6,"href":"https:\/\/agora.xtec.cat\/insalfonscostafreda\/wp-json\/wp\/v2\/pages\/1583\/revisions"}],"predecessor-version":[{"id":1591,"href":"https:\/\/agora.xtec.cat\/insalfonscostafreda\/wp-json\/wp\/v2\/pages\/1583\/revisions\/1591"}],"up":[{"embeddable":true,"href":"https:\/\/agora.xtec.cat\/insalfonscostafreda\/wp-json\/wp\/v2\/pages\/1308"}],"wp:attachment":[{"href":"https:\/\/agora.xtec.cat\/insalfonscostafreda\/wp-json\/wp\/v2\/media?parent=1583"}],"curies":[{"name":"wp","href":"https:\/\/api.w.org\/{rel}","templated":true}]}}