{"id":1481,"date":"2023-12-31T18:27:40","date_gmt":"2023-12-31T17:27:40","guid":{"rendered":"https:\/\/agora.xtec.cat\/insalfonscostafreda\/?page_id=1481"},"modified":"2023-12-31T18:27:49","modified_gmt":"2023-12-31T17:27:49","slug":"2019-1-es01-ka103-061771","status":"publish","type":"page","link":"https:\/\/agora.xtec.cat\/insalfonscostafreda\/erasmus\/erasmus-projects\/2019-1-es01-ka103-061771\/","title":{"rendered":"2019-1-ES01-KA103-061771"},"content":{"rendered":"<h2><b>Higher education student and staff mobility project<\/b><\/h2>\n<h3>Nou programa ERASMUS+ KA103<\/h3>\n<table width=\"0\">\n<tbody>\n<tr>\n<td width=\"1242\">L\u2019INS Alfons Costafreda ha estat mereixedor del segon KA103 per continuar amb la internacionalitzaci\u00f3 de l&#8217;FP d&#8217;alumnes del centre de grau superior.<\/p>\n<p>Dels anys 2014 al 2016 vam tenir un projecte de mobilitat d\u2019educaci\u00f3 escolar KA101 que va suposar la formaci\u00f3 per 7 professors del centre en metodologia de l\u2019ensenyament en llengua anglesa.<\/p>\n<p>Del 2017 al 2019 tenim concedit un projecte ERASMUS+ KA103 degut que comptem amb l\u2019acreditaci\u00f3 de l\u2019Uni\u00f3 Europea anomenada\u00a0<a href=\"https:\/\/www.insalfonscostafreda.cat\/web\/index.php\/projectes-internacionals\/carta-erasmus\">carta ECHE.<\/a>\u00a0Per aix\u00f2 5 alumnes de GS es van beneficiar de beques per estar 2 mesos fent practiques a Alemanya i dos professors es va beneficiar de la formaci\u00f3 que suposa un job-shadowing tamb\u00e9 a Alemanya. Podeu trobar aquesta informaci\u00f3\u00a0<a href=\"https:\/\/www.insalfonscostafreda.cat\/web\/index.php\/cicles-formatius\/noticies?id=339\" target=\"_blank\" rel=\"noopener noreferrer\">fent clic aqu\u00ed<\/a>.<\/p>\n<p>Destacar que en aquests projecte una vegada avaluat pel SEPIE vam obtenir una nota del 84% aconseguint el 100% de finan\u00e7ament de les depeses realitzades.<\/p>\n<p>Del 2019 al 2021 els nostres esfor\u00e7os han sigut recompensats amb un nou KA103, en aquests cas per 2 alumnes i un professor.<\/p>\n<p>Aquesta acci\u00f3 KA103 t\u00e9 com a objectiu fomentar la mobilitat dels nostres estudiants de grau superior a qualsevol dels pa\u00efsos participants del programa, ja sigui per a la realitzaci\u00f3 d&#8217;estudis com de pr\u00e0ctiques en empreses.<\/td>\n<\/tr>\n<tr>\n<td width=\"1242\">En el nostre cas ho hem enlla\u00e7at amb el programa d\u2019 \u201d<a href=\"http:\/\/blocs.xtec.cat\/lleidaosnabruck\/\">Internacionalitzaci\u00f3 de la Formaci\u00f3 Professional mitjan\u00e7ant pr\u00e0ctiques en l\u2019estranger<\/a>\u201d, desenvolupat per la regi\u00f3 s\u00f2cia: Landkreis Osnabr\u00fcck (Alemanya). Es per aix\u00f2 que la major part de les nostres mobilitats es produiran a aquesta zona d\u2019 Alemanya. La col\u00b7laboraci\u00f3 consisteix en que el Landkreis proporciona als nostres alumnes classes gratu\u00eftes d\u2019alemany portant estudiants de lleng\u00fces amb beca ERASMUS de les seves Universitats alemanyes i quan s\u00f3n a alemanya ens troben\u00a0 fam\u00edlies acollidores pels dos mesos que estan a Alemanya a un preu molt raonable aix\u00ed com empreses adequades pels estudis que estan realitzant els nostres alumnes.<\/td>\n<\/tr>\n<tr>\n<td width=\"1242\">\n<div><\/div>\n<h3><strong>Promoci\u00f3 del programa ERASMUS+ a R\u00e0dio T\u00e0rrega<\/strong><\/h3>\n<p>El passat dijous 16 de desembre del 2021 les responsables de mobilitat del centre junt amb un alumne vam anar a promocionar les activitats ling\u00fc\u00edstiques a la r\u00e0dio local.<\/p>\n<p>Es va explicar el programa CLIL que es fa a l&#8217;ESO en angl\u00e8s i les altres lleng\u00fces que s&#8217;imparteixen en els centre com el franc\u00e8s i l&#8217;alemany.Tamb\u00e9 els diferents programes ERASMUS+ que es duen a terme des del 2014 i que han suposat la mobilitat de 17 professors i 29 alumnes. Queden encara per realitzar mobilitats per 7 professor i per 3 alumnes que cursin algun CCFF de GS.<\/p>\n<p>Escolteu\u00a0<a href=\"https:\/\/www.insalfonscostafreda.cat\/web\/documents\/ka\/4\/audio.mp3\">l&#8217;entrevista!!!<\/a><\/p>\n<div>\n<ul id=\"sigFreeId2cbcec604b\" class=\"sigFreeContainer sigFreeClassic\">\n<li class=\"sigFreeThumb\"><a class=\"sigFreeLink fancybox-button\" title=\"You are viewing the image with filename Image1.jpeg\" href=\"https:\/\/www.insalfonscostafreda.cat\/web\/images\/ka\/4\/Image1.jpeg\" target=\"_blank\" rel=\"fancybox-button[gallery2cbcec604b] noopener\"><img decoding=\"async\" class=\"sigFreeImg\" title=\"Click to enlarge image Image1.jpeg\" src=\"https:\/\/www.insalfonscostafreda.cat\/web\/plugins\/content\/jw_sig\/jw_sig\/includes\/images\/transparent.gif\" alt=\"Click to enlarge image Image1.jpeg\" \/><\/a><\/li>\n<li class=\"sigFreeThumb\"><a class=\"sigFreeLink fancybox-button\" title=\"You are viewing the image with filename Image2.jpeg\" href=\"https:\/\/www.insalfonscostafreda.cat\/web\/images\/ka\/4\/Image2.jpeg\" target=\"_blank\" rel=\"fancybox-button[gallery2cbcec604b] noopener\"><img decoding=\"async\" class=\"sigFreeImg\" title=\"Click to enlarge image Image2.jpeg\" src=\"https:\/\/www.insalfonscostafreda.cat\/web\/plugins\/content\/jw_sig\/jw_sig\/includes\/images\/transparent.gif\" alt=\"Click to enlarge image Image2.jpeg\" \/><\/a><\/li>\n<li class=\"sigFreeClear\"><\/li>\n<\/ul>\n<\/div>\n<div><\/div>\n<\/td>\n<\/tr>\n<tr>\n<td width=\"1242\">\n<h3><strong>FORMACI\u00d3 ERASMUS de professor estiu 2021<\/strong><\/h3>\n<p>Per finalitzar amb totes les mobilitats d\u2019aquest projecte KA103 la professora M Rosa Pijuan Tarrag\u00f3 del la fam\u00edlia d\u2019Administratiu i coordinadora de mobilitat va fer una formaci\u00f3 sobre tecnologies de la Informaci\u00f3 durant 5 dies a Reykjavik ( Isl\u00e0ndia) durant el mes de juliol de 2021. Vegeu en l&#8217;enlla\u00e7 els continguts del curs en un blog fet com a treball de classe (<a href=\"https:\/\/icticeland2021.blogspot.com\/2021\/07\/first-day.html\" target=\"_blank\" rel=\"noopener noreferrer\">https:\/\/icticeland2021.blogspot.com\/2021\/07\/first-day.html<\/a>).<br \/>\nUn altre dels objectius era trobar nous socis per encarar la internacionalitzaci\u00f3 del centre i els nous projectes que s\u2019han concedit al centre: KA101 de 2020 amb mobilitat per a 7 professors i un nou KA103 de 2021 amb mobilitat per 3 alumnes de CCFF de grau superior. Tamb\u00e9 es va fer presentaci\u00f3 del nostre centre i el projecte ERASMUS davant dels altres assistents. Vam contactar amb diferents Instituts de Bulg\u00e0ria,Illa de la Reuni\u00f3n, Hongria, entre altres que eren centre d&#8217;FP com nosaltres i tenien estudis similars.Tamb\u00e9 tenim en un drive compartides totes les presentacions dels diferents centres i un whatsapp amb tots el professors. Vegeu aqu\u00ed la presentaci\u00f3 que vam fer amb la professora de ci\u00e8ncies Alba Valls del nostre centre.(<a href=\"https:\/\/prezi.com\/p\/odc27pzflvmu\/maria-rosa-pijuan\/?present=1\" target=\"_blank\" rel=\"noopener noreferrer\">https:\/\/prezi.com\/p\/odc27pzflvmu\/maria-rosa-pijuan\/?present=1<\/a>)<br \/>\nEn aquesta formaci\u00f3 vam aprendre, vam fer contactes i vam fer difusi\u00f3 dels nostres programes internacionals. Un encert total!!!<\/p>\n<div>\n<ul id=\"sigFreeId23abd9b30b\" class=\"sigFreeContainer sigFreeClassic\">\n<li class=\"sigFreeThumb\"><a class=\"sigFreeLink fancybox-button\" title=\"You are viewing the image with filename WhatsApp_Image_2021-07-22_at_132903.jpeg\" href=\"https:\/\/www.insalfonscostafreda.cat\/web\/images\/ka\/3\/WhatsApp_Image_2021-07-22_at_132903.jpeg\" target=\"_blank\" rel=\"fancybox-button[gallery23abd9b30b] noopener\"><img decoding=\"async\" class=\"sigFreeImg\" title=\"Click to enlarge image WhatsApp_Image_2021-07-22_at_132903.jpeg\" src=\"https:\/\/www.insalfonscostafreda.cat\/web\/plugins\/content\/jw_sig\/jw_sig\/includes\/images\/transparent.gif\" alt=\"Click to enlarge image WhatsApp_Image_2021-07-22_at_132903.jpeg\" \/><\/a><\/li>\n<li class=\"sigFreeThumb\"><a class=\"sigFreeLink fancybox-button\" title=\"You are viewing the image with filename WhatsApp_Image_2021-08-19_at_235119.jpeg\" href=\"https:\/\/www.insalfonscostafreda.cat\/web\/images\/ka\/3\/WhatsApp_Image_2021-08-19_at_235119.jpeg\" target=\"_blank\" rel=\"fancybox-button[gallery23abd9b30b] noopener\"><img decoding=\"async\" class=\"sigFreeImg\" title=\"Click to enlarge image WhatsApp_Image_2021-08-19_at_235119.jpeg\" src=\"https:\/\/www.insalfonscostafreda.cat\/web\/plugins\/content\/jw_sig\/jw_sig\/includes\/images\/transparent.gif\" alt=\"Click to enlarge image WhatsApp_Image_2021-08-19_at_235119.jpeg\" \/><\/a><\/li>\n<li class=\"sigFreeThumb\"><a class=\"sigFreeLink fancybox-button\" title=\"You are viewing the image with filename WhatsApp_Image_2021-08-19_at_235310.jpeg\" href=\"https:\/\/www.insalfonscostafreda.cat\/web\/images\/ka\/3\/WhatsApp_Image_2021-08-19_at_235310.jpeg\" target=\"_blank\" rel=\"fancybox-button[gallery23abd9b30b] noopener\"><img decoding=\"async\" class=\"sigFreeImg\" title=\"Click to enlarge image WhatsApp_Image_2021-08-19_at_235310.jpeg\" src=\"https:\/\/www.insalfonscostafreda.cat\/web\/plugins\/content\/jw_sig\/jw_sig\/includes\/images\/transparent.gif\" alt=\"Click to enlarge image WhatsApp_Image_2021-08-19_at_235310.jpeg\" \/><\/a><\/li>\n<li class=\"sigFreeClear\"><\/li>\n<\/ul>\n<\/div>\n<div><\/div>\n<\/td>\n<\/tr>\n<tr>\n<td width=\"1242\">\n<h3><strong>ERASMUS + A IT\u00c0LIA estiu del 2021<\/strong><\/h3>\n<p>L\u2019alumne Daniel Amoretti del GS de Mecatr\u00f2nica ha completat els seu estudis amb una formaci\u00f3 en un centre de treball d\u2019It\u00e0lia. Va marxar cap a It\u00e0lia despr\u00e9s d\u2019una autoritzaci\u00f3 del Departament de Sanitat per vacunar-se el 4 de juny , dos dies abans de marxar pel fet de fer un ERASMUS a l\u2019estranger. Ha estat a Pontecagnano Faiano \u00e9s un municipi itali\u00e0, situat a la regi\u00f3 de Camp\u00e0nia i a la prov\u00edncia de Salern. En l\u2019empresa Autoofficina Vivone hi ha desenvolupat tasques de mec\u00e0nica, manteniment i electr\u00f2nica. Tamb\u00e9 ha millorat el seu nivell d\u2019itali\u00e0 i ha conegut les principals atraccions culturals de la zona com el Vesubi.<\/p>\n<p>FELICITATS DANIEL, NI LA CINQUENA ONADA COVID T\u2019HA DESANIMAT!!<\/p>\n<div>\n<ul id=\"sigFreeId7847f4799b\" class=\"sigFreeContainer sigFreeClassic\">\n<li class=\"sigFreeThumb\"><a class=\"sigFreeLink fancybox-button\" title=\"You are viewing the image with filename WhatsApp_Image_2021-07-02_at_193019.jpeg\" href=\"https:\/\/www.insalfonscostafreda.cat\/web\/images\/ka\/2\/WhatsApp_Image_2021-07-02_at_193019.jpeg\" target=\"_blank\" rel=\"fancybox-button[gallery7847f4799b] noopener\"><img decoding=\"async\" class=\"sigFreeImg\" title=\"Click to enlarge image WhatsApp_Image_2021-07-02_at_193019.jpeg\" src=\"https:\/\/www.insalfonscostafreda.cat\/web\/plugins\/content\/jw_sig\/jw_sig\/includes\/images\/transparent.gif\" alt=\"Click to enlarge image WhatsApp_Image_2021-07-02_at_193019.jpeg\" \/><\/a><\/li>\n<li class=\"sigFreeThumb\"><a class=\"sigFreeLink fancybox-button\" title=\"You are viewing the image with filename WhatsApp_Image_2021-08-07_at_095011.jpeg\" href=\"https:\/\/www.insalfonscostafreda.cat\/web\/images\/ka\/2\/WhatsApp_Image_2021-08-07_at_095011.jpeg\" target=\"_blank\" rel=\"fancybox-button[gallery7847f4799b] noopener\"><img decoding=\"async\" class=\"sigFreeImg\" title=\"Click to enlarge image WhatsApp_Image_2021-08-07_at_095011.jpeg\" src=\"https:\/\/www.insalfonscostafreda.cat\/web\/plugins\/content\/jw_sig\/jw_sig\/includes\/images\/transparent.gif\" alt=\"Click to enlarge image WhatsApp_Image_2021-08-07_at_095011.jpeg\" \/><\/a><\/li>\n<li class=\"sigFreeClear\"><\/li>\n<\/ul>\n<\/div>\n<div><\/div>\n<\/td>\n<\/tr>\n<tr>\n<td width=\"1242\">\n<h3><strong>Classes d&#8217;alemany pels nostres alumnes de GS<\/strong><\/h3>\n<p>Des del mes d&#8217;octubre del 2020, 7 alumnes de GS de totes les fam\u00edlies professionals del centre han assistit a classes d&#8217;alemany online proporcionades del nostre soci d\u2019Osnabr\u00fcck (Alemanya). La situaci\u00f3 de pand\u00e8mia ha fet que hi hagi alguns problemes amb els estudiants nadius alemanys que fan de professors i algunes classes els ha substitut el coordinador del Lankrais d\u2019Osnabr\u00fcck el Sr J\u00fcrgen Clauss. Tamb\u00e9 s&#8217;han proporcionat classes online de franc\u00e8s i itali\u00e0 pels alumnes de grau mitj\u00e0.<\/p>\n<div>\n<ul id=\"sigFreeIdd1c2d708bb\" class=\"sigFreeContainer sigFreeClassic\">\n<li class=\"sigFreeThumb\"><a class=\"sigFreeLink fancybox-button\" title=\"You are viewing the image with filename IMG_8186.jpg\" href=\"https:\/\/www.insalfonscostafreda.cat\/web\/images\/ka\/1\/IMG_8186.jpg\" target=\"_blank\" rel=\"fancybox-button[galleryd1c2d708bb] noopener\"><img decoding=\"async\" class=\"sigFreeImg\" title=\"Click to enlarge image IMG_8186.jpg\" src=\"https:\/\/www.insalfonscostafreda.cat\/web\/plugins\/content\/jw_sig\/jw_sig\/includes\/images\/transparent.gif\" alt=\"Click to enlarge image IMG_8186.jpg\" \/><\/a><\/li>\n<li class=\"sigFreeThumb\"><a class=\"sigFreeLink fancybox-button\" title=\"You are viewing the image with filename IMG_8188.jpg\" href=\"https:\/\/www.insalfonscostafreda.cat\/web\/images\/ka\/1\/IMG_8188.jpg\" target=\"_blank\" rel=\"fancybox-button[galleryd1c2d708bb] noopener\"><img decoding=\"async\" class=\"sigFreeImg\" title=\"Click to enlarge image IMG_8188.jpg\" src=\"https:\/\/www.insalfonscostafreda.cat\/web\/plugins\/content\/jw_sig\/jw_sig\/includes\/images\/transparent.gif\" alt=\"Click to enlarge image IMG_8188.jpg\" \/><\/a><\/li>\n<li class=\"sigFreeClear\"><\/li>\n<\/ul>\n<\/div>\n<div><\/div>\n<\/td>\n<\/tr>\n<tr>\n<td width=\"1242\">\n<h3><strong>Mobilitat d&#8217;alumnes amb beca Erasmus estiu 2019<\/strong><\/h3>\n<p>En Jordi Tavira alumne de 2n curs de Mecatr\u00f2nica GS va arribar d\u2019Alemanya el dia 3 d\u2019agost amb les practiques finalitzades. Havia iniciat la seva aventura a Osnabr\u00fcck el 30 de maig i aquests dos mesos li han servit per practicar l\u2019alemany, practicar els seus coneixements de Mecatr\u00f2nica , per relacionar-se amb una fam\u00edlia alemanya, sense oblidar la part cultural del pa\u00eds amb sortides i activitats que els proporcionava el nostre soci el Landkreis d\u2019Osnabruck o visites a museus com el Madame Tussauds.<\/p>\n<p>Estem segurs que aix\u00f2 augmentar\u00e0 la seva empleabilitat i diferenciar\u00e0 el seu curr\u00edculum d\u2019altres candidats. Felicitats Jordi!!<\/p>\n<div>\n<p>&nbsp;<\/p>\n<ul id=\"sigFreeId67424f531b\" class=\"sigFreeContainer sigFreeClassic\">\n<li class=\"sigFreeThumb\"><a class=\"sigFreeLink fancybox-button\" title=\"You are viewing the image with filename tavira.jpg\" href=\"https:\/\/www.insalfonscostafreda.cat\/web\/images\/fotos19\/ka103\/estiu2019\/tavira.jpg\" target=\"_blank\" rel=\"fancybox-button[gallery67424f531b] noopener\"><img decoding=\"async\" class=\"sigFreeImg\" title=\"Click to enlarge image tavira.jpg\" src=\"https:\/\/www.insalfonscostafreda.cat\/web\/plugins\/content\/jw_sig\/jw_sig\/includes\/images\/transparent.gif\" alt=\"Click to enlarge image tavira.jpg\" \/><\/a><\/li>\n<li class=\"sigFreeClear\"><\/li>\n<\/ul>\n<p>&nbsp;<\/p>\n<\/div>\n<div><\/div>\n<\/td>\n<\/tr>\n<tr>\n<td width=\"1242\"><\/td>\n<\/tr>\n<tr>\n<td width=\"1242\">\n<h3><strong>Jornades de formaci\u00f3 del KA103 a Madrid (15 i 16 d&#8217;octubre de 2019)<\/strong><\/h3>\n<p>AAquestes jornades s\u00f3n conseq\u00fc\u00e8ncia de la concessi\u00f3 del nou KA103 del 2019. Aquest programa serveix per la formaci\u00f3 i les\u00a0 practiques a l\u2019estranger per estudiants de Grau Superior i tamb\u00e9 Universitaris.<\/p>\n<p>En aquesta convocat\u00f2ria\u00a0 han sigut seleccionats 1065 projectes dels quals 831 s\u00f3n per centres d\u2019FP , 87 per Universitats , 103 per Escoles Superiors d\u2019Arts i 44 per consorcis. L\u2019import total \u00e9s 124 milions d\u2019euros, amb un total de 58.012 mobilitats concedides.<\/p>\n<p>El programa ERASMUS es considera un dels vaixells ins\u00edgnia de la pol\u00edtica de la UE fins el punt\u00a0 que es preveu que a partir del 2020 es dupliqui o tripliqui\u00a0 el pressupost europeu per aquest programa. Tamb\u00e9 \u00e9s important per l\u2019impacte econ\u00f2mic que suposa per Espanya ja que som el primer dest\u00ed triat pels estudiants de la resta d\u2019Europa des del 2001.<\/p>\n<p>D. Jos\u00e9 Manuel Gonz\u00e1lez Canino, Director de la Unidad de Educaci\u00f3n Superior, SEPIE va explicar les principals novetats del programa ERASMUS+:<\/p>\n<ul>\n<li>La digitalitzaci\u00f3 del projecte o sigui tots els documents estaran en una plataforma on line i es signaran en aquesta mateixa plataforma\u00a0 anomenada \u201cONLINE LEARNING AGREEMENT+\u201d i amb web\u00a0<a href=\"https:\/\/www.learning-agreement.eu\/start\/\" target=\"_blank\" rel=\"noopener noreferrer\">https:\/\/www.learning-agreement.eu\/start\/<\/a><\/li>\n<li>Creaci\u00f3 de la plataforma ERASMUS dashboard per la gesti\u00f3 d\u2019alumnes i convenis\u00a0<a href=\"https:\/\/www.erasmus-dashboard.eu\/intro\" target=\"_blank\" rel=\"noopener noreferrer\">https:\/\/www.erasmus-dashboard.eu\/intro<\/a><\/li>\n<li>Es crea \u201cMy acad\u00e8mic ID\u201d\u00a0 que \u00e9s la targeta per l\u2019estudiant . S\u2019inicia el 2019 i servir\u00e0\u00a0 per l\u00b4intercanvi de dades d\u2019alumnes entre institucions<\/li>\n<li>Es substituir\u00e0 el n\u00famero PIC pel OID per cada instituci\u00f3<\/li>\n<\/ul>\n<p>Des de l\u2019NS Alfons Costafreda farem l\u2019esfor\u00e7 per adaptar-nos a les noves plataformes i nous requeriments\u00a0 que ens proposi el programa ERASMUS+ ja que \u00e9s en benefici dels alumnes. Les estad\u00edstiques del SEPIE ens diuen que el 90% utilitzen les habilitats adquirides\u00a0 a l\u2019estranger, el 84%\u00a0 tenen m\u00e9s oportunitats de creixement personal.<\/p>\n<p>A sota podem veure a la nostra coordinadora amb el Sr.Gonz\u00e1lez\u00a0 i davant del \u201cphotocall\u201d.<\/p>\n<div>\n<p>&nbsp;<\/p>\n<ul id=\"sigFreeIdbf0100c4ed\" class=\"sigFreeContainer sigFreeClassic\">\n<li class=\"sigFreeThumb\"><a class=\"sigFreeLink fancybox-button\" title=\"You are viewing the image with filename formacio1.jpg\" href=\"https:\/\/www.insalfonscostafreda.cat\/web\/images\/fotos19\/ka103\/formacio\/formacio1.jpg\" target=\"_blank\" rel=\"fancybox-button[gallerybf0100c4ed] noopener\"><img decoding=\"async\" class=\"sigFreeImg\" title=\"Click to enlarge image formacio1.jpg\" src=\"https:\/\/www.insalfonscostafreda.cat\/web\/plugins\/content\/jw_sig\/jw_sig\/includes\/images\/transparent.gif\" alt=\"Click to enlarge image formacio1.jpg\" \/><\/a><\/li>\n<li class=\"sigFreeThumb\"><a class=\"sigFreeLink fancybox-button\" title=\"You are viewing the image with filename formacio2.jpg\" href=\"https:\/\/www.insalfonscostafreda.cat\/web\/images\/fotos19\/ka103\/formacio\/formacio2.jpg\" target=\"_blank\" rel=\"fancybox-button[gallerybf0100c4ed] noopener\"><img decoding=\"async\" class=\"sigFreeImg\" title=\"Click to enlarge image formacio2.jpg\" src=\"https:\/\/www.insalfonscostafreda.cat\/web\/plugins\/content\/jw_sig\/jw_sig\/includes\/images\/transparent.gif\" alt=\"Click to enlarge image formacio2.jpg\" \/><\/a><\/li>\n<li class=\"sigFreeClear\"><\/li>\n<\/ul>\n<p>&nbsp;<\/p>\n<\/div>\n<\/td>\n<\/tr>\n<tr>\n<td width=\"1242\"><\/td>\n<\/tr>\n<tr>\n<td width=\"1242\">\n<h3><strong>Daria Moroseeva professora d&#8217;alemany dels nostres alumnes de CCFF que volen fer l&#8217;FCT a Alemanya l&#8217;estiu del 2020 amb beca ERASMUS+<\/strong><\/h3>\n<p>Donem la benvinguda al nostre centre a la Daria de nacionalitat russa que estudia lleng\u00fces a La universitat\u00a0 de Osnabr\u00fcck. Ha vingut amb beca ERASMUS+ d\u2019aquesta Universitat i tamb\u00e9 fa classes a l\u2019Institut Torrevicens\u00a0 de Lleida.<\/p>\n<p>Ha compartit amb nosaltres la \u201cpaella\u201d\u00a0 d\u2019inici de curs i amb els alumnes han fet una classe d\u2019alemany visitant la nostra ciutat.<\/td>\n<\/tr>\n<tr>\n<td width=\"1242\"><\/td>\n<\/tr>\n<tr>\n<td width=\"1242\"><\/td>\n<\/tr>\n<\/tbody>\n<\/table>\n<p>&nbsp;<\/p>\n<p><img decoding=\"async\" src=\"https:\/\/www.insalfonscostafreda.cat\/web\/images\/fotos17\/image031.jpg\" width=\"250\" \/><\/p>\n<p>&nbsp;<\/p>\n","protected":false},"excerpt":{"rendered":"<p>Higher education student and staff mobility project Nou programa ERASMUS+ KA103 L\u2019INS Alfons Costafreda ha estat mereixedor del segon KA103 per continuar amb la internacionalitzaci\u00f3 de l&#8217;FP d&#8217;alumnes del centre de grau superior. Dels anys 2014 al 2016 vam tenir un projecte de mobilitat d\u2019educaci\u00f3 escolar KA101 que va suposar la formaci\u00f3 per 7 professors [&hellip;]<\/p>\n","protected":false},"author":1,"featured_media":0,"parent":1473,"menu_order":4,"comment_status":"closed","ping_status":"closed","template":"page-templates\/side-menu.php","meta":{"_bbp_topic_count":0,"_bbp_reply_count":0,"_bbp_total_topic_count":0,"_bbp_total_reply_count":0,"_bbp_voice_count":0,"_bbp_anonymous_reply_count":0,"_bbp_topic_count_hidden":0,"_bbp_reply_count_hidden":0,"_bbp_forum_subforum_count":0,"site-sidebar-layout":"default","site-content-layout":"","ast-site-content-layout":"","site-content-style":"default","site-sidebar-style":"default","ast-global-header-display":"","ast-banner-title-visibility":"","ast-main-header-display":"","ast-hfb-above-header-display":"","ast-hfb-below-header-display":"","ast-hfb-mobile-header-display":"","site-post-title":"","ast-breadcrumbs-content":"","ast-featured-img":"","footer-sml-layout":"","theme-transparent-header-meta":"","adv-header-id-meta":"","stick-header-meta":"","header-above-stick-meta":"","header-main-stick-meta":"","header-below-stick-meta":"","astra-migrate-meta-layouts":"default","ast-page-background-enabled":"default","ast-page-background-meta":{"desktop":{"background-color":"var(--ast-global-color-4)","background-image":"","background-repeat":"repeat","background-position":"center center","background-size":"auto","background-attachment":"scroll","background-type":"","background-media":"","overlay-type":"","overlay-color":"","overlay-opacity":"","overlay-gradient":""},"tablet":{"background-color":"","background-image":"","background-repeat":"repeat","background-position":"center center","background-size":"auto","background-attachment":"scroll","background-type":"","background-media":"","overlay-type":"","overlay-color":"","overlay-opacity":"","overlay-gradient":""},"mobile":{"background-color":"","background-image":"","background-repeat":"repeat","background-position":"center center","background-size":"auto","background-attachment":"scroll","background-type":"","background-media":"","overlay-type":"","overlay-color":"","overlay-opacity":"","overlay-gradient":""}},"ast-content-background-meta":{"desktop":{"background-color":"var(--ast-global-color-5)","background-image":"","background-repeat":"repeat","background-position":"center center","background-size":"auto","background-attachment":"scroll","background-type":"","background-media":"","overlay-type":"","overlay-color":"","overlay-opacity":"","overlay-gradient":""},"tablet":{"background-color":"var(--ast-global-color-5)","background-image":"","background-repeat":"repeat","background-position":"center center","background-size":"auto","background-attachment":"scroll","background-type":"","background-media":"","overlay-type":"","overlay-color":"","overlay-opacity":"","overlay-gradient":""},"mobile":{"background-color":"var(--ast-global-color-5)","background-image":"","background-repeat":"repeat","background-position":"center center","background-size":"auto","background-attachment":"scroll","background-type":"","background-media":"","overlay-type":"","overlay-color":"","overlay-opacity":"","overlay-gradient":""}},"footnotes":""},"class_list":["post-1481","page","type-page","status-publish","hentry"],"post_mailing_queue_ids":[],"_links":{"self":[{"href":"https:\/\/agora.xtec.cat\/insalfonscostafreda\/wp-json\/wp\/v2\/pages\/1481","targetHints":{"allow":["GET"]}}],"collection":[{"href":"https:\/\/agora.xtec.cat\/insalfonscostafreda\/wp-json\/wp\/v2\/pages"}],"about":[{"href":"https:\/\/agora.xtec.cat\/insalfonscostafreda\/wp-json\/wp\/v2\/types\/page"}],"author":[{"embeddable":true,"href":"https:\/\/agora.xtec.cat\/insalfonscostafreda\/wp-json\/wp\/v2\/users\/1"}],"replies":[{"embeddable":true,"href":"https:\/\/agora.xtec.cat\/insalfonscostafreda\/wp-json\/wp\/v2\/comments?post=1481"}],"version-history":[{"count":1,"href":"https:\/\/agora.xtec.cat\/insalfonscostafreda\/wp-json\/wp\/v2\/pages\/1481\/revisions"}],"predecessor-version":[{"id":1482,"href":"https:\/\/agora.xtec.cat\/insalfonscostafreda\/wp-json\/wp\/v2\/pages\/1481\/revisions\/1482"}],"up":[{"embeddable":true,"href":"https:\/\/agora.xtec.cat\/insalfonscostafreda\/wp-json\/wp\/v2\/pages\/1473"}],"wp:attachment":[{"href":"https:\/\/agora.xtec.cat\/insalfonscostafreda\/wp-json\/wp\/v2\/media?parent=1481"}],"curies":[{"name":"wp","href":"https:\/\/api.w.org\/{rel}","templated":true}]}}