{"id":1479,"date":"2023-12-31T18:26:18","date_gmt":"2023-12-31T17:26:18","guid":{"rendered":"https:\/\/agora.xtec.cat\/insalfonscostafreda\/?page_id=1479"},"modified":"2023-12-31T22:03:11","modified_gmt":"2023-12-31T21:03:11","slug":"2017-1-es01-ka103-035795","status":"publish","type":"page","link":"https:\/\/agora.xtec.cat\/insalfonscostafreda\/erasmus\/erasmus-projects\/2017-1-es01-ka103-035795\/","title":{"rendered":"2017-1-ES01-KA103-035795"},"content":{"rendered":"<h2>Higher education student and staff mobility project<\/h2>\n<p>L\u2019INS Alfons Costafreda continuem amb la internacionalitzaci\u00f3 del centre.<\/p>\n<p>Dels anys 2014 al 2016 vam ser mereixedors del projecte de mobilitat d\u2019educaci\u00f3 escolar KA101 que va suposar la formaci\u00f3 per 7 professors del centre en metodologia de l\u2019ensenyament en llengua anglesa.<\/p>\n<p>Del 2017 al 2019\u00a0 tenim concedit un projecte ERASMUS+ KA103 degut que comptem amb l\u2019acreditaci\u00f3 de l\u2019Uni\u00f3 Europea anomenada\u00a0<a href=\"https:\/\/www.insalfonscostafreda.cat\/web\/index.php\/projectes-internacionals\/carta-erasmus\">carta ECHE.<\/a><\/p>\n<p>Aquesta acci\u00f3 KA103 t\u00e9 com a objectiu\u00a0fomentar la mobilitat dels nostres estudiants\u00a0 de grau superior a qualsevol dels pa\u00efsos participants del programa, ja sigui per a la realitzaci\u00f3 d&#8217;estudis com de pr\u00e0ctiques en empreses.<\/p>\n<p>En\u00a0 el nostre cas ho hem enlla\u00e7at\u00a0 amb el programa d\u2019 \u201d<a href=\"http:\/\/blocs.xtec.cat\/lleidaosnabruck\/\">Internacionalitzaci\u00f3 de la Formaci\u00f3 Professional mitjan\u00e7ant pr\u00e0ctiques en l\u2019estranger<\/a>\u201d, desenvolupat per dues regions s\u00f2cies: Landkreis Osnabr\u00fcck (Alemanya) i la Inspecci\u00f3 d\u2019Ensenyament dels Serveis Territorials a Lleida.<\/p>\n<p>Es per aix\u00f2 que la major part de les nostres mobilitats es produiran a Alemanya.<\/p>\n<h3><strong>Mobilitat alumnes estiu 2017<\/strong><\/h3>\n<p>Mobilitat de 2 alumnes d\u2019Administraci\u00f3 i Finances a Osnabr\u00fcck durant els mesos\u00a0 de juny i juliol per fer les pr\u00e0ctiques a l\u2019empresa alemanya\u00a0\u00a0<a href=\"https:\/\/porta.de\/porta\/\">Porta Mobel.<\/a><\/p>\n<h3><strong>Job\u00a0<\/strong><strong>shadowing<\/strong><strong>\u00a0a Osnabruk<\/strong><\/h3>\n<p>Amb l\u2019objectiu d\u2019adquirir bones pr\u00e0ctiques per la internacionalitzaci\u00f3 de l\u2019FP en el nostre Institut i enfortir els lligams amb el nostre soci,\u00a0 durant 5 dies de juliol del 2017 el Director i la Coordinadora de mobilitat es van despla\u00e7ar a Osnabruck, on el nostre soci ens tenia preparat un programa molt intens de visistes a instituts , empreses i instiutcions on els nostres alumnes estaven fent les pr\u00e0ctiques.<\/p>\n<h3><strong>Jornades formatives a Santander<\/strong><\/h3>\n<p>Seguint amb les instruccions del SEPIE ,l\u2019Agencia Nacional espanyola encarregada de gestionar els projectes ERASMUS i\u00a0 per la bona realitzaci\u00f3 del projecte KA103, als coordinadors se\u2019ls va fer una formaci\u00f3 de dos dies a Santander durant el mes d\u2019octubre del 2017. All\u00ed compartiren dubtes i experi\u00e8ncies amb 400 coordinadors de tot Espanya i tamb\u00e9 celebraren el 30e. aniversari d\u2019ERASMUS.<\/p>\n<h3><strong>Alumnes de CFGS faran un Erasmus a Alemanya<\/strong><\/h3>\n<p><span class=\"im\">El passat 1 de juny els alumnes de \u00a0<span id=\"m_1579927847279003542gmail-m_-4778325972627822501gmail-m_6301963941887470867m_-7232792990172311216:28t.4\"><span id=\"m_1579927847279003542gmail-m_-4778325972627822501gmail-m_6301963941887470867:2bx.4\">GS<\/span><\/span>\u00a0es van acomiadar de la\u00a0<span id=\"m_1579927847279003542gmail-m_-4778325972627822501gmail-m_6301963941887470867m_-7232792990172311216:28t.5\"><span id=\"m_1579927847279003542gmail-m_-4778325972627822501gmail-m_6301963941887470867:2bx.5\">Franzisca<\/span><\/span>\u00a0<span id=\"m_1579927847279003542gmail-m_-4778325972627822501gmail-m_6301963941887470867:2bx.6\">Doden<\/span>\u00a0professora nadiua d\u2019alemany \u00a0ja que marxaven\u00a0el \u00a03 de juny\u00a0a fer pr\u00e0ctiques durant dos mesos a\u00a0<span id=\"m_1579927847279003542gmail-m_-4778325972627822501gmail-m_6301963941887470867m_-7232792990172311216:28t.7\"><span id=\"m_1579927847279003542gmail-m_-4778325972627822501gmail-m_6301963941887470867:2bx.8\">Osnabruck<\/span><\/span>\u00a0. Aquesta mobilitat est\u00e0 emmarcada en el programa KA103 on ens van concedir 7 beques\u00a0<span id=\"m_1579927847279003542gmail-m_-4778325972627822501gmail-m_6301963941887470867m_-7232792990172311216:28t.8\"><span id=\"m_1579927847279003542gmail-m_-4778325972627822501gmail-m_6301963941887470867:2bx.9\">ERASMUS<\/span>\u00a0per alumnes de\u00a0<span id=\"m_1579927847279003542gmail-m_-4778325972627822501gmail-m_6301963941887470867:2bx.10\">GS<\/span>. Encara ens en queden 2. Demaneu informaci\u00f3!!<\/span><\/span><\/p>\n<h3><strong>Les classes d&#8217;alemany per a alumnes de cicles formatius a R\u00e0dio T\u00e0rrega<\/strong><\/h3>\n<p>El passat 23 de novembre els alumnes de GS implicats en l&#8217;ERASMUS KA103 van ser entrevistats a R\u00e0dio T\u00e0rrega en el programa DBOCAenBOCA &#8211; Aprene&#8217;m. Aquests alumnes tenen l\u2019objectiu de fer les pr\u00e0ctiques a l\u2019empresa dels seus respectius CCFF a Alemanya. Com que estem participant conjuntament amb altres Instituts de la prov\u00edncia en el programa d\u2019Internacionalitzaci\u00f3 de l\u2019FP dels SSTT de Lleida els alumnes poden disfrutar durant tot el curs de classes d\u2019alemany gratu\u00eftes impartides per professors nadius. En el nostre cas, Christian M\u00f6ller, estudiant de Filologia Castellana i Hist\u00f2ria, \u00e9s el professor que amb el seu quasi perfecte castell\u00e0 va explicar les difer\u00e8ncies entre l\u2019FP a Alemanya i a Catalunya. Els alumnes van parlar de les seves expectatives i motivacions i tamb\u00e9 va intervenir un dels alumnes que va viure aquesta experi\u00e8ncia l\u2019estiu passat.<br \/>\nEscolteu l\u2019entrevista, fins i tot parlen en alemany!!<\/p>\n<p><a href=\"https:\/\/enacast.com\/radiotarrega\/#\/programs\/dbocaenbocaelmeuinstitut\/radiotarrega_podcast_7092\" target=\"_blank\" rel=\"noopener noreferrer\">Feu clic aqu\u00ed per escoltar el podcast.<\/a><\/p>\n<h3><strong>Alumnes d&#8217;alemany: sortida a Barcelona<br \/>\n<\/strong><\/h3>\n<p>Aquest passat dissabte 16 de desembre, els alumnes que es preparen per anar a Osnabruck amb la beca ERASMUS KA103 van fer aquesta sortida a la capital catalana amb el Christian M\u00f6ller, el seu professor d&#8217;alemany. El Christian finalitzar\u00e0 la seva estada a Catalunya el proper 23 de desembre per retornar a la Universitat d&#8217;Osnabruck i als seus estudis d&#8217;hist\u00f2ria i castell\u00e0. Va ser un dia molt intens: al mat\u00ed vam visitar el Parc del Laberint d&#8217;Horta, una exposici\u00f3 temporal al Centre les Arenes i, per acabar la jornada, el Museu Nacional d&#8217;Art de Catalunya. Va ser un dia fant\u00e0stic.<\/p>\n<h3><strong>Willkommen, Marius i J\u00fcrgen!<br \/>\n<\/strong><\/h3>\n<p>El passat 14 de febrer va arribar al nostre centre Marius L\u00fctka-Glanemann, el nou professor d&#8217;alemany del 2n quadrimestre per als alumnes de CCFF. Aquests alumnes faran l&#8217;FCT a Osnabr\u00fcck dins del marc del KA103 d&#8217;ERASMUS+. Coincidint amb aquest primer dia del Marius ens va visitar el coordinador del Landkreis d&#8217;Osnabr\u00fcck, J\u00fcrgen Claus, per a con\u00e8ixer els alumnes i preparar la seva estada de pr\u00e0ctiques que comen\u00e7ar\u00e0 el mes de juny. En una xerrada distesa, els alumnes van poder preguntar els seus dubtes respecte a la mobilitat a Alemanya. Tot un luxe tenir el coordinador alemany atenent els nostres alumnes! Benvingut, Marius!<\/p>\n<h3><strong>La nostra alumna Ariana surt a la premsa d&#8217;alemanya<br \/>\n<\/strong><\/h3>\n<p>La nostra alumna Ariana Joyce L\u00f3pez Lucas del CF d\u2019Administraci\u00f3 i Finances ha participat en el programa ERASMUS+ KA103 que t\u00e9 concedit l\u2019INS Alfons Costafreda amb una estada de 2 mesos a Alemanya. Ha fet les seves pr\u00e0ctiques en l\u2019Ajuntament de Neuenkirchen dins la demarcaci\u00f3 d\u2019Osnabr\u00fcck del 4 de juny al 2 d\u2019agost del 2018.<\/p>\n<p>Volem destacar que ha sortit en un article a la premsa local alemanya on s\u2019explica aquesta experi\u00e8ncia tan positiva per ambdues parts i els avantatges que poden suposar en el seu futur professional. Tamb\u00e9 s&#8217;ha publicat a la web de l&#8217;Ajuntament de Neuenkirchen i del Landkreis.<\/p>\n<p>Llegiu-la us l\u2019hem tradu\u00eft !!<\/p>\n<p><a href=\"https:\/\/www.noz.de\/lokales\/samtgemeinde-neuenkirchen\/artikel\/1380714\/spanische-praktikantin-in-neuenkirchener-rathaus\" data-saferedirecturl=\"https:\/\/www.google.com\/url?hl=ca&amp;q=https:\/\/www.noz.de\/lokales\/samtgemeinde-neuenkirchen\/artikel\/1380714\/spanische-praktikantin-in-neuenkirchener-rathaus&amp;source=gmail&amp;ust=1536142191119000&amp;usg=AFQjCNEA-dtEFEDJngiKMur9w8k1kc36xw\">https:\/\/www.noz.de\/lokales\/samtgemeinde-neuenkirchen\/artikel\/1380714\/spanische-praktikantin-in-neuenkirchener-rathaus<\/a><\/p>\n<h3><strong>L&#8217;INS Alfons Costafreda participa i exposa la seva experi\u00e8ncia de mobilitat al Landkreis d&#8217;Osnabr\u00fcck<\/strong><\/h3>\n<p>El passat 17 de juliol els alumnes de CCFF de grau superior que participen en el programa ERASMUS+ KA103 de mobilitat de l&#8217;INS Costafreda i que estan fent les seves pr\u00e0ctiques de dos mesos a Osnabr\u00fcck (Alemanya) van participar en l&#8217;esdeveniment organitzat pel Landkreis d&#8217;Osanbr\u00fcck on presentaven els seu centre i la seva experi\u00e8ncia a Alemanya en la llengua d&#8217;aquest pa\u00eds. Aquest esdeveniment aplegava les autoritats del Lankreis Sr J\u00fcrgen Claus, les empreses on fan les pr\u00e0ctiques el alumnes, les fam\u00edlies que acullen aquests alumnes i 4 Coordinadors de Mobilitat de la Delegaci\u00f3 de Lleida entres els quals la del Institut Alfons Costafreda M. Rosa Pijuan, que van fer una exposici\u00f3 sobre els objectius i avantatges del programa de mobilitat pels alumnes dels Instituts participants.<\/p>\n<p>Va ser un acte molt llu\u00eft on la trentena d&#8217;alumnes de la demarcaci\u00f3 de Lleida van poder expressar-se en alemany, les fam\u00edlies alemanyes que acullen aquests alumnes van tenir un especial reconeixement i tots vam tenir la possibilitat de con\u00e8ixer amb m\u00e9s profunditat les empreses que acullen els nostres alumnes (Porta M\u00f6bel,Cl\u00ednica AMEOS,Samtgemeinde Neuenkirchen, Axel Suijker Textil&#8230;). Tanmateix a\u00a0 l&#8217;Institut Alfons Costafreda fomentem l&#8217;Internacionalitzaci\u00f3 de la Formaci\u00f3 Professional amb altres programes de mobilitat\u00a0 a Fran\u00e7a i Malta.<\/p>\n<p>Aqu\u00ed podeu veure els v\u00eddeos de l\u2019esdeveniment i la not\u00edcia a la web del Landkreis.<\/p>\n<p><a href=\"https:\/\/www.landkreis-osnabrueck.de\/print\/41218\" data-saferedirecturl=\"https:\/\/www.google.com\/url?hl=ca&amp;q=https:\/\/www.landkreis-osnabrueck.de\/print\/41218&amp;source=gmail&amp;ust=1536142070069000&amp;usg=AFQjCNEnTTANX33wxshFQnXD8OXEe4eoPQ\">https:\/\/www.landkreis-osnabrueck.de\/print\/41218<\/a><\/p>\n<h3><strong>Estada ERASMUS+ a Osnabr\u00fcck estiu del 2018<\/strong><\/h3>\n<p>El dia 5 d\u2019agost del 2018 van finalitzar la seva estada de dos mesos a Osnabr\u00fcck dels 3 alumnes de CCFF de GS (Administraci\u00f3 i Finances i Mecatr\u00f2nica) que han participat\u00a0 en el programa ERASMUS+ KA103. Despr\u00e9s de diferents reconeixements per part de les empreses, fam\u00edlies i Landkreis d\u2019Osnabruck tornen amb una gran experi\u00e8ncia viscuda i un bagatge professional que els diferenciar\u00e0 a l\u2019hora de trobar feina. Tamb\u00e9 han fet visites culturals dins del Land d\u2019Osnabruck i alguns han visitat ciutats properes com Bremen o M\u00fcnster<\/p>\n<p>Felicitats heu superat l\u2019estada amb nota i heu millorat les vostres compet\u00e8ncies en alemany!<\/p>\n<p>Aqui podeu veure fotos de la visita que vam fer L\u2019INS Alfons Costafreda a les empreses que acollien els nostres alumnes<\/p>\n<h3><strong>Sinergia a FP<\/strong><\/h3>\n<p>La paraula sinergia prov\u00e9 del grec i la seva traducci\u00f3 literal seria la de cooperaci\u00f3. En el nostre cas\u00a0 aquesta col.laboraci\u00f3 s&#8217;estableix entre els professors nadius d&#8217;alemany\u00a0 i els alumnes de CCFF. En Thomas Altergott i la Laura Ackner van fer una classe d&#8217;alemany al seus alumnes de CCFF mentre aquests els guiaven per la ciutat de T\u00e0rrega.<\/p>\n<p>Els alumnes prenien nota del vocabulari i algunes expressions\u00a0 i els professors visitaven aquesta bonica ciutat. Va ser una experi\u00e8ncia molt profitosa!!!<\/p>\n<p>&nbsp;<\/p>\n<p><img decoding=\"async\" src=\"https:\/\/www.insalfonscostafreda.cat\/web\/images\/fotos17\/image031.jpg\" width=\"250\" \/><\/p>\n<p>&nbsp;<\/p>\n","protected":false},"excerpt":{"rendered":"<p>Higher education student and staff mobility project L\u2019INS Alfons Costafreda continuem amb la internacionalitzaci\u00f3 del centre. Dels anys 2014 al 2016 vam ser mereixedors del projecte de mobilitat d\u2019educaci\u00f3 escolar KA101 que va suposar la formaci\u00f3 per 7 professors del centre en metodologia de l\u2019ensenyament en llengua anglesa. Del 2017 al 2019\u00a0 tenim concedit un [&hellip;]<\/p>\n","protected":false},"author":1,"featured_media":0,"parent":1473,"menu_order":3,"comment_status":"closed","ping_status":"closed","template":"page-templates\/side-menu.php","meta":{"_bbp_topic_count":0,"_bbp_reply_count":0,"_bbp_total_topic_count":0,"_bbp_total_reply_count":0,"_bbp_voice_count":0,"_bbp_anonymous_reply_count":0,"_bbp_topic_count_hidden":0,"_bbp_reply_count_hidden":0,"_bbp_forum_subforum_count":0,"site-sidebar-layout":"default","site-content-layout":"","ast-site-content-layout":"","site-content-style":"default","site-sidebar-style":"default","ast-global-header-display":"","ast-banner-title-visibility":"","ast-main-header-display":"","ast-hfb-above-header-display":"","ast-hfb-below-header-display":"","ast-hfb-mobile-header-display":"","site-post-title":"","ast-breadcrumbs-content":"","ast-featured-img":"","footer-sml-layout":"","theme-transparent-header-meta":"","adv-header-id-meta":"","stick-header-meta":"","header-above-stick-meta":"","header-main-stick-meta":"","header-below-stick-meta":"","astra-migrate-meta-layouts":"default","ast-page-background-enabled":"default","ast-page-background-meta":{"desktop":{"background-color":"var(--ast-global-color-4)","background-image":"","background-repeat":"repeat","background-position":"center center","background-size":"auto","background-attachment":"scroll","background-type":"","background-media":"","overlay-type":"","overlay-color":"","overlay-opacity":"","overlay-gradient":""},"tablet":{"background-color":"","background-image":"","background-repeat":"repeat","background-position":"center center","background-size":"auto","background-attachment":"scroll","background-type":"","background-media":"","overlay-type":"","overlay-color":"","overlay-opacity":"","overlay-gradient":""},"mobile":{"background-color":"","background-image":"","background-repeat":"repeat","background-position":"center center","background-size":"auto","background-attachment":"scroll","background-type":"","background-media":"","overlay-type":"","overlay-color":"","overlay-opacity":"","overlay-gradient":""}},"ast-content-background-meta":{"desktop":{"background-color":"var(--ast-global-color-5)","background-image":"","background-repeat":"repeat","background-position":"center center","background-size":"auto","background-attachment":"scroll","background-type":"","background-media":"","overlay-type":"","overlay-color":"","overlay-opacity":"","overlay-gradient":""},"tablet":{"background-color":"var(--ast-global-color-5)","background-image":"","background-repeat":"repeat","background-position":"center center","background-size":"auto","background-attachment":"scroll","background-type":"","background-media":"","overlay-type":"","overlay-color":"","overlay-opacity":"","overlay-gradient":""},"mobile":{"background-color":"var(--ast-global-color-5)","background-image":"","background-repeat":"repeat","background-position":"center center","background-size":"auto","background-attachment":"scroll","background-type":"","background-media":"","overlay-type":"","overlay-color":"","overlay-opacity":"","overlay-gradient":""}},"footnotes":""},"class_list":["post-1479","page","type-page","status-publish","hentry"],"post_mailing_queue_ids":[],"_links":{"self":[{"href":"https:\/\/agora.xtec.cat\/insalfonscostafreda\/wp-json\/wp\/v2\/pages\/1479","targetHints":{"allow":["GET"]}}],"collection":[{"href":"https:\/\/agora.xtec.cat\/insalfonscostafreda\/wp-json\/wp\/v2\/pages"}],"about":[{"href":"https:\/\/agora.xtec.cat\/insalfonscostafreda\/wp-json\/wp\/v2\/types\/page"}],"author":[{"embeddable":true,"href":"https:\/\/agora.xtec.cat\/insalfonscostafreda\/wp-json\/wp\/v2\/users\/1"}],"replies":[{"embeddable":true,"href":"https:\/\/agora.xtec.cat\/insalfonscostafreda\/wp-json\/wp\/v2\/comments?post=1479"}],"version-history":[{"count":3,"href":"https:\/\/agora.xtec.cat\/insalfonscostafreda\/wp-json\/wp\/v2\/pages\/1479\/revisions"}],"predecessor-version":[{"id":1537,"href":"https:\/\/agora.xtec.cat\/insalfonscostafreda\/wp-json\/wp\/v2\/pages\/1479\/revisions\/1537"}],"up":[{"embeddable":true,"href":"https:\/\/agora.xtec.cat\/insalfonscostafreda\/wp-json\/wp\/v2\/pages\/1473"}],"wp:attachment":[{"href":"https:\/\/agora.xtec.cat\/insalfonscostafreda\/wp-json\/wp\/v2\/media?parent=1479"}],"curies":[{"name":"wp","href":"https:\/\/api.w.org\/{rel}","templated":true}]}}