{"id":1477,"date":"2023-12-31T18:24:53","date_gmt":"2023-12-31T17:24:53","guid":{"rendered":"https:\/\/agora.xtec.cat\/insalfonscostafreda\/?page_id=1477"},"modified":"2023-12-31T21:58:39","modified_gmt":"2023-12-31T20:58:39","slug":"2014-1-es01-ka101-002496","status":"publish","type":"page","link":"https:\/\/agora.xtec.cat\/insalfonscostafreda\/erasmus\/erasmus-projects\/2014-1-es01-ka101-002496\/","title":{"rendered":"2014-1-ES01-KA101-002496"},"content":{"rendered":"<h2>Desarrollo de las competencias ling\u00fc\u00edsticas en Lengua Inglesa del personal docente<\/h2>\n<p>Aquest projecte sorgeix a la vista de la nostra empenta escolar per destacar la seva oferta educativa ensenyant una part del curr\u00edculum escolar en angl\u00e8s com a llengua instrumental per tal de millorar els coneixements d\u2019angl\u00e8s i el seu aprenentatge permanent dels nostres estudiants.<\/p>\n<p>Al nostre pa\u00eds amb un context socioecon\u00f2mic desfavorable, estem conven\u00e7uts que la formaci\u00f3 \u00e9s definitivament un dels pilars b\u00e0sics per a la recuperaci\u00f3 i, en particular, un bon coneixement d\u2019idiomes \u00e9s essencial per garantir als nostres estudiants; possibilitats de mobilitat.<\/p>\n<p>Esperem que tot aix\u00f2 comporti una millora de la qualitat del sistema i un millor reconeixement i prestigi de la nostra escola.<\/p>\n<p>El consell d&#8217;administraci\u00f3 va identificar algunes possibilitats de millora en el nivell d&#8217;angl\u00e8s del professorat si havien d&#8217;ensenyar algunes de les assignatures utilitzant l&#8217;angl\u00e8s com a llengua vehicular. A m\u00e9s, tamb\u00e9 es va detectar la necessitat de formar professors per utilitzar metodologies adequades com ara CLIL (Content and Language Integrated Learning). Aquesta formaci\u00f3 \u00e9s crucial per permetre als professors un bon domini de la llengua estrangera i tamb\u00e9 aprendre el vocabulari espec\u00edfic que necessitaran quan imparteixin les seves pr\u00f2pies assignatures en angl\u00e8s, aix\u00ed com per augmentar la seva confian\u00e7a per ensenyar en la llengua estrangera.<\/p>\n<p>El perfil dels participants \u00e9s el d\u2019un professor que imparteix assignatures diferents de l\u2019angl\u00e8s, amb un nivell d\u2019angl\u00e8s B2 o superior, i que est\u00e0 molt motivat pel projecte i tamb\u00e9 est\u00e0 disposat a fer aquesta formaci\u00f3. En aquesta ocasi\u00f3, set professors de totes les disciplines van participar en aquest programa de formaci\u00f3.<\/p>\n<p>Les activitats programades van implicar la participaci\u00f3 dels professors en cursos estructurats sobre metodologia sobre aprenentatge integrat de continguts i idiomes en angl\u00e8s, aix\u00ed com vocabulari espec\u00edfic. Tots aquests cursos, que havien estat impartits per professors nadius d\u2019angl\u00e8s especialitzats, es van dur a terme a Irlanda i Malta.<\/p>\n<p>Els professors que van participar en el projecte van viatjar a les seves destinacions per assistir a les seves sessions de formaci\u00f3. L\u2019escola va donar suport i tamb\u00e9 dur\u00e0 a terme la seva preparaci\u00f3 i el seguiment de l\u2019activitat.<\/p>\n<p>Amb aquest projecte, la nostra escola s\u2019ha adonat d\u2019augmentar el nombre d\u2019assignatures que s\u2019imparteixen en angl\u00e8s i, en conseq\u00fc\u00e8ncia, millorar els coneixements d\u2019aquesta llengua als nostres estudiants, cosa que esperem que els aporti m\u00e9s perspectives d\u2019ocupaci\u00f3 i millors possibilitats de mobilitat a Europa i a escala mundial.<\/p>\n<p>A la llarga, pretenem augmentar gradualment el nombre de professors implicats en el projecte fins a un ter\u00e7 del nostre equip docent i, posteriorment, incloure una altra llengua estrangera instrumental.<\/p>\n<p><a href=\"https:\/\/ec.europa.eu\/programmes\/erasmus-plus\/projects\/eplus-project-details\/#project\/2014-1-ES01-KA101-002496\"><b>Resultat del projecte \u201cDesarrollo de las competencias ling\u00fc\u00edsticas en Lengua Inglesa del personal docente<\/b><\/a>\u201d<\/p>\n<p>El projecte ERASMUS+ KA101 pertany a l&#8217;acci\u00f3 clau 1 de mobilitat de les persones per motius d&#8217;aprenentatge, concretament mobilitat de les persones en l&#8217;\u00e0mbit de l&#8217;educaci\u00f3, la formaci\u00f3 i la joventut.<\/p>\n<p>El nostre projecte 2014-1-ES01-KA101-002496 va suposar per l&#8217;INS ALFONS COSTAFREDA que al 2014 se li van concedir 7 beques perqu\u00e8 professors del centre es formessin a l&#8217;estranger amb metodologia CLIL o per ampliar coneixements de la metodologia de l&#8217;aprenentatge en angl\u00e8s. Van ser seleccionats 4 professors\/res de CCFF i 3 d&#8217;ESO i batxillerat. Els cursos es van fer durant els estius del 2015 i 2016 en escoles reconegudes per ERASMUS als pa\u00efsos de Malta i Irlanda. Podeu consultar un v\u00eddeo on s\u00f3n entrevistats el professors que van gaudir de la formaci\u00f3 fent clic\u00a0<a href=\"https:\/\/drive.google.com\/file\/d\/0BwNIEQNaNP2yYkFibWlYNFB6Uzg\/view\">aqu\u00ed<\/a>.<\/p>\n<p>Tamb\u00e9 enllacem la presentaci\u00f3 que vam fer a la Jornada de Mobilitat Internacional de Formaci\u00f3 Professional de Lleida el novembre del 2019, refent a la mobilitat de professors a l&#8217;INS Alfons Costafreda. La podeu visualitzar fent clic\u00a0<a href=\"https:\/\/prezi.com\/view\/HztSLzCXkZeA8Z6OurYi\/\">aqu\u00ed<\/a>.<\/p>\n<p>Per visualitzar el tr\u00edptic informatiu feu clic\u00a0<a href=\"https:\/\/drive.google.com\/file\/d\/0B7n2PFblYvbpUktQWGdfV25QUzVVSUN6YkJwNXV2TFlPVy1n\/view\">aqu\u00ed<\/a>.<\/p>\n","protected":false},"excerpt":{"rendered":"<p>Desarrollo de las competencias ling\u00fc\u00edsticas en Lengua Inglesa del personal docente Aquest projecte sorgeix a la vista de la nostra empenta escolar per destacar la seva oferta educativa ensenyant una part del curr\u00edculum escolar en angl\u00e8s com a llengua instrumental per tal de millorar els coneixements d\u2019angl\u00e8s i el seu aprenentatge permanent dels nostres estudiants. [&hellip;]<\/p>\n","protected":false},"author":1,"featured_media":0,"parent":1473,"menu_order":2,"comment_status":"closed","ping_status":"closed","template":"page-templates\/side-menu.php","meta":{"_bbp_topic_count":0,"_bbp_reply_count":0,"_bbp_total_topic_count":0,"_bbp_total_reply_count":0,"_bbp_voice_count":0,"_bbp_anonymous_reply_count":0,"_bbp_topic_count_hidden":0,"_bbp_reply_count_hidden":0,"_bbp_forum_subforum_count":0,"site-sidebar-layout":"default","site-content-layout":"","ast-site-content-layout":"","site-content-style":"default","site-sidebar-style":"default","ast-global-header-display":"","ast-banner-title-visibility":"","ast-main-header-display":"","ast-hfb-above-header-display":"","ast-hfb-below-header-display":"","ast-hfb-mobile-header-display":"","site-post-title":"","ast-breadcrumbs-content":"","ast-featured-img":"","footer-sml-layout":"","theme-transparent-header-meta":"","adv-header-id-meta":"","stick-header-meta":"","header-above-stick-meta":"","header-main-stick-meta":"","header-below-stick-meta":"","astra-migrate-meta-layouts":"default","ast-page-background-enabled":"default","ast-page-background-meta":{"desktop":{"background-color":"var(--ast-global-color-4)","background-image":"","background-repeat":"repeat","background-position":"center center","background-size":"auto","background-attachment":"scroll","background-type":"","background-media":"","overlay-type":"","overlay-color":"","overlay-opacity":"","overlay-gradient":""},"tablet":{"background-color":"","background-image":"","background-repeat":"repeat","background-position":"center center","background-size":"auto","background-attachment":"scroll","background-type":"","background-media":"","overlay-type":"","overlay-color":"","overlay-opacity":"","overlay-gradient":""},"mobile":{"background-color":"","background-image":"","background-repeat":"repeat","background-position":"center center","background-size":"auto","background-attachment":"scroll","background-type":"","background-media":"","overlay-type":"","overlay-color":"","overlay-opacity":"","overlay-gradient":""}},"ast-content-background-meta":{"desktop":{"background-color":"var(--ast-global-color-5)","background-image":"","background-repeat":"repeat","background-position":"center center","background-size":"auto","background-attachment":"scroll","background-type":"","background-media":"","overlay-type":"","overlay-color":"","overlay-opacity":"","overlay-gradient":""},"tablet":{"background-color":"var(--ast-global-color-5)","background-image":"","background-repeat":"repeat","background-position":"center center","background-size":"auto","background-attachment":"scroll","background-type":"","background-media":"","overlay-type":"","overlay-color":"","overlay-opacity":"","overlay-gradient":""},"mobile":{"background-color":"var(--ast-global-color-5)","background-image":"","background-repeat":"repeat","background-position":"center center","background-size":"auto","background-attachment":"scroll","background-type":"","background-media":"","overlay-type":"","overlay-color":"","overlay-opacity":"","overlay-gradient":""}},"footnotes":""},"class_list":["post-1477","page","type-page","status-publish","hentry"],"post_mailing_queue_ids":[],"_links":{"self":[{"href":"https:\/\/agora.xtec.cat\/insalfonscostafreda\/wp-json\/wp\/v2\/pages\/1477","targetHints":{"allow":["GET"]}}],"collection":[{"href":"https:\/\/agora.xtec.cat\/insalfonscostafreda\/wp-json\/wp\/v2\/pages"}],"about":[{"href":"https:\/\/agora.xtec.cat\/insalfonscostafreda\/wp-json\/wp\/v2\/types\/page"}],"author":[{"embeddable":true,"href":"https:\/\/agora.xtec.cat\/insalfonscostafreda\/wp-json\/wp\/v2\/users\/1"}],"replies":[{"embeddable":true,"href":"https:\/\/agora.xtec.cat\/insalfonscostafreda\/wp-json\/wp\/v2\/comments?post=1477"}],"version-history":[{"count":2,"href":"https:\/\/agora.xtec.cat\/insalfonscostafreda\/wp-json\/wp\/v2\/pages\/1477\/revisions"}],"predecessor-version":[{"id":1535,"href":"https:\/\/agora.xtec.cat\/insalfonscostafreda\/wp-json\/wp\/v2\/pages\/1477\/revisions\/1535"}],"up":[{"embeddable":true,"href":"https:\/\/agora.xtec.cat\/insalfonscostafreda\/wp-json\/wp\/v2\/pages\/1473"}],"wp:attachment":[{"href":"https:\/\/agora.xtec.cat\/insalfonscostafreda\/wp-json\/wp\/v2\/media?parent=1477"}],"curies":[{"name":"wp","href":"https:\/\/api.w.org\/{rel}","templated":true}]}}