{"id":1473,"date":"2023-12-31T18:22:01","date_gmt":"2023-12-31T17:22:01","guid":{"rendered":"https:\/\/agora.xtec.cat\/insalfonscostafreda\/?page_id=1473"},"modified":"2024-01-18T17:31:34","modified_gmt":"2024-01-18T16:31:34","slug":"erasmus-projects","status":"publish","type":"page","link":"https:\/\/agora.xtec.cat\/insalfonscostafreda\/erasmus\/erasmus-projects\/","title":{"rendered":"Erasmus Projects"},"content":{"rendered":"<div class=\"row\" style=\"margin-bottom: 1em !important;\">\n<div class=\"small-12 large-4 text-center columns\">\n<p><img loading=\"lazy\" decoding=\"async\" class=\"alignnone size-full wp-image-1491\" src=\"https:\/\/agora.xtec.cat\/insalfonscostafreda\/wp-content\/uploads\/usu2359\/foto_mobilitat_web.png\" alt=\"\" width=\"532\" height=\"310\" srcset=\"https:\/\/agora.xtec.cat\/insalfonscostafreda\/wp-content\/uploads\/usu2359\/foto_mobilitat_web.png 532w, https:\/\/agora.xtec.cat\/insalfonscostafreda\/wp-content\/uploads\/usu2359\/foto_mobilitat_web-300x175.png 300w\" sizes=\"auto, (max-width: 532px) 100vw, 532px\" \/><\/p>\n<h3><i><b><strong>2012-1-SK1-COM07-04433 2<\/strong><\/b><\/i><\/h3>\n<p style=\"margin-bottom: 0.2em;\">Mobility of higher education students and staff supported by internal policy funds <a href=\"https:\/\/ec.europa.eu\/programmes\/erasmus-plus\/projects\/eplus-project-details\/#project\/2014-1-ES01-KA101-002496\" target=\"_blank\" rel=\"noopener noreferrer\" data-saferedirecturl=\"https:\/\/www.google.com\/url?q=https:\/\/ec.europa.eu\/programmes\/erasmus-plus\/projects\/eplus-project-details\/%23project\/2014-1-ES01-KA101-002496&amp;source=gmail&amp;ust=1607789368401000&amp;usg=AFQjCNFt3jtOqArBJ6gBA7Xfa9-2mpfjbw\">Erasmus Project Card<\/a><\/p>\n<p><a href=\"https:\/\/agora.xtec.cat\/insalfonscostafreda\/erasmus\/erasmus-projects\/2012-1-sk1-com07-04433-2\/\">M\u00e9s informaci\u00f3<\/a><\/p>\n<\/div>\n<div class=\"small-12 large-4 text-center columns\">\n<p><img loading=\"lazy\" decoding=\"async\" class=\"alignnone size-full wp-image-1491\" src=\"https:\/\/agora.xtec.cat\/insalfonscostafreda\/wp-content\/uploads\/usu2359\/foto_mobilitat_web.png\" alt=\"\" width=\"532\" height=\"310\" srcset=\"https:\/\/agora.xtec.cat\/insalfonscostafreda\/wp-content\/uploads\/usu2359\/foto_mobilitat_web.png 532w, https:\/\/agora.xtec.cat\/insalfonscostafreda\/wp-content\/uploads\/usu2359\/foto_mobilitat_web-300x175.png 300w\" sizes=\"auto, (max-width: 532px) 100vw, 532px\" \/><\/p>\n<h3><i><b><strong>2014-1-ES01-KA101-002496<\/strong><\/b><\/i><\/h3>\n<p style=\"margin-bottom: 0.2em;\">Learning 21st Century Skills. Cross-curricular Approach to teaching and learning in English.<\/p>\n<p style=\"margin-bottom: 0.2em;\"><a href=\"https:\/\/ec.europa.eu\/programmes\/erasmus-plus\/projects\/eplus-project-details\/#project\/2014-1-ES01-KA101-002496\" target=\"_blank\" rel=\"noopener noreferrer\" data-saferedirecturl=\"https:\/\/www.google.com\/url?q=https:\/\/ec.europa.eu\/programmes\/erasmus-plus\/projects\/eplus-project-details\/%23project\/2014-1-ES01-KA101-002496&amp;source=gmail&amp;ust=1607789368401000&amp;usg=AFQjCNFt3jtOqArBJ6gBA7Xfa9-2mpfjbw\">Erasmus Project Card<\/a><\/p>\n<p><a href=\"https:\/\/agora.xtec.cat\/insalfonscostafreda\/erasmus\/erasmus-projects\/2014-1-es01-ka101-002496\/\">M\u00e9s informaci\u00f3<\/a><\/p>\n<\/div>\n<div class=\"small-12 large-4 text-center columns\">\n<p><img loading=\"lazy\" decoding=\"async\" class=\"alignnone size-full wp-image-1491\" src=\"https:\/\/agora.xtec.cat\/insalfonscostafreda\/wp-content\/uploads\/usu2359\/foto_mobilitat_web.png\" alt=\"\" width=\"532\" height=\"310\" srcset=\"https:\/\/agora.xtec.cat\/insalfonscostafreda\/wp-content\/uploads\/usu2359\/foto_mobilitat_web.png 532w, https:\/\/agora.xtec.cat\/insalfonscostafreda\/wp-content\/uploads\/usu2359\/foto_mobilitat_web-300x175.png 300w\" sizes=\"auto, (max-width: 532px) 100vw, 532px\" \/><\/p>\n<h3><i><strong>2017-1-ES01-KA103-035795<\/strong><\/i><\/h3>\n<p style=\"margin-bottom: 0.2em;\">Higher education student and staff mobility project<a href=\"https:\/\/ec.europa.eu\/programmes\/erasmus-plus\/projects\/eplus-project-details\/#project\/2017-1-ES01-KA103-035795\">E<\/a><\/p>\n<p style=\"margin-bottom: 0.2em;\"><a href=\"https:\/\/ec.europa.eu\/programmes\/erasmus-plus\/projects\/eplus-project-details\/#project\/2017-1-ES01-KA103-035795\">rasmus Project Card<\/a><b><\/b><i><b><br \/>\n<\/b><\/i><\/p>\n<p><a href=\"https:\/\/agora.xtec.cat\/insalfonscostafreda\/erasmus\/erasmus-projects\/2017-1-es01-ka103-035795\/\">M\u00e9s informaci\u00f3<\/a><\/p>\n<\/div>\n<\/div>\n<div class=\"row\" style=\"margin-bottom: 1em !important;\">\n<div class=\"small-12 large-4 text-center columns\">\n<p><img loading=\"lazy\" decoding=\"async\" class=\"alignnone wp-image-1491\" src=\"https:\/\/agora.xtec.cat\/insalfonscostafreda\/wp-content\/uploads\/usu2359\/foto_mobilitat_web.png\" alt=\"\" width=\"310\" height=\"181\" srcset=\"https:\/\/agora.xtec.cat\/insalfonscostafreda\/wp-content\/uploads\/usu2359\/foto_mobilitat_web.png 532w, https:\/\/agora.xtec.cat\/insalfonscostafreda\/wp-content\/uploads\/usu2359\/foto_mobilitat_web-300x175.png 300w\" sizes=\"auto, (max-width: 310px) 100vw, 310px\" \/><\/p>\n<h3><i><b>2019-1-ES01-KA103-061771<\/b><\/i><\/h3>\n<p style=\"margin-bottom: 0.2em;\">Higher education student and staff mobility project<\/p>\n<p style=\"margin-bottom: 0.2em;\"><a href=\"https:\/\/ec.europa.eu\/programmes\/erasmus-plus\/projects\/eplus-project-details\/#project\/2019-1-ES01-KA103-061771\" target=\"_blank\" rel=\"noopener noreferrer\" data-saferedirecturl=\"https:\/\/www.google.com\/url?q=https:\/\/ec.europa.eu\/programmes\/erasmus-plus\/projects\/eplus-project-details\/%23project\/2019-1-ES01-KA103-061771&amp;source=gmail&amp;ust=1607789368383000&amp;usg=AFQjCNE8BzD0xvOLeqeBJk9_VzEYSuRVuA\">Erasmus Project Card<\/a><\/p>\n<p><a href=\"https:\/\/agora.xtec.cat\/insalfonscostafreda\/erasmus\/erasmus-projects\/2019-1-es01-ka103-061771\/\">M\u00e9s informaci\u00f3<\/a><\/p>\n<\/div>\n<div class=\"small-12 large-4 text-center columns\">\n<p><img loading=\"lazy\" decoding=\"async\" class=\"alignnone size-full wp-image-1491\" src=\"https:\/\/agora.xtec.cat\/insalfonscostafreda\/wp-content\/uploads\/usu2359\/foto_mobilitat_web.png\" alt=\"\" width=\"532\" height=\"310\" srcset=\"https:\/\/agora.xtec.cat\/insalfonscostafreda\/wp-content\/uploads\/usu2359\/foto_mobilitat_web.png 532w, https:\/\/agora.xtec.cat\/insalfonscostafreda\/wp-content\/uploads\/usu2359\/foto_mobilitat_web-300x175.png 300w\" sizes=\"auto, (max-width: 532px) 100vw, 532px\" \/><\/p>\n<h3><i><b><strong>2020-1-ES01-KA101-080703 <\/strong><\/b><\/i><\/h3>\n<p style=\"margin-bottom: 0.2em;\">Desarrollo de las competencias ling\u00fc\u00edsticas en Lengua Inglesa del personal docente<\/p>\n<p style=\"margin-bottom: 0.2em;\"><a href=\"https:\/\/ec.europa.eu\/programmes\/erasmus-plus\/projects\/eplus-project-details\/#project\/2020-1-ES01-KA101-080703\" target=\"_blank\" rel=\"noopener noreferrer\" data-saferedirecturl=\"https:\/\/www.google.com\/url?q=https:\/\/ec.europa.eu\/programmes\/erasmus-plus\/projects\/eplus-project-details\/%23project\/2020-1-ES01-KA101-080703&amp;source=gmail&amp;ust=1607789368401000&amp;usg=AFQjCNGc0XlCv186CpGgMz7qWUIiNt8O_A\">Erasmus Project Card<\/a><\/p>\n<p><a href=\"https:\/\/agora.xtec.cat\/insalfonscostafreda\/erasmus\/erasmus-projects\/2020-1-es01-ka101-080703\/\">M\u00e9s informaci\u00f3<\/a><\/p>\n<\/div>\n<div class=\"small-12 large-4 text-center columns\">\n<p><img loading=\"lazy\" decoding=\"async\" class=\"alignnone size-full wp-image-1491\" src=\"https:\/\/agora.xtec.cat\/insalfonscostafreda\/wp-content\/uploads\/usu2359\/foto_mobilitat_web.png\" alt=\"\" width=\"532\" height=\"310\" srcset=\"https:\/\/agora.xtec.cat\/insalfonscostafreda\/wp-content\/uploads\/usu2359\/foto_mobilitat_web.png 532w, https:\/\/agora.xtec.cat\/insalfonscostafreda\/wp-content\/uploads\/usu2359\/foto_mobilitat_web-300x175.png 300w\" sizes=\"auto, (max-width: 532px) 100vw, 532px\" \/><\/p>\n<h3><i><strong>2021-1-ES01-KA131-HED-000010932<\/strong><\/i><\/h3>\n<p style=\"margin-bottom: 0.2em;\">Knowing each other through history <a href=\"https:\/\/erasmus-plus.ec.europa.eu\/projects\/search\/details\/2021-1-ES01-KA131-HED-000010932\" target=\"_blank\" rel=\"noopener noreferrer\" data-saferedirecturl=\"https:\/\/www.google.com\/url?q=https:\/\/ec.europa.eu\/programmes\/erasmus-plus\/projects\/eplus-project-details\/%23project\/2020-1-ES01-KA101-080703&amp;source=gmail&amp;ust=1607789368401000&amp;usg=AFQjCNGc0XlCv186CpGgMz7qWUIiNt8O_A\">Erasmus Project Card<\/a><\/p>\n<p><a href=\"https:\/\/agora.xtec.cat\/insalfonscostafreda\/erasmus\/erasmus-projects\/2021-1-es01-ka131-hed-000010932\/\">M\u00e9s informaci\u00f3<\/a><\/p>\n<\/div>\n<\/div>\n<div class=\"row\" style=\"margin-bottom: 1em !important;\">\n<div class=\"small-12 large-4 text-center columns\">\n<p><img loading=\"lazy\" decoding=\"async\" class=\"alignnone size-full wp-image-1491\" src=\"https:\/\/agora.xtec.cat\/insalfonscostafreda\/wp-content\/uploads\/usu2359\/foto_mobilitat_web.png\" alt=\"\" width=\"532\" height=\"310\" srcset=\"https:\/\/agora.xtec.cat\/insalfonscostafreda\/wp-content\/uploads\/usu2359\/foto_mobilitat_web.png 532w, https:\/\/agora.xtec.cat\/insalfonscostafreda\/wp-content\/uploads\/usu2359\/foto_mobilitat_web-300x175.png 300w\" sizes=\"auto, (max-width: 532px) 100vw, 532px\" \/><\/p>\n<h3><i><strong>2023-1-ES01-KA121-SCH-000118435<\/strong><\/i><\/h3>\n<p style=\"margin-bottom: 0.2em;\">Secondary education mobility for teachers and students<\/p>\n<p style=\"margin-bottom: 0.2em;\"><a href=\"https:\/\/erasmus-plus.ec.europa.eu\/projects\/search\/details\/2023-1-ES01-KA121-SCH-000118435\" target=\"_blank\" rel=\"noopener noreferrer\" data-saferedirecturl=\"https:\/\/www.google.com\/url?q=https:\/\/ec.europa.eu\/programmes\/erasmus-plus\/projects\/eplus-project-details\/%23project\/2020-1-ES01-KA101-080703&amp;source=gmail&amp;ust=1607789368401000&amp;usg=AFQjCNGc0XlCv186CpGgMz7qWUIiNt8O_A\">Erasmus Project Card<\/a><\/p>\n<p><a href=\"https:\/\/agora.xtec.cat\/insalfonscostafreda\/erasmus\/erasmus-projects\/2023-1-es01-ka121-sch-000118435\/\">M\u00e9s informaci\u00f3<\/a><\/p>\n<\/div>\n<\/div>\n","protected":false},"excerpt":{"rendered":"<p>2012-1-SK1-COM07-04433 2 Mobility of higher education students and staff supported by internal policy funds Erasmus Project Card M\u00e9s informaci\u00f3 2014-1-ES01-KA101-002496 Learning 21st Century Skills. Cross-curricular Approach to teaching and learning in English. Erasmus Project Card M\u00e9s informaci\u00f3 2017-1-ES01-KA103-035795 Higher education student and staff mobility projectE rasmus Project Card M\u00e9s informaci\u00f3 2019-1-ES01-KA103-061771 Higher education student and [&hellip;]<\/p>\n","protected":false},"author":1,"featured_media":0,"parent":758,"menu_order":2,"comment_status":"closed","ping_status":"closed","template":"page-templates\/side-menu.php","meta":{"_bbp_topic_count":0,"_bbp_reply_count":0,"_bbp_total_topic_count":0,"_bbp_total_reply_count":0,"_bbp_voice_count":0,"_bbp_anonymous_reply_count":0,"_bbp_topic_count_hidden":0,"_bbp_reply_count_hidden":0,"_bbp_forum_subforum_count":0,"site-sidebar-layout":"default","site-content-layout":"","ast-site-content-layout":"","site-content-style":"default","site-sidebar-style":"default","ast-global-header-display":"","ast-banner-title-visibility":"","ast-main-header-display":"","ast-hfb-above-header-display":"","ast-hfb-below-header-display":"","ast-hfb-mobile-header-display":"","site-post-title":"","ast-breadcrumbs-content":"","ast-featured-img":"","footer-sml-layout":"","theme-transparent-header-meta":"","adv-header-id-meta":"","stick-header-meta":"","header-above-stick-meta":"","header-main-stick-meta":"","header-below-stick-meta":"","astra-migrate-meta-layouts":"default","ast-page-background-enabled":"default","ast-page-background-meta":{"desktop":{"background-color":"var(--ast-global-color-4)","background-image":"","background-repeat":"repeat","background-position":"center center","background-size":"auto","background-attachment":"scroll","background-type":"","background-media":"","overlay-type":"","overlay-color":"","overlay-opacity":"","overlay-gradient":""},"tablet":{"background-color":"","background-image":"","background-repeat":"repeat","background-position":"center center","background-size":"auto","background-attachment":"scroll","background-type":"","background-media":"","overlay-type":"","overlay-color":"","overlay-opacity":"","overlay-gradient":""},"mobile":{"background-color":"","background-image":"","background-repeat":"repeat","background-position":"center center","background-size":"auto","background-attachment":"scroll","background-type":"","background-media":"","overlay-type":"","overlay-color":"","overlay-opacity":"","overlay-gradient":""}},"ast-content-background-meta":{"desktop":{"background-color":"var(--ast-global-color-5)","background-image":"","background-repeat":"repeat","background-position":"center center","background-size":"auto","background-attachment":"scroll","background-type":"","background-media":"","overlay-type":"","overlay-color":"","overlay-opacity":"","overlay-gradient":""},"tablet":{"background-color":"var(--ast-global-color-5)","background-image":"","background-repeat":"repeat","background-position":"center center","background-size":"auto","background-attachment":"scroll","background-type":"","background-media":"","overlay-type":"","overlay-color":"","overlay-opacity":"","overlay-gradient":""},"mobile":{"background-color":"var(--ast-global-color-5)","background-image":"","background-repeat":"repeat","background-position":"center center","background-size":"auto","background-attachment":"scroll","background-type":"","background-media":"","overlay-type":"","overlay-color":"","overlay-opacity":"","overlay-gradient":""}},"footnotes":""},"class_list":["post-1473","page","type-page","status-publish","hentry"],"post_mailing_queue_ids":[],"_links":{"self":[{"href":"https:\/\/agora.xtec.cat\/insalfonscostafreda\/wp-json\/wp\/v2\/pages\/1473","targetHints":{"allow":["GET"]}}],"collection":[{"href":"https:\/\/agora.xtec.cat\/insalfonscostafreda\/wp-json\/wp\/v2\/pages"}],"about":[{"href":"https:\/\/agora.xtec.cat\/insalfonscostafreda\/wp-json\/wp\/v2\/types\/page"}],"author":[{"embeddable":true,"href":"https:\/\/agora.xtec.cat\/insalfonscostafreda\/wp-json\/wp\/v2\/users\/1"}],"replies":[{"embeddable":true,"href":"https:\/\/agora.xtec.cat\/insalfonscostafreda\/wp-json\/wp\/v2\/comments?post=1473"}],"version-history":[{"count":5,"href":"https:\/\/agora.xtec.cat\/insalfonscostafreda\/wp-json\/wp\/v2\/pages\/1473\/revisions"}],"predecessor-version":[{"id":1728,"href":"https:\/\/agora.xtec.cat\/insalfonscostafreda\/wp-json\/wp\/v2\/pages\/1473\/revisions\/1728"}],"up":[{"embeddable":true,"href":"https:\/\/agora.xtec.cat\/insalfonscostafreda\/wp-json\/wp\/v2\/pages\/758"}],"wp:attachment":[{"href":"https:\/\/agora.xtec.cat\/insalfonscostafreda\/wp-json\/wp\/v2\/media?parent=1473"}],"curies":[{"name":"wp","href":"https:\/\/api.w.org\/{rel}","templated":true}]}}