{"id":14498,"date":"2026-02-06T13:47:42","date_gmt":"2026-02-06T12:47:42","guid":{"rendered":"https:\/\/agora.xtec.cat\/insalfonscostafreda\/?page_id=14498"},"modified":"2026-02-13T13:14:21","modified_gmt":"2026-02-13T12:14:21","slug":"dual-general","status":"publish","type":"page","link":"https:\/\/agora.xtec.cat\/insalfonscostafreda\/empreses\/la-formacio-professional-dual\/dual-general\/","title":{"rendered":"DUAL General"},"content":{"rendered":"<p><!-- FP Dual (r\u00e8gim general) \u2014 Contingut per WordPress (sense CSS global) --><\/p>\n<nav aria-label=\"\u00cdndex de la p\u00e0gina\" class=\"wp-fpdual-index\">\n<p><strong>\u00cdndex<\/strong><\/p>\n<ul>\n<li><a href=\"#fpdual-que-es\">Qu\u00e8 \u00e9s la FP Dual<\/a><\/li>\n<li><a href=\"#fpdual-regim\">R\u00e8gim general (marc oficial)<\/a><\/li>\n<li><a href=\"#fpdual-nofc\">Regulaci\u00f3 del centre (NOFC)<\/a><\/li>\n<li><a href=\"#fpdual-requisits\">Requisits d\u2019acc\u00e9s (NOFC)<\/a><\/li>\n<li><a href=\"#fpdual-continu\">Continu\u00eftat i finalitzaci\u00f3 (NOFC)<\/a><\/li>\n<li><a href=\"#fpdual-aparellament\">Aparellament alumne\u2013empresa (NOFC)<\/a><\/li>\n<li><a href=\"#fpdual-avaluacio\">Avaluaci\u00f3 i qualificaci\u00f3 (NOFC)<\/a><\/li>\n<li><a href=\"#fpdual-fonts\">Fonts oficials<\/a><\/li>\n<\/ul>\n<\/nav>\n<hr \/>\n<h2 id=\"fpdual-que-es\">Qu\u00e8 \u00e9s la FP Dual<\/h2>\n<p>\n  La formaci\u00f3 dual \u00e9s una modalitat d\u2019FP en qu\u00e8 l\u2019estudiant esdev\u00e9 aprenent i combina la formaci\u00f3 en el centre educatiu<br \/>\n  amb l\u2019activitat productiva en l\u2019empresa.\n<\/p>\n<h3>Objectius (resum institucional)<\/h3>\n<ul>\n<li>Adequar la formaci\u00f3 professional a les necessitats de les empreses.<\/li>\n<li>Enfortir la vinculaci\u00f3 i la coresponsabilitat entre centre i empresa.<\/li>\n<li>Millorar el proc\u00e9s d\u2019aprenentatge de l\u2019estudiantat.<\/li>\n<\/ul>\n<figure class=\"wp-block-image size-large\">\n  <img decoding=\"async\" src=\"https:\/\/agora.xtec.cat\/insalfonscostafreda\/wp-content\/uploads\/usu2359\/dual-hero.png\" alt=\"Imatge principal sobre FP Dual en r\u00e8gim general\" \/><figcaption>FP Dual (r\u00e8gim general).<\/figcaption><\/figure>\n<hr \/>\n<h2 id=\"fpdual-regim\">R\u00e8gim general (marc oficial)<\/h2>\n<p>\n  En el r\u00e8gim general, la fase a l\u2019empresa \u00e9s formaci\u00f3 pr\u00e0ctica tutorizada; l\u2019alumnat conserva l\u2019estatus d\u2019estudiant i<br \/>\n  no hi ha contracte de formaci\u00f3. Tamb\u00e9 es defineixen percentatges de durada i participaci\u00f3 de l\u2019empresa en el curr\u00edculum.\n<\/p>\n<ul>\n<li><strong>Durada<\/strong> de la formaci\u00f3 en empresa: <strong>25%\u201335%<\/strong> de la durada total (excepcionalment, en nivell 1: des del 20%).<\/li>\n<li><strong>Participaci\u00f3<\/strong> de l\u2019empresa: fins al <strong>20%<\/strong> dels resultats d\u2019aprenentatge del curr\u00edculum.<\/li>\n<li><strong>Contracte<\/strong>: en r\u00e8gim general, <strong>no<\/strong> hi ha contracte de formaci\u00f3 en empresa.<\/li>\n<\/ul>\n<p>\n  En el cas dels nous curr\u00edculums de formaci\u00f3 professional, la formaci\u00f3 a l\u2019empresa forma part del curr\u00edculum (RD 659\/2023, art. 9).\n<\/p>\n<hr \/>\n<h2 id=\"fpdual-nofc\">Regulaci\u00f3 del centre (NOFC)<\/h2>\n<p>\n  La formaci\u00f3 a l\u2019empresa en el r\u00e8gim general s\u2019han d\u2019entendre com a pr\u00e0ctiques formatives no laborals, a les empreses,<br \/>\n  que fa l\u2019alumnat dels ensenyaments de formaci\u00f3 professional, batxillerat, programes de formaci\u00f3 i inserci\u00f3, en centres de treball,<br \/>\n  mitjan\u00e7ant un acord formatiu de col\u00b7laboraci\u00f3 que subscriuen el centre docent i l\u2019empresa.\n<\/p>\n<p>\n  Aquesta formaci\u00f3 a l\u2019empresa en el r\u00e8gim general s\u2019orienta a completar el coneixement i les compet\u00e8ncies adquirides per l\u2019alumnat<br \/>\n  en l\u2019\u00e0mbit acad\u00e8mic, i a fer-los con\u00e8ixer la realitat del m\u00f3n productiu, per tal d\u2019enfocar el seu projecte de futur professional<br \/>\n  i millorar les seves possibilitats d\u2019inserci\u00f3 laboral.\n<\/p>\n<figure class=\"wp-block-image size-large\">\n  <img decoding=\"async\" src=\"https:\/\/agora.xtec.cat\/insalfonscostafreda\/wp-content\/uploads\/usu2359\/dual-process.png\" alt=\"Esquema visual de centre i empresa en FP Dual\" \/><figcaption>Centre i empresa comparteixen el desenvolupament formatiu.<\/figcaption><\/figure>\n<hr \/>\n<h2 id=\"fpdual-requisits\">Requisits d\u2019acc\u00e9s (NOFC)<\/h2>\n<h3>Ordenaci\u00f3 de l\u2019alumnat<\/h3>\n<ul>\n<li>L\u2019alumnat s\u2019ordena, tenint en compte els requisits, per poder iniciar la DUAL General seguint l\u2019ordre obtingut.<\/li>\n<li>En cas d\u2019empat, l\u2019equip docent valora maduresa i capacitats per establir l\u2019ordre.<\/li>\n<li>Cada equip docent pot adequar criteris i fer excepcions de manera excepcional. L\u2019excepci\u00f3 ha de constar en una acta d\u2019equip docent.<\/li>\n<\/ul>\n<h3>Alumnat de 1r curs (a partir del mes de maig)<\/h3>\n<ul>\n<li><strong>Assist\u00e8ncia:<\/strong> m\u00e9s d\u2019un 15% de faltes injustificades \u2192 no s\u2019hi accedeix (justificaci\u00f3 validada per l\u2019equip docent).<\/li>\n<li><strong>Resultats acad\u00e8mics:<\/strong> nota global \u2265 6.<\/li>\n<li><strong>Comportament:<\/strong> cap incid\u00e8ncia greu i\/o molt greu.<\/li>\n<li><strong>Formaci\u00f3 pr\u00e8via:<\/strong> PRL (gen\u00e8ricament RA2 d\u2019Itinerari Personal per l\u2019Ocupabilitat I) i protecci\u00f3 de dades.<\/li>\n<li><strong>Hores superades:<\/strong> entre el 90% i el 100% del curr\u00edculum de 1r (segons criteris del cicle). Es poden exigir m\u00f2duls\/RA concrets.<\/li>\n<li><strong>Tutoria:<\/strong> assist\u00e8ncia i aprofitament de les hores de tutoria amb el grup.<\/li>\n<\/ul>\n<h3>Alumnat de 2n curs (a partir del mes de setembre)<\/h3>\n<ul>\n<li><strong>Assist\u00e8ncia:<\/strong> m\u00e9s d\u2019un 15% de faltes injustificades \u2192 no s\u2019hi accedeix (justificaci\u00f3 validada per l\u2019equip docent).<\/li>\n<li><strong>Formaci\u00f3 pr\u00e8via:<\/strong> PRL (gen\u00e8ricament RA2 d\u2019Itinerari Personal per l\u2019Ocupabilitat I) i protecci\u00f3 de dades. Es poden exigir m\u00f2duls\/RA concrets.<\/li>\n<li><strong>Comportament:<\/strong> si hi ha incid\u00e8ncia greu, l\u2019equip docent decideix l\u2019acc\u00e9s o la rescissi\u00f3 si ja s\u2019est\u00e0 realitzant.<\/li>\n<li><strong>Hores superades:<\/strong> m\u00ednim 80% d\u2019hores del curr\u00edculum de 1r curs a l\u2019inici de 2n.<\/li>\n<li><strong>Tutoria:<\/strong> assist\u00e8ncia i aprofitament de les hores de tutoria amb el grup.<\/li>\n<\/ul>\n<hr \/>\n<h2 id=\"fpdual-continu\">Requisits per a la continu\u00eftat i finalitzaci\u00f3 anticipada (NOFC)<\/h2>\n<h3>En relaci\u00f3 a l\u2019empresa<\/h3>\n<ul>\n<li>\n    Si un alumne en alternan\u00e7a acumula m\u00e9s de tres faltes d\u2019assist\u00e8ncia injustificades a l\u2019empresa (sense avisar o sense justificaci\u00f3 suficient\/raonable),<br \/>\n    l\u2019empresa es reserva el dret a finalitzar l\u2019alternan\u00e7a amb previ acord i consulta amb l\u2019institut.\n  <\/li>\n<li>\n    Si un alumne no realitza les tasques encomanades amb la deguda dilig\u00e8ncia (despr\u00e9s d\u2019haver estat advertit i acompanyat durant un temps prudencial),<br \/>\n    l\u2019empresa es reserva el dret a finalitzar l\u2019alternan\u00e7a amb previ acord i consulta amb l\u2019institut.\n  <\/li>\n<\/ul>\n<h3>En relaci\u00f3 amb l\u2019institut<\/h3>\n<ul>\n<li>\n    Si un\/a alumne\/a no complimenta les activitats di\u00e0ries ni gestiona els informes peri\u00f2dics, l\u2019institut es reserva el dret a finalitzar l\u2019alternan\u00e7a<br \/>\n    amb previ acord i consulta amb l\u2019empresa.\n  <\/li>\n<li>\n    Si un\/a alumne\/a durant l\u2019alternan\u00e7a perd algun dels requisits establerts per l\u2019acc\u00e9s, l\u2019institut es reserva el dret a finalitzar la formaci\u00f3 DUAL General<br \/>\n    amb previ acord i consulta amb l\u2019empresa.\n  <\/li>\n<li>La concreci\u00f3 d\u2019aquests criteris es revisa i s\u2019acorda cada curs acad\u00e8mic pels departaments professionals i la direcci\u00f3 del centre.<\/li>\n<\/ul>\n<h3>Finalitzaci\u00f3 anticipada de l\u2019acord<\/h3>\n<ul>\n<li>\n    <strong>Per incompliment de requisits per part de l\u2019alumne\/a:<\/strong><br \/>\n    les hores realitzades en DUAL General no computaran i s\u2019hauran de tornar a realitzar en una altra empresa, amb el vist-i-plau de l\u2019equip docent.<br \/>\n    En aquests casos, l\u2019alumne\/a ser\u00e0 responsable de buscar-se l\u2019empresa.\n  <\/li>\n<li>\n    <strong>Per circumst\u00e0ncies alienes a l\u2019alumne\/a:<\/strong><br \/>\n    les hores realitzades a l\u2019empresa comptabilitzaran. Si no s\u00f3n suficients per qualificar-lo\/la, el centre proporcionar\u00e0 una empresa per finalitzar les hores pendents.\n  <\/li>\n<\/ul>\n<hr \/>\n<h2 id=\"fpdual-aparellament\">Procediment d\u2019aparellament alumne\u2013empresa (NOFC)<\/h2>\n<ul>\n<li>S\u2019apliquen els criteris d\u2019acc\u00e9s per determinar els candidats en cada cicle formatiu.<\/li>\n<li>El tutor d\u2019empresa, juntament amb l\u2019equip docent, ordenar\u00e0 els candidats segons la puntuaci\u00f3 obtinguda en la valoraci\u00f3 dels criteris d\u2019acc\u00e9s.<\/li>\n<li>D\u2019acord amb l\u2019ordre, l\u2019alumnat iniciar\u00e0 les pr\u00e0ctiques formatives en les empreses col\u00b7laboradores disponibles.<\/li>\n<li>L\u2019empresa pot fer una entrevista. Si decideix no acollir-lo\/la per motius justificats, podr\u00e0 entrevistar un\/a altre\/a candidat\/a.<\/li>\n<li>L\u2019alumnat no seleccionat realitzar\u00e0 les pr\u00e0ctiques en una altra empresa disponible seguint el mateix procediment.<\/li>\n<li>\n    Si l\u2019alumnat vol realitzar la DUAL General en una empresa de la que sigui treballador, ho pot fer sempre que en el seu lloc de treball<br \/>\n    no realitzi tasques relacionades amb l\u2019\u00e0mbit dels seus estudis. Durant les hores de pr\u00e0ctiques, haur\u00e0 de fer les tasques del seu pla d\u2019activitats.\n  <\/li>\n<\/ul>\n<hr \/>\n<h2 id=\"fpdual-avaluacio\">Avaluaci\u00f3 i qualificaci\u00f3 (NOFC)<\/h2>\n<h3>Avaluaci\u00f3<\/h3>\n<ul>\n<li>El tutor o tutora de pr\u00e0ctiques \u00e9s responsable de la valoraci\u00f3 i ha de tenir en compte la valoraci\u00f3 de l\u2019empresa.<\/li>\n<li>Ha d\u2019utilitzar els informes peri\u00f2dics d\u2019activitat di\u00e0ria (Informe peri\u00f2dic de l\u2019activitat di\u00e0ria, doc. ref. 17) com a eina per a la proposta d\u2019avaluaci\u00f3 final.<\/li>\n<\/ul>\n<h3>Qualificaci\u00f3 (QMP)<\/h3>\n<ul>\n<li>La qualificaci\u00f3 de l\u2019estada a l\u2019empresa contribueix en un 10% a la qualificaci\u00f3 final dels RA dels m\u00f2duls professionals que tenen associada aquesta formaci\u00f3.<\/li>\n<li><strong>QMP = 90% nota de centre + 10% nota DUAL<\/strong><\/li>\n<\/ul>\n<h3>Exempcions<\/h3>\n<ul>\n<li><strong>Exempci\u00f3 total (100%):<\/strong> QMP = 100% nota de centre<\/li>\n<li><strong>Exempci\u00f3 parcial (25% o 50%):<\/strong> QMP = 90% nota de centre + 10% nota DUAL<\/li>\n<\/ul>\n<hr \/>\n<h2 id=\"fpdual-fonts\">Fonts oficials (marc normatiu i institucional)<\/h2>\n<ul>\n<li>\n    <strong>BOE \u2014 Llei org\u00e0nica 3\/2022<\/strong> (r\u00e8gim general de la formaci\u00f3 en empresa i condicions generals).<br \/>\n    <a href=\"https:\/\/www.boe.es\/buscar\/act.php?id=BOE-A-2022-5139\" target=\"_blank\" rel=\"noopener\">Veure al BOE<\/a>\n  <\/li>\n<li>\n    <strong>BOE \u2014 RD 659\/2023<\/strong> (sistema de FP i, entre d\u2019altres, aspectes del curr\u00edculum; art. 9).<br \/>\n    <a href=\"https:\/\/www.boe.es\/buscar\/act.php?id=BOE-A-2023-16889\" target=\"_blank\" rel=\"noopener\">Veure al BOE<\/a>\n  <\/li>\n<li>\n    <strong>Generalitat de Catalunya \u2014 Tria educativa (FP dual)<\/strong> (definici\u00f3 i objectius).<br \/>\n    <a href=\"https:\/\/triaeducativa.gencat.cat\/ca\/fp\/cataleg-serveis\/fp-dual\/\" target=\"_blank\" rel=\"noopener\">Veure a Tria educativa<\/a>\n  <\/li>\n<\/ul>\n","protected":false},"excerpt":{"rendered":"<p>\u00cdndex Qu\u00e8 \u00e9s la FP Dual R\u00e8gim general (marc oficial) Regulaci\u00f3 del centre (NOFC) Requisits d\u2019acc\u00e9s (NOFC) Continu\u00eftat i finalitzaci\u00f3 (NOFC) Aparellament alumne\u2013empresa (NOFC) Avaluaci\u00f3 i qualificaci\u00f3 (NOFC) Fonts oficials Qu\u00e8 \u00e9s la FP Dual La formaci\u00f3 dual \u00e9s una modalitat d\u2019FP en qu\u00e8 l\u2019estudiant esdev\u00e9 aprenent i combina la formaci\u00f3 en el centre educatiu [&hellip;]<\/p>\n","protected":false},"author":9,"featured_media":0,"parent":742,"menu_order":0,"comment_status":"closed","ping_status":"closed","template":"page-templates\/side-menu.php","meta":{"_bbp_topic_count":0,"_bbp_reply_count":0,"_bbp_total_topic_count":0,"_bbp_total_reply_count":0,"_bbp_voice_count":0,"_bbp_anonymous_reply_count":0,"_bbp_topic_count_hidden":0,"_bbp_reply_count_hidden":0,"_bbp_forum_subforum_count":0,"site-sidebar-layout":"default","site-content-layout":"","ast-site-content-layout":"","site-content-style":"default","site-sidebar-style":"default","ast-global-header-display":"","ast-banner-title-visibility":"","ast-main-header-display":"","ast-hfb-above-header-display":"","ast-hfb-below-header-display":"","ast-hfb-mobile-header-display":"","site-post-title":"","ast-breadcrumbs-content":"","ast-featured-img":"","footer-sml-layout":"","theme-transparent-header-meta":"","adv-header-id-meta":"","stick-header-meta":"","header-above-stick-meta":"","header-main-stick-meta":"","header-below-stick-meta":"","astra-migrate-meta-layouts":"default","ast-page-background-enabled":"default","ast-page-background-meta":{"desktop":{"background-color":"var(--ast-global-color-4)","background-image":"","background-repeat":"repeat","background-position":"center center","background-size":"auto","background-attachment":"scroll","background-type":"","background-media":"","overlay-type":"","overlay-color":"","overlay-opacity":"","overlay-gradient":""},"tablet":{"background-color":"","background-image":"","background-repeat":"repeat","background-position":"center center","background-size":"auto","background-attachment":"scroll","background-type":"","background-media":"","overlay-type":"","overlay-color":"","overlay-opacity":"","overlay-gradient":""},"mobile":{"background-color":"","background-image":"","background-repeat":"repeat","background-position":"center center","background-size":"auto","background-attachment":"scroll","background-type":"","background-media":"","overlay-type":"","overlay-color":"","overlay-opacity":"","overlay-gradient":""}},"ast-content-background-meta":{"desktop":{"background-color":"var(--ast-global-color-5)","background-image":"","background-repeat":"repeat","background-position":"center center","background-size":"auto","background-attachment":"scroll","background-type":"","background-media":"","overlay-type":"","overlay-color":"","overlay-opacity":"","overlay-gradient":""},"tablet":{"background-color":"var(--ast-global-color-5)","background-image":"","background-repeat":"repeat","background-position":"center center","background-size":"auto","background-attachment":"scroll","background-type":"","background-media":"","overlay-type":"","overlay-color":"","overlay-opacity":"","overlay-gradient":""},"mobile":{"background-color":"var(--ast-global-color-5)","background-image":"","background-repeat":"repeat","background-position":"center center","background-size":"auto","background-attachment":"scroll","background-type":"","background-media":"","overlay-type":"","overlay-color":"","overlay-opacity":"","overlay-gradient":""}},"footnotes":""},"class_list":["post-14498","page","type-page","status-publish","hentry"],"post_mailing_queue_ids":[],"_links":{"self":[{"href":"https:\/\/agora.xtec.cat\/insalfonscostafreda\/wp-json\/wp\/v2\/pages\/14498","targetHints":{"allow":["GET"]}}],"collection":[{"href":"https:\/\/agora.xtec.cat\/insalfonscostafreda\/wp-json\/wp\/v2\/pages"}],"about":[{"href":"https:\/\/agora.xtec.cat\/insalfonscostafreda\/wp-json\/wp\/v2\/types\/page"}],"author":[{"embeddable":true,"href":"https:\/\/agora.xtec.cat\/insalfonscostafreda\/wp-json\/wp\/v2\/users\/9"}],"replies":[{"embeddable":true,"href":"https:\/\/agora.xtec.cat\/insalfonscostafreda\/wp-json\/wp\/v2\/comments?post=14498"}],"version-history":[{"count":4,"href":"https:\/\/agora.xtec.cat\/insalfonscostafreda\/wp-json\/wp\/v2\/pages\/14498\/revisions"}],"predecessor-version":[{"id":14554,"href":"https:\/\/agora.xtec.cat\/insalfonscostafreda\/wp-json\/wp\/v2\/pages\/14498\/revisions\/14554"}],"up":[{"embeddable":true,"href":"https:\/\/agora.xtec.cat\/insalfonscostafreda\/wp-json\/wp\/v2\/pages\/742"}],"wp:attachment":[{"href":"https:\/\/agora.xtec.cat\/insalfonscostafreda\/wp-json\/wp\/v2\/media?parent=14498"}],"curies":[{"name":"wp","href":"https:\/\/api.w.org\/{rel}","templated":true}]}}