{"id":1447,"date":"2023-12-31T12:42:31","date_gmt":"2023-12-31T11:42:31","guid":{"rendered":"https:\/\/agora.xtec.cat\/insalfonscostafreda\/?page_id=1447"},"modified":"2026-02-02T21:05:02","modified_gmt":"2026-02-02T20:05:02","slug":"simulacio-dempresa-sefed","status":"publish","type":"page","link":"https:\/\/agora.xtec.cat\/insalfonscostafreda\/projectes\/projectes-pedagogics\/simulacio-dempresa-sefed\/","title":{"rendered":"Simulaci\u00f3 d&#8217;Empresa"},"content":{"rendered":"<p>El Projecte SEFED utilitza la creaci\u00f3 d\u2019una empresa a l\u2019aula com a eina pedag\u00f2gica per a formar l\u2019alumnat, de manera pr\u00e0ctica i transversal (<em>learning by doing<\/em>), en tasques administratives i de gesti\u00f3 empresarial, utilitzant la simulaci\u00f3 d\u2019empreses com a metodologia d\u2019aprenentatge.<\/p>\n<ul>\n<li>Aquesta empresa SEFED funciona com una empresa real: compra i ven els seus productes, t\u00e9 relacions comercials amb altres empreses simulades arreu del m\u00f3n, comptabilitza operacions, controla tresoreria, paga impostos, gestiona els recursos humans i el departament de m\u00e0rqueting, etc.<\/li>\n<li>Metodologia activa i amb un component clarament professionalitzador. Promou la formaci\u00f3 per mitj\u00e0 de l\u2019experi\u00e8ncia: \u201caprendre fent, aprendre treballant\u201d \u2013\u00a0<em>learning by doing<\/em>.<\/li>\n<\/ul>\n<h2>V\u00eddeo presentaci\u00f3<\/h2>\n<p><iframe loading=\"lazy\" title=\"YouTube video player\" src=\"https:\/\/www.youtube.com\/embed\/rEw480jswuU?si=4RZj7s3iAc2NQiew\" width=\"560\" height=\"315\" frameborder=\"0\" allowfullscreen=\"allowfullscreen\"><span data-mce-type=\"bookmark\" style=\"display: inline-block; width: 0px; overflow: hidden; line-height: 0;\" class=\"mce_SELRES_start\">\ufeff<\/span>&lt;\/ifra<\/iframe><\/p>\n","protected":false},"excerpt":{"rendered":"<p>El Projecte SEFED utilitza la creaci\u00f3 d\u2019una empresa a l\u2019aula com a eina pedag\u00f2gica per a formar l\u2019alumnat, de manera pr\u00e0ctica i transversal (learning by doing), en tasques administratives i de gesti\u00f3 empresarial, utilitzant la simulaci\u00f3 d\u2019empreses com a metodologia d\u2019aprenentatge. Aquesta empresa SEFED funciona com una empresa real: compra i ven els seus productes, [&hellip;]<\/p>\n","protected":false},"author":1,"featured_media":0,"parent":14416,"menu_order":3,"comment_status":"closed","ping_status":"closed","template":"page-templates\/side-menu.php","meta":{"_bbp_topic_count":0,"_bbp_reply_count":0,"_bbp_total_topic_count":0,"_bbp_total_reply_count":0,"_bbp_voice_count":0,"_bbp_anonymous_reply_count":0,"_bbp_topic_count_hidden":0,"_bbp_reply_count_hidden":0,"_bbp_forum_subforum_count":0,"site-sidebar-layout":"default","site-content-layout":"","ast-site-content-layout":"","site-content-style":"default","site-sidebar-style":"default","ast-global-header-display":"","ast-banner-title-visibility":"","ast-main-header-display":"","ast-hfb-above-header-display":"","ast-hfb-below-header-display":"","ast-hfb-mobile-header-display":"","site-post-title":"","ast-breadcrumbs-content":"","ast-featured-img":"","footer-sml-layout":"","theme-transparent-header-meta":"","adv-header-id-meta":"","stick-header-meta":"","header-above-stick-meta":"","header-main-stick-meta":"","header-below-stick-meta":"","astra-migrate-meta-layouts":"default","ast-page-background-enabled":"default","ast-page-background-meta":{"desktop":{"background-color":"var(--ast-global-color-4)","background-image":"","background-repeat":"repeat","background-position":"center center","background-size":"auto","background-attachment":"scroll","background-type":"","background-media":"","overlay-type":"","overlay-color":"","overlay-opacity":"","overlay-gradient":""},"tablet":{"background-color":"","background-image":"","background-repeat":"repeat","background-position":"center center","background-size":"auto","background-attachment":"scroll","background-type":"","background-media":"","overlay-type":"","overlay-color":"","overlay-opacity":"","overlay-gradient":""},"mobile":{"background-color":"","background-image":"","background-repeat":"repeat","background-position":"center center","background-size":"auto","background-attachment":"scroll","background-type":"","background-media":"","overlay-type":"","overlay-color":"","overlay-opacity":"","overlay-gradient":""}},"ast-content-background-meta":{"desktop":{"background-color":"var(--ast-global-color-5)","background-image":"","background-repeat":"repeat","background-position":"center center","background-size":"auto","background-attachment":"scroll","background-type":"","background-media":"","overlay-type":"","overlay-color":"","overlay-opacity":"","overlay-gradient":""},"tablet":{"background-color":"var(--ast-global-color-5)","background-image":"","background-repeat":"repeat","background-position":"center center","background-size":"auto","background-attachment":"scroll","background-type":"","background-media":"","overlay-type":"","overlay-color":"","overlay-opacity":"","overlay-gradient":""},"mobile":{"background-color":"var(--ast-global-color-5)","background-image":"","background-repeat":"repeat","background-position":"center center","background-size":"auto","background-attachment":"scroll","background-type":"","background-media":"","overlay-type":"","overlay-color":"","overlay-opacity":"","overlay-gradient":""}},"footnotes":""},"class_list":["post-1447","page","type-page","status-publish","hentry"],"post_mailing_queue_ids":[],"_links":{"self":[{"href":"https:\/\/agora.xtec.cat\/insalfonscostafreda\/wp-json\/wp\/v2\/pages\/1447","targetHints":{"allow":["GET"]}}],"collection":[{"href":"https:\/\/agora.xtec.cat\/insalfonscostafreda\/wp-json\/wp\/v2\/pages"}],"about":[{"href":"https:\/\/agora.xtec.cat\/insalfonscostafreda\/wp-json\/wp\/v2\/types\/page"}],"author":[{"embeddable":true,"href":"https:\/\/agora.xtec.cat\/insalfonscostafreda\/wp-json\/wp\/v2\/users\/1"}],"replies":[{"embeddable":true,"href":"https:\/\/agora.xtec.cat\/insalfonscostafreda\/wp-json\/wp\/v2\/comments?post=1447"}],"version-history":[{"count":2,"href":"https:\/\/agora.xtec.cat\/insalfonscostafreda\/wp-json\/wp\/v2\/pages\/1447\/revisions"}],"predecessor-version":[{"id":1449,"href":"https:\/\/agora.xtec.cat\/insalfonscostafreda\/wp-json\/wp\/v2\/pages\/1447\/revisions\/1449"}],"up":[{"embeddable":true,"href":"https:\/\/agora.xtec.cat\/insalfonscostafreda\/wp-json\/wp\/v2\/pages\/14416"}],"wp:attachment":[{"href":"https:\/\/agora.xtec.cat\/insalfonscostafreda\/wp-json\/wp\/v2\/media?parent=1447"}],"curies":[{"name":"wp","href":"https:\/\/api.w.org\/{rel}","templated":true}]}}