{"id":14464,"date":"2026-02-04T09:04:21","date_gmt":"2026-02-04T08:04:21","guid":{"rendered":"https:\/\/agora.xtec.cat\/insalfonscostafreda\/?page_id=14464"},"modified":"2026-02-04T09:47:13","modified_gmt":"2026-02-04T08:47:13","slug":"programa-innovafp","status":"publish","type":"page","link":"https:\/\/agora.xtec.cat\/insalfonscostafreda\/projectes\/programes-fp\/programa-innovafp\/","title":{"rendered":"Programa InnovaFP"},"content":{"rendered":"\n<p><strong>InnovaFP<\/strong>&nbsp;\u00e9s el programa de la Direcci\u00f3 General de Formaci\u00f3 Professional del Departament d\u2019Educaci\u00f3 de la Generalitat de Catalunya que promou la col\u00b7laboraci\u00f3 d\u2019empreses i centres de formaci\u00f3 professional per treballar en projectes d\u2019innovaci\u00f3 i transfer\u00e8ncia de coneixement.<\/p>\n\n\n\n<p>El programa&nbsp;<strong>InnovaFP<\/strong>&nbsp;cerca l\u2019actualitzaci\u00f3 de coneixements a la formaci\u00f3 professional i la cooperaci\u00f3 amb les empreses i altres organitzacions de l\u2019entorn, mitjan\u00e7ant la col\u00b7laboraci\u00f3 en el desenvolupament de projectes d\u2019innovaci\u00f3 i transfer\u00e8ncia de coneixement.<\/p>\n","protected":false},"excerpt":{"rendered":"<p>InnovaFP&nbsp;\u00e9s el programa de la Direcci\u00f3 General de Formaci\u00f3 Professional del Departament d\u2019Educaci\u00f3 de la Generalitat de Catalunya que promou la col\u00b7laboraci\u00f3 d\u2019empreses i centres de formaci\u00f3 professional per treballar en projectes d\u2019innovaci\u00f3 i transfer\u00e8ncia de coneixement. El programa&nbsp;InnovaFP&nbsp;cerca l\u2019actualitzaci\u00f3 de coneixements a la formaci\u00f3 professional i la cooperaci\u00f3 amb les empreses i altres organitzacions [&hellip;]<\/p>\n","protected":false},"author":5,"featured_media":0,"parent":14461,"menu_order":0,"comment_status":"closed","ping_status":"close","template":"page-templates\/side-menu.php","meta":{"_bbp_topic_count":0,"_bbp_reply_count":0,"_bbp_total_topic_count":0,"_bbp_total_reply_count":0,"_bbp_voice_count":0,"_bbp_anonymous_reply_count":0,"_bbp_topic_count_hidden":0,"_bbp_reply_count_hidden":0,"_bbp_forum_subforum_count":0,"site-sidebar-layout":"default","site-content-layout":"","ast-site-content-layout":"","site-content-style":"default","site-sidebar-style":"default","ast-global-header-display":"","ast-banner-title-visibility":"","ast-main-header-display":"","ast-hfb-above-header-display":"","ast-hfb-below-header-display":"","ast-hfb-mobile-header-display":"","site-post-title":"","ast-breadcrumbs-content":"","ast-featured-img":"","footer-sml-layout":"","theme-transparent-header-meta":"","adv-header-id-meta":"","stick-header-meta":"","header-above-stick-meta":"","header-main-stick-meta":"","header-below-stick-meta":"","astra-migrate-meta-layouts":"default","ast-page-background-enabled":"default","ast-page-background-meta":{"desktop":{"background-color":"var(--ast-global-color-4)","background-image":"","background-repeat":"repeat","background-position":"center center","background-size":"auto","background-attachment":"scroll","background-type":"","background-media":"","overlay-type":"","overlay-color":"","overlay-opacity":"","overlay-gradient":""},"tablet":{"background-color":"","background-image":"","background-repeat":"repeat","background-position":"center center","background-size":"auto","background-attachment":"scroll","background-type":"","background-media":"","overlay-type":"","overlay-color":"","overlay-opacity":"","overlay-gradient":""},"mobile":{"background-color":"","background-image":"","background-repeat":"repeat","background-position":"center center","background-size":"auto","background-attachment":"scroll","background-type":"","background-media":"","overlay-type":"","overlay-color":"","overlay-opacity":"","overlay-gradient":""}},"ast-content-background-meta":{"desktop":{"background-color":"var(--ast-global-color-5)","background-image":"","background-repeat":"repeat","background-position":"center center","background-size":"auto","background-attachment":"scroll","background-type":"","background-media":"","overlay-type":"","overlay-color":"","overlay-opacity":"","overlay-gradient":""},"tablet":{"background-color":"var(--ast-global-color-5)","background-image":"","background-repeat":"repeat","background-position":"center center","background-size":"auto","background-attachment":"scroll","background-type":"","background-media":"","overlay-type":"","overlay-color":"","overlay-opacity":"","overlay-gradient":""},"mobile":{"background-color":"var(--ast-global-color-5)","background-image":"","background-repeat":"repeat","background-position":"center center","background-size":"auto","background-attachment":"scroll","background-type":"","background-media":"","overlay-type":"","overlay-color":"","overlay-opacity":"","overlay-gradient":""}},"footnotes":""},"class_list":["post-14464","page","type-page","status-publish","hentry"],"post_mailing_queue_ids":[],"_links":{"self":[{"href":"https:\/\/agora.xtec.cat\/insalfonscostafreda\/wp-json\/wp\/v2\/pages\/14464","targetHints":{"allow":["GET"]}}],"collection":[{"href":"https:\/\/agora.xtec.cat\/insalfonscostafreda\/wp-json\/wp\/v2\/pages"}],"about":[{"href":"https:\/\/agora.xtec.cat\/insalfonscostafreda\/wp-json\/wp\/v2\/types\/page"}],"author":[{"embeddable":true,"href":"https:\/\/agora.xtec.cat\/insalfonscostafreda\/wp-json\/wp\/v2\/users\/5"}],"replies":[{"embeddable":true,"href":"https:\/\/agora.xtec.cat\/insalfonscostafreda\/wp-json\/wp\/v2\/comments?post=14464"}],"version-history":[{"count":2,"href":"https:\/\/agora.xtec.cat\/insalfonscostafreda\/wp-json\/wp\/v2\/pages\/14464\/revisions"}],"predecessor-version":[{"id":14472,"href":"https:\/\/agora.xtec.cat\/insalfonscostafreda\/wp-json\/wp\/v2\/pages\/14464\/revisions\/14472"}],"up":[{"embeddable":true,"href":"https:\/\/agora.xtec.cat\/insalfonscostafreda\/wp-json\/wp\/v2\/pages\/14461"}],"wp:attachment":[{"href":"https:\/\/agora.xtec.cat\/insalfonscostafreda\/wp-json\/wp\/v2\/media?parent=14464"}],"curies":[{"name":"wp","href":"https:\/\/api.w.org\/{rel}","templated":true}]}}