{"id":14432,"date":"2026-02-02T20:39:34","date_gmt":"2026-02-02T19:39:34","guid":{"rendered":"https:\/\/agora.xtec.cat\/insalfonscostafreda\/?page_id=14432"},"modified":"2026-02-02T20:39:34","modified_gmt":"2026-02-02T19:39:34","slug":"xarxa-de-competencia-lectora-xcl","status":"publish","type":"page","link":"https:\/\/agora.xtec.cat\/insalfonscostafreda\/projectes\/projectes-pedagogics\/xarxa-de-competencia-lectora-xcl\/","title":{"rendered":"Xarxa de compet\u00e8ncia lectora (XCL)"},"content":{"rendered":"\n<p>El Departament d\u2019Educaci\u00f3 de Catalunya desplega un pla integral per&nbsp;<strong>millorar la compet\u00e8ncia lectora de l\u2019alumnat,<\/strong>&nbsp;arran de la preocupaci\u00f3 pels resultats en comprensi\u00f3 lectora. El projecte engloba des de l\u2019actualitzaci\u00f3 de biblioteques escolars fins a la formaci\u00f3 espec\u00edfica per al professorat, passant per la creaci\u00f3 de xarxes de comprensi\u00f3 lectora i l\u2019impuls de l\u2019h\u00e0bit lector.<\/p>\n\n\n\n<figure class=\"wp-block-image alignleft\"><img decoding=\"async\" src=\"https:\/\/projectes.xtec.cat\/lic-cce\/wp-content\/uploads\/usu2122\/2024\/11\/Components-CL-300x211.jpg\" alt=\"\" class=\"wp-image-9463\"\/><\/figure>\n\n\n\n<p>Amb l\u2019objectiu de fomentar una millora tangible en la comprensi\u00f3 lectora, la<strong>&nbsp;xarxa de compet\u00e8ncia lectora (XCL)<\/strong>&nbsp;vol promoure l\u2019aprenentatge entre iguals, mitjan\u00e7ant la reflexi\u00f3, l\u2019intercanvi de coneixements i de bones pr\u00e0ctiques, aix\u00ed com oferir i compartir materials, eines, estrat\u00e8gies i activitats per millorar la comprensi\u00f3 lectora d\u2019infants i joves.<\/p>\n\n\n\n<p>En el treball de la xarxa es treballen&nbsp;<strong>els components<\/strong>&nbsp;que cal tenir en compte per a treballar i millorar la compet\u00e8ncia lectora de l\u2019alumnat.<\/p>\n","protected":false},"excerpt":{"rendered":"<p>El Departament d\u2019Educaci\u00f3 de Catalunya desplega un pla integral per&nbsp;millorar la compet\u00e8ncia lectora de l\u2019alumnat,&nbsp;arran de la preocupaci\u00f3 pels resultats en comprensi\u00f3 lectora. El projecte engloba des de l\u2019actualitzaci\u00f3 de biblioteques escolars fins a la formaci\u00f3 espec\u00edfica per al professorat, passant per la creaci\u00f3 de xarxes de comprensi\u00f3 lectora i l\u2019impuls de l\u2019h\u00e0bit lector. Amb [&hellip;]<\/p>\n","protected":false},"author":5,"featured_media":0,"parent":14416,"menu_order":0,"comment_status":"closed","ping_status":"close","template":"page-templates\/side-menu.php","meta":{"_bbp_topic_count":0,"_bbp_reply_count":0,"_bbp_total_topic_count":0,"_bbp_total_reply_count":0,"_bbp_voice_count":0,"_bbp_anonymous_reply_count":0,"_bbp_topic_count_hidden":0,"_bbp_reply_count_hidden":0,"_bbp_forum_subforum_count":0,"site-sidebar-layout":"default","site-content-layout":"","ast-site-content-layout":"","site-content-style":"default","site-sidebar-style":"default","ast-global-header-display":"","ast-banner-title-visibility":"","ast-main-header-display":"","ast-hfb-above-header-display":"","ast-hfb-below-header-display":"","ast-hfb-mobile-header-display":"","site-post-title":"","ast-breadcrumbs-content":"","ast-featured-img":"","footer-sml-layout":"","theme-transparent-header-meta":"","adv-header-id-meta":"","stick-header-meta":"","header-above-stick-meta":"","header-main-stick-meta":"","header-below-stick-meta":"","astra-migrate-meta-layouts":"default","ast-page-background-enabled":"default","ast-page-background-meta":{"desktop":{"background-color":"var(--ast-global-color-4)","background-image":"","background-repeat":"repeat","background-position":"center center","background-size":"auto","background-attachment":"scroll","background-type":"","background-media":"","overlay-type":"","overlay-color":"","overlay-opacity":"","overlay-gradient":""},"tablet":{"background-color":"","background-image":"","background-repeat":"repeat","background-position":"center center","background-size":"auto","background-attachment":"scroll","background-type":"","background-media":"","overlay-type":"","overlay-color":"","overlay-opacity":"","overlay-gradient":""},"mobile":{"background-color":"","background-image":"","background-repeat":"repeat","background-position":"center center","background-size":"auto","background-attachment":"scroll","background-type":"","background-media":"","overlay-type":"","overlay-color":"","overlay-opacity":"","overlay-gradient":""}},"ast-content-background-meta":{"desktop":{"background-color":"var(--ast-global-color-5)","background-image":"","background-repeat":"repeat","background-position":"center center","background-size":"auto","background-attachment":"scroll","background-type":"","background-media":"","overlay-type":"","overlay-color":"","overlay-opacity":"","overlay-gradient":""},"tablet":{"background-color":"var(--ast-global-color-5)","background-image":"","background-repeat":"repeat","background-position":"center center","background-size":"auto","background-attachment":"scroll","background-type":"","background-media":"","overlay-type":"","overlay-color":"","overlay-opacity":"","overlay-gradient":""},"mobile":{"background-color":"var(--ast-global-color-5)","background-image":"","background-repeat":"repeat","background-position":"center center","background-size":"auto","background-attachment":"scroll","background-type":"","background-media":"","overlay-type":"","overlay-color":"","overlay-opacity":"","overlay-gradient":""}},"footnotes":""},"class_list":["post-14432","page","type-page","status-publish","hentry"],"post_mailing_queue_ids":[],"_links":{"self":[{"href":"https:\/\/agora.xtec.cat\/insalfonscostafreda\/wp-json\/wp\/v2\/pages\/14432","targetHints":{"allow":["GET"]}}],"collection":[{"href":"https:\/\/agora.xtec.cat\/insalfonscostafreda\/wp-json\/wp\/v2\/pages"}],"about":[{"href":"https:\/\/agora.xtec.cat\/insalfonscostafreda\/wp-json\/wp\/v2\/types\/page"}],"author":[{"embeddable":true,"href":"https:\/\/agora.xtec.cat\/insalfonscostafreda\/wp-json\/wp\/v2\/users\/5"}],"replies":[{"embeddable":true,"href":"https:\/\/agora.xtec.cat\/insalfonscostafreda\/wp-json\/wp\/v2\/comments?post=14432"}],"version-history":[{"count":1,"href":"https:\/\/agora.xtec.cat\/insalfonscostafreda\/wp-json\/wp\/v2\/pages\/14432\/revisions"}],"predecessor-version":[{"id":14433,"href":"https:\/\/agora.xtec.cat\/insalfonscostafreda\/wp-json\/wp\/v2\/pages\/14432\/revisions\/14433"}],"up":[{"embeddable":true,"href":"https:\/\/agora.xtec.cat\/insalfonscostafreda\/wp-json\/wp\/v2\/pages\/14416"}],"wp:attachment":[{"href":"https:\/\/agora.xtec.cat\/insalfonscostafreda\/wp-json\/wp\/v2\/media?parent=14432"}],"curies":[{"name":"wp","href":"https:\/\/api.w.org\/{rel}","templated":true}]}}