{"id":14428,"date":"2026-02-02T20:34:05","date_gmt":"2026-02-02T19:34:05","guid":{"rendered":"https:\/\/agora.xtec.cat\/insalfonscostafreda\/?page_id=14428"},"modified":"2026-02-02T20:35:04","modified_gmt":"2026-02-02T19:35:04","slug":"programa-florence","status":"publish","type":"page","link":"https:\/\/agora.xtec.cat\/insalfonscostafreda\/projectes\/projectes-pedagogics\/programa-florence\/","title":{"rendered":"Programa Florence"},"content":{"rendered":"\n<p><strong>El Programa Florence t\u00e9 com a objectiu millorar la compet\u00e8ncia matem\u00e0tica dels nostres alumnes.<\/strong><\/p>\n\n\n\n<p>ls resultats de les diferents proves d\u2019avaluaci\u00f3 que s\u2019han dut a terme a Catalunya \u2014compet\u00e8ncies b\u00e0siques de 6\u00e8 de prim\u00e0ria i de 4t d\u2019ESO,&nbsp;i proves internacionals PISA\u2014 mostren un descens significatiu, especialment en el rendiment en&nbsp;<strong>compet\u00e8ncia matem\u00e0tica<\/strong>&nbsp;de l\u2019alumnat. En aquesta \u00e0rea, s\u2019evidencia que l\u2019alumnat catal\u00e0 t\u00e9 dificultats d\u2019aprenentatge en els problemes de connexions i reflexi\u00f3, en deducci\u00f3 i raonament; especialment en fraccions, percentatges, proporcions i geometria de l\u2019espai.<\/p>\n\n\n\n<p>Aquesta caiguda \u00e9s generalitzada i afecta la majoria de pa\u00efsos on s\u2019han fet les proves. Fets com la pand\u00e8mia de la covid-19 hi han tingut a veure, per\u00f2 hi ha altres causes estructurals que cal atendre.<\/p>\n\n\n\n<p>Si b\u00e9 les darreres proves de compet\u00e8ncies b\u00e0siques que ha fet el&nbsp;<strong>Consell Superior d\u2019Avaluaci\u00f3 de Catalunya<\/strong>&nbsp;mostren un cert canvi de la tend\u00e8ncia a la baixa d\u2019anys anteriors, cal una intervenci\u00f3 decidida en el conjunt del sistema educatiu. El Programa Florence s\u2019emmarca en aquest pla de millora competencial.<\/p>\n\n\n\n<p>En primer lloc, s\u2019interpreten i analitzen els resultats que han obtingut els alumnes del centre que participa en aquest Programa a les proves externes de diagnosi del Consell Superior d\u2019Avaluaci\u00f3 del Sistema Educatiu.<\/p>\n\n\n\n<p>A partir d\u2019aquesta informaci\u00f3, es dissenya un pla d\u2019intervenci\u00f3 al centre, que inclou:<\/p>\n\n\n\n<ul class=\"wp-block-list\">\n<li>Suport a aspectes organitzatius, metodol\u00f2gics i d\u2019avaluaci\u00f3.\n<ul class=\"wp-block-list\">\n<li>Increment de les hores de matem\u00e0tiques entre 1 i 4 hores setmanals.<\/li>\n<\/ul>\n<\/li>\n\n\n\n<li>Formaci\u00f3 del professorat i acompanyament.\n<ul class=\"wp-block-list\">\n<li>Creaci\u00f3 de la figura de referent de centre en matem\u00e0tiques a l\u2019educaci\u00f3 prim\u00e0ria: n\u2019hi haur\u00e0 12, un per cada un dels serveis territorials, i ser\u00e0 una persona que triar\u00e0 el propi centre i que rebr\u00e0 formaci\u00f3 i acompanyament espec\u00edfic, at\u00e8s que no hi ha especialista en matem\u00e0tiques en aquesta etapa<\/li>\n<\/ul>\n<\/li>\n\n\n\n<li>Recursos i materials: guies did\u00e0ctiques, activitats, orientacions, etc.\n<ul class=\"wp-block-list\">\n<li>Lliurament als centres participants d\u2019una maleta amb material pr\u00e0ctic que ajudi a entendre millor les matem\u00e0tiques<\/li>\n<\/ul>\n<\/li>\n<\/ul>\n\n\n\n<p>El Programa Florence t\u00e9 una durada de tres cursos acad\u00e8mics.&nbsp;<\/p>\n\n\n\n<ul class=\"wp-block-list\">\n<li><strong>Inici:<\/strong>\u00a0curs 2024-2025<\/li>\n\n\n\n<li><strong>Finalitzaci\u00f3:<\/strong>\u00a0curs 2026-2027<\/li>\n<\/ul>\n\n\n\n<p><\/p>\n","protected":false},"excerpt":{"rendered":"<p>El Programa Florence t\u00e9 com a objectiu millorar la compet\u00e8ncia matem\u00e0tica dels nostres alumnes. ls resultats de les diferents proves d\u2019avaluaci\u00f3 que s\u2019han dut a terme a Catalunya \u2014compet\u00e8ncies b\u00e0siques de 6\u00e8 de prim\u00e0ria i de 4t d\u2019ESO,&nbsp;i proves internacionals PISA\u2014 mostren un descens significatiu, especialment en el rendiment en&nbsp;compet\u00e8ncia matem\u00e0tica&nbsp;de l\u2019alumnat. En aquesta \u00e0rea, [&hellip;]<\/p>\n","protected":false},"author":5,"featured_media":0,"parent":14416,"menu_order":0,"comment_status":"closed","ping_status":"close","template":"page-templates\/side-menu.php","meta":{"_bbp_topic_count":0,"_bbp_reply_count":0,"_bbp_total_topic_count":0,"_bbp_total_reply_count":0,"_bbp_voice_count":0,"_bbp_anonymous_reply_count":0,"_bbp_topic_count_hidden":0,"_bbp_reply_count_hidden":0,"_bbp_forum_subforum_count":0,"site-sidebar-layout":"default","site-content-layout":"","ast-site-content-layout":"","site-content-style":"default","site-sidebar-style":"default","ast-global-header-display":"","ast-banner-title-visibility":"","ast-main-header-display":"","ast-hfb-above-header-display":"","ast-hfb-below-header-display":"","ast-hfb-mobile-header-display":"","site-post-title":"","ast-breadcrumbs-content":"","ast-featured-img":"","footer-sml-layout":"","theme-transparent-header-meta":"","adv-header-id-meta":"","stick-header-meta":"","header-above-stick-meta":"","header-main-stick-meta":"","header-below-stick-meta":"","astra-migrate-meta-layouts":"default","ast-page-background-enabled":"default","ast-page-background-meta":{"desktop":{"background-color":"var(--ast-global-color-4)","background-image":"","background-repeat":"repeat","background-position":"center center","background-size":"auto","background-attachment":"scroll","background-type":"","background-media":"","overlay-type":"","overlay-color":"","overlay-opacity":"","overlay-gradient":""},"tablet":{"background-color":"","background-image":"","background-repeat":"repeat","background-position":"center center","background-size":"auto","background-attachment":"scroll","background-type":"","background-media":"","overlay-type":"","overlay-color":"","overlay-opacity":"","overlay-gradient":""},"mobile":{"background-color":"","background-image":"","background-repeat":"repeat","background-position":"center center","background-size":"auto","background-attachment":"scroll","background-type":"","background-media":"","overlay-type":"","overlay-color":"","overlay-opacity":"","overlay-gradient":""}},"ast-content-background-meta":{"desktop":{"background-color":"var(--ast-global-color-5)","background-image":"","background-repeat":"repeat","background-position":"center center","background-size":"auto","background-attachment":"scroll","background-type":"","background-media":"","overlay-type":"","overlay-color":"","overlay-opacity":"","overlay-gradient":""},"tablet":{"background-color":"var(--ast-global-color-5)","background-image":"","background-repeat":"repeat","background-position":"center center","background-size":"auto","background-attachment":"scroll","background-type":"","background-media":"","overlay-type":"","overlay-color":"","overlay-opacity":"","overlay-gradient":""},"mobile":{"background-color":"var(--ast-global-color-5)","background-image":"","background-repeat":"repeat","background-position":"center center","background-size":"auto","background-attachment":"scroll","background-type":"","background-media":"","overlay-type":"","overlay-color":"","overlay-opacity":"","overlay-gradient":""}},"footnotes":""},"class_list":["post-14428","page","type-page","status-publish","hentry"],"post_mailing_queue_ids":[],"_links":{"self":[{"href":"https:\/\/agora.xtec.cat\/insalfonscostafreda\/wp-json\/wp\/v2\/pages\/14428","targetHints":{"allow":["GET"]}}],"collection":[{"href":"https:\/\/agora.xtec.cat\/insalfonscostafreda\/wp-json\/wp\/v2\/pages"}],"about":[{"href":"https:\/\/agora.xtec.cat\/insalfonscostafreda\/wp-json\/wp\/v2\/types\/page"}],"author":[{"embeddable":true,"href":"https:\/\/agora.xtec.cat\/insalfonscostafreda\/wp-json\/wp\/v2\/users\/5"}],"replies":[{"embeddable":true,"href":"https:\/\/agora.xtec.cat\/insalfonscostafreda\/wp-json\/wp\/v2\/comments?post=14428"}],"version-history":[{"count":1,"href":"https:\/\/agora.xtec.cat\/insalfonscostafreda\/wp-json\/wp\/v2\/pages\/14428\/revisions"}],"predecessor-version":[{"id":14430,"href":"https:\/\/agora.xtec.cat\/insalfonscostafreda\/wp-json\/wp\/v2\/pages\/14428\/revisions\/14430"}],"up":[{"embeddable":true,"href":"https:\/\/agora.xtec.cat\/insalfonscostafreda\/wp-json\/wp\/v2\/pages\/14416"}],"wp:attachment":[{"href":"https:\/\/agora.xtec.cat\/insalfonscostafreda\/wp-json\/wp\/v2\/media?parent=14428"}],"curies":[{"name":"wp","href":"https:\/\/api.w.org\/{rel}","templated":true}]}}