{"id":14335,"date":"2026-01-26T09:40:56","date_gmt":"2026-01-26T08:40:56","guid":{"rendered":"https:\/\/agora.xtec.cat\/insalfonscostafreda\/?page_id=14335"},"modified":"2026-02-02T17:50:25","modified_gmt":"2026-02-02T16:50:25","slug":"orientacio-fp","status":"publish","type":"page","link":"https:\/\/agora.xtec.cat\/insalfonscostafreda\/serveis\/orientacio-fp\/","title":{"rendered":"L&#8217;Orientaci\u00f3 a la FP"},"content":{"rendered":"\n<h4 class=\"wp-block-heading has-text-align-center has-black-color has-text-color has-link-color has-medium-font-size wp-elements-61511b69848342f4255bdcf1b5469a2f\"><em><strong>                    Espai d\u2019orientaci\u00f3 acad\u00e8mica i professional de la FP<\/strong><\/em><\/h4>\n\n\n\n<p><\/p>\n\n\n\n<blockquote class=\"wp-block-quote has-background is-layout-flow wp-block-quote-is-layout-flow\" style=\"border-width:2px;border-radius:0px;background-color:#8dd2fc4d\">\n<p class=\"has-text-align-center has-black-color has-text-color has-link-color wp-elements-8952a5e495881bfb55d2b52b7dcf8eb4\" style=\"font-size:18px\">C\u00e8lia Fonoll Farran &#8211; Psicopedagoga i Orientadora Educativa de FP.&nbsp;<br>Correu: <a href=\"mailto:cfonoll1@xtec.cat\">cfonoll1@xtec.cat<\/a><\/p>\n<\/blockquote>\n\n\n<p><strong><span style=\"background-color: #ffffff; color: #0000ff;\">Qu\u00e8 ofereix la nostra ciutat?<\/span><\/strong><\/p>\n<p style=\"text-align: center;\"><a href=\"https:\/\/drive.google.com\/file\/d\/1CfbK9ltFVHdIiUVeRpx3o2l5a9AWj6yv\/view?usp=sharing\">Guia de recursos i serveis T\u00e0rrega<\/a><\/p>\n<p style=\"text-align: center;\"><a href=\"https:\/\/drive.google.com\/file\/d\/1Yo-nb8r4AQoIyeUHJ1vXb7Y3o9CBG_qR\/view?usp=sharing\">Qu\u00e8 puc estudiar a T\u00e0rrega?<\/a><\/p>\n\n\n<p><span style=\"color: #0000ff;\"><strong>Explora les teves opcions educatives!<\/strong><\/span><\/p>\n<p dir=\"ltr\" style=\"text-align: center;\"><em>T\u2019ajudem a identificar els teus interessos i a prendre decisions informades amb tests d\u2019orientaci\u00f3 i recursos educatius.\u00a0<\/em><\/p>\n<p style=\"text-align: center;\"><a href=\"https:\/\/drive.google.com\/file\/d\/1JrTmENDPJvVrxKDXKPelZgYpVFqh9QOH\/view?usp=sharing\">Testos d&#8217;Orientaci\u00f3<\/a><\/p>\n<p style=\"text-align: center;\"><a href=\"https:\/\/triaeducativa.gencat.cat\/ca\/inici\/index.html\">Tria educativa<\/a><\/p>\n\n\n\n<p><span style=\"color: #ff0000;\"><strong>Informacions d&#8217;inter\u00e8s:<\/strong><\/span><\/p>\n<ul>\n<li dir=\"ltr\" aria-level=\"1\">\n<p dir=\"ltr\" style=\"text-align: center;\" role=\"presentation\"><strong>Servei de Psicologia Jove<\/strong> (adre\u00e7at a joves de 12 a 29 anys). Servei itinerant &#8211; Oficina Jove Urgell (T\u00e8cnica de l&#8217;Oficina Jove &#8211; Eva). Carrer de La Solana, 6 T\u00e0rrega. Tel\u00e8fon: 973 31 43 92.<\/p>\n<\/li>\n<li style=\"text-align: center;\"><strong>Servei de Salut Sexual<\/strong> (adre\u00e7at a joves de 12 a 35 anys). Funciona el 1r dijous de cada mes a la tarda de 16:00h a 19:00h. Oficina Jove Urgell. Carrer de La Solana, 6 T\u00e0rrega. Tel\u00e8fon: 973 31 43 92.<\/li>\n<\/ul>\n\n\n\n<p dir=\"ltr\"><strong><span style=\"color: #ff0000;\">Formacions 2026:<\/span><\/strong><\/p>\n<ul>\n<li dir=\"ltr\" aria-level=\"1\">\n<p dir=\"ltr\" role=\"presentation\"><strong>INFOSOLANA&nbsp;<\/strong><\/p>\n<\/li>\n<\/ul>\n<ol>\n<li dir=\"ltr\" aria-level=\"1\">\n<p dir=\"ltr\" role=\"presentation\">CP Organitzaci\u00f3 del transport i la distribuci\u00f3 (mar\u00e7 al juliol 2026).<\/p>\n<\/li>\n<li dir=\"ltr\" aria-level=\"1\">\n<p dir=\"ltr\" role=\"presentation\">Curs de carretoner (19\/01\/2026 de 9:00h a 15:00h).&nbsp;<\/p>\n<\/li>\n<li dir=\"ltr\" aria-level=\"1\">\n<p dir=\"ltr\" role=\"presentation\">Curs de plataformes elevadores el\u00e8ctriques (29\/01\/2026 de 9:00h a 15:00h).&nbsp;<\/p>\n<\/li>\n<li dir=\"ltr\" aria-level=\"1\">\n<p dir=\"ltr\" role=\"presentation\">CP d&#8217;Operacions de muntatge i manteniment d&#8217;equips el\u00e8ctrics (gener a maig 2026)<\/p>\n<\/li>\n<li dir=\"ltr\" aria-level=\"1\">\n<p dir=\"ltr\" role=\"presentation\">CP Socorrisme en instal\u00b7lacions aqu\u00e0tiques (gener a maig 2026). Institut La Segarra (Cervera).&nbsp;<\/p>\n<\/li>\n<li dir=\"ltr\" aria-level=\"1\">\n<p dir=\"ltr\" role=\"presentation\">CP Atenci\u00f3 Sociosanit\u00e0ria en institucions (gener a maig 2026). Institut La Segarra (Cervera).&nbsp;<\/p>\n<\/li>\n<\/ol>\n<ul>\n<li dir=\"ltr\" aria-level=\"1\">\n<p dir=\"ltr\" role=\"presentation\"><strong>ENFOC<\/strong><\/p>\n<\/li>\n<\/ul>\n<ol>\n<li dir=\"ltr\" aria-level=\"1\">\n<p dir=\"ltr\" role=\"presentation\">CP Hosteleria, ajudant de cuina, cambrer i neteja (febrer a maig 2026). C\/ del Carme 34, T\u00e0rrega.<\/p>\n<\/li>\n<\/ol>\n<ul>\n<li dir=\"ltr\" aria-level=\"1\">\n<p dir=\"ltr\" role=\"presentation\"><strong>CAMBRA DE COMER\u00c7&nbsp;<\/strong><\/p>\n<\/li>\n<\/ul>\n<ol>\n<li dir=\"ltr\" aria-level=\"1\">\n<p dir=\"ltr\" role=\"presentation\">CP Curs d\u2019operacions auxiliars d\u2019emmagatzematge (mosso de magatzem) + carnet de carret\u00f3. (Destinat a joves d\u2019entre 18 i 29 anys que no estiguin estudiant ni treballant i que estiguin inscrits a Garantia Juvenil). 9 de febrer al 20 de mar\u00e7 &#8211; matins de dilluns a divendres de 9:00h a 14:00h a la Cambra i a Industrial Segu\u00ed.&nbsp;<\/p>\n<\/li>\n<li dir=\"ltr\" aria-level=\"1\">\n<p dir=\"ltr\" role=\"presentation\">Curs d&#8217;Electricitat B\u00e0sica. (20 de febrer al 20 d&#8217;abril) de 9h a 14h.&nbsp;<\/p>\n<\/li>\n<\/ol>\n<ul>\n<li dir=\"ltr\" aria-level=\"1\">\n<p dir=\"ltr\" role=\"presentation\"><strong>NEW SCHOOL<\/strong><\/p>\n<\/li>\n<\/ul>\n<ol>\n<li dir=\"ltr\" aria-level=\"1\">\n<p dir=\"ltr\" style=\"text-align: center;\" role=\"presentation\">CP Nivell 1 Operacions auxiliars de serveis administratius i generals (dilluns a divendres de 15:00h a 19:30h). Inscripcions al SOC. (febrer\/mar\u00e7 a setembre 2026). <a href=\"https:\/\/newschool.cat\/ca\/p\/gestio-i-administracio\/cp-operacions-auxiliars-de-serveis-administratius-i-generals-56-87\">Consulteu la informaci\u00f3. <\/a>&nbsp;<strong>FEU UN COP D&#8217;ULL ALS FULLETONS!<\/strong><\/p>\n<\/li>\n<\/ol>\n\n\n\n<figure class=\"wp-block-gallery has-nested-images columns-default is-cropped wp-block-gallery-1 is-layout-flex wp-block-gallery-is-layout-flex\">\n<figure class=\"wp-block-image size-large\"><img loading=\"lazy\" decoding=\"async\" width=\"724\" height=\"708\" data-id=\"14383\" src=\"https:\/\/agora.xtec.cat\/insalfonscostafreda\/wp-content\/uploads\/usu2359\/carretoner.png\" alt=\"\" class=\"wp-image-14383\" srcset=\"https:\/\/agora.xtec.cat\/insalfonscostafreda\/wp-content\/uploads\/usu2359\/carretoner.png 724w, https:\/\/agora.xtec.cat\/insalfonscostafreda\/wp-content\/uploads\/usu2359\/carretoner-300x293.png 300w\" sizes=\"auto, (max-width: 724px) 100vw, 724px\" \/><\/figure>\n<\/figure>\n\n\n\n<figure class=\"wp-block-image size-full\"><img loading=\"lazy\" decoding=\"async\" width=\"745\" height=\"703\" src=\"https:\/\/agora.xtec.cat\/insalfonscostafreda\/wp-content\/uploads\/usu2359\/cp-muntatge.png\" alt=\"\" class=\"wp-image-14384\" srcset=\"https:\/\/agora.xtec.cat\/insalfonscostafreda\/wp-content\/uploads\/usu2359\/cp-muntatge.png 745w, https:\/\/agora.xtec.cat\/insalfonscostafreda\/wp-content\/uploads\/usu2359\/cp-muntatge-300x283.png 300w\" sizes=\"auto, (max-width: 745px) 100vw, 745px\" \/><\/figure>\n\n\n\n<figure class=\"wp-block-gallery has-nested-images columns-default is-cropped wp-block-gallery-2 is-layout-flex wp-block-gallery-is-layout-flex\">\n<figure class=\"wp-block-image size-large\"><img loading=\"lazy\" decoding=\"async\" width=\"727\" height=\"691\" data-id=\"14385\" src=\"https:\/\/agora.xtec.cat\/insalfonscostafreda\/wp-content\/uploads\/usu2359\/elavador.png\" alt=\"\" class=\"wp-image-14385\" srcset=\"https:\/\/agora.xtec.cat\/insalfonscostafreda\/wp-content\/uploads\/usu2359\/elavador.png 727w, https:\/\/agora.xtec.cat\/insalfonscostafreda\/wp-content\/uploads\/usu2359\/elavador-300x285.png 300w\" sizes=\"auto, (max-width: 727px) 100vw, 727px\" \/><\/figure>\n<\/figure>\n\n\n\n<figure class=\"wp-block-gallery has-nested-images columns-default is-cropped wp-block-gallery-3 is-layout-flex wp-block-gallery-is-layout-flex\">\n<figure class=\"wp-block-image size-large\"><img loading=\"lazy\" decoding=\"async\" width=\"728\" height=\"1024\" data-id=\"14386\" src=\"https:\/\/agora.xtec.cat\/insalfonscostafreda\/wp-content\/uploads\/usu2359\/ELECTRICITAT-728x1024.jpg\" alt=\"\" class=\"wp-image-14386\" srcset=\"https:\/\/agora.xtec.cat\/insalfonscostafreda\/wp-content\/uploads\/usu2359\/ELECTRICITAT-728x1024.jpg 728w, https:\/\/agora.xtec.cat\/insalfonscostafreda\/wp-content\/uploads\/usu2359\/ELECTRICITAT-213x300.jpg 213w, https:\/\/agora.xtec.cat\/insalfonscostafreda\/wp-content\/uploads\/usu2359\/ELECTRICITAT-768x1081.jpg 768w, https:\/\/agora.xtec.cat\/insalfonscostafreda\/wp-content\/uploads\/usu2359\/ELECTRICITAT-1092x1536.jpg 1092w, https:\/\/agora.xtec.cat\/insalfonscostafreda\/wp-content\/uploads\/usu2359\/ELECTRICITAT.jpg 1179w\" sizes=\"auto, (max-width: 728px) 100vw, 728px\" \/><figcaption class=\"wp-element-caption\">Screenshot<\/figcaption><\/figure>\n<\/figure>\n\n\n\n<figure class=\"wp-block-image size-large\"><img loading=\"lazy\" decoding=\"async\" width=\"748\" height=\"1024\" src=\"https:\/\/agora.xtec.cat\/insalfonscostafreda\/wp-content\/uploads\/usu2359\/IMG_4514-748x1024.jpg\" alt=\"\" class=\"wp-image-14387\" srcset=\"https:\/\/agora.xtec.cat\/insalfonscostafreda\/wp-content\/uploads\/usu2359\/IMG_4514-748x1024.jpg 748w, https:\/\/agora.xtec.cat\/insalfonscostafreda\/wp-content\/uploads\/usu2359\/IMG_4514-219x300.jpg 219w, https:\/\/agora.xtec.cat\/insalfonscostafreda\/wp-content\/uploads\/usu2359\/IMG_4514-768x1052.jpg 768w, https:\/\/agora.xtec.cat\/insalfonscostafreda\/wp-content\/uploads\/usu2359\/IMG_4514-1122x1536.jpg 1122w, https:\/\/agora.xtec.cat\/insalfonscostafreda\/wp-content\/uploads\/usu2359\/IMG_4514.jpg 1178w\" sizes=\"auto, (max-width: 748px) 100vw, 748px\" \/><\/figure>\n\n\n\n<figure class=\"wp-block-image size-large\"><img loading=\"lazy\" decoding=\"async\" width=\"703\" height=\"1024\" src=\"https:\/\/agora.xtec.cat\/insalfonscostafreda\/wp-content\/uploads\/usu2359\/IMG_4516-703x1024.jpg\" alt=\"\" class=\"wp-image-14388\" srcset=\"https:\/\/agora.xtec.cat\/insalfonscostafreda\/wp-content\/uploads\/usu2359\/IMG_4516-703x1024.jpg 703w, https:\/\/agora.xtec.cat\/insalfonscostafreda\/wp-content\/uploads\/usu2359\/IMG_4516-206x300.jpg 206w, https:\/\/agora.xtec.cat\/insalfonscostafreda\/wp-content\/uploads\/usu2359\/IMG_4516-768x1119.jpg 768w, https:\/\/agora.xtec.cat\/insalfonscostafreda\/wp-content\/uploads\/usu2359\/IMG_4516-1055x1536.jpg 1055w, https:\/\/agora.xtec.cat\/insalfonscostafreda\/wp-content\/uploads\/usu2359\/IMG_4516.jpg 1078w\" sizes=\"auto, (max-width: 703px) 100vw, 703px\" \/><\/figure>\n\n\n\n<figure class=\"wp-block-gallery has-nested-images columns-default is-cropped wp-block-gallery-4 is-layout-flex wp-block-gallery-is-layout-flex\">\n<figure class=\"wp-block-image size-large\"><img loading=\"lazy\" decoding=\"async\" width=\"1024\" height=\"471\" data-id=\"14389\" src=\"https:\/\/agora.xtec.cat\/insalfonscostafreda\/wp-content\/uploads\/usu2359\/transport-1024x471.png\" alt=\"\" class=\"wp-image-14389\" srcset=\"https:\/\/agora.xtec.cat\/insalfonscostafreda\/wp-content\/uploads\/usu2359\/transport-1024x471.png 1024w, https:\/\/agora.xtec.cat\/insalfonscostafreda\/wp-content\/uploads\/usu2359\/transport-300x138.png 300w, https:\/\/agora.xtec.cat\/insalfonscostafreda\/wp-content\/uploads\/usu2359\/transport-768x353.png 768w, https:\/\/agora.xtec.cat\/insalfonscostafreda\/wp-content\/uploads\/usu2359\/transport.png 1476w\" sizes=\"auto, (max-width: 1024px) 100vw, 1024px\" \/><\/figure>\n<\/figure>\n\n\n\n<p>&nbsp;<\/p>\n<p><span style=\"color: #ff0000;\"><strong>Vols aprendre o practicar el catal\u00e0?&nbsp;<\/strong><\/span><\/p>\n\n\n\n<figure class=\"wp-block-image size-large\"><img loading=\"lazy\" decoding=\"async\" width=\"729\" height=\"1024\" src=\"https:\/\/agora.xtec.cat\/insalfonscostafreda\/wp-content\/uploads\/usu2359\/IMG_4512-729x1024.jpg\" alt=\"\" class=\"wp-image-14392\" srcset=\"https:\/\/agora.xtec.cat\/insalfonscostafreda\/wp-content\/uploads\/usu2359\/IMG_4512-729x1024.jpg 729w, https:\/\/agora.xtec.cat\/insalfonscostafreda\/wp-content\/uploads\/usu2359\/IMG_4512-214x300.jpg 214w, https:\/\/agora.xtec.cat\/insalfonscostafreda\/wp-content\/uploads\/usu2359\/IMG_4512-768x1078.jpg 768w, https:\/\/agora.xtec.cat\/insalfonscostafreda\/wp-content\/uploads\/usu2359\/IMG_4512-1094x1536.jpg 1094w, https:\/\/agora.xtec.cat\/insalfonscostafreda\/wp-content\/uploads\/usu2359\/IMG_4512.jpg 1179w\" sizes=\"auto, (max-width: 729px) 100vw, 729px\" \/><\/figure>\n\n\n\n<p>\u00a0<\/p>\n<p><span style=\"color: #ff0000;\"><strong>Vols comen\u00e7ar a treballar?<\/strong> <\/span><\/p>\n<p style=\"text-align: center;\"><em>Aquest espai \u00e9s per a tu!\u00a0<\/em><\/p>\n<ul>\n<li dir=\"ltr\" aria-level=\"1\">\n<p dir=\"ltr\" role=\"presentation\"><strong>ENFOC &#8211; OFERTES LABORALS<\/strong><\/p>\n<\/li>\n<\/ul>\n<p>Consulteu la p\u00e0gina web per veure les ofertes laborals actualitzades <a href=\"https:\/\/www.enfoc.cat\/\">https:\/\/www.enfoc.cat\/<\/a><\/p>\n\n\n\n<p>\u00a0<\/p>\n<p><span style=\"color: #ff0000;\"><strong>T&#8217;apassionen els tallers?\u00a0<\/strong><\/span><\/p>\n<p style=\"text-align: center;\"><em>Fes una ullada als tallers del febrer 2026!\u00a0<\/em><\/p>\n\n\n\n<figure class=\"wp-block-image size-large\"><img loading=\"lazy\" decoding=\"async\" width=\"819\" height=\"1024\" src=\"https:\/\/agora.xtec.cat\/insalfonscostafreda\/wp-content\/uploads\/usu2359\/Cartell-entre-nosaltres-any-2026.-1-819x1024.png\" alt=\"\" class=\"wp-image-14395\" srcset=\"https:\/\/agora.xtec.cat\/insalfonscostafreda\/wp-content\/uploads\/usu2359\/Cartell-entre-nosaltres-any-2026.-1-819x1024.png 819w, https:\/\/agora.xtec.cat\/insalfonscostafreda\/wp-content\/uploads\/usu2359\/Cartell-entre-nosaltres-any-2026.-1-240x300.png 240w, https:\/\/agora.xtec.cat\/insalfonscostafreda\/wp-content\/uploads\/usu2359\/Cartell-entre-nosaltres-any-2026.-1-768x960.png 768w, https:\/\/agora.xtec.cat\/insalfonscostafreda\/wp-content\/uploads\/usu2359\/Cartell-entre-nosaltres-any-2026.-1.png 1080w\" sizes=\"auto, (max-width: 819px) 100vw, 819px\" \/><\/figure>\n","protected":false},"excerpt":{"rendered":"<p>Espai d\u2019orientaci\u00f3 acad\u00e8mica i professional de la FP C\u00e8lia Fonoll Farran &#8211; Psicopedagoga i Orientadora Educativa de FP.&nbsp;Correu: cfonoll1@xtec.cat Qu\u00e8 ofereix la nostra ciutat? Guia de recursos i serveis T\u00e0rrega Qu\u00e8 puc estudiar a T\u00e0rrega? Explora les teves opcions educatives! T\u2019ajudem a identificar els teus interessos i a prendre decisions informades amb tests d\u2019orientaci\u00f3 i [&hellip;]<\/p>\n","protected":false},"author":6,"featured_media":0,"parent":63,"menu_order":0,"comment_status":"closed","ping_status":"closed","template":"","meta":{"_bbp_topic_count":0,"_bbp_reply_count":0,"_bbp_total_topic_count":0,"_bbp_total_reply_count":0,"_bbp_voice_count":0,"_bbp_anonymous_reply_count":0,"_bbp_topic_count_hidden":0,"_bbp_reply_count_hidden":0,"_bbp_forum_subforum_count":0,"site-sidebar-layout":"default","site-content-layout":"","ast-site-content-layout":"","site-content-style":"default","site-sidebar-style":"default","ast-global-header-display":"","ast-banner-title-visibility":"","ast-main-header-display":"","ast-hfb-above-header-display":"","ast-hfb-below-header-display":"","ast-hfb-mobile-header-display":"","site-post-title":"","ast-breadcrumbs-content":"","ast-featured-img":"","footer-sml-layout":"","theme-transparent-header-meta":"","adv-header-id-meta":"","stick-header-meta":"","header-above-stick-meta":"","header-main-stick-meta":"","header-below-stick-meta":"","astra-migrate-meta-layouts":"default","ast-page-background-enabled":"default","ast-page-background-meta":{"desktop":{"background-color":"var(--ast-global-color-4)","background-image":"","background-repeat":"repeat","background-position":"center center","background-size":"auto","background-attachment":"scroll","background-type":"","background-media":"","overlay-type":"","overlay-color":"","overlay-opacity":"","overlay-gradient":""},"tablet":{"background-color":"","background-image":"","background-repeat":"repeat","background-position":"center center","background-size":"auto","background-attachment":"scroll","background-type":"","background-media":"","overlay-type":"","overlay-color":"","overlay-opacity":"","overlay-gradient":""},"mobile":{"background-color":"","background-image":"","background-repeat":"repeat","background-position":"center center","background-size":"auto","background-attachment":"scroll","background-type":"","background-media":"","overlay-type":"","overlay-color":"","overlay-opacity":"","overlay-gradient":""}},"ast-content-background-meta":{"desktop":{"background-color":"var(--ast-global-color-5)","background-image":"","background-repeat":"repeat","background-position":"center center","background-size":"auto","background-attachment":"scroll","background-type":"","background-media":"","overlay-type":"","overlay-color":"","overlay-opacity":"","overlay-gradient":""},"tablet":{"background-color":"var(--ast-global-color-5)","background-image":"","background-repeat":"repeat","background-position":"center center","background-size":"auto","background-attachment":"scroll","background-type":"","background-media":"","overlay-type":"","overlay-color":"","overlay-opacity":"","overlay-gradient":""},"mobile":{"background-color":"var(--ast-global-color-5)","background-image":"","background-repeat":"repeat","background-position":"center center","background-size":"auto","background-attachment":"scroll","background-type":"","background-media":"","overlay-type":"","overlay-color":"","overlay-opacity":"","overlay-gradient":""}},"footnotes":""},"class_list":["post-14335","page","type-page","status-publish","hentry"],"post_mailing_queue_ids":[],"_links":{"self":[{"href":"https:\/\/agora.xtec.cat\/insalfonscostafreda\/wp-json\/wp\/v2\/pages\/14335","targetHints":{"allow":["GET"]}}],"collection":[{"href":"https:\/\/agora.xtec.cat\/insalfonscostafreda\/wp-json\/wp\/v2\/pages"}],"about":[{"href":"https:\/\/agora.xtec.cat\/insalfonscostafreda\/wp-json\/wp\/v2\/types\/page"}],"author":[{"embeddable":true,"href":"https:\/\/agora.xtec.cat\/insalfonscostafreda\/wp-json\/wp\/v2\/users\/6"}],"replies":[{"embeddable":true,"href":"https:\/\/agora.xtec.cat\/insalfonscostafreda\/wp-json\/wp\/v2\/comments?post=14335"}],"version-history":[{"count":6,"href":"https:\/\/agora.xtec.cat\/insalfonscostafreda\/wp-json\/wp\/v2\/pages\/14335\/revisions"}],"predecessor-version":[{"id":14401,"href":"https:\/\/agora.xtec.cat\/insalfonscostafreda\/wp-json\/wp\/v2\/pages\/14335\/revisions\/14401"}],"up":[{"embeddable":true,"href":"https:\/\/agora.xtec.cat\/insalfonscostafreda\/wp-json\/wp\/v2\/pages\/63"}],"wp:attachment":[{"href":"https:\/\/agora.xtec.cat\/insalfonscostafreda\/wp-json\/wp\/v2\/media?parent=14335"}],"curies":[{"name":"wp","href":"https:\/\/api.w.org\/{rel}","templated":true}]}}