{"id":14274,"date":"2026-01-20T13:53:10","date_gmt":"2026-01-20T12:53:10","guid":{"rendered":"https:\/\/agora.xtec.cat\/insalfonscostafreda\/?page_id=14274"},"modified":"2026-01-20T14:18:10","modified_gmt":"2026-01-20T13:18:10","slug":"punt-dinformacio-i-orientacio-fpcat","status":"publish","type":"page","link":"https:\/\/agora.xtec.cat\/insalfonscostafreda\/serveis\/punt-dinformacio-i-orientacio-fpcat\/","title":{"rendered":"Punt d\u2019informaci\u00f3 i orientaci\u00f3 del servei d\u2019Acreditaci\u00f3 de compet\u00e8ncies professionals"},"content":{"rendered":"\n<p>Si tens experi\u00e8ncia laboral i\/o formaci\u00f3 sense titulaci\u00f3 oficial, l\u2019acreditaci\u00f3 de compet\u00e8ncies \u00e9s una bona manera d\u2019aconseguir que aquest aprenentatge tingui reconeixement. Participar en aquest procediment et permetr\u00e0 demostrar all\u00f2 que saps fer i que has apr\u00e8s al llarg de la teva vida professional i obtenir una acreditaci\u00f3 oficial. <\/p>\n\n\n\n<p>La inscripci\u00f3 \u00e9s gratu\u00efta i est\u00e0 oberta durant tot l\u2019any. <\/p>\n\n\n\n<p>Pots consultar tota la informaci\u00f3 oficial sobre el procediment d\u2019acreditaci\u00f3 de compet\u00e8ncies al web. <strong><em><a href=\"https:\/\/fp.gencat.cat\/ca\/acreditacio\/em-vull-acreditar\/index.html\">Em vull acreditar<\/a><\/em><\/strong> de l\u2019Ag\u00e8ncia P\u00fablica de Formaci\u00f3 i Qualificaci\u00f3 Professionals de Catalunya. <\/p>\n\n\n\n<p>Com a Punt d\u2019Informaci\u00f3 i orientaci\u00f3 del servei d\u2019Acreditaci\u00f3 de compet\u00e8ncies professionals, et podem explicar els requisits i les fases del proc\u00e9s, aix\u00ed com oferir-te suport en la inscripci\u00f3 telem\u00e0tica. Pots contactar amb nosaltres de dilluns a divendres, enviant un correu electr\u00f2nic a <a href=\"mailto:orientaciofp@insalfonscostafreda.cat\">orientaciofp@insalfonscostafreda.cat<\/a>.<\/p>\n","protected":false},"excerpt":{"rendered":"<p>Si tens experi\u00e8ncia laboral i\/o formaci\u00f3 sense titulaci\u00f3 oficial, l\u2019acreditaci\u00f3 de compet\u00e8ncies \u00e9s una bona manera d\u2019aconseguir que aquest aprenentatge tingui reconeixement. Participar en aquest procediment et permetr\u00e0 demostrar all\u00f2 que saps fer i que has apr\u00e8s al llarg de la teva vida professional i obtenir una acreditaci\u00f3 oficial. La inscripci\u00f3 \u00e9s gratu\u00efta i est\u00e0 [&hellip;]<\/p>\n","protected":false},"author":5,"featured_media":0,"parent":63,"menu_order":0,"comment_status":"closed","ping_status":"closed","template":"page-templates\/side-menu.php","meta":{"_bbp_topic_count":0,"_bbp_reply_count":0,"_bbp_total_topic_count":0,"_bbp_total_reply_count":0,"_bbp_voice_count":0,"_bbp_anonymous_reply_count":0,"_bbp_topic_count_hidden":0,"_bbp_reply_count_hidden":0,"_bbp_forum_subforum_count":0,"site-sidebar-layout":"default","site-content-layout":"","ast-site-content-layout":"","site-content-style":"default","site-sidebar-style":"default","ast-global-header-display":"","ast-banner-title-visibility":"","ast-main-header-display":"","ast-hfb-above-header-display":"","ast-hfb-below-header-display":"","ast-hfb-mobile-header-display":"","site-post-title":"","ast-breadcrumbs-content":"","ast-featured-img":"","footer-sml-layout":"","theme-transparent-header-meta":"","adv-header-id-meta":"","stick-header-meta":"","header-above-stick-meta":"","header-main-stick-meta":"","header-below-stick-meta":"","astra-migrate-meta-layouts":"default","ast-page-background-enabled":"default","ast-page-background-meta":{"desktop":{"background-color":"var(--ast-global-color-4)","background-image":"","background-repeat":"repeat","background-position":"center center","background-size":"auto","background-attachment":"scroll","background-type":"","background-media":"","overlay-type":"","overlay-color":"","overlay-opacity":"","overlay-gradient":""},"tablet":{"background-color":"","background-image":"","background-repeat":"repeat","background-position":"center center","background-size":"auto","background-attachment":"scroll","background-type":"","background-media":"","overlay-type":"","overlay-color":"","overlay-opacity":"","overlay-gradient":""},"mobile":{"background-color":"","background-image":"","background-repeat":"repeat","background-position":"center center","background-size":"auto","background-attachment":"scroll","background-type":"","background-media":"","overlay-type":"","overlay-color":"","overlay-opacity":"","overlay-gradient":""}},"ast-content-background-meta":{"desktop":{"background-color":"var(--ast-global-color-5)","background-image":"","background-repeat":"repeat","background-position":"center center","background-size":"auto","background-attachment":"scroll","background-type":"","background-media":"","overlay-type":"","overlay-color":"","overlay-opacity":"","overlay-gradient":""},"tablet":{"background-color":"var(--ast-global-color-5)","background-image":"","background-repeat":"repeat","background-position":"center center","background-size":"auto","background-attachment":"scroll","background-type":"","background-media":"","overlay-type":"","overlay-color":"","overlay-opacity":"","overlay-gradient":""},"mobile":{"background-color":"var(--ast-global-color-5)","background-image":"","background-repeat":"repeat","background-position":"center center","background-size":"auto","background-attachment":"scroll","background-type":"","background-media":"","overlay-type":"","overlay-color":"","overlay-opacity":"","overlay-gradient":""}},"footnotes":""},"class_list":["post-14274","page","type-page","status-publish","hentry"],"post_mailing_queue_ids":[],"_links":{"self":[{"href":"https:\/\/agora.xtec.cat\/insalfonscostafreda\/wp-json\/wp\/v2\/pages\/14274","targetHints":{"allow":["GET"]}}],"collection":[{"href":"https:\/\/agora.xtec.cat\/insalfonscostafreda\/wp-json\/wp\/v2\/pages"}],"about":[{"href":"https:\/\/agora.xtec.cat\/insalfonscostafreda\/wp-json\/wp\/v2\/types\/page"}],"author":[{"embeddable":true,"href":"https:\/\/agora.xtec.cat\/insalfonscostafreda\/wp-json\/wp\/v2\/users\/5"}],"replies":[{"embeddable":true,"href":"https:\/\/agora.xtec.cat\/insalfonscostafreda\/wp-json\/wp\/v2\/comments?post=14274"}],"version-history":[{"count":6,"href":"https:\/\/agora.xtec.cat\/insalfonscostafreda\/wp-json\/wp\/v2\/pages\/14274\/revisions"}],"predecessor-version":[{"id":14297,"href":"https:\/\/agora.xtec.cat\/insalfonscostafreda\/wp-json\/wp\/v2\/pages\/14274\/revisions\/14297"}],"up":[{"embeddable":true,"href":"https:\/\/agora.xtec.cat\/insalfonscostafreda\/wp-json\/wp\/v2\/pages\/63"}],"wp:attachment":[{"href":"https:\/\/agora.xtec.cat\/insalfonscostafreda\/wp-json\/wp\/v2\/media?parent=14274"}],"curies":[{"name":"wp","href":"https:\/\/api.w.org\/{rel}","templated":true}]}}