{"id":1427,"date":"2023-12-30T21:56:11","date_gmt":"2023-12-30T20:56:11","guid":{"rendered":"https:\/\/agora.xtec.cat\/insalfonscostafreda\/?page_id=1427"},"modified":"2026-01-09T12:10:12","modified_gmt":"2026-01-09T11:10:12","slug":"erasmus-professorat","status":"publish","type":"page","link":"https:\/\/agora.xtec.cat\/insalfonscostafreda\/erasmus\/erasmus-professorat\/","title":{"rendered":"Erasmus+ Professorat"},"content":{"rendered":"<p>A l\u2019Institut Alfons Costafreda el professorat pot sol\u00b7licitar les seg\u00fcents\u00a0<b>modalitats\u00a0<\/b>de mobilitat:<\/p>\n<ul>\n<li>Mobilitat per fer Job Shadowing (Observaci\u00f3)<\/li>\n<li>Mobilitat per fer Doc\u00e8ncia<\/li>\n<li>Mobilitat per fer Formaci\u00f3<\/li>\n<\/ul>\n<p><b>Mobilitat per fer job shadowing<\/b><\/p>\n<p>Una mobilitat per fer job shadowing consisteix en visitar un centre i\/o empresa i observar com es duu a terme la doc\u00e8ncia o b\u00e9 la tasca professional.<\/p>\n<p><b>Mobilitat per fer doc\u00e8ncia<\/b><\/p>\n<p>Una mobilitat per fer doc\u00e8ncia implica acordar, amb el centre col\u00b7laborador, unes hores de doc\u00e8ncia per l\u2019alumnat, en llengua estrangera.<\/p>\n<p><b>Mobilitat per fer formaci\u00f3<\/b><\/p>\n<p>Una mobilitat per fer formaci\u00f3 es basa en fer cursos de formaci\u00f3 en el pa\u00eds escollit.<\/p>\n<p><b>Convocatoria 2026<\/b><\/p>\n<p>Si vols demanar una mobilitat aquest curs 2025\/2026,\u00a0<a href=\"https:\/\/drive.google.com\/file\/d\/1z_R3ASaElZsCl8jHasvy5M917rfolpE4\/view?usp=sharing\" target=\"_blank\" rel=\"noopener\" data-saferedirecturl=\"https:\/\/www.google.com\/url?q=https:\/\/docs.google.com\/document\/d\/1Zf16VF1dmxm8xf8WYbEasL4KRJX_AdEx\/edit&amp;source=gmail&amp;ust=1768042715441000&amp;usg=AOvVaw0qU8MFx0obxXWWq0fSLwhT\">consulta aqu\u00ed les bases de participaci\u00f3<\/a>.<\/p>\n\n\n<p>Per accedir al formulari de sol\u00b7licitud,&nbsp;<a href=\"https:\/\/forms.gle\/TegcEG6jF3nC7Q1c8\" target=\"_blank\" rel=\"noreferrer noopener\">fes clic aqu\u00ed<\/a>.<\/p>\n\n\n\n<p><\/p>\n\n\n\n<p><\/p>\n\n\n\n<p><strong>Oferta formativa<\/strong><\/p>\n\n\n\n<p>Per consultar l&#8217;oferta formativa, hi ha diverses entitats que col\u00b7laboren amb el programa Erasmus+ i que ofereixen cursos finan\u00e7ables amb aquestes beques. Entre d&#8217;altres:<\/p>\n\n\n\n<ul class=\"wp-block-list\">\n<li><a href=\"https:\/\/www.teacheracademy.eu\/\" target=\"_blank\" rel=\"noreferrer noopener\">Teacher Academy<\/a><\/li>\n\n\n\n<li><a href=\"https:\/\/epale.ec.europa.eu\/es\/partner-search\" target=\"_blank\" rel=\"noreferrer noopener\">EPALE<\/a><\/li>\n\n\n\n<li><a href=\"https:\/\/school-education.ec.europa.eu\/en\/etwinning\" target=\"_blank\" rel=\"noreferrer noopener\">eTwinning<\/a><\/li>\n<\/ul>\n\n\n\n<p>Qualsevol activitat formativa o job shadowing ofert per aquestes entitats \u00e9s compatible amb les beques Erasmus+ que ofereix l&#8217;institut.<\/p>\n\n\n\n<p><\/p>\n","protected":false},"excerpt":{"rendered":"<p>A l\u2019Institut Alfons Costafreda el professorat pot sol\u00b7licitar les seg\u00fcents\u00a0modalitats\u00a0de mobilitat: Mobilitat per fer Job Shadowing (Observaci\u00f3) Mobilitat per fer Doc\u00e8ncia Mobilitat per fer Formaci\u00f3 Mobilitat per fer job shadowing Una mobilitat per fer job shadowing consisteix en visitar un centre i\/o empresa i observar com es duu a terme la doc\u00e8ncia o b\u00e9 la [&hellip;]<\/p>\n","protected":false},"author":1,"featured_media":0,"parent":758,"menu_order":3,"comment_status":"closed","ping_status":"closed","template":"page-templates\/side-menu.php","meta":{"_bbp_topic_count":0,"_bbp_reply_count":0,"_bbp_total_topic_count":0,"_bbp_total_reply_count":0,"_bbp_voice_count":0,"_bbp_anonymous_reply_count":0,"_bbp_topic_count_hidden":0,"_bbp_reply_count_hidden":0,"_bbp_forum_subforum_count":0,"site-sidebar-layout":"default","site-content-layout":"","ast-site-content-layout":"","site-content-style":"default","site-sidebar-style":"default","ast-global-header-display":"","ast-banner-title-visibility":"","ast-main-header-display":"","ast-hfb-above-header-display":"","ast-hfb-below-header-display":"","ast-hfb-mobile-header-display":"","site-post-title":"","ast-breadcrumbs-content":"","ast-featured-img":"","footer-sml-layout":"","theme-transparent-header-meta":"","adv-header-id-meta":"","stick-header-meta":"","header-above-stick-meta":"","header-main-stick-meta":"","header-below-stick-meta":"","astra-migrate-meta-layouts":"default","ast-page-background-enabled":"default","ast-page-background-meta":{"desktop":{"background-color":"var(--ast-global-color-4)","background-image":"","background-repeat":"repeat","background-position":"center center","background-size":"auto","background-attachment":"scroll","background-type":"","background-media":"","overlay-type":"","overlay-color":"","overlay-opacity":"","overlay-gradient":""},"tablet":{"background-color":"","background-image":"","background-repeat":"repeat","background-position":"center center","background-size":"auto","background-attachment":"scroll","background-type":"","background-media":"","overlay-type":"","overlay-color":"","overlay-opacity":"","overlay-gradient":""},"mobile":{"background-color":"","background-image":"","background-repeat":"repeat","background-position":"center center","background-size":"auto","background-attachment":"scroll","background-type":"","background-media":"","overlay-type":"","overlay-color":"","overlay-opacity":"","overlay-gradient":""}},"ast-content-background-meta":{"desktop":{"background-color":"var(--ast-global-color-5)","background-image":"","background-repeat":"repeat","background-position":"center center","background-size":"auto","background-attachment":"scroll","background-type":"","background-media":"","overlay-type":"","overlay-color":"","overlay-opacity":"","overlay-gradient":""},"tablet":{"background-color":"var(--ast-global-color-5)","background-image":"","background-repeat":"repeat","background-position":"center center","background-size":"auto","background-attachment":"scroll","background-type":"","background-media":"","overlay-type":"","overlay-color":"","overlay-opacity":"","overlay-gradient":""},"mobile":{"background-color":"var(--ast-global-color-5)","background-image":"","background-repeat":"repeat","background-position":"center center","background-size":"auto","background-attachment":"scroll","background-type":"","background-media":"","overlay-type":"","overlay-color":"","overlay-opacity":"","overlay-gradient":""}},"footnotes":""},"class_list":["post-1427","page","type-page","status-publish","hentry"],"post_mailing_queue_ids":[],"_links":{"self":[{"href":"https:\/\/agora.xtec.cat\/insalfonscostafreda\/wp-json\/wp\/v2\/pages\/1427","targetHints":{"allow":["GET"]}}],"collection":[{"href":"https:\/\/agora.xtec.cat\/insalfonscostafreda\/wp-json\/wp\/v2\/pages"}],"about":[{"href":"https:\/\/agora.xtec.cat\/insalfonscostafreda\/wp-json\/wp\/v2\/types\/page"}],"author":[{"embeddable":true,"href":"https:\/\/agora.xtec.cat\/insalfonscostafreda\/wp-json\/wp\/v2\/users\/1"}],"replies":[{"embeddable":true,"href":"https:\/\/agora.xtec.cat\/insalfonscostafreda\/wp-json\/wp\/v2\/comments?post=1427"}],"version-history":[{"count":3,"href":"https:\/\/agora.xtec.cat\/insalfonscostafreda\/wp-json\/wp\/v2\/pages\/1427\/revisions"}],"predecessor-version":[{"id":14216,"href":"https:\/\/agora.xtec.cat\/insalfonscostafreda\/wp-json\/wp\/v2\/pages\/1427\/revisions\/14216"}],"up":[{"embeddable":true,"href":"https:\/\/agora.xtec.cat\/insalfonscostafreda\/wp-json\/wp\/v2\/pages\/758"}],"wp:attachment":[{"href":"https:\/\/agora.xtec.cat\/insalfonscostafreda\/wp-json\/wp\/v2\/media?parent=1427"}],"curies":[{"name":"wp","href":"https:\/\/api.w.org\/{rel}","templated":true}]}}