{"id":1399,"date":"2023-12-30T20:19:52","date_gmt":"2023-12-30T19:19:52","guid":{"rendered":"https:\/\/agora.xtec.cat\/insalfonscostafreda\/?page_id=1399"},"modified":"2025-02-08T17:14:21","modified_gmt":"2025-02-08T16:14:21","slug":"missio-visio-i-valors","status":"publish","type":"page","link":"https:\/\/agora.xtec.cat\/insalfonscostafreda\/linstitut\/missio-visio-i-valors\/","title":{"rendered":"Missi\u00f3, Visi\u00f3 i Valors del centre"},"content":{"rendered":"<h2><span lang=\"CA\">Missi\u00f3 (qui som)<\/span><\/h2>\n<p>La missi\u00f3 fonamental de l\u2019Institut Alfons Costafreda \u00e9s acollir, formar acad\u00e8micament i professionalment a l&#8217;alumnat i orientar-lo, per construir una ciutadania restaurativa i resilient, respectuosa, pluriling\u00fce, emprenedora i innovadora, compromesa amb la sostenibilitat, el medi ambient i els Objectius de Desenvolupament Sostenible (ODS).<\/p>\n<h2>Visi\u00f3 (qu\u00e8 pretenem fer)<\/h2>\n<p>L\u2019institut Alfons Costafreda vol ser un centre educatiu d\u2019excel\u00b7l\u00e8ncia i de refer\u00e8ncia, integrat a l\u2019entorn, que pret\u00e9n donar resposta a les necessitats dels diferents grups d\u2019inter\u00e8s i d\u2019aquesta manera, preparar als nostres alumnes perqu\u00e8 puguin afrontar les diferents etapes de la seva vida i al mateix temps, puguin anar construint el seu futur.<\/p>\n<h2>Valors (com ho volem dur a terme)<\/h2>\n<ol>\n<li><strong>Foment de la llengua catalana:<\/strong> Promoure l&#8217;\u00fas, coneixement i respecte per la llengua catalana com a vehicle d&#8217;aprenentatge, comunicaci\u00f3 i cultura. Aix\u00f2 no nom\u00e9s implica la seva pres\u00e8ncia en l&#8217;ensenyament acad\u00e8mic, sin\u00f3 tamb\u00e9 en les relacions quotidianes dins del centre, aix\u00ed com en l&#8217;\u00fas de recursos i materials educatius.<\/li>\n<li><strong>Respecte per la diversitat ling\u00fc\u00edstica:<\/strong> Si b\u00e9 el catal\u00e0 \u00e9s el valor fonamental del centre, tamb\u00e9 cal fomentar el respecte per altres lleng\u00fces i cultures. Aix\u00f2 permet que els estudiants puguin comunicar-se en diversos idiomes, amb una visi\u00f3 oberta i inclusiva, i promoure la conviv\u00e8ncia en una societat diversa.<\/li>\n<li><strong>Respecte i gesti\u00f3 positiva dels conflictes<\/strong>: Fomentar un ambient de conviv\u00e8ncia basat en el respecte mutu, on les difer\u00e8ncies d\u2019opini\u00f3 i els conflictes es gestionin de manera constructiva. Es promou un enfocament restauratiu que ajuda a resoldre els conflictes de manera pac\u00edfica i inclusiva, tot buscant solucions que restitueixin la harmonia i respectin els drets de tots els membres de la comunitat educativa.<\/li>\n<li><strong>Inclusi\u00f3 i equitat:<\/strong> Garantir que tots els estudiants tinguin les mateixes oportunitats d\u2019aprendre i desenvolupar-se, independentment de les seves caracter\u00edstiques personals, socials o culturals. Es promou un entorn inclusiu que respecti la diversitat, on es valorin les difer\u00e8ncies i es garanteixi un tracte just per a tothom, afavorint la igualtat d\u2019oportunitats per al seu desenvolupament integral.<\/li>\n<li><strong>Responsabilitat i esfor\u00e7:<\/strong> Implicar-se activament en l\u2019aprenentatge, mantenir-se motivat i treballar de manera constant per aconseguir els objectius, superant dificultats amb perseveran\u00e7a.<\/li>\n<li><strong>Comprom\u00eds<\/strong>: Implicar-se activament en el propi aprenentatge, aix\u00ed com en la millora cont\u00ednua de la qualitat educativa i la responsabilitat personal i col\u00b7lectiva.<\/li>\n<li><strong>Creativitat, innovaci\u00f3 i emprenedoria:<\/strong> Fomentar la curiositat, l&#8217;esperit cr\u00edtic i la capacitat de generar idees noves, estimulant la mentalitat emprenedora per afrontar reptes i desenvolupar solucions innovadores.<\/li>\n<li><strong>Solidaritat:<\/strong> Promoure l\u2019ajuda m\u00fatua i el treball en equip, amb un enfocament envers la conviv\u00e8ncia i el suport entre els membres de la comunitat educativa.<\/li>\n<li><strong>Cooperaci\u00f3<\/strong>: Estimular la col\u00b7laboraci\u00f3 entre alumnes, professors i fam\u00edlies per aconseguir els objectius educatius comuns<\/li>\n<li><strong>Sostenibilitat, respecte pel medi ambient i comprom\u00eds amb els ODS<\/strong>: Promoure una educaci\u00f3 que integri els Objectius de Desenvolupament Sostenible (ODS) per a l\u2019agenda 2030, l&#8217;aplicaci\u00f3 pr\u00e0ctica de les idees de sostenibilitat en el dia a dia del centre, com la reducci\u00f3 de residus, l&#8217;\u00fas responsable dels recursos, el respecte per la biodiversitat i la creaci\u00f3 d&#8217;una cultura educativa que promogui la just\u00edcia social i ambiental.<\/li>\n<\/ol>\n","protected":false},"excerpt":{"rendered":"<p>Missi\u00f3 (qui som) La missi\u00f3 fonamental de l\u2019Institut Alfons Costafreda \u00e9s acollir, formar acad\u00e8micament i professionalment a l&#8217;alumnat i orientar-lo, per construir una ciutadania restaurativa i resilient, respectuosa, pluriling\u00fce, emprenedora i innovadora, compromesa amb la sostenibilitat, el medi ambient i els Objectius de Desenvolupament Sostenible (ODS). Visi\u00f3 (qu\u00e8 pretenem fer) L\u2019institut Alfons Costafreda vol ser [&hellip;]<\/p>\n","protected":false},"author":1,"featured_media":0,"parent":19,"menu_order":6,"comment_status":"closed","ping_status":"closed","template":"page-templates\/side-menu.php","meta":{"_bbp_topic_count":0,"_bbp_reply_count":0,"_bbp_total_topic_count":0,"_bbp_total_reply_count":0,"_bbp_voice_count":0,"_bbp_anonymous_reply_count":0,"_bbp_topic_count_hidden":0,"_bbp_reply_count_hidden":0,"_bbp_forum_subforum_count":0,"site-sidebar-layout":"default","site-content-layout":"","ast-site-content-layout":"","site-content-style":"default","site-sidebar-style":"default","ast-global-header-display":"","ast-banner-title-visibility":"","ast-main-header-display":"","ast-hfb-above-header-display":"","ast-hfb-below-header-display":"","ast-hfb-mobile-header-display":"","site-post-title":"","ast-breadcrumbs-content":"","ast-featured-img":"","footer-sml-layout":"","theme-transparent-header-meta":"","adv-header-id-meta":"","stick-header-meta":"","header-above-stick-meta":"","header-main-stick-meta":"","header-below-stick-meta":"","astra-migrate-meta-layouts":"default","ast-page-background-enabled":"default","ast-page-background-meta":{"desktop":{"background-color":"var(--ast-global-color-4)","background-image":"","background-repeat":"repeat","background-position":"center center","background-size":"auto","background-attachment":"scroll","background-type":"","background-media":"","overlay-type":"","overlay-color":"","overlay-opacity":"","overlay-gradient":""},"tablet":{"background-color":"","background-image":"","background-repeat":"repeat","background-position":"center center","background-size":"auto","background-attachment":"scroll","background-type":"","background-media":"","overlay-type":"","overlay-color":"","overlay-opacity":"","overlay-gradient":""},"mobile":{"background-color":"","background-image":"","background-repeat":"repeat","background-position":"center center","background-size":"auto","background-attachment":"scroll","background-type":"","background-media":"","overlay-type":"","overlay-color":"","overlay-opacity":"","overlay-gradient":""}},"ast-content-background-meta":{"desktop":{"background-color":"var(--ast-global-color-5)","background-image":"","background-repeat":"repeat","background-position":"center center","background-size":"auto","background-attachment":"scroll","background-type":"","background-media":"","overlay-type":"","overlay-color":"","overlay-opacity":"","overlay-gradient":""},"tablet":{"background-color":"var(--ast-global-color-5)","background-image":"","background-repeat":"repeat","background-position":"center center","background-size":"auto","background-attachment":"scroll","background-type":"","background-media":"","overlay-type":"","overlay-color":"","overlay-opacity":"","overlay-gradient":""},"mobile":{"background-color":"var(--ast-global-color-5)","background-image":"","background-repeat":"repeat","background-position":"center center","background-size":"auto","background-attachment":"scroll","background-type":"","background-media":"","overlay-type":"","overlay-color":"","overlay-opacity":"","overlay-gradient":""}},"footnotes":""},"class_list":["post-1399","page","type-page","status-publish","hentry"],"post_mailing_queue_ids":[],"_links":{"self":[{"href":"https:\/\/agora.xtec.cat\/insalfonscostafreda\/wp-json\/wp\/v2\/pages\/1399","targetHints":{"allow":["GET"]}}],"collection":[{"href":"https:\/\/agora.xtec.cat\/insalfonscostafreda\/wp-json\/wp\/v2\/pages"}],"about":[{"href":"https:\/\/agora.xtec.cat\/insalfonscostafreda\/wp-json\/wp\/v2\/types\/page"}],"author":[{"embeddable":true,"href":"https:\/\/agora.xtec.cat\/insalfonscostafreda\/wp-json\/wp\/v2\/users\/1"}],"replies":[{"embeddable":true,"href":"https:\/\/agora.xtec.cat\/insalfonscostafreda\/wp-json\/wp\/v2\/comments?post=1399"}],"version-history":[{"count":6,"href":"https:\/\/agora.xtec.cat\/insalfonscostafreda\/wp-json\/wp\/v2\/pages\/1399\/revisions"}],"predecessor-version":[{"id":13330,"href":"https:\/\/agora.xtec.cat\/insalfonscostafreda\/wp-json\/wp\/v2\/pages\/1399\/revisions\/13330"}],"up":[{"embeddable":true,"href":"https:\/\/agora.xtec.cat\/insalfonscostafreda\/wp-json\/wp\/v2\/pages\/19"}],"wp:attachment":[{"href":"https:\/\/agora.xtec.cat\/insalfonscostafreda\/wp-json\/wp\/v2\/media?parent=1399"}],"curies":[{"name":"wp","href":"https:\/\/api.w.org\/{rel}","templated":true}]}}