{"id":13574,"date":"2025-03-19T11:49:51","date_gmt":"2025-03-19T10:49:51","guid":{"rendered":"https:\/\/agora.xtec.cat\/insalfonscostafreda\/?page_id=13574"},"modified":"2026-05-05T11:55:03","modified_gmt":"2026-05-05T09:55:03","slug":"preinscripcio-i-matricula-curs-despecialitzacio-2025-2026","status":"publish","type":"page","link":"https:\/\/agora.xtec.cat\/insalfonscostafreda\/secretaria\/tramits\/preinscripcio-i-matricula\/preinscripcio-i-matricula-curs-despecialitzacio-2025-2026\/","title":{"rendered":"Preinscripci\u00f3 i matr\u00edcula CURS D&#8217;ESPECIALITZACI\u00d3 2026-2027"},"content":{"rendered":"\n<p><a href=\"https:\/\/agora.xtec.cat\/insalfonscostafreda\/portada\/nou-curs-despecialitzacio-en-formacio-professional-de-grau-superior-en-robotica-col%c2%b7laborativa\/\" target=\"_blank\" rel=\"noreferrer noopener\">Curs d&#8217;especialitzaci\u00f3 en formaci\u00f3 professional de grau superior en rob\u00f2tica col\u00b7laborativa<\/a><\/p>\n\n\n\n<h1 class=\"wp-block-heading has-black-color has-text-color has-link-color wp-elements-18d0257cba930abfa5b4a28d7fb8f818\">Preinscripci\u00f3 (25 de juny al 3 de juliol)<\/h1>\n\n\n\n<p>La preinscripci\u00f3 al curs es realitza directament al centre ho pots fer de les seg\u00fcents maneres:&nbsp;<strong>presencial o a trav\u00e9s del formulari<\/strong>.<\/p>\n\n\n\n<p>DOCUMENTACI\u00d3 NECESS\u00c0RIA PER LA PREINSCRIPCI\u00d3<\/p>\n\n\n\n<ul class=\"wp-block-list\">\n<li>Sol\u00b7licitud emplenada (Amb signatura digital en cas de fer-ho per formulari)<\/li>\n\n\n\n<li>El DNI, NIE o passaport de la persona sol\u00b7licitant. Si es tracta d&#8217;estrangers comunitaris, document d&#8217;identitat del pa\u00eds d&#8217;origen.<\/li>\n\n\n\n<li>La certificaci\u00f3 de la qualificaci\u00f3 mitjana del cicle de formaci\u00f3 professional que permet l&#8217;acc\u00e9s.<\/li>\n<\/ul>\n\n\n\n<p>(si has cursat els estudis de CFGS MECATR\u00d2NICA INDUSTRIAL al centre no es necessari adjuntar-la)<\/p>\n\n\n\n<p>PRESENTACI\u00d3 DE SOL\u00b7LICITUDS (Del 25 de juny al 3 de juliol)<\/p>\n\n\n\n<p>&#8211;&nbsp;&nbsp;&nbsp;&nbsp;&nbsp;&nbsp;&nbsp;&nbsp;&nbsp;&nbsp;Descarrega la sol\u00b7licitud (<a href=\"https:\/\/agora.xtec.cat\/insalfonscostafreda\/wp-content\/uploads\/usu2359\/Sol.licitudPreinscripcioCEFP.pdf\" target=\"_blank\" rel=\"noreferrer noopener\">FULL ADJUNT<\/a>)<\/p>\n\n\n\n<p>&#8211;\u00a0\u00a0\u00a0\u00a0\u00a0\u00a0\u00a0\u00a0\u00a0\u00a0Presenta-la a trav\u00e9s del Formulari (<a href=\"https:\/\/docs.google.com\/forms\/d\/e\/1FAIpQLSe9_YAmxrU8lWr8wgLtnYzcHRTO2yvZ7EZ99gIfvhTac0MwyA\/viewform?usp=header&amp;urp=gmail_link\">FORMULARI<\/a>)<\/p>\n\n\n\n<p>&#8211;&nbsp; &nbsp; &nbsp; &nbsp; &nbsp;o&nbsp;&nbsp;Presencialment al centre de 9:00h a 14:00h<\/p>\n\n\n\n<p><strong>Informaci\u00f3:<\/strong> <a href=\"https:\/\/agora.xtec.cat\/insalfonscostafreda\/wp-content\/uploads\/usu2359\/2025_CursRobotica.pdf\">Curs rob\u00f3tica col\u00b7laboratiu<\/a><\/p>\n\n\n\n<p>M\u00e9s informaci\u00f3: <a href=\"https:\/\/preinscripcio.gencat.cat\/ca\/estudis\/cursos-especialitzacio-fp\/inici\/\">https:\/\/preinscripcio.gencat.cat\/ca\/estudis\/cursos-especialitzacio-fp\/inici\/<\/a><\/p>\n\n\n\n<ul class=\"wp-block-list\">\n<li>Publicaci\u00f3 del llistat amb puntuacions provisionals<\/li>\n\n\n\n<li>Publicaci\u00f3 del llistat amb places assignades<\/li>\n<\/ul>\n\n\n\n<h1 class=\"wp-block-heading has-black-color has-text-color has-link-color wp-elements-d12f0159597813201ec21a3a00a8dce2\">Matr\u00edcula (6 al 10 de juliol)<\/h1>\n\n\n\n<p>La matr\u00edcula es formalitza 100% en l\u00ednia i no cal anar al centre per presentar-la. A continuaci\u00f3 trobareu les instruccions i documentaci\u00f3 que cal presentar.<\/p>\n\n\n\n<p>Qu\u00e8 heu de tenir preparat per adjuntar al formulari?<\/p>\n\n\n\n<ul class=\"wp-block-list\">\n<li><em>DNI\/NIE\/PASS pare\/mare (menor d\u2019edat)<\/em><\/li>\n\n\n\n<li><em>Llibre de fam\u00edlia (menor d\u2019edat)<\/em><\/li>\n\n\n\n<li><em>DNI\/NIE\/PASS alumne<\/em><\/li>\n\n\n\n<li><em>TSI (Targeta sanit\u00e0ria)<\/em><\/li>\n\n\n\n<li><em>Fotografia mida carnet<\/em><\/li>\n\n\n\n<li><em>Titulaci\u00f3 d\u2019acc\u00e9s<\/em><\/li>\n<\/ul>\n\n\n\n<p>Un cop ho tingueu preparat&nbsp;dins el termini:<\/p>\n\n\n\n<ul class=\"wp-block-list\">\n<li>Omplir formulari de matr\u00edcula: FORMULARI MATR\u00cdCULA . que rebreu per correu electr\u00f2nic<\/li>\n\n\n\n<li>Realitzar el pagament a trav\u00e9s de l\u2019APP: INSTRUCCIONS DE DESC\u00c0RREGA<\/li>\n<\/ul>\n\n\n\n<p>Si no pots fer la matriculaci\u00f3 en aquestes dates perqu\u00e8 si no es considera que renuncies a la pla\u00e7a i la perds.<\/p>\n","protected":false},"excerpt":{"rendered":"<p>Curs d&#8217;especialitzaci\u00f3 en formaci\u00f3 professional de grau superior en rob\u00f2tica col\u00b7laborativa Preinscripci\u00f3 (25 de juny al 3 de juliol) La preinscripci\u00f3 al curs es realitza directament al centre ho pots fer de les seg\u00fcents maneres:&nbsp;presencial o a trav\u00e9s del formulari. DOCUMENTACI\u00d3 NECESS\u00c0RIA PER LA PREINSCRIPCI\u00d3 (si has cursat els estudis de CFGS MECATR\u00d2NICA INDUSTRIAL al [&hellip;]<\/p>\n","protected":false},"author":6,"featured_media":0,"parent":543,"menu_order":2,"comment_status":"closed","ping_status":"close","template":"","meta":{"_bbp_topic_count":0,"_bbp_reply_count":0,"_bbp_total_topic_count":0,"_bbp_total_reply_count":0,"_bbp_voice_count":0,"_bbp_anonymous_reply_count":0,"_bbp_topic_count_hidden":0,"_bbp_reply_count_hidden":0,"_bbp_forum_subforum_count":0,"site-sidebar-layout":"default","site-content-layout":"","ast-site-content-layout":"default","site-content-style":"default","site-sidebar-style":"default","ast-global-header-display":"","ast-banner-title-visibility":"","ast-main-header-display":"","ast-hfb-above-header-display":"","ast-hfb-below-header-display":"","ast-hfb-mobile-header-display":"","site-post-title":"","ast-breadcrumbs-content":"","ast-featured-img":"","footer-sml-layout":"","theme-transparent-header-meta":"","adv-header-id-meta":"","stick-header-meta":"","header-above-stick-meta":"","header-main-stick-meta":"","header-below-stick-meta":"","astra-migrate-meta-layouts":"set","ast-page-background-enabled":"default","ast-page-background-meta":{"desktop":{"background-color":"var(--ast-global-color-4)","background-image":"","background-repeat":"repeat","background-position":"center center","background-size":"auto","background-attachment":"scroll","background-type":"","background-media":"","overlay-type":"","overlay-color":"","overlay-opacity":"","overlay-gradient":""},"tablet":{"background-color":"","background-image":"","background-repeat":"repeat","background-position":"center center","background-size":"auto","background-attachment":"scroll","background-type":"","background-media":"","overlay-type":"","overlay-color":"","overlay-opacity":"","overlay-gradient":""},"mobile":{"background-color":"","background-image":"","background-repeat":"repeat","background-position":"center center","background-size":"auto","background-attachment":"scroll","background-type":"","background-media":"","overlay-type":"","overlay-color":"","overlay-opacity":"","overlay-gradient":""}},"ast-content-background-meta":{"desktop":{"background-color":"var(--ast-global-color-5)","background-image":"","background-repeat":"repeat","background-position":"center center","background-size":"auto","background-attachment":"scroll","background-type":"","background-media":"","overlay-type":"","overlay-color":"","overlay-opacity":"","overlay-gradient":""},"tablet":{"background-color":"var(--ast-global-color-5)","background-image":"","background-repeat":"repeat","background-position":"center center","background-size":"auto","background-attachment":"scroll","background-type":"","background-media":"","overlay-type":"","overlay-color":"","overlay-opacity":"","overlay-gradient":""},"mobile":{"background-color":"var(--ast-global-color-5)","background-image":"","background-repeat":"repeat","background-position":"center center","background-size":"auto","background-attachment":"scroll","background-type":"","background-media":"","overlay-type":"","overlay-color":"","overlay-opacity":"","overlay-gradient":""}},"footnotes":""},"class_list":["post-13574","page","type-page","status-publish","hentry"],"post_mailing_queue_ids":[],"_links":{"self":[{"href":"https:\/\/agora.xtec.cat\/insalfonscostafreda\/wp-json\/wp\/v2\/pages\/13574","targetHints":{"allow":["GET"]}}],"collection":[{"href":"https:\/\/agora.xtec.cat\/insalfonscostafreda\/wp-json\/wp\/v2\/pages"}],"about":[{"href":"https:\/\/agora.xtec.cat\/insalfonscostafreda\/wp-json\/wp\/v2\/types\/page"}],"author":[{"embeddable":true,"href":"https:\/\/agora.xtec.cat\/insalfonscostafreda\/wp-json\/wp\/v2\/users\/6"}],"replies":[{"embeddable":true,"href":"https:\/\/agora.xtec.cat\/insalfonscostafreda\/wp-json\/wp\/v2\/comments?post=13574"}],"version-history":[{"count":6,"href":"https:\/\/agora.xtec.cat\/insalfonscostafreda\/wp-json\/wp\/v2\/pages\/13574\/revisions"}],"predecessor-version":[{"id":14840,"href":"https:\/\/agora.xtec.cat\/insalfonscostafreda\/wp-json\/wp\/v2\/pages\/13574\/revisions\/14840"}],"up":[{"embeddable":true,"href":"https:\/\/agora.xtec.cat\/insalfonscostafreda\/wp-json\/wp\/v2\/pages\/543"}],"wp:attachment":[{"href":"https:\/\/agora.xtec.cat\/insalfonscostafreda\/wp-json\/wp\/v2\/media?parent=13574"}],"curies":[{"name":"wp","href":"https:\/\/api.w.org\/{rel}","templated":true}]}}