{"id":13289,"date":"2025-01-29T20:55:31","date_gmt":"2025-01-29T19:55:31","guid":{"rendered":"https:\/\/agora.xtec.cat\/insalfonscostafreda\/?page_id=13289"},"modified":"2026-03-23T15:44:01","modified_gmt":"2026-03-23T14:44:01","slug":"portes-obertes","status":"publish","type":"page","link":"https:\/\/agora.xtec.cat\/insalfonscostafreda\/portes-obertes\/","title":{"rendered":"Portes Obertes"},"content":{"rendered":"\n<p>Aquest any a les portes obertes, podreu descobrir el nostre projecte educatiu, visitar les instal\u00b7lacions i con\u00e8ixer el nostre equip.<\/p>\n\n\n\n<p class=\"has-white-color has-text-color has-background has-link-color wp-elements-c79a08944f4dafeed4b8af7004e6b0b6\" style=\"background-color:#0988a9;font-size:16px\"><strong>ESO<\/strong><\/p>\n\n\n\n<p>L\u2019esdeveniment tindr\u00e0 lloc el <strong>3 de mar\u00e7<\/strong> de 2026. Hi haur\u00e0 dues sessions a la tarda (<strong>18:00h i 19:00 h<\/strong>) i ser\u00e0 necessari que us registreu, per poder assistir-hi.<\/p>\n\n\n<p><a href=\"https:\/\/forms.gle\/mSzn1H8EKMHha9WL9\" data-type=\"link\" data-id=\"https:\/\/forms.gle\/zJtELrUo3NJHHCj97\">Enlla\u00e7 a la inscripci\u00f3 telem\u00e0tica<\/a><\/p>\n\n\n<p><!--<p>La informaci\u00f3 que us vam donar la podeu revisar amb aquestes dues breus <strong>Presentacions <\/strong>del centre i al nostre <strong>Dossier de Portes Obertes<\/strong> que us vam lliurar.<\/p>--><\/p>\n\n\n\n<!--<figure class=\"wp-block-embed aligncenter is-type-video is-provider-youtube wp-block-embed-youtube wp-embed-aspect-16-9 wp-has-aspect-ratio\"><div class=\"wp-block-embed__wrapper\">\nhttps:\/\/youtu.be\/i2G_gD3iBF0\n<\/div><figcaption class=\"wp-element-caption\">Presentaci\u00f3 de les Portes Obertes - Curs 2024-25<\/figcaption><\/figure>-->\n\n\n\n<!--<figure class=\"wp-block-embed is-type-video is-provider-youtube wp-block-embed-youtube wp-embed-aspect-16-9 wp-has-aspect-ratio\"><div class=\"wp-block-embed__wrapper\">\nhttps:\/\/youtu.be\/Aq-EMFCd_m4\n<\/div><figcaption class=\"wp-element-caption\">Presentaci\u00f3 del Projecte CLIL+ Curs 2024-25<\/figcaption><\/figure>-->\n\n\n\n<p class=\"has-medium-font-size\"><!--<p class=\"has-medium-font-size\"><a href=\"https:\/\/agora.xtec.cat\/insalfonscostafreda\/wp-content\/uploads\/usu2359\/Acceptacio-projecte-linguistic-angles.docx.pdf\" target=\"_blank\" rel=\"noreferrer noopener\">Formulari de participaci\u00f3 en el Projecte CLIL (Fins el 30 de juny)<\/a><\/p>--><\/p>\n\n\n\n<!--<div class=\"wp-block-file\"><object class=\"wp-block-file__embed\" data=\"https:\/\/agora.xtec.cat\/insalfonscostafreda\/wp-content\/uploads\/usu2359\/dossier_portes_obertes_2425_vf.pdf\" type=\"application\/pdf\" style=\"width:100%;height:600px\" aria-label=\"dossier_portes_obertes_2425_vf\"><\/object><a id=\"wp-block-file--media-d07a512b-ddc9-4761-9d1f-7ffacc7b7bdc\" href=\"https:\/\/agora.xtec.cat\/insalfonscostafreda\/wp-content\/uploads\/usu2359\/dossier_portes_obertes_2425_vf.pdf\">dossier_portes_obertes_2425_vf<\/a><a href=\"https:\/\/agora.xtec.cat\/insalfonscostafreda\/wp-content\/uploads\/usu2359\/dossier_portes_obertes_2425_vf.pdf\" class=\"wp-block-file__button wp-element-button\" download aria-describedby=\"wp-block-file--media-d07a512b-ddc9-4761-9d1f-7ffacc7b7bdc\">Baixa<\/a><\/div>-->\n\n\n\n<p>El per\u00edode de preinscripci\u00f3 \u00e9s<strong> del 6 al 18 de mar\u00e7<\/strong> <strong>de 2026<\/strong> i anirem publicant la informaci\u00f3 referent al proc\u00e9s, a mesura que el Departament d&#8217;Educaci\u00f3 vagi actualitzant les dades.<br><\/p>\n\n\n\n<p><strong>Participaci\u00f3 al projecte ling\u00fcistic del centre<\/strong><\/p>\n\n\n\n<div data-wp-interactive=\"core\/file\" class=\"wp-block-file\"><object data-wp-bind--hidden=\"!state.hasPdfPreview\" hidden class=\"wp-block-file__embed\" data=\"https:\/\/agora.xtec.cat\/insalfonscostafreda\/wp-content\/uploads\/usu2359\/Acceptacio-projecte-linguistic-angles-1.pdf\" type=\"application\/pdf\" style=\"width:100%;height:600px\" aria-label=\"Incrustaci\u00f3 del fitxer Acceptaci\u00f3 projecte ling\u00fc\u00edstic angl\u00e8s.\"><\/object><a id=\"wp-block-file--media-f7834546-b37a-44c5-ab6c-285b9fb37c97\" href=\"https:\/\/agora.xtec.cat\/insalfonscostafreda\/wp-content\/uploads\/usu2359\/Acceptacio-projecte-linguistic-angles-1.pdf\">Acceptaci\u00f3 projecte ling\u00fc\u00edstic angl\u00e8s<\/a><a href=\"https:\/\/agora.xtec.cat\/insalfonscostafreda\/wp-content\/uploads\/usu2359\/Acceptacio-projecte-linguistic-angles-1.pdf\" class=\"wp-block-file__button wp-element-button\" download aria-describedby=\"wp-block-file--media-f7834546-b37a-44c5-ab6c-285b9fb37c97\">Baixa<\/a><\/div>\n\n\n\n<p class=\"has-white-color has-text-color has-background has-link-color wp-elements-7607717a99071e0c38d3ba872695fd09\" style=\"background-color:#0988a9;font-size:16px\"><strong>Batxillerat<\/strong><\/p>\n\n\n\n<p>Les portes obertes de batxillerat seran el <strong>24<\/strong> <strong>de mar\u00e7 <\/strong>(<strong>de 19:00h a 20:00h<\/strong>) i caldr\u00e0 registrar-se pr\u00e8viament.<\/p>\n\n\n\n<p><p><a href=\"https:\/\/forms.gle\/FvBhN6DWgmV6ELjj7\" data-type=\"link\" data-id=\"https:\/\/forms.gle\/FvBhN6DWgmV6ELjj7\">Enlla\u00e7 a la inscripci\u00f3 telem\u00e0tica<\/a><\/p><\/p>\n\n\n\n<p><!--<p>La informaci\u00f3 que us vam donar la podeu revisar amb aquesta <strong>Presentaci\u00f3 <\/strong>del centre i al nostre <strong>Dossier de Portes Obertes<\/strong> que us vam lliurar.<\/p>--><\/p>\n\n\n\n<!--<figure class=\"wp-block-embed is-type-video is-provider-youtube wp-block-embed-youtube wp-embed-aspect-16-9 wp-has-aspect-ratio\"><div class=\"wp-block-embed__wrapper\">\nhttps:\/\/youtu.be\/sqSA2Sn_sp0\n<\/div><figcaption class=\"wp-element-caption\">Presentaci\u00f3 de les Portes Obertes de Batxillerat - Curs 2024-25<\/figcaption><\/figure>-->\n\n\n\n<!--<div class=\"wp-block-file\"><object class=\"wp-block-file__embed\" data=\"https:\/\/agora.xtec.cat\/insalfonscostafreda\/wp-content\/uploads\/usu2359\/dossier_portes_obertes_2425_vf_bat_llibret-2.pdf\" type=\"application\/pdf\" style=\"width:100%;height:600px\" aria-label=\"dossier_portes_obertes_2425_vf_bat_llibret-2\"><\/object><a id=\"wp-block-file--media-b1469bd6-042a-4679-a317-aab2013b71ba\" href=\"https:\/\/agora.xtec.cat\/insalfonscostafreda\/wp-content\/uploads\/usu2359\/dossier_portes_obertes_2425_vf_bat_llibret-2.pdf\">dossier_portes_obertes_2425_vf_bat_llibret-2<\/a><a href=\"https:\/\/agora.xtec.cat\/insalfonscostafreda\/wp-content\/uploads\/usu2359\/dossier_portes_obertes_2425_vf_bat_llibret-2.pdf\" class=\"wp-block-file__button wp-element-button\" download aria-describedby=\"wp-block-file--media-b1469bd6-042a-4679-a317-aab2013b71ba\">Baixa<\/a><\/div>-->\n\n\n\n<p>El per\u00edode de preinscripci\u00f3 \u00e9s<strong> del 9 al 16 d&#8217;abril<\/strong> <strong>de 2026<\/strong> i anirem publicant la informaci\u00f3 referent al proc\u00e9s, a mesura que el Departament d&#8217;Educaci\u00f3 vagi actualitzant les dades.<\/p>\n\n\n\n<p class=\"has-white-color has-text-color has-background has-link-color wp-elements-0cac96532c7043541252c70007bb5af2\" style=\"background-color:#0988a9;font-size:16px\"><strong>Cicles Formatius i PFI<\/strong><\/p>\n\n\n\n<p>Les portes obertes de Cicles Formatius i PFI seran el <strong>28 d&#8217;abril <\/strong>(<strong>de 19:30h a 21:00h<\/strong>) i caldr\u00e0 registrar-se pr\u00e8viament.<\/p>\n\n\n\n<p><a href=\"https:\/\/forms.gle\/EsYP95afwZB3Bu3V6\">Enlla\u00e7 a la inscripci\u00f3 telem\u00e0tica<\/a><\/p>\n\n\n\n<ul class=\"wp-block-list\">\n<li>El per\u00edode de preinscripci\u00f3 a <strong>Cicles Formatius de Grau Mitj\u00e0<\/strong> i <strong>Cicles Formatius de Grau Superior<\/strong> \u00e9s<strong> del 26 de maig al 1 de juny<\/strong> <strong>de 2026<\/strong> i anirem publicant la informaci\u00f3 referent al proc\u00e9s, a mesura que el Departament d&#8217;Educaci\u00f3 vagi actualitzant les dades.<\/li>\n<\/ul>\n\n\n\n<p><\/p>\n\n\n\n<ul class=\"wp-block-list\">\n<li>El per\u00edode de preinscripci\u00f3 a <strong>PFI<\/strong> \u00e9s<strong> del 4 al 13 de maig<\/strong> <strong>de 2026<\/strong> i anirem publicant la informaci\u00f3 referent al proc\u00e9s, a mesura que el Departament d&#8217;Educaci\u00f3 vagi actualitzant les dades.<\/li>\n<\/ul>\n\n\n\n<p><!--<p><strong>Grau mijt\u00e0<\/strong> i <strong>Grau superior<\/strong>: El per\u00edode de preinscripci\u00f3 \u00e9s<strong> del 23 al 29 de maig <\/strong>de 2025. Podeu consultar la web del <a href=\"https:\/\/preinscripcio.gencat.cat\/ca\/inici\/\">Departament d'Educaci\u00f3 (preinscripci\u00f3)<\/a> per m\u00e9s informaci\u00f3.<\/p>--><\/p>\n\n\n\n<p><!--<p><strong>PFI<\/strong>: El per\u00edode de preinscripci\u00f3 \u00e9s<strong> del 6 al 13 de maig <\/strong>de 2025. Podeu consultar la web del <a href=\"https:\/\/preinscripcio.gencat.cat\/ca\/inici\/\">Departament d'Educaci\u00f3 (preinscripci\u00f3)<\/a> per m\u00e9s informaci\u00f3.<\/p>--><\/p>\n\n\n\n<p><!--<p>La informaci\u00f3 que us vam donar la podeu revisar amb aquestes dues breus <strong>Presentacions <\/strong>del centre i al nostre <strong>Dossier de Portes Obertes<\/strong> que us vam lliurar.<\/p>--><\/p>\n\n\n\n<!--<div class=\"wp-block-file\"><object class=\"wp-block-file__embed\" data=\"https:\/\/agora.xtec.cat\/insalfonscostafreda\/wp-content\/uploads\/usu2359\/dossier_portes_obertes_2025_CCFF_llibret.pdf\" type=\"application\/pdf\" style=\"width:100%;height:600px\" aria-label=\"dossier_portes_obertes_2025_CCFF_llibret\"><\/object><a id=\"wp-block-file--media-b52fb68d-5a8a-4304-82cf-dafd344b74f2\" href=\"https:\/\/agora.xtec.cat\/insalfonscostafreda\/wp-content\/uploads\/usu2359\/dossier_portes_obertes_2025_CCFF_llibret.pdf\">dossier_portes_obertes_2025_CCFF_llibret<\/a><a href=\"https:\/\/agora.xtec.cat\/insalfonscostafreda\/wp-content\/uploads\/usu2359\/dossier_portes_obertes_2025_CCFF_llibret.pdf\" class=\"wp-block-file__button wp-element-button\" download aria-describedby=\"wp-block-file--media-b52fb68d-5a8a-4304-82cf-dafd344b74f2\">Baixa<\/a><\/div>-->\n\n\n\n<p><!--<p><strong>Curs especialitzaci\u00f3<\/strong>: El per\u00edode de preinscripci\u00f3 \u00e9s<strong> del 25 de juny al 4 de juliol<\/strong> de 2025. Podeu consultar la web del <a href=\"https:\/\/preinscripcio.gencat.cat\/ca\/inici\/\">Departament d'Educaci\u00f3 (preinscripci\u00f3)<\/a> per m\u00e9s informaci\u00f3.<\/p>--><\/p>\n\n\n\n<p><\/p>\n\n\n\n<p><\/p>\n","protected":false},"excerpt":{"rendered":"<p>Aquest any a les portes obertes, podreu descobrir el nostre projecte educatiu, visitar les instal\u00b7lacions i con\u00e8ixer el nostre equip. ESO L\u2019esdeveniment tindr\u00e0 lloc el 3 de mar\u00e7 de 2026. Hi haur\u00e0 dues sessions a la tarda (18:00h i 19:00 h) i ser\u00e0 necessari que us registreu, per poder assistir-hi. Enlla\u00e7 a la inscripci\u00f3 telem\u00e0tica [&hellip;]<\/p>\n","protected":false},"author":1,"featured_media":0,"parent":0,"menu_order":0,"comment_status":"closed","ping_status":"close","template":"","meta":{"_bbp_topic_count":0,"_bbp_reply_count":0,"_bbp_total_topic_count":0,"_bbp_total_reply_count":0,"_bbp_voice_count":0,"_bbp_anonymous_reply_count":0,"_bbp_topic_count_hidden":0,"_bbp_reply_count_hidden":0,"_bbp_forum_subforum_count":0,"site-sidebar-layout":"default","site-content-layout":"","ast-site-content-layout":"default","site-content-style":"default","site-sidebar-style":"default","ast-global-header-display":"","ast-banner-title-visibility":"","ast-main-header-display":"","ast-hfb-above-header-display":"","ast-hfb-below-header-display":"","ast-hfb-mobile-header-display":"","site-post-title":"","ast-breadcrumbs-content":"","ast-featured-img":"","footer-sml-layout":"","theme-transparent-header-meta":"","adv-header-id-meta":"","stick-header-meta":"","header-above-stick-meta":"","header-main-stick-meta":"","header-below-stick-meta":"","astra-migrate-meta-layouts":"set","ast-page-background-enabled":"default","ast-page-background-meta":{"desktop":{"background-color":"var(--ast-global-color-4)","background-image":"","background-repeat":"repeat","background-position":"center center","background-size":"auto","background-attachment":"scroll","background-type":"","background-media":"","overlay-type":"","overlay-color":"","overlay-opacity":"","overlay-gradient":""},"tablet":{"background-color":"","background-image":"","background-repeat":"repeat","background-position":"center center","background-size":"auto","background-attachment":"scroll","background-type":"","background-media":"","overlay-type":"","overlay-color":"","overlay-opacity":"","overlay-gradient":""},"mobile":{"background-color":"","background-image":"","background-repeat":"repeat","background-position":"center center","background-size":"auto","background-attachment":"scroll","background-type":"","background-media":"","overlay-type":"","overlay-color":"","overlay-opacity":"","overlay-gradient":""}},"ast-content-background-meta":{"desktop":{"background-color":"var(--ast-global-color-5)","background-image":"","background-repeat":"repeat","background-position":"center center","background-size":"auto","background-attachment":"scroll","background-type":"","background-media":"","overlay-type":"","overlay-color":"","overlay-opacity":"","overlay-gradient":""},"tablet":{"background-color":"var(--ast-global-color-5)","background-image":"","background-repeat":"repeat","background-position":"center center","background-size":"auto","background-attachment":"scroll","background-type":"","background-media":"","overlay-type":"","overlay-color":"","overlay-opacity":"","overlay-gradient":""},"mobile":{"background-color":"var(--ast-global-color-5)","background-image":"","background-repeat":"repeat","background-position":"center center","background-size":"auto","background-attachment":"scroll","background-type":"","background-media":"","overlay-type":"","overlay-color":"","overlay-opacity":"","overlay-gradient":""}},"footnotes":""},"class_list":["post-13289","page","type-page","status-publish","hentry"],"post_mailing_queue_ids":[],"_links":{"self":[{"href":"https:\/\/agora.xtec.cat\/insalfonscostafreda\/wp-json\/wp\/v2\/pages\/13289","targetHints":{"allow":["GET"]}}],"collection":[{"href":"https:\/\/agora.xtec.cat\/insalfonscostafreda\/wp-json\/wp\/v2\/pages"}],"about":[{"href":"https:\/\/agora.xtec.cat\/insalfonscostafreda\/wp-json\/wp\/v2\/types\/page"}],"author":[{"embeddable":true,"href":"https:\/\/agora.xtec.cat\/insalfonscostafreda\/wp-json\/wp\/v2\/users\/1"}],"replies":[{"embeddable":true,"href":"https:\/\/agora.xtec.cat\/insalfonscostafreda\/wp-json\/wp\/v2\/comments?post=13289"}],"version-history":[{"count":6,"href":"https:\/\/agora.xtec.cat\/insalfonscostafreda\/wp-json\/wp\/v2\/pages\/13289\/revisions"}],"predecessor-version":[{"id":14680,"href":"https:\/\/agora.xtec.cat\/insalfonscostafreda\/wp-json\/wp\/v2\/pages\/13289\/revisions\/14680"}],"wp:attachment":[{"href":"https:\/\/agora.xtec.cat\/insalfonscostafreda\/wp-json\/wp\/v2\/media?parent=13289"}],"curies":[{"name":"wp","href":"https:\/\/api.w.org\/{rel}","templated":true}]}}