{"id":1308,"date":"2023-12-30T13:49:41","date_gmt":"2023-12-30T12:49:41","guid":{"rendered":"https:\/\/agora.xtec.cat\/insalfonscostafreda\/?page_id=1308"},"modified":"2026-02-02T20:23:27","modified_gmt":"2026-02-02T19:23:27","slug":"convivencia-participacio","status":"publish","type":"page","link":"https:\/\/agora.xtec.cat\/insalfonscostafreda\/projectes\/convivencia-participacio\/","title":{"rendered":"Projectes de conviv\u00e8ncia"},"content":{"rendered":"\n<p><\/p>\n\n\n\n<p>El calendari de participaci\u00f3 del centre pel curs 25-26 \u00e9s el seg\u00fcent:<\/p>\n\n\n\n<figure class=\"wp-block-table is-style-stripes\"><table><tbody><tr><td>17\/10\/25<\/td><td><strong>CONSELL DELEGATS<\/strong><br>Presentaci\u00f3, elecci\u00f3 de rols, presentaci\u00f3 dels projectes \u201cP\u00e0gines grogues\u201d i \u201cDelegats i delegades 3D\u201d<\/td><\/tr><tr><td>21\/11\/25<\/td><td><strong>CONSELL DELEGATS<br><\/strong>Recull de propostes per al \u201cP\u00e0gines grogues\u201d \/ Carnaval \/ Din\u00e0mica fase 1 (delegats 3D)<\/td><\/tr><tr><td>13\/11\/2025<\/td><td><strong>CONSELL DELEGATS INTERCENTRES<\/strong><\/td><\/tr><tr><td>12\/12\/25<\/td><td><strong>CONSELL DELEGATS<br><\/strong>Recull de propostes carnaval + delegats 3d<\/td><\/tr><tr><td>16\/01\/26<\/td><td><strong>CONSELL DELEGATS<br><\/strong>Difusi\u00f3 carnaval -consignes, activitats-<\/td><\/tr><tr><td>26\/01\/26<\/td><td>CONSELL DELEGATS INTERCENTRES<\/td><\/tr><tr><td>06\/02\/26<\/td><td>CONSELL DELEGATS CARNAVAL<\/td><\/tr><tr><td>13\/02\/26<\/td><td>CARNAVAL<\/td><\/tr><tr><td>19\/02\/26<\/td><td>PROJECTE 3D<\/td><\/tr><tr><td>Per det.<\/td><td>Consell de Delegats\/des de tarda<\/td><\/tr><tr><td>27\/02\/26<\/td><td><strong>CONSELL DELEGATS<br><\/strong>Valoraci\u00f3 Carnaval + Introducci\u00f3 3D<\/td><\/tr><tr><td>12\/03\/26<\/td><td>PROJECTE 3D<\/td><\/tr><tr><td>13\/03\/26<\/td><td>CONSELL DELEGATS&nbsp;<\/td><\/tr><tr><td>Per det.<\/td><td>PROJECTE 3D<\/td><\/tr><tr><td>17\/04\/26<\/td><td>CONSELL DELEGATS<\/td><\/tr><tr><td>30\/04\/26<\/td><td>PROJECTE 3D<\/td><\/tr><tr><td>08\/05\/26<\/td><td>CONSELL DELEGATS<\/td><\/tr><tr><td>14\/05\/26<\/td><td>PROJECTE 3D<\/td><\/tr><tr><td>04\/06\/26<\/td><td>PROJECTE 3D<\/td><\/tr><tr><td>05\/06\/26<\/td><td>CONSELL DELEGATS<\/td><\/tr><tr><td>Per det.<\/td><td>CONSELL DELEGATS INTERCENTRES<\/td><\/tr><tr><td>Juny<\/td><td>PROJECTE 3D<\/td><\/tr><\/tbody><\/table><\/figure>\n","protected":false},"excerpt":{"rendered":"<p>El calendari de participaci\u00f3 del centre pel curs 25-26 \u00e9s el seg\u00fcent: 17\/10\/25 CONSELL DELEGATSPresentaci\u00f3, elecci\u00f3 de rols, presentaci\u00f3 dels projectes \u201cP\u00e0gines grogues\u201d i \u201cDelegats i delegades 3D\u201d 21\/11\/25 CONSELL DELEGATSRecull de propostes per al \u201cP\u00e0gines grogues\u201d \/ Carnaval \/ Din\u00e0mica fase 1 (delegats 3D) 13\/11\/2025 CONSELL DELEGATS INTERCENTRES 12\/12\/25 CONSELL DELEGATSRecull de propostes carnaval [&hellip;]<\/p>\n","protected":false},"author":1,"featured_media":0,"parent":535,"menu_order":4,"comment_status":"closed","ping_status":"closed","template":"page-templates\/side-menu.php","meta":{"_bbp_topic_count":0,"_bbp_reply_count":0,"_bbp_total_topic_count":0,"_bbp_total_reply_count":0,"_bbp_voice_count":0,"_bbp_anonymous_reply_count":0,"_bbp_topic_count_hidden":0,"_bbp_reply_count_hidden":0,"_bbp_forum_subforum_count":0,"site-sidebar-layout":"default","site-content-layout":"","ast-site-content-layout":"","site-content-style":"default","site-sidebar-style":"default","ast-global-header-display":"","ast-banner-title-visibility":"","ast-main-header-display":"","ast-hfb-above-header-display":"","ast-hfb-below-header-display":"","ast-hfb-mobile-header-display":"","site-post-title":"","ast-breadcrumbs-content":"","ast-featured-img":"","footer-sml-layout":"","theme-transparent-header-meta":"","adv-header-id-meta":"","stick-header-meta":"","header-above-stick-meta":"","header-main-stick-meta":"","header-below-stick-meta":"","astra-migrate-meta-layouts":"default","ast-page-background-enabled":"default","ast-page-background-meta":{"desktop":{"background-color":"var(--ast-global-color-4)","background-image":"","background-repeat":"repeat","background-position":"center center","background-size":"auto","background-attachment":"scroll","background-type":"","background-media":"","overlay-type":"","overlay-color":"","overlay-opacity":"","overlay-gradient":""},"tablet":{"background-color":"","background-image":"","background-repeat":"repeat","background-position":"center center","background-size":"auto","background-attachment":"scroll","background-type":"","background-media":"","overlay-type":"","overlay-color":"","overlay-opacity":"","overlay-gradient":""},"mobile":{"background-color":"","background-image":"","background-repeat":"repeat","background-position":"center center","background-size":"auto","background-attachment":"scroll","background-type":"","background-media":"","overlay-type":"","overlay-color":"","overlay-opacity":"","overlay-gradient":""}},"ast-content-background-meta":{"desktop":{"background-color":"var(--ast-global-color-5)","background-image":"","background-repeat":"repeat","background-position":"center center","background-size":"auto","background-attachment":"scroll","background-type":"","background-media":"","overlay-type":"","overlay-color":"","overlay-opacity":"","overlay-gradient":""},"tablet":{"background-color":"var(--ast-global-color-5)","background-image":"","background-repeat":"repeat","background-position":"center center","background-size":"auto","background-attachment":"scroll","background-type":"","background-media":"","overlay-type":"","overlay-color":"","overlay-opacity":"","overlay-gradient":""},"mobile":{"background-color":"var(--ast-global-color-5)","background-image":"","background-repeat":"repeat","background-position":"center center","background-size":"auto","background-attachment":"scroll","background-type":"","background-media":"","overlay-type":"","overlay-color":"","overlay-opacity":"","overlay-gradient":""}},"footnotes":""},"class_list":["post-1308","page","type-page","status-publish","hentry"],"post_mailing_queue_ids":[],"_links":{"self":[{"href":"https:\/\/agora.xtec.cat\/insalfonscostafreda\/wp-json\/wp\/v2\/pages\/1308","targetHints":{"allow":["GET"]}}],"collection":[{"href":"https:\/\/agora.xtec.cat\/insalfonscostafreda\/wp-json\/wp\/v2\/pages"}],"about":[{"href":"https:\/\/agora.xtec.cat\/insalfonscostafreda\/wp-json\/wp\/v2\/types\/page"}],"author":[{"embeddable":true,"href":"https:\/\/agora.xtec.cat\/insalfonscostafreda\/wp-json\/wp\/v2\/users\/1"}],"replies":[{"embeddable":true,"href":"https:\/\/agora.xtec.cat\/insalfonscostafreda\/wp-json\/wp\/v2\/comments?post=1308"}],"version-history":[{"count":6,"href":"https:\/\/agora.xtec.cat\/insalfonscostafreda\/wp-json\/wp\/v2\/pages\/1308\/revisions"}],"predecessor-version":[{"id":14409,"href":"https:\/\/agora.xtec.cat\/insalfonscostafreda\/wp-json\/wp\/v2\/pages\/1308\/revisions\/14409"}],"up":[{"embeddable":true,"href":"https:\/\/agora.xtec.cat\/insalfonscostafreda\/wp-json\/wp\/v2\/pages\/535"}],"wp:attachment":[{"href":"https:\/\/agora.xtec.cat\/insalfonscostafreda\/wp-json\/wp\/v2\/media?parent=1308"}],"curies":[{"name":"wp","href":"https:\/\/api.w.org\/{rel}","templated":true}]}}