{"id":1306,"date":"2023-12-30T13:49:22","date_gmt":"2023-12-30T12:49:22","guid":{"rendered":"https:\/\/agora.xtec.cat\/insalfonscostafreda\/?page_id=1306"},"modified":"2026-02-02T20:46:54","modified_gmt":"2026-02-02T19:46:54","slug":"internacionalitat","status":"publish","type":"page","link":"https:\/\/agora.xtec.cat\/insalfonscostafreda\/projectes\/internacionalitat\/","title":{"rendered":"Projectes ling\u00fc\u00edstics i internacionals"},"content":{"rendered":"\n<p>Els <strong>projectes ling\u00fc\u00edstics i internacionals<\/strong> de l\u2019Institut Alfons Costafreda tenen com a objectiu potenciar la compet\u00e8ncia comunicativa de l\u2019alumnat i obrir el centre a una dimensi\u00f3 europea i internacional. L\u2019aprenentatge de lleng\u00fces es concep com una eina clau per al desenvolupament personal, acad\u00e8mic i professional, aix\u00ed com per a la comprensi\u00f3 i el respecte cap a altres cultures.<\/p>\n\n\n\n<p>En aquest marc, el centre participa en el <strong>programa d\u2019auxiliars de conversa<\/strong>, impulsa la <strong>certificaci\u00f3 d\u2019idiomes<\/strong> i desenvolupa un <strong>projecte CLIL+ propi<\/strong>, que integra l\u2019\u00fas de lleng\u00fces estrangeres en diferents \u00e0rees del curr\u00edculum. A m\u00e9s, es promou el gust per la lectura i l\u2019intercanvi cultural a trav\u00e9s del <strong>club de lectura<\/strong> i la participaci\u00f3 en <strong>projectes eTwinning<\/strong>, que fomenten la col\u00b7laboraci\u00f3 amb centres d\u2019altres pa\u00efsos i l\u2019\u00fas real i significatiu de les lleng\u00fces.<\/p>\n","protected":false},"excerpt":{"rendered":"<p>Els projectes ling\u00fc\u00edstics i internacionals de l\u2019Institut Alfons Costafreda tenen com a objectiu potenciar la compet\u00e8ncia comunicativa de l\u2019alumnat i obrir el centre a una dimensi\u00f3 europea i internacional. L\u2019aprenentatge de lleng\u00fces es concep com una eina clau per al desenvolupament personal, acad\u00e8mic i professional, aix\u00ed com per a la comprensi\u00f3 i el respecte cap [&hellip;]<\/p>\n","protected":false},"author":1,"featured_media":0,"parent":535,"menu_order":2,"comment_status":"closed","ping_status":"closed","template":"page-templates\/side-menu.php","meta":{"_bbp_topic_count":0,"_bbp_reply_count":0,"_bbp_total_topic_count":0,"_bbp_total_reply_count":0,"_bbp_voice_count":0,"_bbp_anonymous_reply_count":0,"_bbp_topic_count_hidden":0,"_bbp_reply_count_hidden":0,"_bbp_forum_subforum_count":0,"site-sidebar-layout":"default","site-content-layout":"","ast-site-content-layout":"","site-content-style":"default","site-sidebar-style":"default","ast-global-header-display":"","ast-banner-title-visibility":"","ast-main-header-display":"","ast-hfb-above-header-display":"","ast-hfb-below-header-display":"","ast-hfb-mobile-header-display":"","site-post-title":"","ast-breadcrumbs-content":"","ast-featured-img":"","footer-sml-layout":"","theme-transparent-header-meta":"","adv-header-id-meta":"","stick-header-meta":"","header-above-stick-meta":"","header-main-stick-meta":"","header-below-stick-meta":"","astra-migrate-meta-layouts":"default","ast-page-background-enabled":"default","ast-page-background-meta":{"desktop":{"background-color":"var(--ast-global-color-4)","background-image":"","background-repeat":"repeat","background-position":"center center","background-size":"auto","background-attachment":"scroll","background-type":"","background-media":"","overlay-type":"","overlay-color":"","overlay-opacity":"","overlay-gradient":""},"tablet":{"background-color":"","background-image":"","background-repeat":"repeat","background-position":"center center","background-size":"auto","background-attachment":"scroll","background-type":"","background-media":"","overlay-type":"","overlay-color":"","overlay-opacity":"","overlay-gradient":""},"mobile":{"background-color":"","background-image":"","background-repeat":"repeat","background-position":"center center","background-size":"auto","background-attachment":"scroll","background-type":"","background-media":"","overlay-type":"","overlay-color":"","overlay-opacity":"","overlay-gradient":""}},"ast-content-background-meta":{"desktop":{"background-color":"var(--ast-global-color-5)","background-image":"","background-repeat":"repeat","background-position":"center center","background-size":"auto","background-attachment":"scroll","background-type":"","background-media":"","overlay-type":"","overlay-color":"","overlay-opacity":"","overlay-gradient":""},"tablet":{"background-color":"var(--ast-global-color-5)","background-image":"","background-repeat":"repeat","background-position":"center center","background-size":"auto","background-attachment":"scroll","background-type":"","background-media":"","overlay-type":"","overlay-color":"","overlay-opacity":"","overlay-gradient":""},"mobile":{"background-color":"var(--ast-global-color-5)","background-image":"","background-repeat":"repeat","background-position":"center center","background-size":"auto","background-attachment":"scroll","background-type":"","background-media":"","overlay-type":"","overlay-color":"","overlay-opacity":"","overlay-gradient":""}},"footnotes":""},"class_list":["post-1306","page","type-page","status-publish","hentry"],"post_mailing_queue_ids":[],"_links":{"self":[{"href":"https:\/\/agora.xtec.cat\/insalfonscostafreda\/wp-json\/wp\/v2\/pages\/1306","targetHints":{"allow":["GET"]}}],"collection":[{"href":"https:\/\/agora.xtec.cat\/insalfonscostafreda\/wp-json\/wp\/v2\/pages"}],"about":[{"href":"https:\/\/agora.xtec.cat\/insalfonscostafreda\/wp-json\/wp\/v2\/types\/page"}],"author":[{"embeddable":true,"href":"https:\/\/agora.xtec.cat\/insalfonscostafreda\/wp-json\/wp\/v2\/users\/1"}],"replies":[{"embeddable":true,"href":"https:\/\/agora.xtec.cat\/insalfonscostafreda\/wp-json\/wp\/v2\/comments?post=1306"}],"version-history":[{"count":3,"href":"https:\/\/agora.xtec.cat\/insalfonscostafreda\/wp-json\/wp\/v2\/pages\/1306\/revisions"}],"predecessor-version":[{"id":14435,"href":"https:\/\/agora.xtec.cat\/insalfonscostafreda\/wp-json\/wp\/v2\/pages\/1306\/revisions\/14435"}],"up":[{"embeddable":true,"href":"https:\/\/agora.xtec.cat\/insalfonscostafreda\/wp-json\/wp\/v2\/pages\/535"}],"wp:attachment":[{"href":"https:\/\/agora.xtec.cat\/insalfonscostafreda\/wp-json\/wp\/v2\/media?parent=1306"}],"curies":[{"name":"wp","href":"https:\/\/api.w.org\/{rel}","templated":true}]}}