{"id":1304,"date":"2023-12-30T13:48:44","date_gmt":"2023-12-30T12:48:44","guid":{"rendered":"https:\/\/agora.xtec.cat\/insalfonscostafreda\/?page_id=1304"},"modified":"2026-02-04T10:18:15","modified_gmt":"2026-02-04T09:18:15","slug":"qualitat-i-excellencia","status":"publish","type":"page","link":"https:\/\/agora.xtec.cat\/insalfonscostafreda\/linstitut\/qualitat-i-excellencia\/","title":{"rendered":"Pol\u00edtica de Qualitat"},"content":{"rendered":"\n<p>L\u2019INS Alfons Costafreda ha definit la Qualitat com a part fonamental i priorit\u00e0ria de la seva filosofia i estrat\u00e8gia. Gaudeix de la certificaci\u00f3 ISO 9001 i es treballa amb la pol\u00edtica de millora cont\u00ednua.<\/p>\n\n\n\n<p>L\u2019actuaci\u00f3 de l\u2019Institut d\u2019acord amb el projecte educatiu de centre est\u00e0 dirigida a:<\/p>\n\n\n\n<ul class=\"wp-block-list\">\n<li>Satisfer les expectatives i necessitats educatives de l\u2019alumnat i fam\u00edlies, de les empreses i institucions que acullen els nostres alumnes formats i dels altres grups d\u2019inter\u00e8s de l\u2019institut.<\/li>\n\n\n\n<li>Contribuir a l\u2019assoliment dels objectius que la societat li assigna com a Institut d\u2019Educaci\u00f3 Secund\u00e0ria.<\/li>\n\n\n\n<li>Desenvolupar i implicar el conjunt de l\u2019equip hum\u00e0 de l\u2019Institut per tal d\u2019assegurar un alt nivell de satisfacci\u00f3.<\/li>\n\n\n\n<li>La millora cont\u00ednua de les activitats i els serveis que desenvolupa i presta.<\/li>\n<\/ul>\n\n\n\n<p>La Pol\u00edtica de Qualitat de l\u2019institut es resumeix en la seva&nbsp;<strong><a href=\"https:\/\/agora.xtec.cat\/insalfonscostafreda\/linstitut\/missio-visio-i-valors\/\">missi\u00f3, visi\u00f3 i valors<\/a><\/strong><\/p>\n","protected":false},"excerpt":{"rendered":"<p>L\u2019INS Alfons Costafreda ha definit la Qualitat com a part fonamental i priorit\u00e0ria de la seva filosofia i estrat\u00e8gia. Gaudeix de la certificaci\u00f3 ISO 9001 i es treballa amb la pol\u00edtica de millora cont\u00ednua. L\u2019actuaci\u00f3 de l\u2019Institut d\u2019acord amb el projecte educatiu de centre est\u00e0 dirigida a: La Pol\u00edtica de Qualitat de l\u2019institut es resumeix [&hellip;]<\/p>\n","protected":false},"author":1,"featured_media":0,"parent":19,"menu_order":5,"comment_status":"closed","ping_status":"closed","template":"page-templates\/side-menu.php","meta":{"_bbp_topic_count":0,"_bbp_reply_count":0,"_bbp_total_topic_count":0,"_bbp_total_reply_count":0,"_bbp_voice_count":0,"_bbp_anonymous_reply_count":0,"_bbp_topic_count_hidden":0,"_bbp_reply_count_hidden":0,"_bbp_forum_subforum_count":0,"site-sidebar-layout":"default","site-content-layout":"","ast-site-content-layout":"","site-content-style":"default","site-sidebar-style":"default","ast-global-header-display":"","ast-banner-title-visibility":"","ast-main-header-display":"","ast-hfb-above-header-display":"","ast-hfb-below-header-display":"","ast-hfb-mobile-header-display":"","site-post-title":"","ast-breadcrumbs-content":"","ast-featured-img":"","footer-sml-layout":"","theme-transparent-header-meta":"","adv-header-id-meta":"","stick-header-meta":"","header-above-stick-meta":"","header-main-stick-meta":"","header-below-stick-meta":"","astra-migrate-meta-layouts":"default","ast-page-background-enabled":"default","ast-page-background-meta":{"desktop":{"background-color":"var(--ast-global-color-4)","background-image":"","background-repeat":"repeat","background-position":"center center","background-size":"auto","background-attachment":"scroll","background-type":"","background-media":"","overlay-type":"","overlay-color":"","overlay-opacity":"","overlay-gradient":""},"tablet":{"background-color":"","background-image":"","background-repeat":"repeat","background-position":"center center","background-size":"auto","background-attachment":"scroll","background-type":"","background-media":"","overlay-type":"","overlay-color":"","overlay-opacity":"","overlay-gradient":""},"mobile":{"background-color":"","background-image":"","background-repeat":"repeat","background-position":"center center","background-size":"auto","background-attachment":"scroll","background-type":"","background-media":"","overlay-type":"","overlay-color":"","overlay-opacity":"","overlay-gradient":""}},"ast-content-background-meta":{"desktop":{"background-color":"var(--ast-global-color-5)","background-image":"","background-repeat":"repeat","background-position":"center center","background-size":"auto","background-attachment":"scroll","background-type":"","background-media":"","overlay-type":"","overlay-color":"","overlay-opacity":"","overlay-gradient":""},"tablet":{"background-color":"var(--ast-global-color-5)","background-image":"","background-repeat":"repeat","background-position":"center center","background-size":"auto","background-attachment":"scroll","background-type":"","background-media":"","overlay-type":"","overlay-color":"","overlay-opacity":"","overlay-gradient":""},"mobile":{"background-color":"var(--ast-global-color-5)","background-image":"","background-repeat":"repeat","background-position":"center center","background-size":"auto","background-attachment":"scroll","background-type":"","background-media":"","overlay-type":"","overlay-color":"","overlay-opacity":"","overlay-gradient":""}},"footnotes":""},"class_list":["post-1304","page","type-page","status-publish","hentry"],"post_mailing_queue_ids":[],"_links":{"self":[{"href":"https:\/\/agora.xtec.cat\/insalfonscostafreda\/wp-json\/wp\/v2\/pages\/1304","targetHints":{"allow":["GET"]}}],"collection":[{"href":"https:\/\/agora.xtec.cat\/insalfonscostafreda\/wp-json\/wp\/v2\/pages"}],"about":[{"href":"https:\/\/agora.xtec.cat\/insalfonscostafreda\/wp-json\/wp\/v2\/types\/page"}],"author":[{"embeddable":true,"href":"https:\/\/agora.xtec.cat\/insalfonscostafreda\/wp-json\/wp\/v2\/users\/1"}],"replies":[{"embeddable":true,"href":"https:\/\/agora.xtec.cat\/insalfonscostafreda\/wp-json\/wp\/v2\/comments?post=1304"}],"version-history":[{"count":6,"href":"https:\/\/agora.xtec.cat\/insalfonscostafreda\/wp-json\/wp\/v2\/pages\/1304\/revisions"}],"predecessor-version":[{"id":14480,"href":"https:\/\/agora.xtec.cat\/insalfonscostafreda\/wp-json\/wp\/v2\/pages\/1304\/revisions\/14480"}],"up":[{"embeddable":true,"href":"https:\/\/agora.xtec.cat\/insalfonscostafreda\/wp-json\/wp\/v2\/pages\/19"}],"wp:attachment":[{"href":"https:\/\/agora.xtec.cat\/insalfonscostafreda\/wp-json\/wp\/v2\/media?parent=1304"}],"curies":[{"name":"wp","href":"https:\/\/api.w.org\/{rel}","templated":true}]}}