{"id":12653,"date":"2024-06-25T16:13:08","date_gmt":"2024-06-25T14:13:08","guid":{"rendered":"https:\/\/agora.xtec.cat\/insalfonscostafreda\/?page_id=12653"},"modified":"2025-06-02T11:29:52","modified_gmt":"2025-06-02T09:29:52","slug":"erasmus-difusio-de-programes","status":"publish","type":"page","link":"https:\/\/agora.xtec.cat\/insalfonscostafreda\/erasmus\/erasmus-difusio-de-programes\/","title":{"rendered":"Erasmus+ Difusi\u00f3 de programes"},"content":{"rendered":"\n<p><a href=\"https:\/\/agora.xtec.cat\/insalfonscostafreda\/erasmus\/erasmus-difusio-de-programes\/promocio-del-programa-erasmus-a-radio-tarrega\/\">Promoci\u00f3 del programa ERASMUS+ a R\u00e0dio T\u00e0rrega<\/a><\/p>\n\n\n\n<p>&nbsp;<\/p>\n\n\n\n<p><strong>Nova convocat\u00f2ria 2025-2026<\/strong><\/p>\n\n\n\n<p>Heu de respondre al q\u00fcestionari\u00a0 (<a href=\"https:\/\/agora.xtec.cat\/insalfonscostafreda\/wp-content\/uploads\/usu2359\/Presentacio-Erasmus-Alumnes-1-1.pdf\" target=\"_blank\" rel=\"noreferrer noopener\">enlla\u00e7 al PDF de presentaci\u00f3<\/a>) i enviar-nos el vostre v\u00eddeo de presentaci\u00f3 en angl\u00e8s al correu seg\u00fcent:\u00a0<a href=\"mailto:mobilitatinscostafreda@gmail.com\" target=\"_blank\" rel=\"noopener\">mobilitatinscostafreda@gmail.com<\/a>\u00a0<\/p>\n\n\n\n<p>Si vols con\u00e8ixer els criteris de selecci\u00f3 visualitza el seg\u00fcent <a href=\"https:\/\/agora.xtec.cat\/insalfonscostafreda\/wp-content\/uploads\/usu2359\/CRITERIS-DE-SELECCIO-ERASMUS_oficial-25-26.docx-1.pdf\" target=\"_blank\" rel=\"noreferrer noopener\">document<\/a>.<\/p>\n\n\n\n<p><\/p>\n","protected":false},"excerpt":{"rendered":"<p>Promoci\u00f3 del programa ERASMUS+ a R\u00e0dio T\u00e0rrega &nbsp; Nova convocat\u00f2ria 2025-2026 Heu de respondre al q\u00fcestionari\u00a0 (enlla\u00e7 al PDF de presentaci\u00f3) i enviar-nos el vostre v\u00eddeo de presentaci\u00f3 en angl\u00e8s al correu seg\u00fcent:\u00a0mobilitatinscostafreda@gmail.com\u00a0 Si vols con\u00e8ixer els criteris de selecci\u00f3 visualitza el seg\u00fcent document.<\/p>\n","protected":false},"author":6,"featured_media":0,"parent":758,"menu_order":7,"comment_status":"closed","ping_status":"closed","template":"page-templates\/side-menu.php","meta":{"_bbp_topic_count":0,"_bbp_reply_count":0,"_bbp_total_topic_count":0,"_bbp_total_reply_count":0,"_bbp_voice_count":0,"_bbp_anonymous_reply_count":0,"_bbp_topic_count_hidden":0,"_bbp_reply_count_hidden":0,"_bbp_forum_subforum_count":0,"site-sidebar-layout":"default","site-content-layout":"","ast-site-content-layout":"","site-content-style":"default","site-sidebar-style":"default","ast-global-header-display":"","ast-banner-title-visibility":"","ast-main-header-display":"","ast-hfb-above-header-display":"","ast-hfb-below-header-display":"","ast-hfb-mobile-header-display":"","site-post-title":"","ast-breadcrumbs-content":"","ast-featured-img":"","footer-sml-layout":"","theme-transparent-header-meta":"","adv-header-id-meta":"","stick-header-meta":"","header-above-stick-meta":"","header-main-stick-meta":"","header-below-stick-meta":"","astra-migrate-meta-layouts":"default","ast-page-background-enabled":"default","ast-page-background-meta":{"desktop":{"background-color":"var(--ast-global-color-4)","background-image":"","background-repeat":"repeat","background-position":"center center","background-size":"auto","background-attachment":"scroll","background-type":"","background-media":"","overlay-type":"","overlay-color":"","overlay-opacity":"","overlay-gradient":""},"tablet":{"background-color":"","background-image":"","background-repeat":"repeat","background-position":"center center","background-size":"auto","background-attachment":"scroll","background-type":"","background-media":"","overlay-type":"","overlay-color":"","overlay-opacity":"","overlay-gradient":""},"mobile":{"background-color":"","background-image":"","background-repeat":"repeat","background-position":"center center","background-size":"auto","background-attachment":"scroll","background-type":"","background-media":"","overlay-type":"","overlay-color":"","overlay-opacity":"","overlay-gradient":""}},"ast-content-background-meta":{"desktop":{"background-color":"var(--ast-global-color-5)","background-image":"","background-repeat":"repeat","background-position":"center center","background-size":"auto","background-attachment":"scroll","background-type":"","background-media":"","overlay-type":"","overlay-color":"","overlay-opacity":"","overlay-gradient":""},"tablet":{"background-color":"var(--ast-global-color-5)","background-image":"","background-repeat":"repeat","background-position":"center center","background-size":"auto","background-attachment":"scroll","background-type":"","background-media":"","overlay-type":"","overlay-color":"","overlay-opacity":"","overlay-gradient":""},"mobile":{"background-color":"var(--ast-global-color-5)","background-image":"","background-repeat":"repeat","background-position":"center center","background-size":"auto","background-attachment":"scroll","background-type":"","background-media":"","overlay-type":"","overlay-color":"","overlay-opacity":"","overlay-gradient":""}},"footnotes":""},"class_list":["post-12653","page","type-page","status-publish","hentry"],"post_mailing_queue_ids":[],"_links":{"self":[{"href":"https:\/\/agora.xtec.cat\/insalfonscostafreda\/wp-json\/wp\/v2\/pages\/12653","targetHints":{"allow":["GET"]}}],"collection":[{"href":"https:\/\/agora.xtec.cat\/insalfonscostafreda\/wp-json\/wp\/v2\/pages"}],"about":[{"href":"https:\/\/agora.xtec.cat\/insalfonscostafreda\/wp-json\/wp\/v2\/types\/page"}],"author":[{"embeddable":true,"href":"https:\/\/agora.xtec.cat\/insalfonscostafreda\/wp-json\/wp\/v2\/users\/6"}],"replies":[{"embeddable":true,"href":"https:\/\/agora.xtec.cat\/insalfonscostafreda\/wp-json\/wp\/v2\/comments?post=12653"}],"version-history":[{"count":6,"href":"https:\/\/agora.xtec.cat\/insalfonscostafreda\/wp-json\/wp\/v2\/pages\/12653\/revisions"}],"predecessor-version":[{"id":13822,"href":"https:\/\/agora.xtec.cat\/insalfonscostafreda\/wp-json\/wp\/v2\/pages\/12653\/revisions\/13822"}],"up":[{"embeddable":true,"href":"https:\/\/agora.xtec.cat\/insalfonscostafreda\/wp-json\/wp\/v2\/pages\/758"}],"wp:attachment":[{"href":"https:\/\/agora.xtec.cat\/insalfonscostafreda\/wp-json\/wp\/v2\/media?parent=12653"}],"curies":[{"name":"wp","href":"https:\/\/api.w.org\/{rel}","templated":true}]}}