{"id":1189,"date":"2023-12-28T17:15:55","date_gmt":"2023-12-28T16:15:55","guid":{"rendered":"https:\/\/agora.xtec.cat\/insalfonscostafreda\/?page_id=1189"},"modified":"2025-02-03T12:05:30","modified_gmt":"2025-02-03T11:05:30","slug":"blog-pfi","status":"publish","type":"page","link":"https:\/\/agora.xtec.cat\/insalfonscostafreda\/estudis\/pfi\/blog-pfi\/","title":{"rendered":"Blog"},"content":{"rendered":"\n        <div class=\"wp-block-getwid-post-carousel custom-post-type-post has-slides-gap-small is-carousel has-arrows-inside has-dots-outside\">\n            <div data-slider-option=\"{&quot;sliderSlidesToShowDesktop&quot;:&quot;2&quot;,&quot;getwid_slidesToShowLaptop&quot;:&quot;1&quot;,&quot;getwid_slidesToShowTablet&quot;:&quot;1&quot;,&quot;getwid_slidesToShowMobile&quot;:&quot;1&quot;,&quot;getwid_autoplay_speed&quot;:6000,&quot;getwid_animation_speed&quot;:800,&quot;getwid_slidesToScroll&quot;:&quot;1&quot;,&quot;getwid_autoplay&quot;:false,&quot;getwid_pause_on_hover&quot;:false,&quot;getwid_infinite&quot;:true,&quot;getwid_center_mode&quot;:false,&quot;getwid_arrows&quot;:&quot;inside&quot;,&quot;getwid_dots&quot;:&quot;outside&quot;}\" class=\"wp-block-getwid-post-carousel__wrapper\">\n                \t\t\t\t\t\t\t<div class=\"wp-block-getwid-post-carousel__slide\">\n\t\t\t\t\t\t\t\t\n<div class=\"wp-block-getwid-post-carousel__post\">\n            <div class=\"wp-block-getwid-post-carousel__post-thumbnail\">\n            <a href=\"https:\/\/agora.xtec.cat\/insalfonscostafreda\/general\/publicacio-de-la-resolucio-provisional-de-candidatures-erasmus\/\"><img loading=\"lazy\" decoding=\"async\" width=\"532\" height=\"310\" src=\"https:\/\/agora.xtec.cat\/insalfonscostafreda\/wp-content\/uploads\/usu2359\/foto_mobilitat_web-1.png\" class=\"attachment-post-thumbnail size-post-thumbnail wp-post-image\" alt=\"\" srcset=\"https:\/\/agora.xtec.cat\/insalfonscostafreda\/wp-content\/uploads\/usu2359\/foto_mobilitat_web-1.png 532w, https:\/\/agora.xtec.cat\/insalfonscostafreda\/wp-content\/uploads\/usu2359\/foto_mobilitat_web-1-300x175.png 300w\" sizes=\"auto, (max-width: 532px) 100vw, 532px\" \/><\/a>\n        <\/div>\n        <div class=\"wp-block-getwid-post-carousel__post-content-wrapper\">\n        <div class=\"wp-block-getwid-post-carousel__post-header\">\n            <h3 class=\"wp-block-getwid-post-carousel__post-title\"><a href=\"https:\/\/agora.xtec.cat\/insalfonscostafreda\/general\/publicacio-de-la-resolucio-provisional-de-candidatures-erasmus\/\">\u00a0Publicaci\u00f3 de la resoluci\u00f3 provisional de candidatures Erasmus+<\/a><\/h3>        <\/div>\n        <div class=\"wp-block-getwid-post-carousel__post-excerpt\"><p>Avui dijous 12 de mar\u00e7 es fa p\u00fablica la llista provisional de puntuacions i ordre de les candidatures presentades per a les mobilitats del programa Erasmus+ per al professorat d&#8217;aquest centre. D\u2019acord amb els fons assignats per a la present convocat\u00f2ria, el nombre de mobilitats disponibles \u00e9s el seg\u00fcent: La taula seg\u00fcent mostra l\u2019ordenaci\u00f3 de [&hellip;]<\/p>\n<\/div>\n    <\/div>\n<\/div>\n\n\t\t\t\t\t\t\t<\/div>\n\t\t\t\t\t\t\t\t\t\t\t\t\t<div class=\"wp-block-getwid-post-carousel__slide\">\n\t\t\t\t\t\t\t\t\n<div class=\"wp-block-getwid-post-carousel__post\">\n            <div class=\"wp-block-getwid-post-carousel__post-thumbnail\">\n            <a href=\"https:\/\/agora.xtec.cat\/insalfonscostafreda\/portada\/%f0%9f%8c%9f-setmana-de-la-fp-a-linstitut-alfons-costafreda-%f0%9f%8c%9fjornades\/\"><img loading=\"lazy\" decoding=\"async\" width=\"1080\" height=\"1080\" src=\"https:\/\/agora.xtec.cat\/insalfonscostafreda\/wp-content\/uploads\/usu2359\/Jornades-FP.png\" class=\"attachment-post-thumbnail size-post-thumbnail wp-post-image\" alt=\"\" srcset=\"https:\/\/agora.xtec.cat\/insalfonscostafreda\/wp-content\/uploads\/usu2359\/Jornades-FP.png 1080w, https:\/\/agora.xtec.cat\/insalfonscostafreda\/wp-content\/uploads\/usu2359\/Jornades-FP-300x300.png 300w, https:\/\/agora.xtec.cat\/insalfonscostafreda\/wp-content\/uploads\/usu2359\/Jornades-FP-1024x1024.png 1024w, https:\/\/agora.xtec.cat\/insalfonscostafreda\/wp-content\/uploads\/usu2359\/Jornades-FP-150x150.png 150w, https:\/\/agora.xtec.cat\/insalfonscostafreda\/wp-content\/uploads\/usu2359\/Jornades-FP-768x768.png 768w\" sizes=\"auto, (max-width: 1080px) 100vw, 1080px\" \/><\/a>\n        <\/div>\n        <div class=\"wp-block-getwid-post-carousel__post-content-wrapper\">\n        <div class=\"wp-block-getwid-post-carousel__post-header\">\n            <h3 class=\"wp-block-getwid-post-carousel__post-title\"><a href=\"https:\/\/agora.xtec.cat\/insalfonscostafreda\/portada\/%f0%9f%8c%9f-setmana-de-la-fp-a-linstitut-alfons-costafreda-%f0%9f%8c%9fjornades\/\">\ud83c\udf1f Setmana de la FP a l\u2019Institut Alfons Costafreda! \ud83c\udf1f<\/a><\/h3>        <\/div>\n        <div class=\"wp-block-getwid-post-carousel__post-excerpt\"><p>Del 23 al 27 de febrer, el nostre institut es transforma en un aut\u00e8ntic hub de talent, innovaci\u00f3 i futur professional. Arriben les Jornades de FP, una setmana plena d\u2019activitats pensades per inspirar, connectar i descobrir tot el potencial de la Formaci\u00f3 Professional. \ud83d\udd27 Tallers pr\u00e0ctics per posar les mans a l\u2019obra. \ud83d\udcbc Visites a [&hellip;]<\/p>\n<\/div>\n    <\/div>\n<\/div>\n\n\t\t\t\t\t\t\t<\/div>\n\t\t\t\t\t\t\t\t\t\t\t\t\t<div class=\"wp-block-getwid-post-carousel__slide\">\n\t\t\t\t\t\t\t\t\n<div class=\"wp-block-getwid-post-carousel__post\">\n            <div class=\"wp-block-getwid-post-carousel__post-thumbnail\">\n            <a href=\"https:\/\/agora.xtec.cat\/insalfonscostafreda\/general\/impulsant-talent-i-aprenentatges-al-projecte-esports-%e2%9a%bd%f0%9f%8f%80%f0%9f%8e%be\/\"><img loading=\"lazy\" decoding=\"async\" width=\"1080\" height=\"1080\" src=\"https:\/\/agora.xtec.cat\/insalfonscostafreda\/wp-content\/uploads\/usu2359\/Projecte-esport-PFI.png\" class=\"attachment-post-thumbnail size-post-thumbnail wp-post-image\" alt=\"\" srcset=\"https:\/\/agora.xtec.cat\/insalfonscostafreda\/wp-content\/uploads\/usu2359\/Projecte-esport-PFI.png 1080w, https:\/\/agora.xtec.cat\/insalfonscostafreda\/wp-content\/uploads\/usu2359\/Projecte-esport-PFI-300x300.png 300w, https:\/\/agora.xtec.cat\/insalfonscostafreda\/wp-content\/uploads\/usu2359\/Projecte-esport-PFI-1024x1024.png 1024w, https:\/\/agora.xtec.cat\/insalfonscostafreda\/wp-content\/uploads\/usu2359\/Projecte-esport-PFI-150x150.png 150w, https:\/\/agora.xtec.cat\/insalfonscostafreda\/wp-content\/uploads\/usu2359\/Projecte-esport-PFI-768x768.png 768w\" sizes=\"auto, (max-width: 1080px) 100vw, 1080px\" \/><\/a>\n        <\/div>\n        <div class=\"wp-block-getwid-post-carousel__post-content-wrapper\">\n        <div class=\"wp-block-getwid-post-carousel__post-header\">\n            <h3 class=\"wp-block-getwid-post-carousel__post-title\"><a href=\"https:\/\/agora.xtec.cat\/insalfonscostafreda\/general\/impulsant-talent-i-aprenentatges-al-projecte-esports-%e2%9a%bd%f0%9f%8f%80%f0%9f%8e%be\/\">Impulsant talent i aprenentatges al Projecte Esports \u26bd\ud83c\udfc0\ud83c\udfbe<\/a><\/h3>        <\/div>\n        <div class=\"wp-block-getwid-post-carousel__post-excerpt\"><p>Aquest curs, els Programes de Formaci\u00f3 i Inserci\u00f3 (PFI) de l\u2019INS Alfons Costafreda participen en un projecte conjunt anomenat Projecte Esports \ud83c\udfc3\u200d\u2642\ufe0f\ud83c\udfa8\ud83e\udd1d, una iniciativa que fomenta l\u2019activitat f\u00edsica, l\u2019esport, la creativitat, el treball en equip i el talent del nostre alumnat. En el primer concurs de creaci\u00f3 del logotip del projecte, volem felicitar la nostra [&hellip;]<\/p>\n<\/div>\n    <\/div>\n<\/div>\n\n\t\t\t\t\t\t\t<\/div>\n\t\t\t\t\t\t\t\t\t\t\t\t\t<div class=\"wp-block-getwid-post-carousel__slide\">\n\t\t\t\t\t\t\t\t\n<div class=\"wp-block-getwid-post-carousel__post\">\n            <div class=\"wp-block-getwid-post-carousel__post-thumbnail\">\n            <a href=\"https:\/\/agora.xtec.cat\/insalfonscostafreda\/general\/convocatoria-de-beques-erasmus-per-a-professorat-a-lins-alfons-costafreda\/\"><img loading=\"lazy\" decoding=\"async\" width=\"532\" height=\"310\" src=\"https:\/\/agora.xtec.cat\/insalfonscostafreda\/wp-content\/uploads\/usu2359\/foto_mobilitat_web-1.png\" class=\"attachment-post-thumbnail size-post-thumbnail wp-post-image\" alt=\"\" srcset=\"https:\/\/agora.xtec.cat\/insalfonscostafreda\/wp-content\/uploads\/usu2359\/foto_mobilitat_web-1.png 532w, https:\/\/agora.xtec.cat\/insalfonscostafreda\/wp-content\/uploads\/usu2359\/foto_mobilitat_web-1-300x175.png 300w\" sizes=\"auto, (max-width: 532px) 100vw, 532px\" \/><\/a>\n        <\/div>\n        <div class=\"wp-block-getwid-post-carousel__post-content-wrapper\">\n        <div class=\"wp-block-getwid-post-carousel__post-header\">\n            <h3 class=\"wp-block-getwid-post-carousel__post-title\"><a href=\"https:\/\/agora.xtec.cat\/insalfonscostafreda\/general\/convocatoria-de-beques-erasmus-per-a-professorat-a-lins-alfons-costafreda\/\">Convocat\u00f2ria de beques Erasmus+ per a professorat a l&#8217;INS Alfons Costafreda<\/a><\/h3>        <\/div>\n        <div class=\"wp-block-getwid-post-carousel__post-excerpt\"><p>Ja teniu disponible la convocat\u00f2ria de beques Erasmus+ per a formarci\u00f3 de professorat de l&#8217;INS Alfons costafreda. Per obtenir informaci\u00f3 detallada, aix\u00ed com les bases de la convocat\u00f2ria i els criteris de selecci\u00f3, podeu consultar l&#8217;apartat corresponent de la nostre web. Podeu presentar candidatures des d&#8217;avui mateix i fins l&#8217;1 de mar\u00e7 de 2026 (incl\u00f2s). [&hellip;]<\/p>\n<\/div>\n    <\/div>\n<\/div>\n\n\t\t\t\t\t\t\t<\/div>\n\t\t\t\t\t\t\t\t\t\t\t\t\t<div class=\"wp-block-getwid-post-carousel__slide\">\n\t\t\t\t\t\t\t\t\n<div class=\"wp-block-getwid-post-carousel__post\">\n            <div class=\"wp-block-getwid-post-carousel__post-thumbnail\">\n            <a href=\"https:\/\/agora.xtec.cat\/insalfonscostafreda\/general\/bones-festes-i-felic-any-nou\/\"><img loading=\"lazy\" decoding=\"async\" width=\"882\" height=\"496\" src=\"https:\/\/agora.xtec.cat\/insalfonscostafreda\/wp-content\/uploads\/usu2359\/Imagen.png\" class=\"attachment-post-thumbnail size-post-thumbnail wp-post-image\" alt=\"\" srcset=\"https:\/\/agora.xtec.cat\/insalfonscostafreda\/wp-content\/uploads\/usu2359\/Imagen.png 882w, https:\/\/agora.xtec.cat\/insalfonscostafreda\/wp-content\/uploads\/usu2359\/Imagen-300x169.png 300w, https:\/\/agora.xtec.cat\/insalfonscostafreda\/wp-content\/uploads\/usu2359\/Imagen-768x432.png 768w\" sizes=\"auto, (max-width: 882px) 100vw, 882px\" \/><\/a>\n        <\/div>\n        <div class=\"wp-block-getwid-post-carousel__post-content-wrapper\">\n        <div class=\"wp-block-getwid-post-carousel__post-header\">\n            <h3 class=\"wp-block-getwid-post-carousel__post-title\"><a href=\"https:\/\/agora.xtec.cat\/insalfonscostafreda\/general\/bones-festes-i-felic-any-nou\/\">Bones festes i feli\u00e7 any nou!<\/a><\/h3>        <\/div>\n        <div class=\"wp-block-getwid-post-carousel__post-excerpt\"><p>\ud83c\udf84 Des de l\u2019Institut Alfons Costafreda us volem desitjar unes festes plenes d\u2019alegria, pau i bons moments compartits amb fam\u00edlia i amics\u2728 \ud83c\udf1f Gr\u00e0cies per formar part de la nostra comunitat educativa. Bones festes i feli\u00e7 any nou! \ud83c\udf85<\/p>\n<\/div>\n    <\/div>\n<\/div>\n\n\t\t\t\t\t\t\t<\/div>\n\t\t\t\t\t\t            <\/div>\n        <\/div>\n        ","protected":false},"excerpt":{"rendered":"","protected":false},"author":1,"featured_media":0,"parent":687,"menu_order":0,"comment_status":"closed","ping_status":"closed","template":"page-templates\/side-menu.php","meta":{"_bbp_topic_count":0,"_bbp_reply_count":0,"_bbp_total_topic_count":0,"_bbp_total_reply_count":0,"_bbp_voice_count":0,"_bbp_anonymous_reply_count":0,"_bbp_topic_count_hidden":0,"_bbp_reply_count_hidden":0,"_bbp_forum_subforum_count":0,"site-sidebar-layout":"default","site-content-layout":"","ast-site-content-layout":"","site-content-style":"default","site-sidebar-style":"default","ast-global-header-display":"","ast-banner-title-visibility":"","ast-main-header-display":"","ast-hfb-above-header-display":"","ast-hfb-below-header-display":"","ast-hfb-mobile-header-display":"","site-post-title":"","ast-breadcrumbs-content":"","ast-featured-img":"","footer-sml-layout":"","theme-transparent-header-meta":"","adv-header-id-meta":"","stick-header-meta":"","header-above-stick-meta":"","header-main-stick-meta":"","header-below-stick-meta":"","astra-migrate-meta-layouts":"default","ast-page-background-enabled":"default","ast-page-background-meta":{"desktop":{"background-color":"var(--ast-global-color-4)","background-image":"","background-repeat":"repeat","background-position":"center center","background-size":"auto","background-attachment":"scroll","background-type":"","background-media":"","overlay-type":"","overlay-color":"","overlay-opacity":"","overlay-gradient":""},"tablet":{"background-color":"","background-image":"","background-repeat":"repeat","background-position":"center center","background-size":"auto","background-attachment":"scroll","background-type":"","background-media":"","overlay-type":"","overlay-color":"","overlay-opacity":"","overlay-gradient":""},"mobile":{"background-color":"","background-image":"","background-repeat":"repeat","background-position":"center center","background-size":"auto","background-attachment":"scroll","background-type":"","background-media":"","overlay-type":"","overlay-color":"","overlay-opacity":"","overlay-gradient":""}},"ast-content-background-meta":{"desktop":{"background-color":"var(--ast-global-color-5)","background-image":"","background-repeat":"repeat","background-position":"center center","background-size":"auto","background-attachment":"scroll","background-type":"","background-media":"","overlay-type":"","overlay-color":"","overlay-opacity":"","overlay-gradient":""},"tablet":{"background-color":"var(--ast-global-color-5)","background-image":"","background-repeat":"repeat","background-position":"center center","background-size":"auto","background-attachment":"scroll","background-type":"","background-media":"","overlay-type":"","overlay-color":"","overlay-opacity":"","overlay-gradient":""},"mobile":{"background-color":"var(--ast-global-color-5)","background-image":"","background-repeat":"repeat","background-position":"center center","background-size":"auto","background-attachment":"scroll","background-type":"","background-media":"","overlay-type":"","overlay-color":"","overlay-opacity":"","overlay-gradient":""}},"footnotes":""},"class_list":["post-1189","page","type-page","status-publish","hentry"],"post_mailing_queue_ids":[],"_links":{"self":[{"href":"https:\/\/agora.xtec.cat\/insalfonscostafreda\/wp-json\/wp\/v2\/pages\/1189","targetHints":{"allow":["GET"]}}],"collection":[{"href":"https:\/\/agora.xtec.cat\/insalfonscostafreda\/wp-json\/wp\/v2\/pages"}],"about":[{"href":"https:\/\/agora.xtec.cat\/insalfonscostafreda\/wp-json\/wp\/v2\/types\/page"}],"author":[{"embeddable":true,"href":"https:\/\/agora.xtec.cat\/insalfonscostafreda\/wp-json\/wp\/v2\/users\/1"}],"replies":[{"embeddable":true,"href":"https:\/\/agora.xtec.cat\/insalfonscostafreda\/wp-json\/wp\/v2\/comments?post=1189"}],"version-history":[{"count":2,"href":"https:\/\/agora.xtec.cat\/insalfonscostafreda\/wp-json\/wp\/v2\/pages\/1189\/revisions"}],"predecessor-version":[{"id":13315,"href":"https:\/\/agora.xtec.cat\/insalfonscostafreda\/wp-json\/wp\/v2\/pages\/1189\/revisions\/13315"}],"up":[{"embeddable":true,"href":"https:\/\/agora.xtec.cat\/insalfonscostafreda\/wp-json\/wp\/v2\/pages\/687"}],"wp:attachment":[{"href":"https:\/\/agora.xtec.cat\/insalfonscostafreda\/wp-json\/wp\/v2\/media?parent=1189"}],"curies":[{"name":"wp","href":"https:\/\/api.w.org\/{rel}","templated":true}]}}