{"id":11867,"date":"2023-01-11T10:21:52","date_gmt":"2023-01-11T09:21:52","guid":{"rendered":"https:\/\/projectes.xtec.cat\/impulsfp\/?page_id=11867"},"modified":"2023-01-11T10:21:52","modified_gmt":"2023-01-11T09:21:52","slug":"compromis-social","status":"publish","type":"page","link":"https:\/\/agora.xtec.cat\/insalfonscostafreda\/lexalumnat-4\/comunitat-2\/compromis-social\/","title":{"rendered":"Comprom\u00eds social"},"content":{"rendered":"<p><span style=\"font-size: 10pt;\">Com a professional es molt possible que vulguis retornar a la societat part del que altres et van donar a trav\u00e9s del seu suport i dedicaci\u00f3. En la teva traject\u00f2ria professional , el comprom\u00eds hauria de ser un dels valors presents de forma permanent. Et presentem algunes de les propostes on poder fer aquest retorn i en les que segurament acabar\u00e0s rebent m\u00e9s del que puguis donar.<\/span><\/p>\n<p><a href=\"https:\/\/voluntaris.cat\/la-federacio\/\"><img loading=\"lazy\" decoding=\"async\" class=\"alignnone size-full wp-image-12049\" src=\"https:\/\/projectes.xtec.cat\/impulsfp\/wp-content\/uploads\/usu2078\/2023\/02\/voluntariscat.png\" alt=\"\" width=\"195\" height=\"205\" \/><\/a><a href=\"https:\/\/youth.europa.eu\/go-abroad\/volunteering_en\"><img loading=\"lazy\" decoding=\"async\" class=\"alignnone size-full wp-image-12051\" src=\"https:\/\/projectes.xtec.cat\/impulsfp\/wp-content\/uploads\/usu2078\/2023\/02\/voluntariat-UE.png\" alt=\"\" width=\"200\" height=\"206\" \/><\/a><a href=\"https:\/\/www.scicat.org\/\"><img loading=\"lazy\" decoding=\"async\" class=\"alignnone wp-image-12052\" src=\"https:\/\/projectes.xtec.cat\/impulsfp\/wp-content\/uploads\/usu2078\/2023\/02\/camps-internacionals.png\" alt=\"\" width=\"204\" height=\"216\" \/><\/a><a href=\"https:\/\/wwoof.net\/\"><img loading=\"lazy\" decoding=\"async\" class=\"alignnone wp-image-12054\" src=\"https:\/\/projectes.xtec.cat\/impulsfp\/wp-content\/uploads\/usu2078\/2023\/02\/wwof.png\" alt=\"\" width=\"198\" height=\"198\" \/><\/a><a href=\"https:\/\/www.cocat.org\/\"><img loading=\"lazy\" decoding=\"async\" class=\"alignnone wp-image-12055\" src=\"https:\/\/projectes.xtec.cat\/impulsfp\/wp-content\/uploads\/usu2078\/2023\/02\/cocat.png\" alt=\"\" width=\"205\" height=\"209\" \/><\/a><\/p>\n","protected":false},"excerpt":{"rendered":"<p>Com a professional es molt possible que vulguis retornar a la societat part del que altres et van donar a trav\u00e9s del seu suport i dedicaci\u00f3. En la teva traject\u00f2ria professional , el comprom\u00eds hauria de ser un dels valors presents de forma permanent. Et presentem algunes de les propostes on poder fer aquest retorn [&hellip;]<\/p>\n","protected":false},"author":1,"featured_media":0,"parent":11635,"menu_order":0,"comment_status":"closed","ping_status":"closed","template":"page-templates\/side-menu.php","meta":{"_bbp_topic_count":0,"_bbp_reply_count":0,"_bbp_total_topic_count":0,"_bbp_total_reply_count":0,"_bbp_voice_count":0,"_bbp_anonymous_reply_count":0,"_bbp_topic_count_hidden":0,"_bbp_reply_count_hidden":0,"_bbp_forum_subforum_count":0,"site-sidebar-layout":"default","site-content-layout":"","ast-site-content-layout":"","site-content-style":"default","site-sidebar-style":"default","ast-global-header-display":"","ast-banner-title-visibility":"","ast-main-header-display":"","ast-hfb-above-header-display":"","ast-hfb-below-header-display":"","ast-hfb-mobile-header-display":"","site-post-title":"","ast-breadcrumbs-content":"","ast-featured-img":"","footer-sml-layout":"","theme-transparent-header-meta":"","adv-header-id-meta":"","stick-header-meta":"","header-above-stick-meta":"","header-main-stick-meta":"","header-below-stick-meta":"","astra-migrate-meta-layouts":"default","ast-page-background-enabled":"default","ast-page-background-meta":{"desktop":{"background-color":"var(--ast-global-color-4)","background-image":"","background-repeat":"repeat","background-position":"center center","background-size":"auto","background-attachment":"scroll","background-type":"","background-media":"","overlay-type":"","overlay-color":"","overlay-opacity":"","overlay-gradient":""},"tablet":{"background-color":"","background-image":"","background-repeat":"repeat","background-position":"center center","background-size":"auto","background-attachment":"scroll","background-type":"","background-media":"","overlay-type":"","overlay-color":"","overlay-opacity":"","overlay-gradient":""},"mobile":{"background-color":"","background-image":"","background-repeat":"repeat","background-position":"center center","background-size":"auto","background-attachment":"scroll","background-type":"","background-media":"","overlay-type":"","overlay-color":"","overlay-opacity":"","overlay-gradient":""}},"ast-content-background-meta":{"desktop":{"background-color":"var(--ast-global-color-5)","background-image":"","background-repeat":"repeat","background-position":"center center","background-size":"auto","background-attachment":"scroll","background-type":"","background-media":"","overlay-type":"","overlay-color":"","overlay-opacity":"","overlay-gradient":""},"tablet":{"background-color":"var(--ast-global-color-5)","background-image":"","background-repeat":"repeat","background-position":"center center","background-size":"auto","background-attachment":"scroll","background-type":"","background-media":"","overlay-type":"","overlay-color":"","overlay-opacity":"","overlay-gradient":""},"mobile":{"background-color":"var(--ast-global-color-5)","background-image":"","background-repeat":"repeat","background-position":"center center","background-size":"auto","background-attachment":"scroll","background-type":"","background-media":"","overlay-type":"","overlay-color":"","overlay-opacity":"","overlay-gradient":""}},"footnotes":""},"class_list":["post-11867","page","type-page","status-publish","hentry"],"post_mailing_queue_ids":[],"_links":{"self":[{"href":"https:\/\/agora.xtec.cat\/insalfonscostafreda\/wp-json\/wp\/v2\/pages\/11867","targetHints":{"allow":["GET"]}}],"collection":[{"href":"https:\/\/agora.xtec.cat\/insalfonscostafreda\/wp-json\/wp\/v2\/pages"}],"about":[{"href":"https:\/\/agora.xtec.cat\/insalfonscostafreda\/wp-json\/wp\/v2\/types\/page"}],"author":[{"embeddable":true,"href":"https:\/\/agora.xtec.cat\/insalfonscostafreda\/wp-json\/wp\/v2\/users\/1"}],"replies":[{"embeddable":true,"href":"https:\/\/agora.xtec.cat\/insalfonscostafreda\/wp-json\/wp\/v2\/comments?post=11867"}],"version-history":[{"count":0,"href":"https:\/\/agora.xtec.cat\/insalfonscostafreda\/wp-json\/wp\/v2\/pages\/11867\/revisions"}],"up":[{"embeddable":true,"href":"https:\/\/agora.xtec.cat\/insalfonscostafreda\/wp-json\/wp\/v2\/pages\/11635"}],"wp:attachment":[{"href":"https:\/\/agora.xtec.cat\/insalfonscostafreda\/wp-json\/wp\/v2\/media?parent=11867"}],"curies":[{"name":"wp","href":"https:\/\/api.w.org\/{rel}","templated":true}]}}