{"id":1182,"date":"2023-12-28T17:00:16","date_gmt":"2023-12-28T16:00:16","guid":{"rendered":"https:\/\/agora.xtec.cat\/insalfonscostafreda\/?page_id=1182"},"modified":"2025-02-08T17:33:39","modified_gmt":"2025-02-08T16:33:39","slug":"informacio-eso","status":"publish","type":"page","link":"https:\/\/agora.xtec.cat\/insalfonscostafreda\/estudis\/eso\/informacio-eso\/","title":{"rendered":"Informaci\u00f3"},"content":{"rendered":"\n<p>L\u2019educaci\u00f3 secund\u00e0ria obligat\u00f2ria ha de contribuir al desenvolupament de les habilitats i les compet\u00e8ncies que permetin als alumnes:<\/p>\n\n\n\n<p><\/p>\n\n\n\n<ul class=\"wp-block-list\">\n<li>Assumir responsablement els seus deures; con\u00e8ixer i exercir els seus drets en el respecte als altres; practicar l&#8217;empatia, la toler\u00e0ncia, la cooperaci\u00f3 i la solidaritat entre les persones i grups; exercitar-se en el di\u00e0leg garantint els drets humans com a valors comuns d&#8217;una societat plural, i preparar-se per a l&#8217;exercici de la ciutadania democr\u00e0tica.<\/li>\n\n\n\n<li>Desenvolupar i consolidar h\u00e0bits d&#8217;autoregulaci\u00f3, estudi i treball individual i en equip com a condici\u00f3 necess\u00e0ria per portar a terme de manera satisfact\u00f2ria les tasques de l&#8217;aprenentatge i com a mitj\u00e0 de desenvolupament personal i relacional.<\/li>\n\n\n\n<li>Valorar la igualtat de g\u00e8nere i respectar la diversitat sexual, de g\u00e8nere, \u00e8tnica o de capacitats. Rebutjar els estereotips que suposin qualsevol forma de discriminaci\u00f3 entre persones. Con\u00e8ixer els drets sexuals i reproductius, i exercir-los des del respecte a qualsevol persona i des de l&#8217;autocura.<\/li>\n\n\n\n<li>Enfortir les capacitats afectives en tots els \u00e0mbits de la personalitat i en les relacions amb els altres, aix\u00ed com rebutjar tot tipus de viol\u00e8ncia i discriminaci\u00f3, especialment la viol\u00e8ncia masclista i la viol\u00e8ncia LGTBIf\u00f2bica, els prejudicis de qualsevol tipus, els comportaments sexistes, i resoldre pac\u00edficament els conflictes.<\/li>\n\n\n\n<li>Adquirir destreses b\u00e0siques en la utilitzaci\u00f3 de les fonts d&#8217;informaci\u00f3 per adquirir, amb sentit cr\u00edtic, nous coneixements. Desenvolupar les compet\u00e8ncies tecnol\u00f2giques b\u00e0siques i avan\u00e7ar en una reflexi\u00f3 \u00e8tica sobre el funcionament i l&#8217;\u00fas de la tecnologia.<\/li>\n\n\n\n<li>Concebre el coneixement cient\u00edfic com un saber integrat, que s&#8217;estructura en diferents disciplines, aix\u00ed com con\u00e8ixer i aplicar els m\u00e8todes per identificar i resoldre els problemes en els diversos camps del coneixement i de l&#8217;experi\u00e8ncia.<\/li>\n\n\n\n<li>Con\u00e8ixer, comprendre i aplicar les diferents formes de raonament pr\u00f2pies de les matem\u00e0tiques i usar-les en la resoluci\u00f3 de problemes propis en els diversos camps del coneixement i de l&#8217;experi\u00e8ncia.<\/li>\n\n\n\n<li>Desenvolupar la iniciativa emprenedora i la confian\u00e7a en si mateix, la participaci\u00f3, el sentit cr\u00edtic, la iniciativa personal i la capacitat per aprendre a aprendre, planificar, prendre decisions i assumir responsabilitats.<\/li>\n\n\n\n<li>Utilitzar la llengua catalana en tots els contextos relacionats amb els aprenentatges tant formals com informals.<\/li>\n\n\n\n<li>Comprendre i expressar amb correcci\u00f3, oralment i per escrit, en llengua catalana i en llengua castellana, textos i missatges complexos, i iniciar-se en el coneixement, la lectura i l&#8217;estudi de la literatura.<\/li>\n\n\n\n<li>Comprendre i expressar-se en una o m\u00e9s lleng\u00fces estrangeres de manera apropiada.<\/li>\n\n\n\n<li>Con\u00e8ixer, valorar i respectar els aspectes b\u00e0sics de la cultura i la hist\u00f2ria pr\u00f2pies i dels altres, aix\u00ed com el patrimoni art\u00edstic, cultural i gastron\u00f2mic.<\/li>\n\n\n\n<li>Con\u00e8ixer i acceptar el funcionament del propi cos i el dels altres, respectar les difer\u00e8ncies, afermar els h\u00e0bits de cura i salut corporals, adquirir estrat\u00e8gies per poder prendre decisions conscients sobre el consum alimentari, i incorporar l&#8217;educaci\u00f3 f\u00edsica i la pr\u00e0ctica de l&#8217;esport per afavorir el desenvolupament personal i social. Con\u00e8ixer i valorar la dimensi\u00f3 humana de la sexualitat en tota la seva diversitat.<\/li>\n\n\n\n<li>Valorar cr\u00edticament els h\u00e0bits socials relacionats amb la salut, l&#8217;alimentaci\u00f3, el consum, la cura, la consideraci\u00f3 i el respecte cap als \u00e9ssers vius, i contribuir a la conservaci\u00f3 i millora del medi ambient.<\/li>\n\n\n\n<li>Apreciar la creaci\u00f3 art\u00edstica i comprendre el llenguatge de les diferents manifestacions art\u00edstiques, utilitzant diversos mitjans d&#8217;expressi\u00f3 i representaci\u00f3.<\/li>\n\n\n\n<li>Desenvolupar h\u00e0bits quotidians de mobilitat activa, aut\u00f2noma i saludable, per fomentar l&#8217;educaci\u00f3 vial i actituds de respecte per prevenir els accidents de tr\u00e0nsit.<\/li>\n\n\n\n<li>Prendre consci\u00e8ncia de les problem\u00e0tiques que t\u00e9 plantejades la humanitat i que es concreten en els objectius de desenvolupament sostenible.<\/li>\n<\/ul>\n","protected":false},"excerpt":{"rendered":"<p>L\u2019educaci\u00f3 secund\u00e0ria obligat\u00f2ria ha de contribuir al desenvolupament de les habilitats i les compet\u00e8ncies que permetin als alumnes:<\/p>\n","protected":false},"author":1,"featured_media":0,"parent":1073,"menu_order":0,"comment_status":"closed","ping_status":"closed","template":"page-templates\/side-menu.php","meta":{"_bbp_topic_count":0,"_bbp_reply_count":0,"_bbp_total_topic_count":0,"_bbp_total_reply_count":0,"_bbp_voice_count":0,"_bbp_anonymous_reply_count":0,"_bbp_topic_count_hidden":0,"_bbp_reply_count_hidden":0,"_bbp_forum_subforum_count":0,"site-sidebar-layout":"default","site-content-layout":"","ast-site-content-layout":"","site-content-style":"default","site-sidebar-style":"default","ast-global-header-display":"","ast-banner-title-visibility":"","ast-main-header-display":"","ast-hfb-above-header-display":"","ast-hfb-below-header-display":"","ast-hfb-mobile-header-display":"","site-post-title":"","ast-breadcrumbs-content":"","ast-featured-img":"","footer-sml-layout":"","theme-transparent-header-meta":"","adv-header-id-meta":"","stick-header-meta":"","header-above-stick-meta":"","header-main-stick-meta":"","header-below-stick-meta":"","astra-migrate-meta-layouts":"default","ast-page-background-enabled":"default","ast-page-background-meta":{"desktop":{"background-color":"var(--ast-global-color-4)","background-image":"","background-repeat":"repeat","background-position":"center center","background-size":"auto","background-attachment":"scroll","background-type":"","background-media":"","overlay-type":"","overlay-color":"","overlay-opacity":"","overlay-gradient":""},"tablet":{"background-color":"","background-image":"","background-repeat":"repeat","background-position":"center center","background-size":"auto","background-attachment":"scroll","background-type":"","background-media":"","overlay-type":"","overlay-color":"","overlay-opacity":"","overlay-gradient":""},"mobile":{"background-color":"","background-image":"","background-repeat":"repeat","background-position":"center center","background-size":"auto","background-attachment":"scroll","background-type":"","background-media":"","overlay-type":"","overlay-color":"","overlay-opacity":"","overlay-gradient":""}},"ast-content-background-meta":{"desktop":{"background-color":"var(--ast-global-color-5)","background-image":"","background-repeat":"repeat","background-position":"center center","background-size":"auto","background-attachment":"scroll","background-type":"","background-media":"","overlay-type":"","overlay-color":"","overlay-opacity":"","overlay-gradient":""},"tablet":{"background-color":"var(--ast-global-color-5)","background-image":"","background-repeat":"repeat","background-position":"center center","background-size":"auto","background-attachment":"scroll","background-type":"","background-media":"","overlay-type":"","overlay-color":"","overlay-opacity":"","overlay-gradient":""},"mobile":{"background-color":"var(--ast-global-color-5)","background-image":"","background-repeat":"repeat","background-position":"center center","background-size":"auto","background-attachment":"scroll","background-type":"","background-media":"","overlay-type":"","overlay-color":"","overlay-opacity":"","overlay-gradient":""}},"footnotes":""},"class_list":["post-1182","page","type-page","status-publish","hentry"],"post_mailing_queue_ids":[],"_links":{"self":[{"href":"https:\/\/agora.xtec.cat\/insalfonscostafreda\/wp-json\/wp\/v2\/pages\/1182","targetHints":{"allow":["GET"]}}],"collection":[{"href":"https:\/\/agora.xtec.cat\/insalfonscostafreda\/wp-json\/wp\/v2\/pages"}],"about":[{"href":"https:\/\/agora.xtec.cat\/insalfonscostafreda\/wp-json\/wp\/v2\/types\/page"}],"author":[{"embeddable":true,"href":"https:\/\/agora.xtec.cat\/insalfonscostafreda\/wp-json\/wp\/v2\/users\/1"}],"replies":[{"embeddable":true,"href":"https:\/\/agora.xtec.cat\/insalfonscostafreda\/wp-json\/wp\/v2\/comments?post=1182"}],"version-history":[{"count":6,"href":"https:\/\/agora.xtec.cat\/insalfonscostafreda\/wp-json\/wp\/v2\/pages\/1182\/revisions"}],"predecessor-version":[{"id":13335,"href":"https:\/\/agora.xtec.cat\/insalfonscostafreda\/wp-json\/wp\/v2\/pages\/1182\/revisions\/13335"}],"up":[{"embeddable":true,"href":"https:\/\/agora.xtec.cat\/insalfonscostafreda\/wp-json\/wp\/v2\/pages\/1073"}],"wp:attachment":[{"href":"https:\/\/agora.xtec.cat\/insalfonscostafreda\/wp-json\/wp\/v2\/media?parent=1182"}],"curies":[{"name":"wp","href":"https:\/\/api.w.org\/{rel}","templated":true}]}}