{"id":11572,"date":"2022-12-30T22:29:25","date_gmt":"2022-12-30T21:29:25","guid":{"rendered":"https:\/\/projectes.xtec.cat\/impulsfp\/?page_id=11572"},"modified":"2022-12-30T22:29:25","modified_gmt":"2022-12-30T21:29:25","slug":"lexalumnat-4","status":"publish","type":"page","link":"https:\/\/agora.xtec.cat\/insalfonscostafreda\/lexalumnat-4\/","title":{"rendered":"Alumni"},"content":{"rendered":"<p><span style=\"font-size: 10pt;\">L&#8217;exalumnat sou la pe\u00e7a clau dels AlumniFP. S\u00f3u els protagonistes d&#8217;aquest projecte. \u00c9s per aix\u00f2 que volem oferir-vos una s\u00e8rie de serveis per ajudar-vos a desenvolupar al m\u00e0xim les vostres capacitats professionals i personals.<\/span><\/p>\n<p><a href=\"alumnifp\/lexalumnat-4\/formacio\/\"><img loading=\"lazy\" decoding=\"async\" class=\"alignnone wp-image-11575\" src=\"https:\/\/projectes.xtec.cat\/impulsfp\/wp-content\/uploads\/usu2078\/2022\/12\/Formacio-alumniFP.png\" alt=\"\" width=\"214\" height=\"217\" \/><\/a><a href=\"alumnifp\/lexalumnat-4\/suport-i-mentoring\/\"><img loading=\"lazy\" decoding=\"async\" class=\"alignnone wp-image-12008\" src=\"https:\/\/projectes.xtec.cat\/impulsfp\/wp-content\/uploads\/usu2078\/2023\/01\/Suport-a-locupacio.png\" alt=\"\" width=\"211\" height=\"208\" \/><\/a><a href=\"alumnifp\/lexalumnat-4\/comunitat-2\/\"><img loading=\"lazy\" decoding=\"async\" class=\"alignnone wp-image-11578\" src=\"https:\/\/projectes.xtec.cat\/impulsfp\/wp-content\/uploads\/usu2078\/2022\/12\/Comunitat.png\" alt=\"\" width=\"206\" height=\"213\" \/><\/a><a href=\"alumnifp\/lexalumnat-4\/alumnifp-emprenedor\/\"><img loading=\"lazy\" decoding=\"async\" class=\"alignnone wp-image-11625\" src=\"https:\/\/projectes.xtec.cat\/impulsfp\/wp-content\/uploads\/usu2078\/2022\/12\/Alumni-emprenedor.png\" alt=\"\" width=\"209\" height=\"210\" \/><\/a><\/p>\n","protected":false},"excerpt":{"rendered":"<p>L&#8217;exalumnat sou la pe\u00e7a clau dels AlumniFP. S\u00f3u els protagonistes d&#8217;aquest projecte. \u00c9s per aix\u00f2 que volem oferir-vos una s\u00e8rie de serveis per ajudar-vos a desenvolupar al m\u00e0xim les vostres capacitats professionals i personals.<\/p>\n","protected":false},"author":1,"featured_media":0,"parent":0,"menu_order":0,"comment_status":"closed","ping_status":"closed","template":"page-templates\/side-menu.php","meta":{"_bbp_topic_count":0,"_bbp_reply_count":0,"_bbp_total_topic_count":0,"_bbp_total_reply_count":0,"_bbp_voice_count":0,"_bbp_anonymous_reply_count":0,"_bbp_topic_count_hidden":0,"_bbp_reply_count_hidden":0,"_bbp_forum_subforum_count":0,"site-sidebar-layout":"default","site-content-layout":"","ast-site-content-layout":"","site-content-style":"default","site-sidebar-style":"default","ast-global-header-display":"","ast-banner-title-visibility":"","ast-main-header-display":"","ast-hfb-above-header-display":"","ast-hfb-below-header-display":"","ast-hfb-mobile-header-display":"","site-post-title":"","ast-breadcrumbs-content":"","ast-featured-img":"","footer-sml-layout":"","theme-transparent-header-meta":"","adv-header-id-meta":"","stick-header-meta":"","header-above-stick-meta":"","header-main-stick-meta":"","header-below-stick-meta":"","astra-migrate-meta-layouts":"default","ast-page-background-enabled":"default","ast-page-background-meta":{"desktop":{"background-color":"var(--ast-global-color-4)","background-image":"","background-repeat":"repeat","background-position":"center center","background-size":"auto","background-attachment":"scroll","background-type":"","background-media":"","overlay-type":"","overlay-color":"","overlay-opacity":"","overlay-gradient":""},"tablet":{"background-color":"","background-image":"","background-repeat":"repeat","background-position":"center center","background-size":"auto","background-attachment":"scroll","background-type":"","background-media":"","overlay-type":"","overlay-color":"","overlay-opacity":"","overlay-gradient":""},"mobile":{"background-color":"","background-image":"","background-repeat":"repeat","background-position":"center center","background-size":"auto","background-attachment":"scroll","background-type":"","background-media":"","overlay-type":"","overlay-color":"","overlay-opacity":"","overlay-gradient":""}},"ast-content-background-meta":{"desktop":{"background-color":"var(--ast-global-color-5)","background-image":"","background-repeat":"repeat","background-position":"center center","background-size":"auto","background-attachment":"scroll","background-type":"","background-media":"","overlay-type":"","overlay-color":"","overlay-opacity":"","overlay-gradient":""},"tablet":{"background-color":"var(--ast-global-color-5)","background-image":"","background-repeat":"repeat","background-position":"center center","background-size":"auto","background-attachment":"scroll","background-type":"","background-media":"","overlay-type":"","overlay-color":"","overlay-opacity":"","overlay-gradient":""},"mobile":{"background-color":"var(--ast-global-color-5)","background-image":"","background-repeat":"repeat","background-position":"center center","background-size":"auto","background-attachment":"scroll","background-type":"","background-media":"","overlay-type":"","overlay-color":"","overlay-opacity":"","overlay-gradient":""}},"footnotes":""},"class_list":["post-11572","page","type-page","status-publish","hentry"],"post_mailing_queue_ids":[],"_links":{"self":[{"href":"https:\/\/agora.xtec.cat\/insalfonscostafreda\/wp-json\/wp\/v2\/pages\/11572","targetHints":{"allow":["GET"]}}],"collection":[{"href":"https:\/\/agora.xtec.cat\/insalfonscostafreda\/wp-json\/wp\/v2\/pages"}],"about":[{"href":"https:\/\/agora.xtec.cat\/insalfonscostafreda\/wp-json\/wp\/v2\/types\/page"}],"author":[{"embeddable":true,"href":"https:\/\/agora.xtec.cat\/insalfonscostafreda\/wp-json\/wp\/v2\/users\/1"}],"replies":[{"embeddable":true,"href":"https:\/\/agora.xtec.cat\/insalfonscostafreda\/wp-json\/wp\/v2\/comments?post=11572"}],"version-history":[{"count":1,"href":"https:\/\/agora.xtec.cat\/insalfonscostafreda\/wp-json\/wp\/v2\/pages\/11572\/revisions"}],"predecessor-version":[{"id":12437,"href":"https:\/\/agora.xtec.cat\/insalfonscostafreda\/wp-json\/wp\/v2\/pages\/11572\/revisions\/12437"}],"wp:attachment":[{"href":"https:\/\/agora.xtec.cat\/insalfonscostafreda\/wp-json\/wp\/v2\/media?parent=11572"}],"curies":[{"name":"wp","href":"https:\/\/api.w.org\/{rel}","templated":true}]}}