{"id":1073,"date":"2023-12-26T22:18:50","date_gmt":"2023-12-26T21:18:50","guid":{"rendered":"https:\/\/agora.xtec.cat\/insalfonscostafreda\/?page_id=1073"},"modified":"2023-12-27T16:29:34","modified_gmt":"2023-12-27T15:29:34","slug":"eso","status":"publish","type":"page","link":"https:\/\/agora.xtec.cat\/insalfonscostafreda\/estudis\/eso\/","title":{"rendered":"ESO"},"content":{"rendered":"<p>L&#8217;educaci\u00f3 secund\u00e0ria obligat\u00f2ria (ESO) \u00e9s gratu\u00efta. Compr\u00e8n quatre cursos acad\u00e8mics. Generalment s&#8217;inicia l&#8217;any natural en qu\u00e8 es compleixen 12 anys i s&#8217;acaba als 16, tot i que els alumnes tenen dret a romandre en el centre amb r\u00e8gim ordinari fins als 18.<\/p>\n<p>Les mat\u00e8ries i continguts que s&#8217;imparteixen les pots consultar al<a href=\"https:\/\/agora.xtec.cat\/insalfonscostafreda\/estudis\/eso\/pla-estudis-eso\/\"> pla d&#8217;estudis.<\/a><\/p>\n<p>Tot l&#8217;alumnat ha de fer un <strong>treball de s\u00edntesi<\/strong> a cada curs. El treball de s\u00edntesi no t\u00e9 ni c\u00e0rrega hor\u00e0ria ni qualificaci\u00f3 espec\u00edfica. S&#8217;avalua en relaci\u00f3 amb les compet\u00e8ncies de les mat\u00e8ries que hi intervenen.<\/p>\n<p>El <strong>servei comunitari<\/strong> s\u2019ha de cursar a tercer i\/o quart d\u2019educaci\u00f3 secund\u00e0ria obligat\u00f2ria. \u00c9s una acci\u00f3 educativa orientada a desenvolupar la compet\u00e8ncia personal i social, aix\u00ed com la ciutadana, amb la finalitat de promoure que els nois i noies experimentin i protagonitzin accions de comprom\u00eds c\u00edvic, aprenguin en l&#8217;exercici actiu de la ciutadania i posin en joc els seus coneixements i capacitats al servei de la comunitat.<\/p>\n<p>Tot l\u2019alumnat ha de fer un<strong> projecte de recerca<\/strong>. El projecte de recerca no t\u00e9 ni c\u00e0rrega hor\u00e0ria ni qualificaci\u00f3 espec\u00edfica. S\u2019avalua en relaci\u00f3 amb les compet\u00e8ncies de les mat\u00e8ries que hi intervenen.<\/p>\n","protected":false},"excerpt":{"rendered":"<p>L&#8217;educaci\u00f3 secund\u00e0ria obligat\u00f2ria (ESO) \u00e9s gratu\u00efta. Compr\u00e8n quatre cursos acad\u00e8mics. Generalment s&#8217;inicia l&#8217;any natural en qu\u00e8 es compleixen 12 anys i s&#8217;acaba als 16, tot i que els alumnes tenen dret a romandre en el centre amb r\u00e8gim ordinari fins als 18. Les mat\u00e8ries i continguts que s&#8217;imparteixen les pots consultar al pla d&#8217;estudis. Tot [&hellip;]<\/p>\n","protected":false},"author":1,"featured_media":0,"parent":195,"menu_order":0,"comment_status":"closed","ping_status":"closed","template":"page-templates\/side-menu.php","meta":{"_bbp_topic_count":0,"_bbp_reply_count":0,"_bbp_total_topic_count":0,"_bbp_total_reply_count":0,"_bbp_voice_count":0,"_bbp_anonymous_reply_count":0,"_bbp_topic_count_hidden":0,"_bbp_reply_count_hidden":0,"_bbp_forum_subforum_count":0,"site-sidebar-layout":"default","site-content-layout":"","ast-site-content-layout":"","site-content-style":"default","site-sidebar-style":"default","ast-global-header-display":"","ast-banner-title-visibility":"","ast-main-header-display":"","ast-hfb-above-header-display":"","ast-hfb-below-header-display":"","ast-hfb-mobile-header-display":"","site-post-title":"","ast-breadcrumbs-content":"","ast-featured-img":"","footer-sml-layout":"","theme-transparent-header-meta":"","adv-header-id-meta":"","stick-header-meta":"","header-above-stick-meta":"","header-main-stick-meta":"","header-below-stick-meta":"","astra-migrate-meta-layouts":"default","ast-page-background-enabled":"default","ast-page-background-meta":{"desktop":{"background-color":"var(--ast-global-color-4)","background-image":"","background-repeat":"repeat","background-position":"center center","background-size":"auto","background-attachment":"scroll","background-type":"","background-media":"","overlay-type":"","overlay-color":"","overlay-opacity":"","overlay-gradient":""},"tablet":{"background-color":"","background-image":"","background-repeat":"repeat","background-position":"center center","background-size":"auto","background-attachment":"scroll","background-type":"","background-media":"","overlay-type":"","overlay-color":"","overlay-opacity":"","overlay-gradient":""},"mobile":{"background-color":"","background-image":"","background-repeat":"repeat","background-position":"center center","background-size":"auto","background-attachment":"scroll","background-type":"","background-media":"","overlay-type":"","overlay-color":"","overlay-opacity":"","overlay-gradient":""}},"ast-content-background-meta":{"desktop":{"background-color":"var(--ast-global-color-5)","background-image":"","background-repeat":"repeat","background-position":"center center","background-size":"auto","background-attachment":"scroll","background-type":"","background-media":"","overlay-type":"","overlay-color":"","overlay-opacity":"","overlay-gradient":""},"tablet":{"background-color":"var(--ast-global-color-5)","background-image":"","background-repeat":"repeat","background-position":"center center","background-size":"auto","background-attachment":"scroll","background-type":"","background-media":"","overlay-type":"","overlay-color":"","overlay-opacity":"","overlay-gradient":""},"mobile":{"background-color":"var(--ast-global-color-5)","background-image":"","background-repeat":"repeat","background-position":"center center","background-size":"auto","background-attachment":"scroll","background-type":"","background-media":"","overlay-type":"","overlay-color":"","overlay-opacity":"","overlay-gradient":""}},"footnotes":""},"class_list":["post-1073","page","type-page","status-publish","hentry"],"post_mailing_queue_ids":[],"_links":{"self":[{"href":"https:\/\/agora.xtec.cat\/insalfonscostafreda\/wp-json\/wp\/v2\/pages\/1073","targetHints":{"allow":["GET"]}}],"collection":[{"href":"https:\/\/agora.xtec.cat\/insalfonscostafreda\/wp-json\/wp\/v2\/pages"}],"about":[{"href":"https:\/\/agora.xtec.cat\/insalfonscostafreda\/wp-json\/wp\/v2\/types\/page"}],"author":[{"embeddable":true,"href":"https:\/\/agora.xtec.cat\/insalfonscostafreda\/wp-json\/wp\/v2\/users\/1"}],"replies":[{"embeddable":true,"href":"https:\/\/agora.xtec.cat\/insalfonscostafreda\/wp-json\/wp\/v2\/comments?post=1073"}],"version-history":[{"count":3,"href":"https:\/\/agora.xtec.cat\/insalfonscostafreda\/wp-json\/wp\/v2\/pages\/1073\/revisions"}],"predecessor-version":[{"id":1105,"href":"https:\/\/agora.xtec.cat\/insalfonscostafreda\/wp-json\/wp\/v2\/pages\/1073\/revisions\/1105"}],"up":[{"embeddable":true,"href":"https:\/\/agora.xtec.cat\/insalfonscostafreda\/wp-json\/wp\/v2\/pages\/195"}],"wp:attachment":[{"href":"https:\/\/agora.xtec.cat\/insalfonscostafreda\/wp-json\/wp\/v2\/media?parent=1073"}],"curies":[{"name":"wp","href":"https:\/\/api.w.org\/{rel}","templated":true}]}}