{"id":647,"date":"2018-06-24T20:49:52","date_gmt":"2018-06-24T18:49:52","guid":{"rendered":"http:\/\/agora.xtec.cat\/iesalbadelvalles\/?page_id=647"},"modified":"2025-09-10T17:12:43","modified_gmt":"2025-09-10T15:12:43","slug":"stem","status":"publish","type":"page","link":"https:\/\/agora.xtec.cat\/insalba\/departaments\/stem\/","title":{"rendered":"STEM"},"content":{"rendered":"<p>El Departament d&#8217;STEM est\u00e0 format pels departaments de Matem\u00e0tiques, Ci\u00e8ncies Experimentals i Tecnologia.<\/p>\n<p><strong>Matem\u00e0tiques<\/strong><\/p>\n<p>Cap de departament: Simon Lillo.<\/p>\n<ul>\n<li>Adri\u00e0 Oliveras: <a href=\"mailto:aoliveras@insalba.cat\">aoliveras@insalba.cat<\/a><\/li>\n<li>Jordi Gratac\u00f3s: <a href=\"mailto:jgratacos@insalba.cat\">jgratacos<span class=\"\">@insalba.cat<\/span><\/a><\/li>\n<li>S\u00f2nia Ull\u00e9s: <a href=\"mailto:solles@insalba.cat\">solles@insalba.cat<\/a><\/li>\n<li>Sim\u00f3n Lillo: <a href=\"mailto:slillo@insalba.cat\">slillo<span class=\"\">@insalba.cat<\/span><\/a><\/li>\n<li>Juan Ignacio Comas: <a href=\"mailto:jcomas@insalba.cat\">jcomas@insalba.cat<\/a><\/li>\n<li>Vanessa Mariscal: <a href=\"mailto:vmariscal@insalba.cat\">vmariscal@insalba.cat<\/a><\/li>\n<\/ul>\n<p>&nbsp;<\/p>\n<p><strong>Ci\u00e8ncies Experimentals<\/strong><\/p>\n<p>Cap de departament: Olalla Borruel.<\/p>\n<ul>\n<li><span style=\"font-size: medium;\">Sonia Pav\u00f3n: <a href=\"mailto:spavon@insalba.cat\">spavon@insalba.cat<\/a><\/span><\/li>\n<li><span style=\"font-size: medium;\">Martina Pujal: <a href=\"mailto:mpujal@insalba.cat\">mpujal@insalba.cat<\/a><\/span><\/li>\n<li><span style=\"font-size: medium;\">Anna Iglesias: <a href=\"mailto:aiglesias@insalba.cat\">aiglesias@insalba.cat<\/a><\/span><\/li>\n<li>Laia Junyent: <a href=\"mailto:ljunyent@insalba.cat\">ljunyent@insalba.cat<\/a><\/li>\n<li>Laura de Ramon: <a href=\"mailto:ldramon@insalba.cat\">ldramon@insalba.cat<\/a><\/li>\n<li>Olalla Borruel: <a href=\"mailto:oborruel@insalba.cat\">oborruel@insalba.cat<\/a><\/li>\n<li>Maria Mu\u00f1oz: <a href=\"mailto:mmunoz@insalba.cat\">mmunoz@insalba.cat\u00a0<\/a><\/li>\n<li>Marta Amat: <a href=\"mailto:mamat@insalba.cat\">mamat@insalba.cat<\/a><\/li>\n<li>Araceli Barroso: <a href=\"mailto:abarroso@insalba.cat\">abarroso@insalba.cat<\/a><\/li>\n<\/ul>\n<p>&nbsp;<\/p>\n<p><strong>Tecnologia<\/strong><\/p>\n<p>Cap de departament: David Ballester<\/p>\n<ul>\n<li>N\u00faria Ventura: <a href=\"mailto:nventur3@insalba.cat\">nventur3@insalba.cat<\/a><\/li>\n<li>Cristina L\u00f3pez: <a href=\"mailto:clopez@insalba.cat\">clopez@insalba.cat<\/a><\/li>\n<li>David Ballester: <a href=\"mailto:dballester@insalba.cat\">dballester@insalba.cat<\/a><\/li>\n<li>Pau P\u00e9rez: <a href=\"mailto:pperez@insalba.cat\">pperez@insalba.cat<\/a><\/li>\n<li>Daniel de la Morena: <a href=\"mailto:dmorena@insalba.cat\">dmorena@insalba.cat<\/a><\/li>\n<li>Manel Torras: <a href=\"mailto:mtorras@insalba.cat\">mtorras@insalba.cat<\/a><\/li>\n<\/ul>\n<p>&nbsp;<\/p>\n<p>&nbsp;<\/p>\n<p>&nbsp;<\/p>\n<p>&nbsp;<\/p>\n<p>&nbsp;<\/p>\n","protected":false},"excerpt":{"rendered":"<p>El Departament d&#8217;STEM est\u00e0 format pels departaments de Matem\u00e0tiques, Ci\u00e8ncies Experimentals i Tecnologia. Matem\u00e0tiques Cap de departament: Simon Lillo. Adri\u00e0 Oliveras: aoliveras@insalba.cat Jordi Gratac\u00f3s: jgratacos@insalba.cat S\u00f2nia Ull\u00e9s: solles@insalba.cat Sim\u00f3n Lillo: slillo@insalba.cat Juan Ignacio Comas: jcomas@insalba.cat Vanessa Mariscal: vmariscal@insalba.cat &nbsp; Ci\u00e8ncies Experimentals Cap de departament: Olalla Borruel. Sonia Pav\u00f3n: spavon@insalba.cat Martina Pujal: mpujal@insalba.cat Anna Iglesias: aiglesias@insalba.cat [&hellip;]<\/p>\n","protected":false},"author":4,"featured_media":0,"parent":613,"menu_order":2,"comment_status":"closed","ping_status":"closed","template":"page-templates\/side-menu.php","meta":{"_bbp_topic_count":0,"_bbp_reply_count":0,"_bbp_total_topic_count":0,"_bbp_total_reply_count":0,"_bbp_voice_count":0,"_bbp_anonymous_reply_count":0,"_bbp_topic_count_hidden":0,"_bbp_reply_count_hidden":0,"_bbp_forum_subforum_count":0,"site-sidebar-layout":"default","site-content-layout":"","ast-site-content-layout":"","site-content-style":"default","site-sidebar-style":"default","ast-global-header-display":"","ast-banner-title-visibility":"","ast-main-header-display":"","ast-hfb-above-header-display":"","ast-hfb-below-header-display":"","ast-hfb-mobile-header-display":"","site-post-title":"","ast-breadcrumbs-content":"","ast-featured-img":"","footer-sml-layout":"","theme-transparent-header-meta":"","adv-header-id-meta":"","stick-header-meta":"","header-above-stick-meta":"","header-main-stick-meta":"","header-below-stick-meta":"","astra-migrate-meta-layouts":"default","ast-page-background-enabled":"default","ast-page-background-meta":{"desktop":{"background-color":"var(--ast-global-color-5)","background-image":"","background-repeat":"repeat","background-position":"center center","background-size":"auto","background-attachment":"scroll","background-type":"","background-media":"","overlay-type":"","overlay-color":"","overlay-opacity":"","overlay-gradient":""},"tablet":{"background-color":"","background-image":"","background-repeat":"repeat","background-position":"center center","background-size":"auto","background-attachment":"scroll","background-type":"","background-media":"","overlay-type":"","overlay-color":"","overlay-opacity":"","overlay-gradient":""},"mobile":{"background-color":"","background-image":"","background-repeat":"repeat","background-position":"center center","background-size":"auto","background-attachment":"scroll","background-type":"","background-media":"","overlay-type":"","overlay-color":"","overlay-opacity":"","overlay-gradient":""}},"ast-content-background-meta":{"desktop":{"background-color":"var(--ast-global-color-4)","background-image":"","background-repeat":"repeat","background-position":"center center","background-size":"auto","background-attachment":"scroll","background-type":"","background-media":"","overlay-type":"","overlay-color":"","overlay-opacity":"","overlay-gradient":""},"tablet":{"background-color":"var(--ast-global-color-4)","background-image":"","background-repeat":"repeat","background-position":"center center","background-size":"auto","background-attachment":"scroll","background-type":"","background-media":"","overlay-type":"","overlay-color":"","overlay-opacity":"","overlay-gradient":""},"mobile":{"background-color":"var(--ast-global-color-4)","background-image":"","background-repeat":"repeat","background-position":"center center","background-size":"auto","background-attachment":"scroll","background-type":"","background-media":"","overlay-type":"","overlay-color":"","overlay-opacity":"","overlay-gradient":""}},"footnotes":""},"class_list":["post-647","page","type-page","status-publish","hentry"],"post_mailing_queue_ids":[],"_links":{"self":[{"href":"https:\/\/agora.xtec.cat\/insalba\/wp-json\/wp\/v2\/pages\/647","targetHints":{"allow":["GET"]}}],"collection":[{"href":"https:\/\/agora.xtec.cat\/insalba\/wp-json\/wp\/v2\/pages"}],"about":[{"href":"https:\/\/agora.xtec.cat\/insalba\/wp-json\/wp\/v2\/types\/page"}],"author":[{"embeddable":true,"href":"https:\/\/agora.xtec.cat\/insalba\/wp-json\/wp\/v2\/users\/4"}],"replies":[{"embeddable":true,"href":"https:\/\/agora.xtec.cat\/insalba\/wp-json\/wp\/v2\/comments?post=647"}],"version-history":[{"count":6,"href":"https:\/\/agora.xtec.cat\/insalba\/wp-json\/wp\/v2\/pages\/647\/revisions"}],"predecessor-version":[{"id":22302,"href":"https:\/\/agora.xtec.cat\/insalba\/wp-json\/wp\/v2\/pages\/647\/revisions\/22302"}],"up":[{"embeddable":true,"href":"https:\/\/agora.xtec.cat\/insalba\/wp-json\/wp\/v2\/pages\/613"}],"wp:attachment":[{"href":"https:\/\/agora.xtec.cat\/insalba\/wp-json\/wp\/v2\/media?parent=647"}],"curies":[{"name":"wp","href":"https:\/\/api.w.org\/{rel}","templated":true}]}}