{"id":626,"date":"2018-06-24T20:39:26","date_gmt":"2018-06-24T18:39:26","guid":{"rendered":"http:\/\/agora.xtec.cat\/iesalbadelvalles\/?page_id=626"},"modified":"2025-09-10T17:13:17","modified_gmt":"2025-09-10T15:13:17","slug":"ciencies-socials","status":"publish","type":"page","link":"https:\/\/agora.xtec.cat\/insalba\/departaments\/ciencies-socials\/","title":{"rendered":"Ci\u00e8ncies Socials"},"content":{"rendered":"<p>El Departament de Ci\u00e8ncies Socials est\u00e0 format pel professorat que imparteix ci\u00e8ncies socials, filosofia, economia i religi\u00f3.<\/p>\n<p>La cap de Departament \u00e9s la Cristina P\u00e9rez.<\/p>\n<p>Ci\u00e8ncies Socials:<\/p>\n<ul>\n<li><span style=\"font-size: medium;\">Montse Escapa: <a href=\"mailto:mescapa@insalba.cat\">mescapa<span class=\"\">@insalba.cat<\/span><\/a><\/span><\/li>\n<li><span style=\"font-size: medium;\">Paula Fern\u00e1ndez : <a href=\"mailto:pfernandezr@insalba.cat\">pfernandez<span class=\"\">@insalba.cat<\/span><\/a><\/span><\/li>\n<li><span style=\"font-size: medium;\">Cristina P\u00e9rez: <a href=\"mailto:cperez@insalba.cat\">cperez<span class=\"\">@insalba.ca<\/span>t<\/a><\/span><\/li>\n<li><span style=\"font-size: medium;\">Fran S\u00e1nchez: <a href=\"mailto:fsanchez@insalba.cat\">fsanchez@insalba.cat<\/a><\/span><\/li>\n<li>Ana Esca\u00f1uela: <a href=\"mailto:aescanuela@insalba.cat\">aescanuela<span class=\"\">@insalba.cat<\/span><\/a><\/li>\n<li>Antonio Jos\u00e9 Montero: <a href=\"mailto:amontero@insalba.cat\">amontero@insalba.cat\u00a0<\/a><\/li>\n<\/ul>\n<p>&nbsp;<\/p>\n<p>Filosofia:<\/p>\n<ul>\n<li>Maribel Redondo: <a href=\"mailto:mredondo@insalba.cat\">mredondo@insalba.cat <\/a><\/li>\n<li>Ferran Errando: <a href=\"mailto:ferrando@insalba.cat\">ferrando@insalba.cat<\/a><\/li>\n<\/ul>\n<p>&nbsp;<\/p>\n<p>Economia:<\/p>\n<ul>\n<li>Lucas Salvador: <a href=\"mailto:lsalvador@insalba.cat\">lsalvador@insalba.cat\u00a0<\/a><\/li>\n<\/ul>\n<p>&nbsp;<\/p>\n<p>Religi\u00f3:<\/p>\n<ul>\n<li>Jos\u00e9 M. Carreras: <a href=\"mailto:jcarreras@insalba.cat\">jcarreras@insalba.cat<\/a><\/li>\n<\/ul>\n","protected":false},"excerpt":{"rendered":"<p>El Departament de Ci\u00e8ncies Socials est\u00e0 format pel professorat que imparteix ci\u00e8ncies socials, filosofia, economia i religi\u00f3. La cap de Departament \u00e9s la Cristina P\u00e9rez. Ci\u00e8ncies Socials: Montse Escapa: mescapa@insalba.cat Paula Fern\u00e1ndez : pfernandez@insalba.cat Cristina P\u00e9rez: cperez@insalba.cat Fran S\u00e1nchez: fsanchez@insalba.cat Ana Esca\u00f1uela: aescanuela@insalba.cat Antonio Jos\u00e9 Montero: amontero@insalba.cat\u00a0 &nbsp; Filosofia: Maribel Redondo: mredondo@insalba.cat Ferran Errando: ferrando@insalba.cat [&hellip;]<\/p>\n","protected":false},"author":4,"featured_media":0,"parent":613,"menu_order":1,"comment_status":"closed","ping_status":"closed","template":"page-templates\/side-menu.php","meta":{"_bbp_topic_count":0,"_bbp_reply_count":0,"_bbp_total_topic_count":0,"_bbp_total_reply_count":0,"_bbp_voice_count":0,"_bbp_anonymous_reply_count":0,"_bbp_topic_count_hidden":0,"_bbp_reply_count_hidden":0,"_bbp_forum_subforum_count":0,"site-sidebar-layout":"default","site-content-layout":"","ast-site-content-layout":"","site-content-style":"default","site-sidebar-style":"default","ast-global-header-display":"","ast-banner-title-visibility":"","ast-main-header-display":"","ast-hfb-above-header-display":"","ast-hfb-below-header-display":"","ast-hfb-mobile-header-display":"","site-post-title":"","ast-breadcrumbs-content":"","ast-featured-img":"","footer-sml-layout":"","theme-transparent-header-meta":"","adv-header-id-meta":"","stick-header-meta":"","header-above-stick-meta":"","header-main-stick-meta":"","header-below-stick-meta":"","astra-migrate-meta-layouts":"default","ast-page-background-enabled":"default","ast-page-background-meta":{"desktop":{"background-color":"var(--ast-global-color-5)","background-image":"","background-repeat":"repeat","background-position":"center center","background-size":"auto","background-attachment":"scroll","background-type":"","background-media":"","overlay-type":"","overlay-color":"","overlay-opacity":"","overlay-gradient":""},"tablet":{"background-color":"","background-image":"","background-repeat":"repeat","background-position":"center center","background-size":"auto","background-attachment":"scroll","background-type":"","background-media":"","overlay-type":"","overlay-color":"","overlay-opacity":"","overlay-gradient":""},"mobile":{"background-color":"","background-image":"","background-repeat":"repeat","background-position":"center center","background-size":"auto","background-attachment":"scroll","background-type":"","background-media":"","overlay-type":"","overlay-color":"","overlay-opacity":"","overlay-gradient":""}},"ast-content-background-meta":{"desktop":{"background-color":"var(--ast-global-color-4)","background-image":"","background-repeat":"repeat","background-position":"center center","background-size":"auto","background-attachment":"scroll","background-type":"","background-media":"","overlay-type":"","overlay-color":"","overlay-opacity":"","overlay-gradient":""},"tablet":{"background-color":"var(--ast-global-color-4)","background-image":"","background-repeat":"repeat","background-position":"center center","background-size":"auto","background-attachment":"scroll","background-type":"","background-media":"","overlay-type":"","overlay-color":"","overlay-opacity":"","overlay-gradient":""},"mobile":{"background-color":"var(--ast-global-color-4)","background-image":"","background-repeat":"repeat","background-position":"center center","background-size":"auto","background-attachment":"scroll","background-type":"","background-media":"","overlay-type":"","overlay-color":"","overlay-opacity":"","overlay-gradient":""}},"footnotes":""},"class_list":["post-626","page","type-page","status-publish","hentry"],"post_mailing_queue_ids":[],"_links":{"self":[{"href":"https:\/\/agora.xtec.cat\/insalba\/wp-json\/wp\/v2\/pages\/626","targetHints":{"allow":["GET"]}}],"collection":[{"href":"https:\/\/agora.xtec.cat\/insalba\/wp-json\/wp\/v2\/pages"}],"about":[{"href":"https:\/\/agora.xtec.cat\/insalba\/wp-json\/wp\/v2\/types\/page"}],"author":[{"embeddable":true,"href":"https:\/\/agora.xtec.cat\/insalba\/wp-json\/wp\/v2\/users\/4"}],"replies":[{"embeddable":true,"href":"https:\/\/agora.xtec.cat\/insalba\/wp-json\/wp\/v2\/comments?post=626"}],"version-history":[{"count":6,"href":"https:\/\/agora.xtec.cat\/insalba\/wp-json\/wp\/v2\/pages\/626\/revisions"}],"predecessor-version":[{"id":22303,"href":"https:\/\/agora.xtec.cat\/insalba\/wp-json\/wp\/v2\/pages\/626\/revisions\/22303"}],"up":[{"embeddable":true,"href":"https:\/\/agora.xtec.cat\/insalba\/wp-json\/wp\/v2\/pages\/613"}],"wp:attachment":[{"href":"https:\/\/agora.xtec.cat\/insalba\/wp-json\/wp\/v2\/media?parent=626"}],"curies":[{"name":"wp","href":"https:\/\/api.w.org\/{rel}","templated":true}]}}