{"id":617,"date":"2018-06-24T20:21:01","date_gmt":"2018-06-24T18:21:01","guid":{"rendered":"http:\/\/agora.xtec.cat\/iesalbadelvalles\/?page_id=617"},"modified":"2025-09-10T16:47:45","modified_gmt":"2025-09-10T14:47:45","slug":"llengues","status":"publish","type":"page","link":"https:\/\/agora.xtec.cat\/insalba\/departaments\/llengues\/","title":{"rendered":"Lleng\u00fces"},"content":{"rendered":"<p>El Departament de Lleng\u00fces est\u00e0 format pel professorat que imparteix llengua i literatura catalana, llengua i literatura castellana i llat\u00ed.<\/p>\n<p>La cap del departament \u00e9s la N\u00faria Gonz\u00e1lez.<\/p>\n<p>Llengua i literatura Catalana:<\/p>\n<ul>\n<li>N\u00faria Gonz\u00e1lez: <a href=\"mailto:ngonzalez@insalba.cat\">ngonzalez@insalba.cat<\/a><\/li>\n<li>Jaume Rocabert: <a href=\"mailto:jrocabert@insalba.cat\">jrocabert@insalba.cat<\/a><\/li>\n<li>Sara Oll\u00e9: <a href=\"mailto:solle@insalba.cat\">solle@insalba.cat<\/a><\/li>\n<li>Marina Cueto: <a href=\"mailto:mcueto@insalba.cat\">mcueto@insalba.cat<\/a><\/li>\n<li>Cristina Canudas: <a href=\"mailto:ccanudas@insalba.cat\">ccanudas@insalba.cat<\/a><\/li>\n<\/ul>\n<p>Llengua i literatura Castellana:<\/p>\n<ul>\n<li><span style=\"font-size: medium;\">Jorge Luengo: <a href=\"mailto:jluengo@insalba.cat\">jluengo@insalba.cat<\/a><\/span><\/li>\n<li><span style=\"font-size: medium;\">Conchi Pe\u00f1afiel: <a href=\"mailto:cpenafiel@insalba.cat\">cpenafiel@insalba.cat<\/a><\/span><\/li>\n<li><span style=\"font-size: medium;\">Lucrecia Benjumea: <a href=\"mailto:lbenjumea@insalba.cat\">lbenjumea@insalba.cat\u00a0<\/a><\/span><\/li>\n<li>Clara Hern\u00e1ndez: <a href=\"mailto:chernandez@insalba.cat\">chernandez@insalba.cat<\/a><\/li>\n<li>Marta Gandul: <a href=\"mailto:mgandul@insalba.cat\">mgandul@insalba.cat<\/a><\/li>\n<li>Marta L\u00f3pez: <a href=\"mailto:mlopez@insalba.cat\">mlopez@insalba.cat<\/a><\/li>\n<li>Patr\u00edcia Gonz\u00e1lez: <a href=\"mailto:pgonzalez@insalba.cat\">pgonzalez@insalba.cat<\/a><\/li>\n<\/ul>\n<p>Llat\u00ed:<\/p>\n<ul>\n<li>Azahara Clemente: <a href=\"mailto:aclemente@insalba.cat\">aclemente@insalba.cat<\/a><\/li>\n<\/ul>\n<p>&nbsp;<\/p>\n<p>&nbsp;<\/p>\n<p>&nbsp;<\/p>\n","protected":false},"excerpt":{"rendered":"<p>El Departament de Lleng\u00fces est\u00e0 format pel professorat que imparteix llengua i literatura catalana, llengua i literatura castellana i llat\u00ed. La cap del departament \u00e9s la N\u00faria Gonz\u00e1lez. Llengua i literatura Catalana: N\u00faria Gonz\u00e1lez: ngonzalez@insalba.cat Jaume Rocabert: jrocabert@insalba.cat Sara Oll\u00e9: solle@insalba.cat Marina Cueto: mcueto@insalba.cat Cristina Canudas: ccanudas@insalba.cat Llengua i literatura Castellana: Jorge Luengo: jluengo@insalba.cat Conchi [&hellip;]<\/p>\n","protected":false},"author":4,"featured_media":0,"parent":613,"menu_order":9,"comment_status":"closed","ping_status":"closed","template":"page-templates\/side-menu.php","meta":{"_bbp_topic_count":0,"_bbp_reply_count":0,"_bbp_total_topic_count":0,"_bbp_total_reply_count":0,"_bbp_voice_count":0,"_bbp_anonymous_reply_count":0,"_bbp_topic_count_hidden":0,"_bbp_reply_count_hidden":0,"_bbp_forum_subforum_count":0,"site-sidebar-layout":"default","site-content-layout":"","ast-site-content-layout":"","site-content-style":"default","site-sidebar-style":"default","ast-global-header-display":"","ast-banner-title-visibility":"","ast-main-header-display":"","ast-hfb-above-header-display":"","ast-hfb-below-header-display":"","ast-hfb-mobile-header-display":"","site-post-title":"","ast-breadcrumbs-content":"","ast-featured-img":"","footer-sml-layout":"","theme-transparent-header-meta":"","adv-header-id-meta":"","stick-header-meta":"","header-above-stick-meta":"","header-main-stick-meta":"","header-below-stick-meta":"","astra-migrate-meta-layouts":"default","ast-page-background-enabled":"default","ast-page-background-meta":{"desktop":{"background-color":"var(--ast-global-color-5)","background-image":"","background-repeat":"repeat","background-position":"center center","background-size":"auto","background-attachment":"scroll","background-type":"","background-media":"","overlay-type":"","overlay-color":"","overlay-opacity":"","overlay-gradient":""},"tablet":{"background-color":"","background-image":"","background-repeat":"repeat","background-position":"center center","background-size":"auto","background-attachment":"scroll","background-type":"","background-media":"","overlay-type":"","overlay-color":"","overlay-opacity":"","overlay-gradient":""},"mobile":{"background-color":"","background-image":"","background-repeat":"repeat","background-position":"center center","background-size":"auto","background-attachment":"scroll","background-type":"","background-media":"","overlay-type":"","overlay-color":"","overlay-opacity":"","overlay-gradient":""}},"ast-content-background-meta":{"desktop":{"background-color":"var(--ast-global-color-4)","background-image":"","background-repeat":"repeat","background-position":"center center","background-size":"auto","background-attachment":"scroll","background-type":"","background-media":"","overlay-type":"","overlay-color":"","overlay-opacity":"","overlay-gradient":""},"tablet":{"background-color":"var(--ast-global-color-4)","background-image":"","background-repeat":"repeat","background-position":"center center","background-size":"auto","background-attachment":"scroll","background-type":"","background-media":"","overlay-type":"","overlay-color":"","overlay-opacity":"","overlay-gradient":""},"mobile":{"background-color":"var(--ast-global-color-4)","background-image":"","background-repeat":"repeat","background-position":"center center","background-size":"auto","background-attachment":"scroll","background-type":"","background-media":"","overlay-type":"","overlay-color":"","overlay-opacity":"","overlay-gradient":""}},"footnotes":""},"class_list":["post-617","page","type-page","status-publish","hentry"],"post_mailing_queue_ids":[],"_links":{"self":[{"href":"https:\/\/agora.xtec.cat\/insalba\/wp-json\/wp\/v2\/pages\/617","targetHints":{"allow":["GET"]}}],"collection":[{"href":"https:\/\/agora.xtec.cat\/insalba\/wp-json\/wp\/v2\/pages"}],"about":[{"href":"https:\/\/agora.xtec.cat\/insalba\/wp-json\/wp\/v2\/types\/page"}],"author":[{"embeddable":true,"href":"https:\/\/agora.xtec.cat\/insalba\/wp-json\/wp\/v2\/users\/4"}],"replies":[{"embeddable":true,"href":"https:\/\/agora.xtec.cat\/insalba\/wp-json\/wp\/v2\/comments?post=617"}],"version-history":[{"count":6,"href":"https:\/\/agora.xtec.cat\/insalba\/wp-json\/wp\/v2\/pages\/617\/revisions"}],"predecessor-version":[{"id":22296,"href":"https:\/\/agora.xtec.cat\/insalba\/wp-json\/wp\/v2\/pages\/617\/revisions\/22296"}],"up":[{"embeddable":true,"href":"https:\/\/agora.xtec.cat\/insalba\/wp-json\/wp\/v2\/pages\/613"}],"wp:attachment":[{"href":"https:\/\/agora.xtec.cat\/insalba\/wp-json\/wp\/v2\/media?parent=617"}],"curies":[{"name":"wp","href":"https:\/\/api.w.org\/{rel}","templated":true}]}}