{"id":55,"date":"2014-09-17T16:59:49","date_gmt":"2014-09-17T16:59:49","guid":{"rendered":"http:\/\/agora.xtec.cat\/iesalbadelvalles\/?page_id=55"},"modified":"2025-10-02T11:47:23","modified_gmt":"2025-10-02T09:47:23","slug":"horaris","status":"publish","type":"page","link":"https:\/\/agora.xtec.cat\/insalba\/linstitut\/horaris\/","title":{"rendered":"Horaris"},"content":{"rendered":"<p>El marc horari dels alumnes \u00e9s de dilluns a divendres de 8.00h a 14.35h,. A 1r d&#8217;ESO, 2n d&#8217;ESO i Batxillerats, els dos per\u00edodes d&#8217;esbarjo s\u00f3n de 10.20h a 10.40h i de 12.30h a 12.45h. A 3r i 4t d&#8217;ESO, els per\u00edodes d&#8217;esbarjo s\u00f3n de 9.50h a 10.10h i d&#8217;11.35 a 11.50h.<\/p>\n<p>Tot i que tenim servei de cantina, des de la implementaci\u00f3 de la\u00a0 jornada compactada no hi ha servei de menjador.<\/p>\n<table style=\"width: 84%; border-collapse: collapse; height: 155px;\">\n<tbody>\n<tr style=\"height: 31px;\">\n<td style=\"width: 11.971%; text-align: center; height: 31px;\"><a href=\"https:\/\/drive.google.com\/file\/d\/1HtuwYLtgwnRwt6ALQhx8c-aMj11Jz88K\/view?usp=drive_link\">1r ESO A<\/a><\/td>\n<td style=\"width: 12.4546%; text-align: center; height: 31px;\"><a href=\"https:\/\/drive.google.com\/file\/d\/19_3VTf5VxAQOpMRU2AnOuhIRPda2VJ2E\/view?usp=drive_link\">1r ESO B<\/a><\/td>\n<td style=\"width: 12.0918%; text-align: center; height: 31px;\"><a href=\"https:\/\/drive.google.com\/file\/d\/1CD_1XC3Lgcdi9c1TOswXz0D5oiovaxcW\/view?usp=drive_link\">1r ESO C<\/a><\/td>\n<td style=\"width: 11.3239%; text-align: center; height: 31px;\"><a href=\"https:\/\/drive.google.com\/file\/d\/17s_vUtxQ1ff4u_OzbhcMSW2sKqXhIDS0\/view?usp=drive_link\">1r ESO D<\/a><\/td>\n<td style=\"width: 11.266%; text-align: center; height: 31px;\"><a href=\"https:\/\/drive.google.com\/file\/d\/1CIrD7H7balGm8TVTEq_NWWVky9UmnrQ2\/view?usp=drive_link\">1r ESO E<\/a><\/td>\n<td style=\"width: 10.7891%; text-align: center; height: 31px;\"><\/td>\n<td style=\"width: 10.0363%; text-align: center; height: 31px;\"><\/td>\n<\/tr>\n<tr style=\"height: 31px;\">\n<td style=\"width: 11.971%; text-align: center; height: 31px;\"><a href=\"https:\/\/drive.google.com\/file\/d\/1QVgbDc8tEy4vw2omqYg_GwHJisD--7DI\/view?usp=drive_link\">2n ESO A<\/a><\/td>\n<td style=\"width: 12.4546%; text-align: center; height: 31px;\"><a href=\"https:\/\/drive.google.com\/file\/d\/1N3TeAkBW8mL8-tv35KSziafWmc6wA2gb\/view?usp=drive_link\">2n ESO B<\/a><\/td>\n<td style=\"width: 12.0918%; text-align: center; height: 31px;\"><a href=\"https:\/\/drive.google.com\/file\/d\/19CjpiPLDYXGfnDv51D12CTsZUwWtRDdX\/view?usp=drive_link\">2n ESO C<\/a><\/td>\n<td style=\"width: 11.3239%; text-align: center; height: 31px;\"><a href=\"https:\/\/drive.google.com\/file\/d\/1-RsWm3ftbLdxrhVqqvYLjFz_NOVFmLRd\/view?usp=drive_link\">2n ESO D<\/a><\/td>\n<td style=\"width: 11.266%; text-align: center; height: 31px;\"><a href=\"https:\/\/drive.google.com\/file\/d\/1Z8zfjVszKvnbstXuR8VKltTtQ6d4DbYQ\/view?usp=drive_link\">2n ESO E<\/a><\/td>\n<td style=\"width: 10.7891%; text-align: center; height: 31px;\"><\/td>\n<td style=\"width: 10.0363%; text-align: center; height: 31px;\"><\/td>\n<\/tr>\n<tr style=\"height: 31px;\">\n<td style=\"width: 11.971%; text-align: center; height: 31px;\"><a href=\"https:\/\/drive.google.com\/file\/d\/1UB0RE6bu1n-sTueiJtcF0x4ZFQUtc5gM\/view?usp=drive_link\">3r ESO A<\/a><\/td>\n<td style=\"width: 12.4546%; text-align: center; height: 31px;\"><a href=\"https:\/\/drive.google.com\/file\/d\/1n47j-r4w7Hcw-0iAMAyAE8GFGXHrq6Xi\/view?usp=drive_link\">3r ESO B<\/a><\/td>\n<td style=\"width: 12.0918%; text-align: center; height: 31px;\"><a href=\"https:\/\/drive.google.com\/file\/d\/1wGuKghA-TgvnBZBKqH9B31pz-rcOzPaU\/view?usp=drive_link\">3r ESO C<\/a><\/td>\n<td style=\"width: 11.3239%; text-align: center; height: 31px;\"><a href=\"https:\/\/drive.google.com\/file\/d\/1xgbAIqJ17jKwh94Cc8TgS2eJnK5VGGji\/view?usp=drive_link\">3r ESO D<\/a><\/td>\n<td style=\"width: 11.266%; text-align: center; height: 31px;\"><a href=\"https:\/\/drive.google.com\/file\/d\/1p_q4iXt1xunKcvHP9FpIhtMAmyZxg7cN\/view?usp=drive_link\">3r ESO E<\/a><\/td>\n<td style=\"width: 10.7891%; text-align: center; height: 31px;\"><a href=\"https:\/\/drive.google.com\/file\/d\/1Fs1UHVXL0i4kcHzvlys-Ek7NEJRxAHJI\/view?usp=drive_link\">3r ESO F<\/a><\/td>\n<td style=\"width: 10.0363%; text-align: center; height: 31px;\"><\/td>\n<\/tr>\n<tr style=\"height: 31px;\">\n<td style=\"width: 11.971%; text-align: center; height: 31px;\"><a href=\"https:\/\/drive.google.com\/file\/d\/1pbfGy45v48VoJO9wscyPhsBvdyYy37Zp\/view?usp=drive_link\">4t ESO A<\/a><\/td>\n<td style=\"width: 12.4546%; text-align: center; height: 31px;\"><a href=\"https:\/\/drive.google.com\/file\/d\/1BgzVkSFKDAyBRwxedqTBhc-IdWizdbog\/view?usp=drive_link\">4t ESO B<\/a><\/td>\n<td style=\"width: 12.0918%; text-align: center; height: 31px;\"><a href=\"https:\/\/drive.google.com\/file\/d\/10XWwun6jHBPH5HWQ4aEwoWaelTkxJYFU\/view?usp=drive_link\">4t ESO C<\/a><\/td>\n<td style=\"width: 11.3239%; text-align: center; height: 31px;\"><a href=\"https:\/\/drive.google.com\/file\/d\/1UVzOPpKZ045B-EX2XKuhooGMJ2p233KV\/view?usp=drive_link\">4t ESO D<\/a><\/td>\n<td style=\"width: 11.266%; text-align: center; height: 31px;\"><a href=\"https:\/\/drive.google.com\/file\/d\/1S5R_WoGb845_36v42rMtG819ouWcswkH\/view?usp=drive_link\">4t ESO E<\/a><\/td>\n<td style=\"width: 10.7891%; text-align: center; height: 31px;\"><a href=\"https:\/\/drive.google.com\/file\/d\/1dmZcN4QiCXtLbgq7SD_I5yU-myhtKu-x\/view?usp=drive_link\">4t ESO F<\/a><\/td>\n<td style=\"width: 10.0363%; text-align: center; height: 31px;\"><\/td>\n<\/tr>\n<tr style=\"height: 31px;\">\n<td style=\"width: 11.971%; text-align: center; height: 31px;\"><a href=\"https:\/\/drive.google.com\/file\/d\/1iTLeD-Nn2P2bV8rmIbDw1XeTETxFBSY5\/view?usp=drive_link\">1r BATX A<\/a><\/td>\n<td style=\"width: 12.4546%; text-align: center; height: 31px;\"><a href=\"https:\/\/drive.google.com\/file\/d\/1z8-8Hkon3HddPOZL4xeuc0fBUAqhQHJh\/view?usp=drive_link\">1r BATX B<\/a><\/td>\n<td style=\"width: 12.0918%; text-align: center; height: 31px;\"><a href=\"https:\/\/drive.google.com\/file\/d\/1HpVDzrXJqaiHq3qtswPJ6I4XuwShm2bD\/view?usp=drive_link\">2n BATX A<\/a><\/td>\n<td style=\"width: 11.3239%; text-align: center; height: 31px;\"><a href=\"https:\/\/drive.google.com\/file\/d\/1DKEnu1RtAHNPurRygUji4piq6nxnTjys\/view?usp=drive_link\">2n BATX B<\/a><\/td>\n<td style=\"width: 11.266%; text-align: center; height: 31px;\"><a href=\"https:\/\/drive.google.com\/file\/d\/135GCQhb5WsIXMzoQYI71n33DiX3s_jiK\/view?usp=drive_link\">2n BATX C<\/a><\/td>\n<td style=\"width: 10.7891%; text-align: center; height: 31px;\"><\/td>\n<td style=\"width: 10.0363%; text-align: center; height: 31px;\"><\/td>\n<\/tr>\n<\/tbody>\n<\/table>\n<p>Plantilla horari 1r d&#8217;ESO, 2n d&#8217;ESO i Batxillerats:<\/p>\n<p><img loading=\"lazy\" decoding=\"async\" class=\"size-full wp-image-18394 aligncenter\" src=\"https:\/\/agora.xtec.cat\/iesalbadelvalles\/wp-content\/uploads\/usu2\/2019\/09\/Captura-de-Pantalla-2019-09-13-a-les-18.27.45.png\" alt=\"\" width=\"600\" height=\"544\" srcset=\"https:\/\/agora.xtec.cat\/insalba\/wp-content\/uploads\/usu2\/2019\/09\/Captura-de-Pantalla-2019-09-13-a-les-18.27.45.png 600w, https:\/\/agora.xtec.cat\/insalba\/wp-content\/uploads\/usu2\/2019\/09\/Captura-de-Pantalla-2019-09-13-a-les-18.27.45-300x272.png 300w\" sizes=\"auto, (max-width: 600px) 100vw, 600px\" \/><\/p>\n<p>&nbsp;<\/p>\n<p>Plantilla horari 3r i 4t d&#8217;ESO:<\/p>\n<p><a href=\"https:\/\/agora.xtec.cat\/insalba\/linstitut\/horaris\/attachment\/gru1a_eso3rf_page-0001-3\/\" rel=\"attachment wp-att-22315\"><img loading=\"lazy\" decoding=\"async\" class=\"wp-image-22315 aligncenter\" src=\"https:\/\/agora.xtec.cat\/insalba\/wp-content\/uploads\/usu2\/2025\/09\/Gru1A_ESO3rF_page-0001-2-240x300.jpg\" alt=\"\" width=\"562\" height=\"702\" srcset=\"https:\/\/agora.xtec.cat\/insalba\/wp-content\/uploads\/usu2\/2025\/09\/Gru1A_ESO3rF_page-0001-2-240x300.jpg 240w, https:\/\/agora.xtec.cat\/insalba\/wp-content\/uploads\/usu2\/2025\/09\/Gru1A_ESO3rF_page-0001-2-821x1024.jpg 821w, https:\/\/agora.xtec.cat\/insalba\/wp-content\/uploads\/usu2\/2025\/09\/Gru1A_ESO3rF_page-0001-2-768x958.jpg 768w, https:\/\/agora.xtec.cat\/insalba\/wp-content\/uploads\/usu2\/2025\/09\/Gru1A_ESO3rF_page-0001-2.jpg 952w\" sizes=\"auto, (max-width: 562px) 100vw, 562px\" \/><\/a><\/p>\n","protected":false},"excerpt":{"rendered":"<p>El marc horari dels alumnes \u00e9s de dilluns a divendres de 8.00h a 14.35h,. A 1r d&#8217;ESO, 2n d&#8217;ESO i Batxillerats, els dos per\u00edodes d&#8217;esbarjo s\u00f3n de 10.20h a 10.40h i de 12.30h a 12.45h. A 3r i 4t d&#8217;ESO, els per\u00edodes d&#8217;esbarjo s\u00f3n de 9.50h a 10.10h i d&#8217;11.35 a 11.50h. Tot i que [&hellip;]<\/p>\n","protected":false},"author":1,"featured_media":0,"parent":19,"menu_order":80,"comment_status":"closed","ping_status":"closed","template":"page-templates\/side-menu.php","meta":{"_bbp_topic_count":0,"_bbp_reply_count":0,"_bbp_total_topic_count":0,"_bbp_total_reply_count":0,"_bbp_voice_count":0,"_bbp_anonymous_reply_count":0,"_bbp_topic_count_hidden":0,"_bbp_reply_count_hidden":0,"_bbp_forum_subforum_count":0,"site-sidebar-layout":"default","site-content-layout":"","ast-site-content-layout":"","site-content-style":"default","site-sidebar-style":"default","ast-global-header-display":"","ast-banner-title-visibility":"","ast-main-header-display":"","ast-hfb-above-header-display":"","ast-hfb-below-header-display":"","ast-hfb-mobile-header-display":"","site-post-title":"","ast-breadcrumbs-content":"","ast-featured-img":"","footer-sml-layout":"","theme-transparent-header-meta":"","adv-header-id-meta":"","stick-header-meta":"","header-above-stick-meta":"","header-main-stick-meta":"","header-below-stick-meta":"","astra-migrate-meta-layouts":"default","ast-page-background-enabled":"default","ast-page-background-meta":{"desktop":{"background-color":"var(--ast-global-color-5)","background-image":"","background-repeat":"repeat","background-position":"center center","background-size":"auto","background-attachment":"scroll","background-type":"","background-media":"","overlay-type":"","overlay-color":"","overlay-opacity":"","overlay-gradient":""},"tablet":{"background-color":"","background-image":"","background-repeat":"repeat","background-position":"center center","background-size":"auto","background-attachment":"scroll","background-type":"","background-media":"","overlay-type":"","overlay-color":"","overlay-opacity":"","overlay-gradient":""},"mobile":{"background-color":"","background-image":"","background-repeat":"repeat","background-position":"center center","background-size":"auto","background-attachment":"scroll","background-type":"","background-media":"","overlay-type":"","overlay-color":"","overlay-opacity":"","overlay-gradient":""}},"ast-content-background-meta":{"desktop":{"background-color":"var(--ast-global-color-4)","background-image":"","background-repeat":"repeat","background-position":"center center","background-size":"auto","background-attachment":"scroll","background-type":"","background-media":"","overlay-type":"","overlay-color":"","overlay-opacity":"","overlay-gradient":""},"tablet":{"background-color":"var(--ast-global-color-4)","background-image":"","background-repeat":"repeat","background-position":"center center","background-size":"auto","background-attachment":"scroll","background-type":"","background-media":"","overlay-type":"","overlay-color":"","overlay-opacity":"","overlay-gradient":""},"mobile":{"background-color":"var(--ast-global-color-4)","background-image":"","background-repeat":"repeat","background-position":"center center","background-size":"auto","background-attachment":"scroll","background-type":"","background-media":"","overlay-type":"","overlay-color":"","overlay-opacity":"","overlay-gradient":""}},"footnotes":""},"class_list":["post-55","page","type-page","status-publish","hentry"],"post_mailing_queue_ids":[],"_links":{"self":[{"href":"https:\/\/agora.xtec.cat\/insalba\/wp-json\/wp\/v2\/pages\/55","targetHints":{"allow":["GET"]}}],"collection":[{"href":"https:\/\/agora.xtec.cat\/insalba\/wp-json\/wp\/v2\/pages"}],"about":[{"href":"https:\/\/agora.xtec.cat\/insalba\/wp-json\/wp\/v2\/types\/page"}],"author":[{"embeddable":true,"href":"https:\/\/agora.xtec.cat\/insalba\/wp-json\/wp\/v2\/users\/1"}],"replies":[{"embeddable":true,"href":"https:\/\/agora.xtec.cat\/insalba\/wp-json\/wp\/v2\/comments?post=55"}],"version-history":[{"count":6,"href":"https:\/\/agora.xtec.cat\/insalba\/wp-json\/wp\/v2\/pages\/55\/revisions"}],"predecessor-version":[{"id":22364,"href":"https:\/\/agora.xtec.cat\/insalba\/wp-json\/wp\/v2\/pages\/55\/revisions\/22364"}],"up":[{"embeddable":true,"href":"https:\/\/agora.xtec.cat\/insalba\/wp-json\/wp\/v2\/pages\/19"}],"wp:attachment":[{"href":"https:\/\/agora.xtec.cat\/insalba\/wp-json\/wp\/v2\/media?parent=55"}],"curies":[{"name":"wp","href":"https:\/\/api.w.org\/{rel}","templated":true}]}}