{"id":49,"date":"2014-09-17T16:55:55","date_gmt":"2014-09-17T16:55:55","guid":{"rendered":"http:\/\/agora.xtec.cat\/iesalbadelvalles\/?page_id=49"},"modified":"2025-07-16T16:04:22","modified_gmt":"2025-07-16T14:04:22","slug":"normes-dorganitzacio-i-funcionament","status":"publish","type":"page","link":"https:\/\/agora.xtec.cat\/insalba\/linstitut\/normes-dorganitzacio-i-funcionament\/","title":{"rendered":"Normes i funcionament"},"content":{"rendered":"<p>&nbsp;<\/p>\n<p class=\"p1\"><span class=\"s1\"><b>ENTRADES I SORTIDES<\/b><\/span><\/p>\n<p><span style=\"font-weight: 400;\">A les 8.00 h sona el timbre indicant l\u2019inici de la classe.\u00a0<span class=\"s2\">S\u2019haur\u00e0 d\u2019entrar amb puntualitat a les classes.<\/span><\/span><\/p>\n<p><span style=\"font-weight: 400;\">Per facilitar l\u2019ambient de treball i minimitzar les interrupcions d\u2019aquells alumnes que arribin tard a classe sense justificaci\u00f3 admesa, la porta d\u2019acc\u00e9s al centre romandr\u00e0 tancada des de les 8:05 fins les 8:50h. Durant aquest per\u00edode, no es podr\u00e0 accedir al centre sense autoritzaci\u00f3 (per exemple, per assist\u00e8ncia m\u00e8dica).<\/span><\/p>\n<p><span class=\"s2\">Si un alumne no arriba puntual es notificar\u00e0 a la fam\u00edlia per a que sigui justificat adientment.<\/span><\/p>\n<p class=\"p1\"><span class=\"s2\">Cap alumne menor d\u2019edat pot sortir del centre dins l\u2019horari lectiu si no el v\u00e9nen a buscar els pares o una persona autoritzada per ells, excepci\u00f3 feta dels alumnes de batxillerat nom\u00e9s a l\u2019hora de l\u2019esbarjo i els que estan matriculats de mat\u00e8ries soltes si porten signada una autoritzaci\u00f3 dels pares.<\/span><\/p>\n<p class=\"p1\"><span class=\"s1\"><b>CLASSES<\/b><\/span><\/p>\n<p class=\"p3\"><span class=\"s2\">La puntualitat \u00e9s essencial per al bon funcionament de l\u2019activitat acad\u00e8mica.<\/span><\/p>\n<p class=\"p3\"><span class=\"s2\">Les entrades i sortides de les aules s\u2019han de fer amb ordre, sense carreres ni empentes i sense fer soroll.<\/span><\/p>\n<p class=\"p3\"><span class=\"s2\">No es pot sortir de l\u2019aula entre classe i classe sense perm\u00eds. <\/span><\/p>\n<p class=\"p3\"><span class=\"s2\">Caldr\u00e0 esperar l\u2019arribada del professorat dins l\u2019aula, amb la porta oberta i en disposici\u00f3 de comen\u00e7ar la classe.<\/span><\/p>\n<p class=\"p3\"><span class=\"s2\">En cas d\u2019abs\u00e8ncia d\u2019un professor: <\/span><\/p>\n<ul>\n<li class=\"li3\"><span class=\"s2\">els alumnes restaran dins de l\u2019aula amb la porta oberta fins que el professorat de gu\u00e0rdia els indiqui el que han de fer.<\/span><\/li>\n<li class=\"li3\"><span class=\"s2\">L\u2019alumnat de batxillerat podr\u00e0 anar a casa si els falta el professor\/a que ocupa la darrera hora del mat\u00ed, pr\u00e8via autoritzaci\u00f3 de la Direcci\u00f3.<\/span><\/li>\n<\/ul>\n<p><strong>\u00daS DE DISPOSITIUS M\u00d2BILS<\/strong><\/p>\n<p dir=\"ltr\">Dins del recinte de l\u2019institut Alba del Vall\u00e8s L\u2019ALUMNAT d\u2019ESO I BATXILLERAT\u00a0<strong>no podr\u00e0 usar ni fer visible el tel\u00e8fon m\u00f2bil o rellotge intel\u00b7ligent\u00a0<\/strong>durant tot l\u2019horari, inclosos els\u00a0 canvis de classe i el temps d\u2019esbarjo.<\/p>\n<p dir=\"ltr\">En cas que l\u2019alumne\/a porti el seu tel\u00e8fon m\u00f2bil o rellotge intel\u00b7ligent dins de l\u2019institut,\u00a0<strong>ha d\u2019estar apagat<\/strong>\u00a0(no es pot accedir a les dades personals que el dispositiu emmagatzema)\u00a0i <strong>romandre guardat a la motxilla.<\/strong> L\u2019alumnat no pot realitzar trucades des del seu tel\u00e8fon m\u00f2bil, ja que, en cas de necessitat, el centre facilita aquest servei de forma gratu\u00efta.<\/p>\n<p dir=\"ltr\">Es considera que els espais del centre com la biblioteca, el pati, els passadissos, els laboratoris, el gimn\u00e0s, les aules espec\u00edfiques, els tallers i an\u00e0legs, conformen el recinte de l\u2019institut i s\u00f3n espais on habitualment es duen a terme activitats lectives i, per tant, s&#8217;hi ha d&#8217;aplicar la mateixa normativa.<\/p>\n<p dir=\"ltr\"><strong>Aquesta indicaci\u00f3 es fa extensiva durant les sortides, viatges, activitats amb entitats de l\u2019entorn,\u00a0 i les activitats extraescolars i complement\u00e0ries en qu\u00e8 participin alumnes d&#8217;educaci\u00f3 secund\u00e0ria obligat\u00f2ria.<\/strong><\/p>\n<p dir=\"ltr\">El centre en cap cas es far\u00e0 responsable de la p\u00e8rdua, robatori o deteriorament d&#8217;aquests aparells; la responsabilitat \u00e9s de l&#8217;alumn@ propietari i de la fam\u00edlia que d\u00f3na el perm\u00eds per portar-lo.<\/p>\n<p>&nbsp;<\/p>\n","protected":false},"excerpt":{"rendered":"<p>&nbsp; ENTRADES I SORTIDES A les 8.00 h sona el timbre indicant l\u2019inici de la classe.\u00a0S\u2019haur\u00e0 d\u2019entrar amb puntualitat a les classes. Per facilitar l\u2019ambient de treball i minimitzar les interrupcions d\u2019aquells alumnes que arribin tard a classe sense justificaci\u00f3 admesa, la porta d\u2019acc\u00e9s al centre romandr\u00e0 tancada des de les 8:05 fins les 8:50h. [&hellip;]<\/p>\n","protected":false},"author":1,"featured_media":0,"parent":19,"menu_order":60,"comment_status":"closed","ping_status":"closed","template":"page-templates\/side-menu.php","meta":{"_bbp_topic_count":0,"_bbp_reply_count":0,"_bbp_total_topic_count":0,"_bbp_total_reply_count":0,"_bbp_voice_count":0,"_bbp_anonymous_reply_count":0,"_bbp_topic_count_hidden":0,"_bbp_reply_count_hidden":0,"_bbp_forum_subforum_count":0,"site-sidebar-layout":"default","site-content-layout":"","ast-site-content-layout":"","site-content-style":"default","site-sidebar-style":"default","ast-global-header-display":"","ast-banner-title-visibility":"","ast-main-header-display":"","ast-hfb-above-header-display":"","ast-hfb-below-header-display":"","ast-hfb-mobile-header-display":"","site-post-title":"","ast-breadcrumbs-content":"","ast-featured-img":"","footer-sml-layout":"","theme-transparent-header-meta":"","adv-header-id-meta":"","stick-header-meta":"","header-above-stick-meta":"","header-main-stick-meta":"","header-below-stick-meta":"","astra-migrate-meta-layouts":"default","ast-page-background-enabled":"default","ast-page-background-meta":{"desktop":{"background-color":"var(--ast-global-color-5)","background-image":"","background-repeat":"repeat","background-position":"center center","background-size":"auto","background-attachment":"scroll","background-type":"","background-media":"","overlay-type":"","overlay-color":"","overlay-opacity":"","overlay-gradient":""},"tablet":{"background-color":"","background-image":"","background-repeat":"repeat","background-position":"center center","background-size":"auto","background-attachment":"scroll","background-type":"","background-media":"","overlay-type":"","overlay-color":"","overlay-opacity":"","overlay-gradient":""},"mobile":{"background-color":"","background-image":"","background-repeat":"repeat","background-position":"center center","background-size":"auto","background-attachment":"scroll","background-type":"","background-media":"","overlay-type":"","overlay-color":"","overlay-opacity":"","overlay-gradient":""}},"ast-content-background-meta":{"desktop":{"background-color":"var(--ast-global-color-4)","background-image":"","background-repeat":"repeat","background-position":"center center","background-size":"auto","background-attachment":"scroll","background-type":"","background-media":"","overlay-type":"","overlay-color":"","overlay-opacity":"","overlay-gradient":""},"tablet":{"background-color":"var(--ast-global-color-4)","background-image":"","background-repeat":"repeat","background-position":"center center","background-size":"auto","background-attachment":"scroll","background-type":"","background-media":"","overlay-type":"","overlay-color":"","overlay-opacity":"","overlay-gradient":""},"mobile":{"background-color":"var(--ast-global-color-4)","background-image":"","background-repeat":"repeat","background-position":"center center","background-size":"auto","background-attachment":"scroll","background-type":"","background-media":"","overlay-type":"","overlay-color":"","overlay-opacity":"","overlay-gradient":""}},"footnotes":""},"class_list":["post-49","page","type-page","status-publish","hentry"],"post_mailing_queue_ids":[],"_links":{"self":[{"href":"https:\/\/agora.xtec.cat\/insalba\/wp-json\/wp\/v2\/pages\/49","targetHints":{"allow":["GET"]}}],"collection":[{"href":"https:\/\/agora.xtec.cat\/insalba\/wp-json\/wp\/v2\/pages"}],"about":[{"href":"https:\/\/agora.xtec.cat\/insalba\/wp-json\/wp\/v2\/types\/page"}],"author":[{"embeddable":true,"href":"https:\/\/agora.xtec.cat\/insalba\/wp-json\/wp\/v2\/users\/1"}],"replies":[{"embeddable":true,"href":"https:\/\/agora.xtec.cat\/insalba\/wp-json\/wp\/v2\/comments?post=49"}],"version-history":[{"count":4,"href":"https:\/\/agora.xtec.cat\/insalba\/wp-json\/wp\/v2\/pages\/49\/revisions"}],"predecessor-version":[{"id":22256,"href":"https:\/\/agora.xtec.cat\/insalba\/wp-json\/wp\/v2\/pages\/49\/revisions\/22256"}],"up":[{"embeddable":true,"href":"https:\/\/agora.xtec.cat\/insalba\/wp-json\/wp\/v2\/pages\/19"}],"wp:attachment":[{"href":"https:\/\/agora.xtec.cat\/insalba\/wp-json\/wp\/v2\/media?parent=49"}],"curies":[{"name":"wp","href":"https:\/\/api.w.org\/{rel}","templated":true}]}}