{"id":46,"date":"2014-09-17T16:53:45","date_gmt":"2014-09-17T16:53:45","guid":{"rendered":"http:\/\/agora.xtec.cat\/iesalbadelvalles\/?page_id=46"},"modified":"2026-03-04T22:23:30","modified_gmt":"2026-03-04T21:23:30","slug":"organigrama","status":"publish","type":"page","link":"https:\/\/agora.xtec.cat\/insalba\/linstitut\/organigrama\/","title":{"rendered":"Organigrama"},"content":{"rendered":"<p>Equip Directiu. B\u00fastia General:\u00a0<a href=\"mailto:a8047479@xtec.cat\">a8047479@xtec.cat<\/a><\/p>\n<table style=\"width: 700px;\">\n<tbody>\n<tr bgcolor=\"#3c7c81\">\n<td style=\"color: #ffffff;\"><strong>c\u00e0rrec<\/strong><\/td>\n<td style=\"color: #ffffff;\"><strong>Nom<\/strong><\/td>\n<td style=\"color: #ffffff;\"><strong>contacte<\/strong><\/td>\n<\/tr>\n<tr>\n<td style=\"width: 200px;\" bgcolor=\"#ff9e0d\">Directora<\/td>\n<td>N\u00faria Ventura<\/td>\n<td><a href=\"mailto:nventur3@insalba.cat\">nventur3@insalba.cat<\/a><\/td>\n<\/tr>\n<tr>\n<td style=\"width: 200px;\" bgcolor=\"#ff9e0d\">Cap d&#8217;Estudis<\/td>\n<td>Jorge Luengo<\/td>\n<td><a href=\"mailto:jluengo@insalba.cat\">jluengo@insalba.cat<\/a><\/td>\n<\/tr>\n<tr>\n<td style=\"width: 200px;\" bgcolor=\"#ff9e0d\">Coordinadora Pedag\u00f2gica<\/td>\n<td>Anna Iglesias<\/td>\n<td><a href=\"mailto:aiglesias@insalba.cat\">aiglesias@insalba.cat<\/a><\/td>\n<\/tr>\n<tr>\n<td style=\"width: 200px;\" bgcolor=\"#ff9e0d\">Secretari<\/td>\n<td>Lucas Salvador<\/td>\n<td><a href=\"mailto:lsalvador@insalba.cat\">lsalvador@insalba.cat<\/a><\/td>\n<\/tr>\n<\/tbody>\n<\/table>\n<p>Personal d&#8217;administraci\u00f3 i serveis. (Consergeria) <a href=\"mailto:consergeria@insalba.cat\">consergeria@insalba.cat<\/a><\/p>\n<p>Personal d&#8217;administraci\u00f3 i serveis (Secretaria) <a href=\"mailto:secretaria@insalba.cat\">secretaria@insalba.cat<\/a><\/p>\n<table style=\"width: 79.08111607142857%; height: 161px;\">\n<tbody>\n<tr style=\"height: 33px;\" bgcolor=\"#3c7c81\">\n<td style=\"color: #ffffff; height: 33px;\"><strong>c\u00e0rrec<\/strong><\/td>\n<td style=\"color: #ffffff; height: 33px;\"><strong>Nom<\/strong><\/td>\n<td style=\"color: #ffffff; height: 33px;\"><strong>contacte<\/strong><\/td>\n<\/tr>\n<tr style=\"height: 32px;\">\n<td style=\"width: 200px; height: 32px;\" bgcolor=\"#ff9e0d\">Consergeria<\/td>\n<td style=\"height: 32px;\">Xavi Ortiz<\/td>\n<td style=\"height: 32px;\"><a href=\"mailto:xortiz@insalba.cat\">xortiz@insalba.cat<\/a><\/td>\n<\/tr>\n<tr style=\"height: 32px;\">\n<td style=\"width: 200px; height: 32px;\" bgcolor=\"#ff9e0d\">Consergeria<\/td>\n<td style=\"height: 32px;\">Juan Antonio Sillero<\/td>\n<td style=\"height: 32px;\"><a href=\"mailto:jsillero@insalba.cat\">jsillero@insalba.cat<\/a><\/td>\n<\/tr>\n<tr style=\"height: 32px;\">\n<td style=\"width: 200px; height: 32px;\" bgcolor=\"#ff9e0d\">Administraci\u00f3<\/td>\n<td style=\"height: 32px;\">Conxi Collado<\/td>\n<td style=\"height: 32px;\"><a href=\"mailto:ccollado@insalba.cat\">ccollado@insalba.cat<\/a><\/td>\n<\/tr>\n<tr style=\"height: 32px;\">\n<td style=\"width: 200px; height: 32px;\" bgcolor=\"#ff9e0d\">Administraci\u00f3<\/td>\n<td style=\"height: 32px;\">Cristina Mateu<\/td>\n<td style=\"height: 32px;\"><a href=\"mailto:cmateu@insalba.cat\">cmateu@insalba.cat<\/a><\/td>\n<\/tr>\n<\/tbody>\n<\/table>\n<p>Caps de Departaments i Seminaris<\/p>\n<table style=\"width: 0%; height: 289px;\">\n<tbody>\n<tr style=\"height: 33px;\" bgcolor=\"#3c7c81\">\n<td style=\"color: #ffffff; width: 200px; height: 33px;\"><strong>Departaments<\/strong><\/td>\n<td style=\"color: #ffffff; width: 220.909px; height: 33px;\"><strong>Professors<\/strong><\/td>\n<td style=\"color: #ffffff; width: 270px; height: 33px;\"><strong>contacte<\/strong><\/td>\n<\/tr>\n<tr style=\"height: 32px;\">\n<td style=\"width: 200px; height: 32px;\" bgcolor=\"#ff9e0d\">Catal\u00e0 \/ Castell\u00e0<\/td>\n<td style=\"width: 220.909px; height: 32px;\">N\u00faria Gonz\u00e1lez<\/td>\n<td style=\"width: 270px; height: 32px;\"><a href=\"mailto:ngonzalez@insalba.cat\">ngonzalez@insalba.cat<\/a><\/td>\n<\/tr>\n<tr style=\"height: 32px;\">\n<td style=\"width: 200px; height: 32px;\" bgcolor=\"#ff9e0d\">Lleng\u00fces estrangeres<\/td>\n<td style=\"width: 220.909px; height: 32px;\">Ana Escuadra<\/td>\n<td style=\"width: 270px; height: 32px;\"><a href=\"mailto:aescuadra@insalba.cat\">aescuadra@insalba.cat<\/a><\/td>\n<\/tr>\n<tr style=\"height: 32px;\">\n<td style=\"width: 200px; height: 32px;\" bgcolor=\"#ff9e0d\">Ci\u00e8ncies Experimentals<\/td>\n<td style=\"width: 220.909px; height: 32px;\">Olalla Borruel<\/td>\n<td style=\"width: 270px; height: 32px;\"><a href=\"mailto:oborruel@insalba.cat\">oborruel@insalba.cat<\/a><\/td>\n<\/tr>\n<tr style=\"height: 32px;\">\n<td style=\"width: 200px; height: 32px;\" bgcolor=\"#ff9e0d\">Ci\u00e8ncies \u00a0Socials<\/td>\n<td style=\"width: 220.909px; height: 32px;\">Cristina P\u00e9rez<\/td>\n<td style=\"width: 270px; height: 32px;\"><a href=\"mailto:cperez@insalba.cat\">cperez@insalba.cat<\/a><\/td>\n<\/tr>\n<tr style=\"height: 32px;\">\n<td style=\"width: 200px; height: 32px;\" bgcolor=\"#ff9e0d\">Orientaci\u00f3<\/td>\n<td style=\"width: 220.909px; height: 32px;\">Albert Viyuela<\/td>\n<td style=\"width: 270px; height: 32px;\"><a href=\"mailto:aviyuela@insalba.cat\">aviyuela@insalba.cat<\/a><\/td>\n<\/tr>\n<tr style=\"height: 32px;\">\n<td style=\"width: 200px; height: 32px;\" bgcolor=\"#ff9e0d\">Matem\u00e0tiques<\/td>\n<td style=\"width: 220.909px; height: 32px;\">Sim\u00f3n Lillo<\/td>\n<td style=\"width: 270px; height: 32px;\"><a href=\"mailto:slillo@insalba.cat\">slillo@insalba.cat<\/a><\/td>\n<\/tr>\n<tr style=\"height: 32px;\">\n<td style=\"width: 200px; height: 32px;\" bgcolor=\"#ff9e0d\">Tecnologia<\/td>\n<td style=\"width: 220.909px; height: 32px;\">David Ballester<\/td>\n<td style=\"width: 270px; height: 32px;\"><a href=\"mailto:dballester@insalba.cat\">dballester@insalba.cat<\/a><\/td>\n<\/tr>\n<tr style=\"height: 32px;\">\n<td style=\"width: 200px; height: 32px;\" bgcolor=\"#ff9e0d\">Expressi\u00f3 i arts<\/td>\n<td style=\"width: 220.909px; height: 32px;\">Laura Gallardo<\/td>\n<td style=\"width: 270px; height: 32px;\"><a href=\"mailto:lgallardo@insalba.cat\">lgallard@insalba.cat<\/a><\/td>\n<\/tr>\n<\/tbody>\n<\/table>\n<p>Coordinacions<\/p>\n<table style=\"width: 94.2917%; height: 898px;\">\n<tbody>\n<tr style=\"height: 33px;\" bgcolor=\"#3c7c81\">\n<td style=\"color: #ffffff; height: 33px; width: 28.4091%;\"><strong>C\u00e0rrec<\/strong><\/td>\n<td style=\"color: #ffffff; height: 33px; width: 29.8295%;\"><strong>Professors<\/strong><\/td>\n<td style=\"color: #ffffff; height: 33px; width: 40.483%;\"><strong>contacte<\/strong><\/td>\n<\/tr>\n<tr style=\"height: 32px;\">\n<td style=\"width: 28.4091%; height: 32px;\" bgcolor=\"#ff9e0d\">Coordinaci\u00f3 1r d&#8217;ESO<\/td>\n<td style=\"height: 32px; width: 29.8295%;\">Laura de Ramon<\/td>\n<td style=\"height: 32px; width: 40.483%;\"><a href=\"mailto:lderamon@insalba.cat\">lderamon@insalba.cat<\/a><\/td>\n<\/tr>\n<tr style=\"height: 32px;\">\n<td style=\"width: 28.4091%; height: 32px;\" bgcolor=\"#ff9e0d\">Coordinaci\u00f3 2n d&#8217;ESO<\/td>\n<td style=\"height: 32px; width: 29.8295%;\">Adri\u00e0 Oliveras<\/td>\n<td style=\"height: 32px; width: 40.483%;\"><a href=\"mailto:aoliveras@insalba.cat\">aoliveras@insalba.cat<\/a><\/td>\n<\/tr>\n<tr style=\"height: 32px;\">\n<td style=\"width: 28.4091%; height: 32px;\" bgcolor=\"#ff9e0d\">Coordinaci\u00f3 3r \u00a0d&#8217;ESO<\/td>\n<td style=\"height: 32px; width: 29.8295%;\">Fran S\u00e1nchez<\/td>\n<td style=\"height: 32px; width: 40.483%;\"><a href=\"mailto:fsanchez@insalba.cat\">fsanchez@insalba.cat<\/a><\/td>\n<\/tr>\n<tr style=\"height: 32px;\">\n<td style=\"width: 28.4091%; height: 32px;\" bgcolor=\"#ff9e0d\">Coordinaci\u00f3 4t d&#8217;ESO<\/td>\n<td style=\"height: 32px; width: 29.8295%;\">Cristina L\u00f3pez<\/td>\n<td style=\"height: 32px; width: 40.483%;\"><a href=\"mailto:clopez@insalba.cat\">clopez@insalba.cat <\/a><\/td>\n<\/tr>\n<tr style=\"height: 32px;\">\n<td style=\"width: 28.4091%; height: 32px;\" bgcolor=\"#ff9e0d\">Coordinaci\u00f3 Batxillerat<\/td>\n<td style=\"height: 32px; width: 29.8295%;\">Jordi Gratac\u00f3s<\/td>\n<td style=\"height: 32px; width: 40.483%;\"><a href=\"mailto:jgratacos@insalba.cat\">jgratacos@insalba.cat<\/a><\/td>\n<\/tr>\n<tr style=\"height: 175px;\">\n<td style=\"width: 28.4091%; height: 175px;\" bgcolor=\"#ff9e0d\">Coordinaci\u00f3 Orientaci\u00f3<\/td>\n<td style=\"height: 175px; width: 29.8295%;\">Noelia Cano<\/p>\n<p>Albert Viyuela<\/p>\n<p>Mara Peris<\/p>\n<p>Bel\u00e9n Camposo<\/td>\n<td style=\"height: 175px; width: 40.483%;\"><a href=\"mailto:ncano@insalba.cat\">ncano@insalba.cat<\/a><\/p>\n<p><a href=\"mailto:aviyuela@insalba.cat\">aviyuela@insalba.cat<\/a><\/p>\n<p><a href=\"mailto:mperis@insalba.cat\">mperis@insalba.cat<\/a><\/p>\n<p><a href=\"mailto:bcamposo@insalba.cat\">bcamposo@insalba.cat<\/a><\/td>\n<\/tr>\n<tr style=\"height: 32px;\">\n<td style=\"width: 28.4091%; height: 44px;\" bgcolor=\"#ff9e0d\">Coordinadors Erasmus +<\/td>\n<td style=\"height: 44px; width: 29.8295%;\">Joan Palomeras<\/p>\n<p>Isabel Cruces<\/td>\n<td style=\"height: 44px; width: 40.483%;\"><a href=\"mailto:jpalomeras@insalba.cat\">jpalomeras@insalba.cat<\/a><\/p>\n<p><a href=\"mailto:icruces@insalba.cat\">icruces@insalba.cat<\/a><\/td>\n<\/tr>\n<tr style=\"height: 47px;\">\n<td style=\"width: 28.4091%; height: 30px;\" bgcolor=\"#ff9e0d\">Auxiliars Erasmus<\/td>\n<td style=\"height: 30px; width: 29.8295%;\">Laura Mestres<\/td>\n<td style=\"height: 30px; width: 40.483%;\"><a href=\"mailto:lmestres@insalba.cat\">lmestres@insalba.cat<\/a><\/td>\n<\/tr>\n<tr style=\"height: 32px;\">\n<td style=\"width: 28.4091%; height: 32px;\" bgcolor=\"#ff9e0d\">Coordinaci\u00f3 Inform\u00e0tica<\/td>\n<td style=\"height: 32px; width: 29.8295%;\">Pau P\u00e9rez<\/td>\n<td style=\"height: 32px; width: 40.483%;\"><a href=\"mailto:pperez@insalba.cat\">pperez@insalba.cat<\/a><\/td>\n<\/tr>\n<tr style=\"height: 32px;\">\n<td style=\"width: 28.4091%; height: 32px;\" bgcolor=\"#ff9e0d\">Auxiliar TAC<\/td>\n<td style=\"height: 32px; width: 29.8295%;\">Manel Torras<\/td>\n<td style=\"height: 32px; width: 40.483%;\"><a href=\"mailto:mtorras@insalba.cat\">mtorras@insalba.cat<\/a><\/td>\n<\/tr>\n<tr style=\"height: 32px;\">\n<td style=\"width: 28.4091%; height: 32px;\" bgcolor=\"#ff9e0d\">Coordinaci\u00f3 Riscos Laborals<\/td>\n<td style=\"height: 32px; width: 29.8295%;\">Maria Rosa Campuzano<\/td>\n<td style=\"height: 32px; width: 40.483%;\"><a href=\"mailto:dplans@insalba.cat\">mcampuzano@insalba.cat<\/a><\/td>\n<\/tr>\n<tr style=\"height: 47px;\">\n<td style=\"width: 28.4091%; height: 47px;\" bgcolor=\"#ff9e0d\">Coordinaci\u00f3 activitats intraescolars<\/td>\n<td style=\"height: 47px; width: 29.8295%;\">Laura Gallardo<\/td>\n<td style=\"height: 47px; width: 40.483%;\"><a href=\"mailto:lgallard@insalba.cat\">lgallard@insalba.cat<\/a><\/td>\n<\/tr>\n<tr style=\"height: 47px;\">\n<td style=\"width: 28.4091%; height: 47px;\" bgcolor=\"#ff9e0d\">Coordinaci\u00f3 activitats extraescolars<\/td>\n<td style=\"height: 47px; width: 29.8295%;\">Sim\u00f3n Lillo<\/td>\n<td style=\"height: 47px; width: 40.483%;\"><a href=\"mailto:slillo@insalba.cat\">slillo@insalba.cat<\/a><\/td>\n<\/tr>\n<tr style=\"height: 47px;\">\n<td style=\"width: 28.4091%; height: 47px;\" bgcolor=\"#ff9e0d\">Coordinadora de Conviv\u00e8ncia i Benestar Emocional de l&#8217;alumnat<\/td>\n<td style=\"height: 47px; width: 29.8295%;\">Noelia Cano<\/td>\n<td style=\"height: 47px; width: 40.483%;\"><a href=\"mailto:ncano@insalba.cat\">ncano@insalba.cat<\/a><\/td>\n<\/tr>\n<tr style=\"height: 47px;\">\n<td style=\"width: 28.4091%; height: 47px;\" bgcolor=\"#ff9e0d\">Coordinadora LIC<\/td>\n<td style=\"height: 47px; width: 29.8295%;\">N\u00faria Gonz\u00e1lez<\/td>\n<td style=\"height: 47px; width: 40.483%;\"><a href=\"mailto:ngonzalez@insalba.cat\"><span class=\"\">ngonzalez@insalba.cat<\/span><\/a><\/td>\n<\/tr>\n<tr style=\"height: 47px;\">\n<td style=\"width: 28.4091%; height: 46px;\" bgcolor=\"#ff9e0d\">Coordinador de Xarxes<\/td>\n<td style=\"height: 46px; width: 29.8295%;\">Jaume Rocabert<\/td>\n<td style=\"height: 46px; width: 40.483%;\"><a href=\"mailto:jrocabert@insalba.cat\">jrocabert@insalba.cat<\/a><\/td>\n<\/tr>\n<tr style=\"height: 32px;\">\n<td style=\"width: 28.4091%; height: 32px; background-color: #f59c27;\">Coordinadora web<\/td>\n<td style=\"width: 29.8295%; height: 32px;\">Isabel Cruces<\/td>\n<td style=\"width: 40.483%; height: 32px;\"><a href=\"mailto:icruces@insalba.cat\">icruces@insalba.cat<\/a><\/td>\n<\/tr>\n<tr style=\"height: 47px;\">\n<td style=\"width: 28.4091%; height: 47px;\" bgcolor=\"#ff9e0d\">Coordinador Aula Oberta<\/td>\n<td style=\"height: 47px; width: 29.8295%;\">Noelia Cano<\/td>\n<td style=\"height: 47px; width: 40.483%;\"><a href=\"mailto:ncano@insalba.cat\">ncano@insalba.cat<\/a><\/td>\n<\/tr>\n<tr style=\"height: 47px;\">\n<td style=\"width: 28.4091%; height: 47px;\" bgcolor=\"#ff9e0d\">Servei Comunitari<\/td>\n<td style=\"height: 47px; width: 29.8295%;\">Albert Viyuela<\/td>\n<td style=\"height: 47px; width: 40.483%;\"><a href=\"mailto:aviyuela@insalba.cat\">aviyuela@insalba.cat<\/a><\/td>\n<\/tr>\n<\/tbody>\n<\/table>\n<p>Tutories curs 2025-26<\/p>\n<table style=\"width: 82.5677%; height: 924px;\">\n<tbody>\n<tr style=\"height: 33px;\" bgcolor=\"#3c7c81\">\n<td style=\"color: #ffffff; width: 28.2577%; height: 33px;\"><strong>Grup<\/strong><\/td>\n<td style=\"color: #ffffff; width: 31.3324%; height: 33px;\"><strong>Professors<\/strong><\/td>\n<td style=\"color: #ffffff; width: 38.7994%; height: 33px;\"><strong>contacte<\/strong><\/td>\n<\/tr>\n<tr style=\"height: 33px;\">\n<td style=\"width: 28.2577%; height: 33px;\" bgcolor=\"#ff9e0d\">1r A d&#8217;ESO<\/td>\n<td style=\"width: 31.3324%; height: 33px;\">Mara Peris<\/td>\n<td style=\"width: 38.7994%; height: 33px;\"><a href=\"mailto:mperis@insalba.cat\">mperis@insalba.cat<\/a><\/td>\n<\/tr>\n<tr style=\"height: 33px;\">\n<td style=\"width: 28.2577%; height: 33px;\" bgcolor=\"#ff9e0d\">1r B d&#8217;ESO<\/td>\n<td style=\"width: 31.3324%; height: 33px;\">Joan Palomeras<\/td>\n<td style=\"width: 38.7994%; height: 33px;\"><a href=\"mailto:jpalomeras@insalba.cat\">jpalomeras@insalba.cat<\/a><\/td>\n<\/tr>\n<tr style=\"height: 33px;\">\n<td style=\"width: 28.2577%; height: 33px;\" bgcolor=\"#ff9e0d\">1r C d&#8217;ESO<\/td>\n<td style=\"width: 31.3324%; height: 33px;\">Juan Ignacio Comas<\/td>\n<td style=\"width: 38.7994%; height: 33px;\"><a href=\"mailto:jcomas@insalba.cat\">jcomas@insalba.cat<\/a><\/td>\n<\/tr>\n<tr style=\"height: 33px;\">\n<td style=\"width: 28.2577%; height: 33px;\" bgcolor=\"#ff9e0d\">1r D d&#8217;ESO<\/td>\n<td style=\"width: 31.3324%; height: 33px;\">Sara Oll\u00e9<\/td>\n<td style=\"width: 38.7994%; height: 33px;\"><a href=\"mailto:solle@insalba.cat\">solle@insalba.cat<\/a><\/td>\n<\/tr>\n<tr style=\"height: 33px;\">\n<td style=\"width: 28.2577%; height: 33px;\" bgcolor=\"#ff9e0d\">1r E d&#8217;ESO<\/td>\n<td style=\"width: 31.3324%; height: 33px;\">Bego\u00f1a Calvo<\/td>\n<td style=\"width: 38.7994%; height: 33px;\"><a href=\"mailto:bcalvo@insalba.cat\">bcalvo@insalba.cat<\/a><\/td>\n<\/tr>\n<tr style=\"height: 33px;\">\n<td style=\"width: 28.2577%; height: 33px;\" bgcolor=\"#ffcc80\">2n A d&#8217;ESO<\/td>\n<td style=\"width: 31.3324%; height: 33px;\">Marta Amat<\/td>\n<td style=\"width: 38.7994%; height: 33px;\"><a href=\"mailto:mamat@insalba.cat\">mamat@insalba.cat<\/a><\/td>\n<\/tr>\n<tr style=\"height: 33px;\">\n<td style=\"width: 28.2577%; height: 33px;\" bgcolor=\"#ffcc80\">2n B d&#8217;ESO<\/td>\n<td style=\"width: 31.3324%; height: 33px;\">Margarita Rodr\u00edguez<\/td>\n<td style=\"width: 38.7994%; height: 33px;\"><a href=\"mailto:mrodriguez@insalba.cat\">mrodriguez@insalba.cat<\/a><\/td>\n<\/tr>\n<tr style=\"height: 33px;\">\n<td style=\"width: 28.2577%; height: 33px;\" bgcolor=\"#ffcc80\">2n C d&#8217;ESO<\/td>\n<td style=\"width: 31.3324%; height: 33px;\">Cristina Canudas<\/td>\n<td style=\"width: 38.7994%; height: 33px;\"><a href=\"mailto:ccanudas@insalba.cat\">ccanudas@insalba.cat<\/a><\/td>\n<\/tr>\n<tr style=\"height: 33px;\">\n<td style=\"width: 28.2577%; height: 33px;\" bgcolor=\"#ffcc80\">2n D d&#8217;ESO<\/td>\n<td style=\"width: 31.3324%; height: 33px;\">Virginia Alonso<\/td>\n<td style=\"width: 38.7994%; height: 33px;\"><a href=\"valonso@insalba.cat\">valonso@insalba.cat<\/a><\/td>\n<\/tr>\n<tr style=\"height: 33px;\">\n<td style=\"width: 28.2577%; height: 33px;\" bgcolor=\"#ffcc80\">2n E d&#8217;ESO<\/td>\n<td style=\"width: 31.3324%; height: 33px;\">Bel\u00e9n Camposo<\/td>\n<td style=\"width: 38.7994%; height: 33px;\"><a href=\"mailto:bcamposo@insalba.cat\">bcamposo@insalba.cat<\/a><\/td>\n<\/tr>\n<tr style=\"height: 33px;\">\n<td style=\"width: 28.2577%; height: 33px;\" bgcolor=\"#ff9e0d\">3r A d&#8217;ESO<\/td>\n<td style=\"width: 31.3324%; height: 33px;\">Daniel de las Morenas<\/td>\n<td style=\"width: 38.7994%; height: 33px;\"><a href=\"mailto:ddelasmorenas@insalba.cat\" target=\"_blank\" rel=\"noopener\">ddelasmorenas@insalba.cat<\/a><\/td>\n<\/tr>\n<tr style=\"height: 33px;\">\n<td style=\"width: 28.2577%; height: 33px;\" bgcolor=\"#ff9e0d\">3r B d&#8217;ESO<\/td>\n<td style=\"width: 31.3324%; height: 33px;\">Manel Torras<\/td>\n<td style=\"width: 38.7994%; height: 33px;\"><a href=\"mailto:mtorras@insalba.cat\">mtorras@insalba.cat<\/a><\/td>\n<\/tr>\n<tr style=\"height: 33px;\">\n<td style=\"width: 28.2577%; height: 33px;\" bgcolor=\"#ff9e0d\">3r C d&#8217;ESO<\/td>\n<td style=\"width: 31.3324%; height: 33px;\">Patr\u00edcia Gonz\u00e1lez<\/td>\n<td style=\"width: 38.7994%; height: 33px;\"><a href=\"mailto:pgonzalez@insalba.cat\">pgonzalez@insalba.cat<\/a><\/td>\n<\/tr>\n<tr style=\"height: 33px;\">\n<td style=\"width: 28.2577%; height: 33px;\" bgcolor=\"#ff9e0d\">3r D d&#8217;ESO<\/td>\n<td style=\"width: 31.3324%; height: 33px;\">Sonia Pav\u00f3n<\/td>\n<td style=\"width: 38.7994%; height: 33px;\"><a href=\"mailto:spavon@insalba.cat\">spavon@insalba.cat<\/a><\/td>\n<\/tr>\n<tr style=\"height: 33px;\">\n<td style=\"width: 28.2577%; height: 33px;\" bgcolor=\"#ff9e0d\">3r E d&#8217;ESO<\/td>\n<td style=\"width: 31.3324%; height: 33px;\">Araceli Barroso<\/td>\n<td style=\"width: 38.7994%; height: 33px;\"><a href=\"mailto:abarroso@insalba.cat\">abarroso@insalba.cat<\/a><\/td>\n<\/tr>\n<tr style=\"height: 33px;\">\n<td style=\"width: 28.2577%; height: 33px;\" bgcolor=\"#ff9e0d\">3r F d&#8217;ESO<\/td>\n<td style=\"width: 31.3324%; height: 33px;\">Maria Mu\u00f1oz<\/td>\n<td style=\"width: 38.7994%; height: 33px;\"><a href=\"mailto:mmunoz@insalba.cat\">mmunoz@insalba.cat<\/a><\/td>\n<\/tr>\n<tr style=\"height: 33px;\">\n<td style=\"width: 28.2577%; height: 33px;\" bgcolor=\"#ffcc80\">4t A d&#8217;ESO<\/td>\n<td style=\"width: 31.3324%; height: 33px;\">Enric Grande<\/td>\n<td style=\"width: 38.7994%; height: 33px;\"><a href=\"mailto:egrande@insalba.cat\">egrande@insalba.cat<\/a><\/td>\n<\/tr>\n<tr style=\"height: 33px;\">\n<td style=\"width: 28.2577%; height: 33px;\" bgcolor=\"#ffcc80\">4t B d&#8217;ESO<\/td>\n<td style=\"width: 31.3324%; height: 33px;\">Martina Pujal<\/td>\n<td style=\"width: 38.7994%; height: 33px;\"><a href=\"mailto:mpujal@insalba.cat\">mpujal@insalba.cat<\/a><\/td>\n<\/tr>\n<tr style=\"height: 33px;\">\n<td style=\"width: 28.2577%; height: 33px;\" bgcolor=\"#ffcc80\">4t C d&#8217;ESO<\/td>\n<td style=\"width: 31.3324%; height: 33px;\">Noelia Cano<\/td>\n<td style=\"width: 38.7994%; height: 33px;\"><a href=\"mailto:ncano@insalba.cat\">ncano@insalba.cat<\/a><\/td>\n<\/tr>\n<tr style=\"height: 33px;\">\n<td style=\"width: 28.2577%; height: 33px;\" bgcolor=\"#ffcc80\">4t D d&#8217;ESO<\/td>\n<td style=\"width: 31.3324%; height: 33px;\">Conchi Pe\u00f1afiel<\/td>\n<td style=\"width: 38.7994%; height: 33px;\"><a href=\"mailto:cpenafiel@insalba.cat\">cpenafiel@insalba.cat<\/a><\/td>\n<\/tr>\n<tr style=\"height: 33px;\">\n<td style=\"width: 28.2577%; height: 33px;\" bgcolor=\"#ffcc80\">4t E d&#8217;ESO<\/td>\n<td style=\"width: 31.3324%; height: 33px;\">S\u00f2nia Ull\u00e9s<\/td>\n<td style=\"width: 38.7994%; height: 33px;\"><a href=\"mailto:sulles@insalba.cat\">sulles@insalba.cat<\/a><\/td>\n<\/tr>\n<tr style=\"height: 33px;\">\n<td style=\"width: 28.2577%; height: 33px;\" bgcolor=\"#ffcc80\">4t F d&#8217;ESO<\/td>\n<td style=\"width: 31.3324%; height: 33px;\">\u00c0lex Cebri\u00e1n<\/td>\n<td style=\"width: 38.7994%; height: 33px;\"><a href=\"mailto:acebrian@insalba.cat\">acebrian@insalba.cat<\/a><\/td>\n<\/tr>\n<tr style=\"height: 33px;\">\n<td style=\"width: 28.2577%; height: 33px;\" bgcolor=\"#ff9e0d\">1r A BTX<\/td>\n<td style=\"width: 31.3324%; height: 33px;\">Marina Cueto<\/td>\n<td style=\"width: 38.7994%; height: 33px;\"><a href=\"mailto:mcueto@insalba.cat\">mcueto@insalba.cat<\/a><\/td>\n<\/tr>\n<tr style=\"height: 33px;\">\n<td style=\"width: 28.2577%; height: 33px;\" bgcolor=\"#ff9e0d\">1r B BTX<\/td>\n<td style=\"width: 31.3324%; height: 33px;\">Laura Mestres<\/td>\n<td style=\"width: 38.7994%; height: 33px;\"><a href=\"mailto:lmestres@insalba.cat\">lmestres@insalba.cat<\/a><\/td>\n<\/tr>\n<tr style=\"height: 33px;\">\n<td style=\"width: 28.2577%; height: 33px;\" bgcolor=\"#ff9e0d\">2n A BTX<\/td>\n<td style=\"width: 31.3324%; height: 33px;\">Paula Fern\u00e1ndez<\/td>\n<td style=\"width: 38.7994%; height: 33px;\"><a href=\"mailto:pfernandez@insalba.cat\">pfernandez@insalba.cat<\/a><\/td>\n<\/tr>\n<tr style=\"height: 33px;\">\n<td style=\"width: 28.2577%; height: 33px;\" bgcolor=\"#ff9e0d\">2n B BTX<\/td>\n<td style=\"width: 31.3324%; height: 33px;\">Grisel Rovira<\/td>\n<td style=\"width: 38.7994%; height: 33px;\"><a href=\"mailto:grovira@insalba.cat\">grovira@insalba.cat<\/a><\/td>\n<\/tr>\n<tr style=\"height: 33px;\">\n<td style=\"width: 28.2577%; height: 33px;\" bgcolor=\"#ff9e0d\">2n B BTX<\/td>\n<td style=\"width: 31.3324%; height: 33px;\">Maribel Redondo<\/td>\n<td style=\"width: 38.7994%; height: 33px;\"><a href=\"mailto:mredondo@insalba.cat\">mredondo@insalba.cat<\/a><\/td>\n<\/tr>\n<\/tbody>\n<\/table>\n<p>&nbsp;<\/p>\n<p>&nbsp;<\/p>\n","protected":false},"excerpt":{"rendered":"<p>Equip Directiu. B\u00fastia General:\u00a0a8047479@xtec.cat c\u00e0rrec Nom contacte Directora N\u00faria Ventura nventur3@insalba.cat Cap d&#8217;Estudis Jorge Luengo jluengo@insalba.cat Coordinadora Pedag\u00f2gica Anna Iglesias aiglesias@insalba.cat Secretari Lucas Salvador lsalvador@insalba.cat Personal d&#8217;administraci\u00f3 i serveis. (Consergeria) consergeria@insalba.cat Personal d&#8217;administraci\u00f3 i serveis (Secretaria) secretaria@insalba.cat c\u00e0rrec Nom contacte Consergeria Xavi Ortiz xortiz@insalba.cat Consergeria Juan Antonio Sillero jsillero@insalba.cat Administraci\u00f3 Conxi Collado ccollado@insalba.cat Administraci\u00f3 Cristina [&hellip;]<\/p>\n","protected":false},"author":1,"featured_media":0,"parent":19,"menu_order":50,"comment_status":"closed","ping_status":"closed","template":"","meta":{"_bbp_topic_count":0,"_bbp_reply_count":0,"_bbp_total_topic_count":0,"_bbp_total_reply_count":0,"_bbp_voice_count":0,"_bbp_anonymous_reply_count":0,"_bbp_topic_count_hidden":0,"_bbp_reply_count_hidden":0,"_bbp_forum_subforum_count":0,"site-sidebar-layout":"default","site-content-layout":"","ast-site-content-layout":"default","site-content-style":"default","site-sidebar-style":"default","ast-global-header-display":"","ast-banner-title-visibility":"","ast-main-header-display":"","ast-hfb-above-header-display":"","ast-hfb-below-header-display":"","ast-hfb-mobile-header-display":"","site-post-title":"","ast-breadcrumbs-content":"","ast-featured-img":"","footer-sml-layout":"","theme-transparent-header-meta":"default","adv-header-id-meta":"","stick-header-meta":"","header-above-stick-meta":"","header-main-stick-meta":"","header-below-stick-meta":"","astra-migrate-meta-layouts":"set","ast-page-background-enabled":"default","ast-page-background-meta":{"desktop":{"background-color":"var(--ast-global-color-5)","background-image":"","background-repeat":"repeat","background-position":"center center","background-size":"auto","background-attachment":"scroll","background-type":"","background-media":"","overlay-type":"","overlay-color":"","overlay-opacity":"","overlay-gradient":""},"tablet":{"background-color":"","background-image":"","background-repeat":"repeat","background-position":"center center","background-size":"auto","background-attachment":"scroll","background-type":"","background-media":"","overlay-type":"","overlay-color":"","overlay-opacity":"","overlay-gradient":""},"mobile":{"background-color":"","background-image":"","background-repeat":"repeat","background-position":"center center","background-size":"auto","background-attachment":"scroll","background-type":"","background-media":"","overlay-type":"","overlay-color":"","overlay-opacity":"","overlay-gradient":""}},"ast-content-background-meta":{"desktop":{"background-color":"var(--ast-global-color-4)","background-image":"","background-repeat":"repeat","background-position":"center center","background-size":"auto","background-attachment":"scroll","background-type":"","background-media":"","overlay-type":"","overlay-color":"","overlay-opacity":"","overlay-gradient":""},"tablet":{"background-color":"var(--ast-global-color-4)","background-image":"","background-repeat":"repeat","background-position":"center center","background-size":"auto","background-attachment":"scroll","background-type":"","background-media":"","overlay-type":"","overlay-color":"","overlay-opacity":"","overlay-gradient":""},"mobile":{"background-color":"var(--ast-global-color-4)","background-image":"","background-repeat":"repeat","background-position":"center center","background-size":"auto","background-attachment":"scroll","background-type":"","background-media":"","overlay-type":"","overlay-color":"","overlay-opacity":"","overlay-gradient":""}},"footnotes":""},"class_list":["post-46","page","type-page","status-publish","hentry"],"post_mailing_queue_ids":[],"_links":{"self":[{"href":"https:\/\/agora.xtec.cat\/insalba\/wp-json\/wp\/v2\/pages\/46","targetHints":{"allow":["GET"]}}],"collection":[{"href":"https:\/\/agora.xtec.cat\/insalba\/wp-json\/wp\/v2\/pages"}],"about":[{"href":"https:\/\/agora.xtec.cat\/insalba\/wp-json\/wp\/v2\/types\/page"}],"author":[{"embeddable":true,"href":"https:\/\/agora.xtec.cat\/insalba\/wp-json\/wp\/v2\/users\/1"}],"replies":[{"embeddable":true,"href":"https:\/\/agora.xtec.cat\/insalba\/wp-json\/wp\/v2\/comments?post=46"}],"version-history":[{"count":7,"href":"https:\/\/agora.xtec.cat\/insalba\/wp-json\/wp\/v2\/pages\/46\/revisions"}],"predecessor-version":[{"id":22721,"href":"https:\/\/agora.xtec.cat\/insalba\/wp-json\/wp\/v2\/pages\/46\/revisions\/22721"}],"up":[{"embeddable":true,"href":"https:\/\/agora.xtec.cat\/insalba\/wp-json\/wp\/v2\/pages\/19"}],"wp:attachment":[{"href":"https:\/\/agora.xtec.cat\/insalba\/wp-json\/wp\/v2\/media?parent=46"}],"curies":[{"name":"wp","href":"https:\/\/api.w.org\/{rel}","templated":true}]}}