{"id":22464,"date":"2025-10-22T08:54:49","date_gmt":"2025-10-22T06:54:49","guid":{"rendered":"https:\/\/agora.xtec.cat\/insalba\/?page_id=22464"},"modified":"2025-10-22T11:56:25","modified_gmt":"2025-10-22T09:56:25","slug":"etwinning","status":"publish","type":"page","link":"https:\/\/agora.xtec.cat\/insalba\/etwinning\/","title":{"rendered":"eTwinning"},"content":{"rendered":"<p>El projecte eTwinning ens permet treballar amb escoles d\u2019arreu d\u2019Europa sense sortir de les nostres aules. L\u2019eTwinning ajuda els nostres alumnes a explorar el m\u00f3n junts, oferint recursos i noves oportunitats d\u2019aprenentatge a la vegada que augmenta la seva motivaci\u00f3 i promou el treball col\u00b7laboratiu.<\/p>\n<p>Aquests s\u00f3n alguns dels projectes eTwinning que hem dut a terme a l&#8217;INS Alba del Vall\u00e8s:<\/p>\n<div class=\"CjVfdc CJIdie\"><span style=\"text-decoration: underline;\"><strong>Growing together: educating teenagers about autism and diversity in an inclusive classroom (1ESO)<\/strong><\/span><\/div>\n<div>\n<p data-start=\"0\" data-end=\"280\">Aquest projecte vol connectar escoles entre elles mitjan\u00e7ant el fet de compartir el que fan les classes per tal d\u2019augmentar la consci\u00e8ncia sobre la diversitat a les escoles i, en concret, sobre l\u2019autisme. Ens agradaria canviar aix\u00f2 a trav\u00e9s del nostre projecte <em><strong>Growing together<\/strong><\/em>.<\/p>\n<p data-start=\"282\" data-end=\"455\" data-is-last-node=\"\" data-is-only-node=\"\">Al llarg d\u2019aquest projecte, totes les escoles participants animaran l\u2019alumnat a prendre part en diferents activitats durant el curs i a compartir-les amb la resta d\u2019escoles.<\/p>\n<div class=\"CjVfdc CJIdie\"><span style=\"text-decoration: underline;\"><strong>Read me a book (2ESO)<\/strong><\/span><\/div>\n<div>\n<article class=\"text-token-text-primary w-full focus:outline-none [--shadow-height:45px] has-data-writing-block:pointer-events-none has-data-writing-block:-mt-(--shadow-height) has-data-writing-block:pt-(--shadow-height) [&amp;:has([data-writing-block])&gt;*]:pointer-events-auto scroll-mt-[calc(var(--header-height)+min(200px,max(70px,20svh)))]\" dir=\"auto\" tabindex=\"-1\" data-turn-id=\"f1126a18-31d6-4fcb-9934-59e352aa8dad\" data-testid=\"conversation-turn-4\" data-scroll-anchor=\"true\" data-turn=\"assistant\">\n<div class=\"text-base my-auto mx-auto pb-10 [--thread-content-margin:--spacing(4)] thread-sm:[--thread-content-margin:--spacing(6)] thread-lg:[--thread-content-margin:--spacing(16)] px-(--thread-content-margin)\">\n<div class=\"[--thread-content-max-width:40rem] thread-lg:[--thread-content-max-width:48rem] mx-auto max-w-(--thread-content-max-width) flex-1 group\/turn-messages focus-visible:outline-hidden relative flex w-full min-w-0 flex-col agent-turn\" tabindex=\"-1\">\n<div class=\"flex max-w-full flex-col grow\">\n<div class=\"min-h-8 text-message relative flex w-full flex-col items-end gap-2 text-start break-words whitespace-normal [.text-message+&amp;]:mt-1\" dir=\"auto\" data-message-author-role=\"assistant\" data-message-id=\"8b5548ee-6de1-40fa-9ad1-5762352a332e\" data-message-model-slug=\"gpt-5-mini\">\n<div class=\"flex w-full flex-col gap-1 empty:hidden first:pt-[1px]\">\n<div class=\"markdown prose dark:prose-invert w-full break-words light markdown-new-styling\">\n<p data-start=\"103\" data-end=\"273\">Amb aquest projecte, ens agradaria fomentar l\u2019amor per la lectura i desenvolupar la creativitat i les habilitats de pensament cr\u00edtic quan es parla de llibres en angl\u00e8s.<\/p>\n<p data-start=\"275\" data-end=\"499\">L\u2019objectiu \u00e9s llegir tres llibres durant la durada del projecte i comentar-los\/presentar-los utilitzant les xarxes socials, treball creatiu (cartells, dramatitzacions, etc.) i diverses eines en l\u00ednia (Padlet, Canva, etc.).<\/p>\n<p data-start=\"501\" data-end=\"690\">L\u2019alumnat compartir\u00e0 les seves idees, reflexions i debatran sobre problemes o personatges d\u2019alguns llibres amb els seus companys d\u2019altres pa\u00efsos fent servir l\u2019angl\u00e8s com a llengua franca.<\/p>\n<p data-start=\"692\" data-end=\"856\">Treballaran per desenvolupar les seves compet\u00e8ncies comunicatives, aix\u00ed com les habilitats de lectura, expressi\u00f3 oral, escriptura i comprensi\u00f3 auditiva en angl\u00e8s.<\/p>\n<p data-start=\"858\" data-end=\"1089\" data-is-last-node=\"\" data-is-only-node=\"\">A m\u00e9s, tindran l\u2019oportunitat de compartir les seves idees amb alumnes de diferents pa\u00efsos i con\u00e8ixer la seva literatura i tradicions. Tamb\u00e9 tindran l\u2019oportunitat d\u2019intercanviar opinions i fer-se \u201camics de lectura\u201d per tota la vida.<\/p>\n<\/div>\n<\/div>\n<\/div>\n<\/div>\n<div class=\"z-0 flex min-h-[46px] justify-start\"><span style=\"text-decoration: underline;\"><strong>Sustainable horizons: Erasmus+ for Global Goals and Cultural Exchange (Batxillerat)<\/strong><\/span><\/div>\n<div>\n<p data-start=\"42\" data-end=\"257\">Col\u00b7laboraci\u00f3 entre Espanya, Su\u00e8cia i Xipre en un projecte centrat en els objectius globals. Estudiants dels tres pa\u00efsos participaran en aquest projecte, que tindr\u00e0 la seva primera reuni\u00f3 a Su\u00e8cia al mar\u00e7 de 2024.<\/p>\n<p data-start=\"259\" data-end=\"799\">Els estudiants investigaran sobre els objectius globals que tri\u00efn i exploraran els aspectes socials, econ\u00f2mics i de sostenibilitat relacionats amb l\u2019objectiu. Posteriorment, establiran comparacions entre els seus pa\u00efsos. El projecte t\u00e9 com a objectiu desenvolupar les habilitats dels estudiants en la recerca, la col\u00b7laboraci\u00f3, la presentaci\u00f3 de resultats i aconseguir una comprensi\u00f3 m\u00e9s completa dels objectius de sostenibilitat, alhora que adquireixen coneixements sobre les difer\u00e8ncies culturals i les pr\u00e0ctiques dels pa\u00efsos implicats.<\/p>\n<\/div>\n<div class=\"mt-3 w-full empty:hidden\">\n<div class=\"text-center\"><\/div>\n<\/div>\n<\/div>\n<\/div>\n<\/article>\n<div class=\"pointer-events-none h-px w-px\" aria-hidden=\"true\" data-edge=\"true\"><\/div>\n<\/div>\n<\/div>\n","protected":false},"excerpt":{"rendered":"<p>El projecte eTwinning ens permet treballar amb escoles d\u2019arreu d\u2019Europa sense sortir de les nostres aules. L\u2019eTwinning ajuda els nostres alumnes a explorar el m\u00f3n junts, oferint recursos i noves oportunitats d\u2019aprenentatge a la vegada que augmenta la seva motivaci\u00f3 i promou el treball col\u00b7laboratiu. Aquests s\u00f3n alguns dels projectes eTwinning que hem dut a [&hellip;]<\/p>\n","protected":false},"author":1,"featured_media":0,"parent":0,"menu_order":0,"comment_status":"closed","ping_status":"closed","template":"","meta":{"_bbp_topic_count":0,"_bbp_reply_count":0,"_bbp_total_topic_count":0,"_bbp_total_reply_count":0,"_bbp_voice_count":0,"_bbp_anonymous_reply_count":0,"_bbp_topic_count_hidden":0,"_bbp_reply_count_hidden":0,"_bbp_forum_subforum_count":0,"site-sidebar-layout":"default","site-content-layout":"","ast-site-content-layout":"default","site-content-style":"default","site-sidebar-style":"default","ast-global-header-display":"","ast-banner-title-visibility":"","ast-main-header-display":"","ast-hfb-above-header-display":"","ast-hfb-below-header-display":"","ast-hfb-mobile-header-display":"","site-post-title":"","ast-breadcrumbs-content":"","ast-featured-img":"","footer-sml-layout":"","theme-transparent-header-meta":"default","adv-header-id-meta":"","stick-header-meta":"","header-above-stick-meta":"","header-main-stick-meta":"","header-below-stick-meta":"","astra-migrate-meta-layouts":"set","ast-page-background-enabled":"default","ast-page-background-meta":{"desktop":{"background-color":"var(--ast-global-color-5)","background-image":"","background-repeat":"repeat","background-position":"center center","background-size":"auto","background-attachment":"scroll","background-type":"","background-media":"","overlay-type":"","overlay-color":"","overlay-opacity":"","overlay-gradient":""},"tablet":{"background-color":"","background-image":"","background-repeat":"repeat","background-position":"center center","background-size":"auto","background-attachment":"scroll","background-type":"","background-media":"","overlay-type":"","overlay-color":"","overlay-opacity":"","overlay-gradient":""},"mobile":{"background-color":"","background-image":"","background-repeat":"repeat","background-position":"center center","background-size":"auto","background-attachment":"scroll","background-type":"","background-media":"","overlay-type":"","overlay-color":"","overlay-opacity":"","overlay-gradient":""}},"ast-content-background-meta":{"desktop":{"background-color":"var(--ast-global-color-4)","background-image":"","background-repeat":"repeat","background-position":"center center","background-size":"auto","background-attachment":"scroll","background-type":"","background-media":"","overlay-type":"","overlay-color":"","overlay-opacity":"","overlay-gradient":""},"tablet":{"background-color":"var(--ast-global-color-4)","background-image":"","background-repeat":"repeat","background-position":"center center","background-size":"auto","background-attachment":"scroll","background-type":"","background-media":"","overlay-type":"","overlay-color":"","overlay-opacity":"","overlay-gradient":""},"mobile":{"background-color":"var(--ast-global-color-4)","background-image":"","background-repeat":"repeat","background-position":"center center","background-size":"auto","background-attachment":"scroll","background-type":"","background-media":"","overlay-type":"","overlay-color":"","overlay-opacity":"","overlay-gradient":""}},"footnotes":""},"class_list":["post-22464","page","type-page","status-publish","hentry"],"post_mailing_queue_ids":[],"_links":{"self":[{"href":"https:\/\/agora.xtec.cat\/insalba\/wp-json\/wp\/v2\/pages\/22464","targetHints":{"allow":["GET"]}}],"collection":[{"href":"https:\/\/agora.xtec.cat\/insalba\/wp-json\/wp\/v2\/pages"}],"about":[{"href":"https:\/\/agora.xtec.cat\/insalba\/wp-json\/wp\/v2\/types\/page"}],"author":[{"embeddable":true,"href":"https:\/\/agora.xtec.cat\/insalba\/wp-json\/wp\/v2\/users\/1"}],"replies":[{"embeddable":true,"href":"https:\/\/agora.xtec.cat\/insalba\/wp-json\/wp\/v2\/comments?post=22464"}],"version-history":[{"count":3,"href":"https:\/\/agora.xtec.cat\/insalba\/wp-json\/wp\/v2\/pages\/22464\/revisions"}],"predecessor-version":[{"id":22474,"href":"https:\/\/agora.xtec.cat\/insalba\/wp-json\/wp\/v2\/pages\/22464\/revisions\/22474"}],"wp:attachment":[{"href":"https:\/\/agora.xtec.cat\/insalba\/wp-json\/wp\/v2\/media?parent=22464"}],"curies":[{"name":"wp","href":"https:\/\/api.w.org\/{rel}","templated":true}]}}