{"id":21088,"date":"2024-01-23T22:09:40","date_gmt":"2024-01-23T21:09:40","guid":{"rendered":"https:\/\/agora.xtec.cat\/insalba\/?page_id=21088"},"modified":"2025-03-17T10:17:39","modified_gmt":"2025-03-17T09:17:39","slug":"jornada-de-portes-obertes-2","status":"publish","type":"page","link":"https:\/\/agora.xtec.cat\/insalba\/jornada-de-portes-obertes-2\/","title":{"rendered":"Portes Obertes"},"content":{"rendered":"<p><a href=\"https:\/\/docs.google.com\/presentation\/d\/1dDHcKyE4bjXe3CJeCxW2XOh_8DQkrehBRb1uHeS7Ox8\/edit#slide=id.g711e036ca3_0_13\">PORTES OBERTES 24-25<\/a><\/p>\n<p><a href=\"https:\/\/agora.xtec.cat\/insalba\/jornada-de-portes-obertes-2\/attachment\/portes-obertes\/\" rel=\"attachment wp-att-21847\"><img loading=\"lazy\" decoding=\"async\" class=\"alignnone size-medium wp-image-21847\" src=\"https:\/\/agora.xtec.cat\/insalba\/wp-content\/uploads\/usu2\/2024\/02\/PORTES-OBERTES-300x225.png\" alt=\"\" width=\"300\" height=\"225\" srcset=\"https:\/\/agora.xtec.cat\/insalba\/wp-content\/uploads\/usu2\/2024\/02\/PORTES-OBERTES-300x225.png 300w, https:\/\/agora.xtec.cat\/insalba\/wp-content\/uploads\/usu2\/2024\/02\/PORTES-OBERTES-200x150.png 200w, https:\/\/agora.xtec.cat\/insalba\/wp-content\/uploads\/usu2\/2024\/02\/PORTES-OBERTES.png 726w\" sizes=\"auto, (max-width: 300px) 100vw, 300px\" \/><\/a><\/p>\n<p>Per participar a la Jornada de Portes Obertes de manera presencial necesssitem que us inscriviu pr\u00e8viament. Us demanem que ompliu el seg\u00fcent formulari. En cas de tenir alguna dificultat podeu trucar al 93 570 84 02.<\/p>\n<p>Us deixem l&#8217;<a href=\"https:\/\/preinscripcio.gencat.cat\/ca\/estudis\/eso\/inici\/\">enlla\u00e7<\/a> per a que pugueu formalitzar la preinscripci\u00f3 pel curs 2024-25.<\/p>\n","protected":false},"excerpt":{"rendered":"<p>PORTES OBERTES 24-25 Per participar a la Jornada de Portes Obertes de manera presencial necesssitem que us inscriviu pr\u00e8viament. Us demanem que ompliu el seg\u00fcent formulari. En cas de tenir alguna dificultat podeu trucar al 93 570 84 02. Us deixem l&#8217;enlla\u00e7 per a que pugueu formalitzar la preinscripci\u00f3 pel curs 2024-25.<\/p>\n","protected":false},"author":1,"featured_media":0,"parent":0,"menu_order":0,"comment_status":"closed","ping_status":"closed","template":"","meta":{"_bbp_topic_count":0,"_bbp_reply_count":0,"_bbp_total_topic_count":0,"_bbp_total_reply_count":0,"_bbp_voice_count":0,"_bbp_anonymous_reply_count":0,"_bbp_topic_count_hidden":0,"_bbp_reply_count_hidden":0,"_bbp_forum_subforum_count":0,"site-sidebar-layout":"default","site-content-layout":"","ast-site-content-layout":"","site-content-style":"default","site-sidebar-style":"default","ast-global-header-display":"","ast-banner-title-visibility":"","ast-main-header-display":"","ast-hfb-above-header-display":"","ast-hfb-below-header-display":"","ast-hfb-mobile-header-display":"","site-post-title":"","ast-breadcrumbs-content":"","ast-featured-img":"","footer-sml-layout":"","theme-transparent-header-meta":"","adv-header-id-meta":"","stick-header-meta":"","header-above-stick-meta":"","header-main-stick-meta":"","header-below-stick-meta":"","astra-migrate-meta-layouts":"default","ast-page-background-enabled":"default","ast-page-background-meta":{"desktop":{"background-color":"var(--ast-global-color-5)","background-image":"","background-repeat":"repeat","background-position":"center center","background-size":"auto","background-attachment":"scroll","background-type":"","background-media":"","overlay-type":"","overlay-color":"","overlay-opacity":"","overlay-gradient":""},"tablet":{"background-color":"","background-image":"","background-repeat":"repeat","background-position":"center center","background-size":"auto","background-attachment":"scroll","background-type":"","background-media":"","overlay-type":"","overlay-color":"","overlay-opacity":"","overlay-gradient":""},"mobile":{"background-color":"","background-image":"","background-repeat":"repeat","background-position":"center center","background-size":"auto","background-attachment":"scroll","background-type":"","background-media":"","overlay-type":"","overlay-color":"","overlay-opacity":"","overlay-gradient":""}},"ast-content-background-meta":{"desktop":{"background-color":"var(--ast-global-color-4)","background-image":"","background-repeat":"repeat","background-position":"center center","background-size":"auto","background-attachment":"scroll","background-type":"","background-media":"","overlay-type":"","overlay-color":"","overlay-opacity":"","overlay-gradient":""},"tablet":{"background-color":"var(--ast-global-color-4)","background-image":"","background-repeat":"repeat","background-position":"center center","background-size":"auto","background-attachment":"scroll","background-type":"","background-media":"","overlay-type":"","overlay-color":"","overlay-opacity":"","overlay-gradient":""},"mobile":{"background-color":"var(--ast-global-color-4)","background-image":"","background-repeat":"repeat","background-position":"center center","background-size":"auto","background-attachment":"scroll","background-type":"","background-media":"","overlay-type":"","overlay-color":"","overlay-opacity":"","overlay-gradient":""}},"footnotes":""},"class_list":["post-21088","page","type-page","status-publish","hentry"],"post_mailing_queue_ids":[],"_links":{"self":[{"href":"https:\/\/agora.xtec.cat\/insalba\/wp-json\/wp\/v2\/pages\/21088","targetHints":{"allow":["GET"]}}],"collection":[{"href":"https:\/\/agora.xtec.cat\/insalba\/wp-json\/wp\/v2\/pages"}],"about":[{"href":"https:\/\/agora.xtec.cat\/insalba\/wp-json\/wp\/v2\/types\/page"}],"author":[{"embeddable":true,"href":"https:\/\/agora.xtec.cat\/insalba\/wp-json\/wp\/v2\/users\/1"}],"replies":[{"embeddable":true,"href":"https:\/\/agora.xtec.cat\/insalba\/wp-json\/wp\/v2\/comments?post=21088"}],"version-history":[{"count":6,"href":"https:\/\/agora.xtec.cat\/insalba\/wp-json\/wp\/v2\/pages\/21088\/revisions"}],"predecessor-version":[{"id":22141,"href":"https:\/\/agora.xtec.cat\/insalba\/wp-json\/wp\/v2\/pages\/21088\/revisions\/22141"}],"wp:attachment":[{"href":"https:\/\/agora.xtec.cat\/insalba\/wp-json\/wp\/v2\/media?parent=21088"}],"curies":[{"name":"wp","href":"https:\/\/api.w.org\/{rel}","templated":true}]}}