{"id":21040,"date":"2022-02-07T17:15:28","date_gmt":"2022-02-07T16:15:28","guid":{"rendered":"https:\/\/agora.xtec.cat\/insalba\/?page_id=21040"},"modified":"2024-11-05T13:33:33","modified_gmt":"2024-11-05T12:33:33","slug":"foreign-in-our-school","status":"publish","type":"page","link":"https:\/\/agora.xtec.cat\/insalba\/foreign-in-our-school\/","title":{"rendered":"Foreign languages"},"content":{"rendered":"<p style=\"text-align: left;\">Aprendre lleng\u00fces estrangeres \u00e9s imprescindible a l&#8217;educaci\u00f3 secund\u00e0ria; no nom\u00e9s pels beneficis que comporta aprendre una llengua, sin\u00f3 tamb\u00e9 perqu\u00e8 els alumnes aprenen sobre noves cultures. Aquesta amplitud de mires fa els alumnes m\u00e9s tolerants i m\u00e9s conscients dels diferents punts de vista de la gent. Per aquesta ra\u00f3, els projectes ling\u00fc\u00edstics s\u00f3n un dels pilars fonamentals del nostre institut.<\/p>\n<div class=\"row\" style=\"margin-bottom: 1em !important;\">\n<div class=\"small-12 large-4 text-center columns\">\n<p><img decoding=\"async\" src=\"https:\/\/agora.xtec.cat\/insalba\/wp-content\/uploads\/usu2\/2022\/02\/etwinning-web.png\" \/><\/p>\n<h3>eTwinning<\/h3>\n<p style=\"margin-bottom: 0.2em;\">El projecte eTwinning ens permet treballar amb escoles d\u2019arreu d\u2019Europa sense sortir de les nostres aules. L\u2019eTwinning ajuda els nostres alumnes a explorar el m\u00f3n junts, oferint recursos i noves oportunitats d\u2019aprenentatge a la vegada que augmenta la seva motivaci\u00f3 i promou el treball col\u00b7laboratiu.<\/p>\n<p><a href=\"https:\/\/sites.google.com\/insalba.cat\/english-in-our-school\/etwinning\">M\u00e9s informaci\u00f3<\/a><\/p>\n<\/div>\n<\/div>\n<div class=\"row\" style=\"margin-bottom: 1em !important;\">\n<div class=\"small-12 large-4 text-center columns\">\n<p><img decoding=\"async\" src=\"https:\/\/agora.xtec.cat\/insalba\/wp-content\/uploads\/usu2\/2022\/02\/penpals_wb.png\" \/><\/p>\n<h3>Penpals<\/h3>\n<p style=\"margin-bottom: 0.2em;\">A trav\u00e9s de diferents plataformes, alguns dels nostres alumnes de secund\u00e0ria participen en programes d\u2019amics per correspond\u00e8ncia. Gr\u00e0cies a aquestes plataformes, els alumnes intercanvien cartes en angl\u00e8s amb escoles d\u2019arreu del m\u00f3n.<\/p>\n<p><a href=\"https:\/\/sites.google.com\/insalba.cat\/english-in-our-school\/penpals\">M\u00e9s informaci\u00f3<\/a><\/p>\n<\/div>\n<div class=\"small-12 large-4 text-center columns\">\n<p><img decoding=\"async\" src=\"https:\/\/agora.xtec.cat\/insalba\/wp-content\/uploads\/usu2\/2022\/02\/Festival_Web.png\" \/><\/p>\n<h3>English Festival<\/h3>\n<p style=\"margin-bottom: 0.2em;\">Una vegada l\u2019any, els nostres alumnes de primer d\u2019ESO participen a l\u2019English Festival. Un festival al qual actuen conjuntament amb els alumnes de 6\u00e8 de les diferents escoles de Martorelles, Sta. Maria de Martorelles i Sant Fost de Campsentelles.<\/p>\n<p><a href=\"https:\/\/sites.google.com\/insalba.cat\/english-in-our-school\/english-festival\">M\u00e9s informaci\u00f3<\/a><\/p>\n<\/div>\n<div class=\"small-12 large-4 text-center columns\"><\/div>\n<\/div>\n<div class=\"row\" style=\"margin-bottom: 1em !important;\">\n<div class=\"small-12 large-4 text-center columns\">\n<p><img decoding=\"async\" src=\"https:\/\/agora.xtec.cat\/insalba\/wp-content\/uploads\/usu2\/2022\/02\/speak_web.png\" \/><\/p>\n<h3>Speaking assistant<\/h3>\n<p style=\"margin-bottom: 0.2em;\">Aquest curs 2024-2025 tenim la sort de comptar amb una auxiliar de conversa pels nivells de 3r i 4t d\u2019ESO i 1r de Batxillerat.<\/p>\n<p><a href=\"https:\/\/sites.google.com\/insalba.cat\/english-in-our-school\/speaking-assistant\">M\u00e9s informaci\u00f3<\/a><\/p>\n<\/div>\n<div class=\"small-12 large-4 text-center columns\">\n<p><img decoding=\"async\" src=\"https:\/\/agora.xtec.cat\/insalba\/wp-content\/uploads\/usu2\/2022\/02\/OtherActivities.png\" \/><\/p>\n<h3>Other linguistic activities<\/h3>\n<p style=\"margin-bottom: 0.2em;\">L\u2019institut organitza un viatge a Irlanda pels alumnes de 1r de batxillerat, teatre en angl\u00e8s pels alumnes de primer i tercer de l\u2019ESO, celebracions especials al centre per festivitats com ara Halloween o St. Patrick\u2019s Day.<\/p>\n<p><a href=\"https:\/\/sites.google.com\/insalba.cat\/english-in-our-school\/festivities\">M\u00e9s informaci\u00f3<\/a><\/p>\n<\/div>\n<div class=\"small-12 large-4 text-center columns\"><\/div>\n<\/div>\n","protected":false},"excerpt":{"rendered":"<p>Aprendre lleng\u00fces estrangeres \u00e9s imprescindible a l&#8217;educaci\u00f3 secund\u00e0ria; no nom\u00e9s pels beneficis que comporta aprendre una llengua, sin\u00f3 tamb\u00e9 perqu\u00e8 els alumnes aprenen sobre noves cultures. Aquesta amplitud de mires fa els alumnes m\u00e9s tolerants i m\u00e9s conscients dels diferents punts de vista de la gent. Per aquesta ra\u00f3, els projectes ling\u00fc\u00edstics s\u00f3n un dels [&hellip;]<\/p>\n","protected":false},"author":1,"featured_media":0,"parent":0,"menu_order":0,"comment_status":"closed","ping_status":"closed","template":"","meta":{"_bbp_topic_count":0,"_bbp_reply_count":0,"_bbp_total_topic_count":0,"_bbp_total_reply_count":0,"_bbp_voice_count":0,"_bbp_anonymous_reply_count":0,"_bbp_topic_count_hidden":0,"_bbp_reply_count_hidden":0,"_bbp_forum_subforum_count":0,"site-sidebar-layout":"default","site-content-layout":"","ast-site-content-layout":"","site-content-style":"default","site-sidebar-style":"default","ast-global-header-display":"","ast-banner-title-visibility":"","ast-main-header-display":"","ast-hfb-above-header-display":"","ast-hfb-below-header-display":"","ast-hfb-mobile-header-display":"","site-post-title":"","ast-breadcrumbs-content":"","ast-featured-img":"","footer-sml-layout":"","theme-transparent-header-meta":"","adv-header-id-meta":"","stick-header-meta":"","header-above-stick-meta":"","header-main-stick-meta":"","header-below-stick-meta":"","astra-migrate-meta-layouts":"default","ast-page-background-enabled":"default","ast-page-background-meta":{"desktop":{"background-color":"var(--ast-global-color-5)","background-image":"","background-repeat":"repeat","background-position":"center center","background-size":"auto","background-attachment":"scroll","background-type":"","background-media":"","overlay-type":"","overlay-color":"","overlay-opacity":"","overlay-gradient":""},"tablet":{"background-color":"","background-image":"","background-repeat":"repeat","background-position":"center center","background-size":"auto","background-attachment":"scroll","background-type":"","background-media":"","overlay-type":"","overlay-color":"","overlay-opacity":"","overlay-gradient":""},"mobile":{"background-color":"","background-image":"","background-repeat":"repeat","background-position":"center center","background-size":"auto","background-attachment":"scroll","background-type":"","background-media":"","overlay-type":"","overlay-color":"","overlay-opacity":"","overlay-gradient":""}},"ast-content-background-meta":{"desktop":{"background-color":"var(--ast-global-color-4)","background-image":"","background-repeat":"repeat","background-position":"center center","background-size":"auto","background-attachment":"scroll","background-type":"","background-media":"","overlay-type":"","overlay-color":"","overlay-opacity":"","overlay-gradient":""},"tablet":{"background-color":"var(--ast-global-color-4)","background-image":"","background-repeat":"repeat","background-position":"center center","background-size":"auto","background-attachment":"scroll","background-type":"","background-media":"","overlay-type":"","overlay-color":"","overlay-opacity":"","overlay-gradient":""},"mobile":{"background-color":"var(--ast-global-color-4)","background-image":"","background-repeat":"repeat","background-position":"center center","background-size":"auto","background-attachment":"scroll","background-type":"","background-media":"","overlay-type":"","overlay-color":"","overlay-opacity":"","overlay-gradient":""}},"footnotes":""},"class_list":["post-21040","page","type-page","status-publish","hentry"],"post_mailing_queue_ids":[],"_links":{"self":[{"href":"https:\/\/agora.xtec.cat\/insalba\/wp-json\/wp\/v2\/pages\/21040","targetHints":{"allow":["GET"]}}],"collection":[{"href":"https:\/\/agora.xtec.cat\/insalba\/wp-json\/wp\/v2\/pages"}],"about":[{"href":"https:\/\/agora.xtec.cat\/insalba\/wp-json\/wp\/v2\/types\/page"}],"author":[{"embeddable":true,"href":"https:\/\/agora.xtec.cat\/insalba\/wp-json\/wp\/v2\/users\/1"}],"replies":[{"embeddable":true,"href":"https:\/\/agora.xtec.cat\/insalba\/wp-json\/wp\/v2\/comments?post=21040"}],"version-history":[{"count":6,"href":"https:\/\/agora.xtec.cat\/insalba\/wp-json\/wp\/v2\/pages\/21040\/revisions"}],"predecessor-version":[{"id":22085,"href":"https:\/\/agora.xtec.cat\/insalba\/wp-json\/wp\/v2\/pages\/21040\/revisions\/22085"}],"wp:attachment":[{"href":"https:\/\/agora.xtec.cat\/insalba\/wp-json\/wp\/v2\/media?parent=21040"}],"curies":[{"name":"wp","href":"https:\/\/api.w.org\/{rel}","templated":true}]}}