{"id":20963,"date":"2022-01-28T20:58:02","date_gmt":"2022-01-28T19:58:02","guid":{"rendered":"https:\/\/agora.xtec.cat\/insalba\/?page_id=20963"},"modified":"2024-02-02T13:10:14","modified_gmt":"2024-02-02T12:10:14","slug":"orientacio-educativa","status":"publish","type":"page","link":"https:\/\/agora.xtec.cat\/insalba\/orientacio-educativa\/","title":{"rendered":"Orientaci\u00f3 Educativa"},"content":{"rendered":"<p>Actualment comptem amb un equip format per quatre orientadors educatius que assessoren i acompanyen el nostre alumnat per tal que pugui assolir tots els objectius que es plantegin.<\/p>\n<table style=\"width: 700px;\">\n<tbody>\n<tr bgcolor=\"#3c7c81\">\n<td style=\"color: #ffffff;\"><strong>Nivell<\/strong><\/td>\n<td style=\"color: #ffffff;\"><strong>Nom<\/strong><\/td>\n<td style=\"color: #ffffff;\"><strong>contacte<\/strong><\/td>\n<\/tr>\n<tr>\n<td style=\"width: 200px;\" bgcolor=\"#ff9e0d\">1r d&#8217;ESO<\/td>\n<td>Albert Viyuela<\/td>\n<td><a href=\"mailto:aviyuela@insalba.cat\">aviyuela@insalba.cat<\/a><\/td>\n<\/tr>\n<tr>\n<td style=\"width: 200px;\" bgcolor=\"#ff9e0d\">2n d&#8217;ESO<\/td>\n<td>Noelia Cano<\/td>\n<td><a href=\"mailto:ncano@insalba.cat\">ncano@insalba.cat<\/a><\/td>\n<\/tr>\n<tr>\n<td style=\"width: 200px;\" bgcolor=\"#ff9e0d\">3r d&#8217;ESO<\/td>\n<td>Sandra Moya<\/td>\n<td><a href=\"mailto:smoya@insalba.cat\">smoya@insalba.cat<\/a><\/td>\n<\/tr>\n<tr>\n<td style=\"width: 200px;\" bgcolor=\"#ff9e0d\">4t d&#8217;ESO<\/td>\n<td>Ylenia Paris<\/td>\n<td><a href=\"mailto:yparis@insalba.cat\">yparis@insalba.cat<\/a><\/td>\n<\/tr>\n<tr>\n<td style=\"width: 200px;\" bgcolor=\"#ff9e0d\">1r i 2n de Batxillerat<\/td>\n<td>Noelia Cano<\/td>\n<td><a href=\"mailto:ncano@insalba.cat\">ncano@insalba.cat<\/a><\/td>\n<\/tr>\n<\/tbody>\n<\/table>\n<p>El servei d&#8217;Orientaci\u00f3 Educativa dedica els seus esfor\u00e7os en els seg\u00fcents quatre \u00e0mbits principals:<\/p>\n<div class=\"row\" style=\"margin-bottom: 1em !important;\">\n<div class=\"small-12 large-4 text-center columns\">\n<p><img decoding=\"async\" src=\"https:\/\/agora.xtec.cat\/insalba\/wp-content\/uploads\/usu2\/2022\/01\/mediacio-1-e1643397535415.png\" \/><\/p>\n<h3>Mediaci\u00f3<\/h3>\n<p style=\"margin-bottom: 0.2em;\">Per tal de facilitar la resoluci\u00f3 de conflictes no violents entre l&#8217;alumnat comptem amb una comissi\u00f3 de mediaci\u00f3 formada per alumnes que faciliten la comunicaci\u00f3 entre les parts implicades al conflicte.<\/p>\n<p><a href=\"https:\/\/agora.xtec.cat\/insalba\/categoria\/la-mediacio\/\">M\u00e9s informaci\u00f3<\/a><\/p>\n<\/div>\n<div class=\"small-12 large-4 text-center columns\">\n<p><img decoding=\"async\" src=\"https:\/\/agora.xtec.cat\/insalba\/wp-content\/uploads\/usu2\/2022\/01\/educacioemocional-e1643398304646.png\" \/><\/p>\n<h3>Educaci\u00f3 emocional<\/h3>\n<p style=\"margin-bottom: 0.2em;\">Donem una import\u00e0ncia cabdal a l&#8217;Educaci\u00f3 Emocional del nostre alumnat. Per aix\u00f2 la treballem de manera transversal a tots els nivells.<\/p>\n<p><a href=\"https:\/\/agora.xtec.cat\/insalba\/categoria\/educacio-emocional\/\">M\u00e9s informaci\u00f3<\/a><\/p>\n<\/div>\n<div class=\"small-12 large-4 text-center columns\"><\/div>\n<\/div>\n<div class=\"row\" style=\"margin-bottom: 1em !important;\">\n<div class=\"small-12 large-4 text-center columns\">\n<p><img decoding=\"async\" src=\"https:\/\/agora.xtec.cat\/insalba\/wp-content\/uploads\/usu2\/2022\/01\/no-violencia-e1643398045195.png\" \/><\/p>\n<h3>Prevenci\u00f3 de les Viol\u00e8ncies<\/h3>\n<p style=\"margin-bottom: 0.2em;\">Comptem amb una orientadora referent en la prevenci\u00f3 de les viol\u00e8ncies que puguin patir els membres de la nostra comunitat educativa.<\/p>\n<p><a href=\"https:\/\/agora.xtec.cat\/insalba\/categoria\/prevencio-de-les-violencies\/\">M\u00e9s informaci\u00f3<\/a><\/p>\n<\/div>\n<div class=\"small-12 large-4 text-center columns\">\n<p><img decoding=\"async\" src=\"https:\/\/agora.xtec.cat\/insalba\/wp-content\/uploads\/usu2\/2022\/01\/orientacio.png\" \/><\/p>\n<h3>Qu\u00e8 estudiar?<\/h3>\n<p style=\"margin-bottom: 0.2em;\">Triar l&#8217;itinerari a seguir un cop acabats els estudis d&#8217;ESO o el Batxillerat no \u00e9s un proc\u00e9s senzill. Per aix\u00f2 comptem amb l&#8217;assessorament dels orientadors de 4t d&#8217;ESO i Batxillerat.<\/p>\n<p><a href=\"https:\/\/agora.xtec.cat\/insalba\/categoria\/que-estudiar\/\">M\u00e9s informaci\u00f3<\/a><\/p>\n<\/div>\n<div class=\"small-12 large-4 text-center columns\"><\/div>\n<\/div>\n","protected":false},"excerpt":{"rendered":"<p>Actualment comptem amb un equip format per quatre orientadors educatius que assessoren i acompanyen el nostre alumnat per tal que pugui assolir tots els objectius que es plantegin. Nivell Nom contacte 1r d&#8217;ESO Albert Viyuela aviyuela@insalba.cat 2n d&#8217;ESO Noelia Cano ncano@insalba.cat 3r d&#8217;ESO Sandra Moya smoya@insalba.cat 4t d&#8217;ESO Ylenia Paris yparis@insalba.cat 1r i 2n de [&hellip;]<\/p>\n","protected":false},"author":1,"featured_media":0,"parent":0,"menu_order":0,"comment_status":"closed","ping_status":"closed","template":"","meta":{"_bbp_topic_count":0,"_bbp_reply_count":0,"_bbp_total_topic_count":0,"_bbp_total_reply_count":0,"_bbp_voice_count":0,"_bbp_anonymous_reply_count":0,"_bbp_topic_count_hidden":0,"_bbp_reply_count_hidden":0,"_bbp_forum_subforum_count":0,"site-sidebar-layout":"default","site-content-layout":"","ast-site-content-layout":"","site-content-style":"default","site-sidebar-style":"default","ast-global-header-display":"","ast-banner-title-visibility":"","ast-main-header-display":"","ast-hfb-above-header-display":"","ast-hfb-below-header-display":"","ast-hfb-mobile-header-display":"","site-post-title":"","ast-breadcrumbs-content":"","ast-featured-img":"","footer-sml-layout":"","theme-transparent-header-meta":"","adv-header-id-meta":"","stick-header-meta":"","header-above-stick-meta":"","header-main-stick-meta":"","header-below-stick-meta":"","astra-migrate-meta-layouts":"default","ast-page-background-enabled":"default","ast-page-background-meta":{"desktop":{"background-color":"var(--ast-global-color-5)","background-image":"","background-repeat":"repeat","background-position":"center center","background-size":"auto","background-attachment":"scroll","background-type":"","background-media":"","overlay-type":"","overlay-color":"","overlay-opacity":"","overlay-gradient":""},"tablet":{"background-color":"","background-image":"","background-repeat":"repeat","background-position":"center center","background-size":"auto","background-attachment":"scroll","background-type":"","background-media":"","overlay-type":"","overlay-color":"","overlay-opacity":"","overlay-gradient":""},"mobile":{"background-color":"","background-image":"","background-repeat":"repeat","background-position":"center center","background-size":"auto","background-attachment":"scroll","background-type":"","background-media":"","overlay-type":"","overlay-color":"","overlay-opacity":"","overlay-gradient":""}},"ast-content-background-meta":{"desktop":{"background-color":"var(--ast-global-color-4)","background-image":"","background-repeat":"repeat","background-position":"center center","background-size":"auto","background-attachment":"scroll","background-type":"","background-media":"","overlay-type":"","overlay-color":"","overlay-opacity":"","overlay-gradient":""},"tablet":{"background-color":"var(--ast-global-color-4)","background-image":"","background-repeat":"repeat","background-position":"center center","background-size":"auto","background-attachment":"scroll","background-type":"","background-media":"","overlay-type":"","overlay-color":"","overlay-opacity":"","overlay-gradient":""},"mobile":{"background-color":"var(--ast-global-color-4)","background-image":"","background-repeat":"repeat","background-position":"center center","background-size":"auto","background-attachment":"scroll","background-type":"","background-media":"","overlay-type":"","overlay-color":"","overlay-opacity":"","overlay-gradient":""}},"footnotes":""},"class_list":["post-20963","page","type-page","status-publish","hentry"],"post_mailing_queue_ids":[],"_links":{"self":[{"href":"https:\/\/agora.xtec.cat\/insalba\/wp-json\/wp\/v2\/pages\/20963","targetHints":{"allow":["GET"]}}],"collection":[{"href":"https:\/\/agora.xtec.cat\/insalba\/wp-json\/wp\/v2\/pages"}],"about":[{"href":"https:\/\/agora.xtec.cat\/insalba\/wp-json\/wp\/v2\/types\/page"}],"author":[{"embeddable":true,"href":"https:\/\/agora.xtec.cat\/insalba\/wp-json\/wp\/v2\/users\/1"}],"replies":[{"embeddable":true,"href":"https:\/\/agora.xtec.cat\/insalba\/wp-json\/wp\/v2\/comments?post=20963"}],"version-history":[{"count":4,"href":"https:\/\/agora.xtec.cat\/insalba\/wp-json\/wp\/v2\/pages\/20963\/revisions"}],"predecessor-version":[{"id":21831,"href":"https:\/\/agora.xtec.cat\/insalba\/wp-json\/wp\/v2\/pages\/20963\/revisions\/21831"}],"wp:attachment":[{"href":"https:\/\/agora.xtec.cat\/insalba\/wp-json\/wp\/v2\/media?parent=20963"}],"curies":[{"name":"wp","href":"https:\/\/api.w.org\/{rel}","templated":true}]}}