{"id":604,"date":"2022-01-29T20:21:12","date_gmt":"2022-01-29T19:21:12","guid":{"rendered":"https:\/\/agora.xtec.cat\/insagmundet\/?page_id=604"},"modified":"2022-02-07T20:10:50","modified_gmt":"2022-02-07T19:10:50","slug":"proves-dacces-a-grau-mitja","status":"publish","type":"page","link":"https:\/\/agora.xtec.cat\/insagmundet\/secretaria\/proves-dacces-a-grau-mitja\/","title":{"rendered":"Proves d\u2019acc\u00e9s a Grau Mitj\u00e0"},"content":{"rendered":"<p>Informaci\u00f3 del Departament d&#8217;Educaci\u00f3 sobre les <a href=\"https:\/\/educacio.gencat.cat\/ca\/serveis-tramits\/proves\/proves-acces\/gm-fp\/\">Proves d&#8217;acc\u00e9s a Cicles formatius de grau mitj\u00e0<\/a><\/p>\n","protected":false},"excerpt":{"rendered":"<p>Informaci\u00f3 del Departament d&#8217;Educaci\u00f3 sobre les <a href=\"https:\/\/educacio.gencat.cat\/ca\/serveis-tramits\/proves\/proves-acces\/gm-fp\/\">Proves d&#8217;acc\u00e9s a Cicles formatius de grau mitj\u00e0<\/a><\/p>\n","protected":false},"author":1,"featured_media":0,"parent":81,"menu_order":0,"comment_status":"closed","ping_status":"closed","template":"page-templates\/side-menu.php","meta":{"_bbp_topic_count":0,"_bbp_reply_count":0,"_bbp_total_topic_count":0,"_bbp_total_reply_count":0,"_bbp_voice_count":0,"_bbp_anonymous_reply_count":0,"_bbp_topic_count_hidden":0,"_bbp_reply_count_hidden":0,"_bbp_forum_subforum_count":0,"footnotes":""},"class_list":["post-604","page","type-page","status-publish","hentry"],"post_mailing_queue_ids":[],"_links":{"self":[{"href":"https:\/\/agora.xtec.cat\/insagmundet\/wp-json\/wp\/v2\/pages\/604","targetHints":{"allow":["GET"]}}],"collection":[{"href":"https:\/\/agora.xtec.cat\/insagmundet\/wp-json\/wp\/v2\/pages"}],"about":[{"href":"https:\/\/agora.xtec.cat\/insagmundet\/wp-json\/wp\/v2\/types\/page"}],"author":[{"embeddable":true,"href":"https:\/\/agora.xtec.cat\/insagmundet\/wp-json\/wp\/v2\/users\/1"}],"replies":[{"embeddable":true,"href":"https:\/\/agora.xtec.cat\/insagmundet\/wp-json\/wp\/v2\/comments?post=604"}],"version-history":[{"count":2,"href":"https:\/\/agora.xtec.cat\/insagmundet\/wp-json\/wp\/v2\/pages\/604\/revisions"}],"predecessor-version":[{"id":934,"href":"https:\/\/agora.xtec.cat\/insagmundet\/wp-json\/wp\/v2\/pages\/604\/revisions\/934"}],"up":[{"embeddable":true,"href":"https:\/\/agora.xtec.cat\/insagmundet\/wp-json\/wp\/v2\/pages\/81"}],"wp:attachment":[{"href":"https:\/\/agora.xtec.cat\/insagmundet\/wp-json\/wp\/v2\/media?parent=604"}],"curies":[{"name":"wp","href":"https:\/\/api.w.org\/{rel}","templated":true}]}}