{"id":57,"date":"2014-09-17T17:01:07","date_gmt":"2014-09-17T17:01:07","guid":{"rendered":"http:\/\/agora.xtec.cat\/insagmundet\/?page_id=57"},"modified":"2022-02-04T16:59:55","modified_gmt":"2022-02-04T15:59:55","slug":"projecte-educatiu","status":"publish","type":"page","link":"https:\/\/agora.xtec.cat\/insagmundet\/projecte-educatiu\/","title":{"rendered":"Projecte"},"content":{"rendered":"<h3>El curs 21-22 s&#8217;inicia el projecte de direcci\u00f3 21-25 proposant els seg\u00fcents objectius i l\u00ednies estrat\u00e8giques<\/h3>\n<table style=\"border-collapse: collapse; width: 100%;\">\n<tbody>\n<tr>\n<td style=\"width: 58.9582%; text-align: center;\">\n<h4><a href=\"https:\/\/agora.xtec.cat\/insagmundet\/wp-content\/uploads\/usu2223\/2022\/02\/objectius-direccio.jpg\">Objectius del projecte de direcci\u00f3 i l\u00ednies estrat\u00e8giques<img loading=\"lazy\" decoding=\"async\" class=\" wp-image-883 alignright\" src=\"https:\/\/agora.xtec.cat\/insagmundet\/wp-content\/uploads\/usu2223\/2022\/02\/objectius-direccio.jpg\" alt=\"\" width=\"877\" height=\"881\" srcset=\"https:\/\/agora.xtec.cat\/insagmundet\/wp-content\/uploads\/usu2223\/2022\/02\/objectius-direccio.jpg 888w, https:\/\/agora.xtec.cat\/insagmundet\/wp-content\/uploads\/usu2223\/2022\/02\/objectius-direccio-300x300.jpg 300w, https:\/\/agora.xtec.cat\/insagmundet\/wp-content\/uploads\/usu2223\/2022\/02\/objectius-direccio-150x150.jpg 150w, https:\/\/agora.xtec.cat\/insagmundet\/wp-content\/uploads\/usu2223\/2022\/02\/objectius-direccio-768x771.jpg 768w\" sizes=\"auto, (max-width: 877px) 100vw, 877px\" \/><\/a><\/h4>\n<\/td>\n<td style=\"width: 41.0418%;\">\n<h4 style=\"text-align: center;\"><a href=\"https:\/\/agora.xtec.cat\/insagmundet\/wp-content\/uploads\/usu2223\/2022\/02\/Ambits-de-diagnosi.jpg\">\u00a0Impacte dels objectius del projecte de direcci\u00f3 en els \u00e0mbits de gesti\u00f3<\/a><\/h4>\n<p><a href=\"https:\/\/agora.xtec.cat\/insagmundet\/wp-content\/uploads\/usu2223\/2022\/02\/Ambits-de-diagnosi.jpg\"><img loading=\"lazy\" decoding=\"async\" class=\"alignnone size-full wp-image-880\" src=\"https:\/\/agora.xtec.cat\/insagmundet\/wp-content\/uploads\/usu2223\/2022\/02\/Ambits-de-diagnosi.jpg\" alt=\"\" width=\"1024\" height=\"768\" srcset=\"https:\/\/agora.xtec.cat\/insagmundet\/wp-content\/uploads\/usu2223\/2022\/02\/Ambits-de-diagnosi.jpg 1024w, https:\/\/agora.xtec.cat\/insagmundet\/wp-content\/uploads\/usu2223\/2022\/02\/Ambits-de-diagnosi-300x225.jpg 300w, https:\/\/agora.xtec.cat\/insagmundet\/wp-content\/uploads\/usu2223\/2022\/02\/Ambits-de-diagnosi-768x576.jpg 768w, https:\/\/agora.xtec.cat\/insagmundet\/wp-content\/uploads\/usu2223\/2022\/02\/Ambits-de-diagnosi-200x150.jpg 200w\" sizes=\"auto, (max-width: 1024px) 100vw, 1024px\" \/><\/a><\/td>\n<\/tr>\n<\/tbody>\n<\/table>\n","protected":false},"excerpt":{"rendered":"<p>El curs 21-22 s&#8217;inicia el projecte de direcci\u00f3 21-25 proposant els seg\u00fcents objectius i l\u00ednies estrat\u00e8giques<\/p>\n<p><a href=\"https:\/\/agora.xtec.cat\/insagmundet\/wp-content\/uploads\/usu2223\/2022\/02\/objectius-direccio.jpg\">Objectius del projecte de direcci\u00f3 i l\u00ednies estrat\u00e8giques<\/a><\/p>\n<p><a href=\"https:\/\/agora.xtec.cat\/insagmundet\/wp-content\/uploads\/usu2223\/2022\/02\/Ambits-de-diagnosi.jpg\">\u00a0Impacte dels objectius del projecte de direcci\u00f3 en els \u00e0mbits de gesti\u00f3<\/a><br \/>\n<a href=\"https:\/\/agora.xtec.cat\/insagmundet\/wp-content\/uploads\/usu2223\/2022\/02\/Ambits-de-diagnosi.jpg\"><\/a><\/p>\n","protected":false},"author":1,"featured_media":0,"parent":0,"menu_order":0,"comment_status":"closed","ping_status":"closed","template":"page-templates\/side-menu.php","meta":{"_bbp_topic_count":0,"_bbp_reply_count":0,"_bbp_total_topic_count":0,"_bbp_total_reply_count":0,"_bbp_voice_count":0,"_bbp_anonymous_reply_count":0,"_bbp_topic_count_hidden":0,"_bbp_reply_count_hidden":0,"_bbp_forum_subforum_count":0,"footnotes":""},"class_list":["post-57","page","type-page","status-publish","hentry"],"post_mailing_queue_ids":[],"_links":{"self":[{"href":"https:\/\/agora.xtec.cat\/insagmundet\/wp-json\/wp\/v2\/pages\/57","targetHints":{"allow":["GET"]}}],"collection":[{"href":"https:\/\/agora.xtec.cat\/insagmundet\/wp-json\/wp\/v2\/pages"}],"about":[{"href":"https:\/\/agora.xtec.cat\/insagmundet\/wp-json\/wp\/v2\/types\/page"}],"author":[{"embeddable":true,"href":"https:\/\/agora.xtec.cat\/insagmundet\/wp-json\/wp\/v2\/users\/1"}],"replies":[{"embeddable":true,"href":"https:\/\/agora.xtec.cat\/insagmundet\/wp-json\/wp\/v2\/comments?post=57"}],"version-history":[{"count":3,"href":"https:\/\/agora.xtec.cat\/insagmundet\/wp-json\/wp\/v2\/pages\/57\/revisions"}],"predecessor-version":[{"id":899,"href":"https:\/\/agora.xtec.cat\/insagmundet\/wp-json\/wp\/v2\/pages\/57\/revisions\/899"}],"wp:attachment":[{"href":"https:\/\/agora.xtec.cat\/insagmundet\/wp-json\/wp\/v2\/media?parent=57"}],"curies":[{"name":"wp","href":"https:\/\/api.w.org\/{rel}","templated":true}]}}