{"id":563,"date":"2022-01-29T20:14:01","date_gmt":"2022-01-29T19:14:01","guid":{"rendered":"https:\/\/agora.xtec.cat\/insagmundet\/?page_id=563"},"modified":"2026-03-06T10:52:15","modified_gmt":"2026-03-06T09:52:15","slug":"cfgm","status":"publish","type":"page","link":"https:\/\/agora.xtec.cat\/insagmundet\/estudis\/cicles-formatius\/cfgm\/","title":{"rendered":"CFGM"},"content":{"rendered":"<p>Els cicles formatius de grau mitj\u00e0 que s&#8217;imparteixen al nostre institut s\u00f3n:<\/p>\n<ul>\n<li><a href=\"https:\/\/triaeducativa.gencat.cat\/ca\/estudis\/?confeccio-moda&amp;p_id=121\">Confecci\u00f3 i moda<\/a>. Quatre l\u00ednies, dos en torn de mat\u00ed i una en torn de tarda. (A partir del curs 25-26, 1r curs en torn de mat\u00ed i 2n curs en torn de tarda).<\/li>\n<li><a href=\"https:\/\/triaeducativa.gencat.cat\/ca\/estudis\/?installacions-frigorifiques-climatitzacio&amp;p_id=890\">Instal\u00b7lacions frigor\u00edfiques i de climatitzaci\u00f3<\/a>. Una l\u00ednia.<\/li>\n<li><a href=\"https:\/\/triaeducativa.gencat.cat\/ca\/estudis\/?installacions-produccio-calor&amp;p_id=870\">Instal\u00b7lacions de producci\u00f3 de calor<\/a>. Una l\u00ednia.<\/li>\n<li><a href=\"https:\/\/triaeducativa.gencat.cat\/ca\/estudis\/?manteniment-electromecanic&amp;p_id=1490\">Manteniment electromec\u00e0nic<\/a>. Una l\u00ednia.<\/li>\n<li><a href=\"https:\/\/triaeducativa.gencat.cat\/ca\/estudis\/?installacions-electriques-automatiques&amp;p_id=74\">Instal\u00b7lacions el\u00e8ctriques i autom\u00e0tiques<\/a>. Una l\u00ednia.<\/li>\n<\/ul>\n<p>Tots els cursos de 1r s\u2019imparteixen en torn de mat\u00ed i tots els de 2n ho fan en torn de tarda.<\/p>\n","protected":false},"excerpt":{"rendered":"<p>Els cicles formatius de grau mitj\u00e0 que s&#8217;imparteixen al nostre institut s\u00f3n:<\/p>\n<ul>\n<li><a href=\"https:\/\/triaeducativa.gencat.cat\/ca\/estudis\/?confeccio-moda&amp;p_id=121\">Confecci\u00f3 i moda<\/a>. Quatre l\u00ednies, dos en torn de mat\u00ed i una en torn de tarda. (A partir del curs 25-26, 1r curs en torn de mat\u00ed i 2n curs en torn de&hellip;  <a href=\"https:\/\/agora.xtec.cat\/insagmundet\/estudis\/cicles-formatius\/cfgm\/\" title=\"Read CFGM\">Llegeix m\u00e9s\u00bb<\/a><br \/>\n","protected":false},"author":1,"featured_media":0,"parent":804,"menu_order":0,"comment_status":"closed","ping_status":"closed","template":"page-templates\/side-menu.php","meta":{"_bbp_topic_count":0,"_bbp_reply_count":0,"_bbp_total_topic_count":0,"_bbp_total_reply_count":0,"_bbp_voice_count":0,"_bbp_anonymous_reply_count":0,"_bbp_topic_count_hidden":0,"_bbp_reply_count_hidden":0,"_bbp_forum_subforum_count":0,"footnotes":""},"class_list":["post-563","page","type-page","status-publish","hentry"],"post_mailing_queue_ids":[],"_links":{"self":[{"href":"https:\/\/agora.xtec.cat\/insagmundet\/wp-json\/wp\/v2\/pages\/563","targetHints":{"allow":["GET"]}}],"collection":[{"href":"https:\/\/agora.xtec.cat\/insagmundet\/wp-json\/wp\/v2\/pages"}],"about":[{"href":"https:\/\/agora.xtec.cat\/insagmundet\/wp-json\/wp\/v2\/types\/page"}],"author":[{"embeddable":true,"href":"https:\/\/agora.xtec.cat\/insagmundet\/wp-json\/wp\/v2\/users\/1"}],"replies":[{"embeddable":true,"href":"https:\/\/agora.xtec.cat\/insagmundet\/wp-json\/wp\/v2\/comments?post=563"}],"version-history":[{"count":6,"href":"https:\/\/agora.xtec.cat\/insagmundet\/wp-json\/wp\/v2\/pages\/563\/revisions"}],"predecessor-version":[{"id":2309,"href":"https:\/\/agora.xtec.cat\/insagmundet\/wp-json\/wp\/v2\/pages\/563\/revisions\/2309"}],"up":[{"embeddable":true,"href":"https:\/\/agora.xtec.cat\/insagmundet\/wp-json\/wp\/v2\/pages\/804"}],"wp:attachment":[{"href":"https:\/\/agora.xtec.cat\/insagmundet\/wp-json\/wp\/v2\/media?parent=563"}],"curies":[{"name":"wp","href":"https:\/\/api.w.org\/{rel}","templated":true}]}}